{"id":762,"date":"2025-01-13T13:20:43","date_gmt":"2025-01-13T05:20:43","guid":{"rendered":"https:\/\/www.sfmpower.com\/?post_type=product&#038;p=762"},"modified":"2025-02-12T17:02:34","modified_gmt":"2025-02-12T09:02:34","slug":"lw-170","status":"publish","type":"product","link":"https:\/\/www.sfmpower.com\/pt\/produto\/lw-170\/","title":{"rendered":"LW-170"},"content":{"rendered":"<div data-elementor-type=\"product-post\" data-elementor-id=\"762\" class=\"elementor elementor-762\" data-elementor-post-type=\"product\">\n\t\t\t\t<div class=\"elementor-element elementor-element-33416e6 e-flex e-con-boxed e-con e-parent\" data-id=\"33416e6\" data-element_type=\"container\">\n\t\t\t\t\t<div class=\"e-con-inner\">\n\t\t\t\t<div class=\"elementor-element elementor-element-cef4d8d e-n-tabs-mobile elementor-widget elementor-widget-n-tabs\" data-id=\"cef4d8d\" data-element_type=\"widget\" data-settings=\"{&quot;tabs_justify_horizontal&quot;:&quot;start&quot;,&quot;horizontal_scroll&quot;:&quot;disable&quot;}\" data-widget_type=\"nested-tabs.default\">\n\t\t\t\t<div class=\"elementor-widget-container\">\n\t\t\t\t\t\t\t<div class=\"e-n-tabs\" data-widget-number=\"217009549\" aria-label=\"\u0412\u043a\u043b\u0430\u0434\u043a\u0438. \u041e\u0442\u043a\u0440\u044b\u0432\u0430\u0439\u0442\u0435 \u044d\u043b\u0435\u043c\u0435\u043d\u0442\u044b \u0441 \u043f\u043e\u043c\u043e\u0449\u044c\u044e \u043a\u043b\u0430\u0432\u0438\u0448 Enter \u0438\u043b\u0438 Espa\u00e7o, \u0437\u0430\u043a\u0440\u044b\u0432\u0430\u0439\u0442\u0435 \u0441 \u043f\u043e\u043c\u043e\u0449\u044c\u044e Escape \u0438 \u043f\u0435\u0440\u0435\u043c\u0435\u0449\u0430\u0439\u0442\u0435\u0441\u044c \u0441 \u043f\u043e\u043c\u043e\u0449\u044c\u044e \u043a\u043b\u0430\u0432\u0438\u0448 \u0441\u043e \u0441\u0442\u0440\u0435\u043b\u043a\u0430\u043c\u0438.\">\n\t\t\t<div class=\"e-n-tabs-heading\" role=\"tablist\">\n\t\t\t\t\t<button id=\"e-n-tab-title-2170095491\" class=\"e-n-tab-title\" aria-selected=\"true\" data-tab-index=\"1\" role=\"tab\" tabindex=\"0\" aria-controls=\"e-n-tab-content-2170095491\" style=\"--n-tabs-title-order: 1;\">\n\t\t\t\t\t\t<span class=\"e-n-tab-title-text\">\n\t\t\t\tTabela de refer\u00eancia de resist\u00eancia do equipamento\t\t\t<\/span>\n\t\t<\/button>\n\t\t\t\t<button id=\"e-n-tab-title-2170095492\" class=\"e-n-tab-title\" aria-selected=\"false\" data-tab-index=\"2\" role=\"tab\" tabindex=\"-1\" aria-controls=\"e-n-tab-content-2170095492\" style=\"--n-tabs-title-order: 2;\">\n\t\t\t\t\t\t<span class=\"e-n-tab-title-text\">\n\t\t\t\tBA-4850 PAR\u00c2METRO T\u00c9CNICO\t\t\t<\/span>\n\t\t<\/button>\n\t\t\t\t<button id=\"e-n-tab-title-2170095493\" class=\"e-n-tab-title\" aria-selected=\"false\" data-tab-index=\"3\" role=\"tab\" tabindex=\"-1\" aria-controls=\"e-n-tab-content-2170095493\" style=\"--n-tabs-title-order: 3;\">\n\t\t\t\t\t\t<span class=\"e-n-tab-title-text\">\n\t\t\t\tCASO DE UTILIZA\u00c7\u00c3O PARCIAL\t\t\t<\/span>\n\t\t<\/button>\n\t\t\t\t\t<\/div>\n\t\t\t<div class=\"e-n-tabs-content\">\n\t\t\t\t<div id=\"e-n-tab-content-2170095491\" role=\"tabpanel\" aria-labelledby=\"e-n-tab-title-2170095491\" data-tab-index=\"1\" style=\"--n-tabs-title-order: 1;\" class=\"e-active elementor-element elementor-element-ac502e6 e-con-full e-flex e-con e-child\" data-id=\"ac502e6\" data-element_type=\"container\">\n\t\t<div class=\"elementor-element elementor-element-915aff1 e-flex e-con-boxed e-con e-child\" data-id=\"915aff1\" data-element_type=\"container\">\n\t\t\t\t\t<div class=\"e-con-inner\">\n\t\t\t\t<div class=\"elementor-element elementor-element-bba87af elementor-widget elementor-widget-text-editor\" data-id=\"bba87af\" data-element_type=\"widget\" data-widget_type=\"text-editor.default\">\n\t\t\t\t<div class=\"elementor-widget-container\">\n\t\t\t\t\t\t\t\t\t<table width=\"810\"><tbody><tr><td width=\"135\">Pot\u00eancia nominal de sa\u00edda<\/td><td width=\"135\">Tens\u00e3o de entrada<\/td><td width=\"135\">Gama atual<\/td><td width=\"135\">Material adequado<\/td><td width=\"135\">Tamanho (mm)<\/td><td width=\"135\">Peso (kg)<\/td><\/tr><tr><td width=\"135\">3,7KW<\/td><td width=\"135\">39-54.6V<\/td><td width=\"135\">10-150A<\/td><td width=\"135\">A\u00e7o inoxid\u00e1vel,<br \/>a\u00e7o-carbono,<br \/>a\u00e7o de baixa liga<\/td><td width=\"135\">372x182x320<\/td><td width=\"135\">5.5\u00a0<\/td><\/tr><\/tbody><\/table>\t\t\t\t\t\t\t\t<\/div>\n\t\t\t\t<\/div>\n\t\t\t\t\t<\/div>\n\t\t\t\t<\/div>\n\t\t\t\t<\/div>\n\t\t<div id=\"e-n-tab-content-2170095492\" role=\"tabpanel\" aria-labelledby=\"e-n-tab-title-2170095492\" data-tab-index=\"2\" style=\"--n-tabs-title-order: 2;\" class=\"elementor-element elementor-element-988a03f e-con-full e-flex e-con e-child\" data-id=\"988a03f\" data-element_type=\"container\">\n\t\t<div class=\"elementor-element elementor-element-20021dd e-flex e-con-boxed e-con e-child\" data-id=\"20021dd\" data-element_type=\"container\">\n\t\t\t\t\t<div class=\"e-con-inner\">\n\t\t\t\t<div class=\"elementor-element elementor-element-d849853 elementor-widget elementor-widget-text-editor\" data-id=\"d849853\" data-element_type=\"widget\" data-widget_type=\"text-editor.default\">\n\t\t\t\t<div class=\"elementor-widget-container\">\n\t\t\t\t\t\t\t\t\t<table width=\"488\"><tbody><tr><td width=\"122\">Capacidade da bateria<\/td><td width=\"122\">Tens\u00e3o padr\u00e3o<\/td><td width=\"122\">Tens\u00e3o de carga<\/td><td width=\"122\">Temperatura de funcionamento<\/td><\/tr><tr><td width=\"122\">2405Wh<\/td><td width=\"122\">48V<\/td><td width=\"122\">39V-54,6V<\/td><td width=\"122\">-20\u2103~40\u2103<\/td><\/tr><tr><td width=\"122\">Limite de subtens\u00e3o<\/td><td width=\"122\">Carregador<\/td><td width=\"122\">Tamanho (mm)<\/td><td width=\"122\">Peso (kg)<\/td><\/tr><tr><td width=\"122\">37V<\/td><td width=\"122\">220V\/15A<\/td><td width=\"122\">325x200x150<\/td><td width=\"122\">14.1\u00a0<\/td><\/tr><\/tbody><\/table>\t\t\t\t\t\t\t\t<\/div>\n\t\t\t\t<\/div>\n\t\t\t\t\t<\/div>\n\t\t\t\t<\/div>\n\t\t\t\t<\/div>\n\t\t<div id=\"e-n-tab-content-2170095493\" role=\"tabpanel\" aria-labelledby=\"e-n-tab-title-2170095493\" data-tab-index=\"3\" style=\"--n-tabs-title-order: 3;\" class=\"elementor-element elementor-element-1a94325 e-con-full e-flex e-con e-child\" data-id=\"1a94325\" data-element_type=\"container\">\n\t\t<div class=\"elementor-element elementor-element-ea4a2a9 e-flex e-con-boxed e-con e-child\" data-id=\"ea4a2a9\" data-element_type=\"container\">\n\t\t\t\t\t<div class=\"e-con-inner\">\n\t\t\t\t<div class=\"elementor-element elementor-element-e51af3f elementor-widget elementor-widget-image\" data-id=\"e51af3f\" data-element_type=\"widget\" data-widget_type=\"image.default\">\n\t\t\t\t<div class=\"elementor-widget-container\">\n\t\t\t\t\t\t\t\t\t\t\t\t\t\t\t<img alt=\"\" fetchpriority=\"high\" decoding=\"async\" width=\"1365\" height=\"1076\" src=\"https:\/\/www.sfmpower.com\/wp-content\/uploads\/2025\/02\/lw.webp\" class=\"attachment-full size-full wp-image-1195\" srcset=\"https:\/\/www.sfmpower.com\/wp-content\/uploads\/2025\/02\/lw.webp 1365w, https:\/\/www.sfmpower.com\/wp-content\/uploads\/2025\/02\/lw-300x236.webp 300w, https:\/\/www.sfmpower.com\/wp-content\/uploads\/2025\/02\/lw-1024x807.webp 1024w, https:\/\/www.sfmpower.com\/wp-content\/uploads\/2025\/02\/lw-768x605.webp 768w, https:\/\/www.sfmpower.com\/wp-content\/uploads\/2025\/02\/lw-15x12.webp 15w, https:\/\/www.sfmpower.com\/wp-content\/uploads\/2025\/02\/lw-600x473.webp 600w\" sizes=\"(max-width: 1365px) 100vw, 1365px\" \/>\t\t\t\t\t\t\t\t\t\t\t\t\t\t\t<\/div>\n\t\t\t\t<\/div>\n\t\t\t\t\t<\/div>\n\t\t\t\t<\/div>\n\t\t\t\t<\/div>\n\t\t\t\t\t<\/div>\n\t\t<\/div>\n\t\t\t\t\t\t<\/div>\n\t\t\t\t<\/div>\n\t\t\t\t\t<\/div>\n\t\t\t\t<\/div>\n\t\t\t\t<\/div>","protected":false},"excerpt":{"rendered":"<p>Design port\u00e1til, compacto e leve;<\/p>\n<p>Funcionamento exclusivamente a pilhas, adapt\u00e1vel a v\u00e1rios tipos de pilhas;<\/p>\n<p>Fun\u00e7\u00e3o inteligente de dete\u00e7\u00e3o do n\u00edvel da bateria;<\/p>\n<p>Sa\u00edda DC pura, soldadura suave e bonita;<\/p>\n<p>Fun\u00e7\u00e3o de prote\u00e7\u00e3o contra subtens\u00e3o da bateria incorporada, garantindo a seguran\u00e7a da vida da bateria;<\/p>\n<p>Fun\u00e7\u00e3o de dete\u00e7\u00e3o inteligente de sobreaquecimento e anomalias incorporada;<\/p>\n<p>Suporta el\u00e9ctrodos de soldadura com di\u00e2metros de 2,5 mm\/3,2 mm;<\/p>\n<p>fun\u00e7\u00e3o inteligente start-stop da ventoinha.<\/p>","protected":false},"featured_media":1036,"template":"","meta":{"_seopress_robots_primary_cat":"none","_seopress_titles_title":"","_seopress_titles_desc":"","_seopress_robots_index":"","_joinchat":[]},"product_brand":[],"product_cat":[31],"product_tag":[],"class_list":{"0":"post-762","1":"product","2":"type-product","3":"status-publish","4":"has-post-thumbnail","6":"product_cat-battery-powered-welder","8":"first","9":"instock","10":"shipping-taxable","11":"product-type-simple"},"_links":{"self":[{"href":"https:\/\/www.sfmpower.com\/pt\/wp-json\/wp\/v2\/product\/762","targetHints":{"allow":["GET"]}}],"collection":[{"href":"https:\/\/www.sfmpower.com\/pt\/wp-json\/wp\/v2\/product"}],"about":[{"href":"https:\/\/www.sfmpower.com\/pt\/wp-json\/wp\/v2\/types\/product"}],"version-history":[{"count":0,"href":"https:\/\/www.sfmpower.com\/pt\/wp-json\/wp\/v2\/product\/762\/revisions"}],"wp:featuredmedia":[{"embeddable":true,"href":"https:\/\/www.sfmpower.com\/pt\/wp-json\/wp\/v2\/media\/1036"}],"wp:attachment":[{"href":"https:\/\/www.sfmpower.com\/pt\/wp-json\/wp\/v2\/media?parent=762"}],"wp:term":[{"taxonomy":"product_brand","embeddable":true,"href":"https:\/\/www.sfmpower.com\/pt\/wp-json\/wp\/v2\/product_brand?post=762"},{"taxonomy":"product_cat","embeddable":true,"href":"https:\/\/www.sfmpower.com\/pt\/wp-json\/wp\/v2\/product_cat?post=762"},{"taxonomy":"product_tag","embeddable":true,"href":"https:\/\/www.sfmpower.com\/pt\/wp-json\/wp\/v2\/product_tag?post=762"}],"curies":[{"name":"wp","href":"https:\/\/api.w.org\/{rel}","templated":true}]}}