{"id":709,"date":"2025-01-10T10:33:21","date_gmt":"2025-01-10T02:33:21","guid":{"rendered":"https:\/\/www.sfmpower.com\/?post_type=product&#038;p=709"},"modified":"2025-02-12T17:45:37","modified_gmt":"2025-02-12T09:45:37","slug":"es-5000plus","status":"publish","type":"product","link":"https:\/\/www.sfmpower.com\/pt\/produto\/es-5000plus\/","title":{"rendered":"ES-5000PLUS"},"content":{"rendered":"<div data-elementor-type=\"product-post\" data-elementor-id=\"709\" class=\"elementor elementor-709\" data-elementor-post-type=\"product\">\n\t\t\t\t<div class=\"elementor-element elementor-element-33416e6 e-flex e-con-boxed e-con e-parent\" data-id=\"33416e6\" data-element_type=\"container\">\n\t\t\t\t\t<div class=\"e-con-inner\">\n\t\t\t\t<div class=\"elementor-element elementor-element-cef4d8d e-n-tabs-mobile elementor-widget elementor-widget-n-tabs\" data-id=\"cef4d8d\" data-element_type=\"widget\" data-settings=\"{&quot;tabs_justify_horizontal&quot;:&quot;start&quot;,&quot;horizontal_scroll&quot;:&quot;disable&quot;}\" data-widget_type=\"nested-tabs.default\">\n\t\t\t\t<div class=\"elementor-widget-container\">\n\t\t\t\t\t\t\t<div class=\"e-n-tabs\" data-widget-number=\"217009549\" aria-label=\"\ud0ed\uc744 \ud074\ub9ad\ud569\ub2c8\ub2e4. Enter \ub610\ub294 \uc2a4\ud398\uc774\uc2a4\ub85c \ud56d\ubaa9\uc744 \uc5f4\uace0, Escape\ub85c \ub2eb\uace0, \ud654\uc0b4\ud45c \ud0a4\ub97c \uc0ac\uc6a9\ud558\uc5ec \ud0d0\uc0c9\ud569\ub2c8\ub2e4.\" data-no-translation-aria-label=\"\">\n\t\t\t<div class=\"e-n-tabs-heading\" role=\"tablist\">\n\t\t\t\t\t<button id=\"e-n-tab-title-2170095491\" class=\"e-n-tab-title\" aria-selected=\"true\" data-tab-index=\"1\" role=\"tab\" tabindex=\"0\" aria-controls=\"e-n-tab-content-2170095491\" style=\"--n-tabs-title-order: 1;\">\n\t\t\t\t\t\t<span class=\"e-n-tab-title-text\">\n\t\t\t\tPAR\u00c2METRO T\u00c9CNICO\t\t\t<\/span>\n\t\t<\/button>\n\t\t\t\t<button id=\"e-n-tab-title-2170095492\" class=\"e-n-tab-title\" aria-selected=\"false\" data-tab-index=\"2\" role=\"tab\" tabindex=\"-1\" aria-controls=\"e-n-tab-content-2170095492\" style=\"--n-tabs-title-order: 2;\">\n\t\t\t\t\t\t<span class=\"e-n-tab-title-text\">\n\t\t\t\tTabela de refer\u00eancia de resist\u00eancia do equipamento\t\t\t<\/span>\n\t\t<\/button>\n\t\t\t\t<button id=\"e-n-tab-title-2170095493\" class=\"e-n-tab-title\" aria-selected=\"false\" data-tab-index=\"3\" role=\"tab\" tabindex=\"-1\" aria-controls=\"e-n-tab-content-2170095493\" style=\"--n-tabs-title-order: 3;\">\n\t\t\t\t\t\t<span class=\"e-n-tab-title-text\">\n\t\t\t\tCASO DE UTILIZA\u00c7\u00c3O PARCIAL\t\t\t<\/span>\n\t\t<\/button>\n\t\t\t\t\t<\/div>\n\t\t\t<div class=\"e-n-tabs-content\">\n\t\t\t\t<div id=\"e-n-tab-content-2170095491\" role=\"tabpanel\" aria-labelledby=\"e-n-tab-title-2170095491\" data-tab-index=\"1\" style=\"--n-tabs-title-order: 1;\" class=\"e-active elementor-element elementor-element-6a70264 e-con-full e-flex e-con e-child\" data-id=\"6a70264\" data-element_type=\"container\">\n\t\t<div class=\"elementor-element elementor-element-e3e60fa e-flex e-con-boxed e-con e-child\" data-id=\"e3e60fa\" data-element_type=\"container\">\n\t\t\t\t\t<div class=\"e-con-inner\">\n\t\t\t\t<div class=\"elementor-element elementor-element-f4c424f elementor-widget elementor-widget-text-editor\" data-id=\"f4c424f\" data-element_type=\"widget\" data-widget_type=\"text-editor.default\">\n\t\t\t\t<div class=\"elementor-widget-container\">\n\t\t\t\t\t\t\t\t\t<table width=\"1160\"><tbody><tr><td width=\"143\">\u00a0<\/td><td width=\"94\">ES-5000<\/td><td width=\"146\">ES-5000PLUS<\/td><td colspan=\"2\" width=\"219\">\u00a0 ES-6000<br \/>\u00a0 ES-6000PLUS<\/td><td width=\"127\">\u00a0<\/td><td colspan=\"2\" width=\"213\">ES-5000<\/td><td width=\"109\">ES-5000PLUS<\/td><td width=\"109\">\u00a0 ES-6000<br \/>\u00a0 ES-6000PLUS<\/td><\/tr><tr><td width=\"143\">26 El\u00e9trico<br \/>Martelo \u03c614Broca<\/td><td width=\"94\">5258\u00a0<\/td><td width=\"146\">8458\u00a0<\/td><td colspan=\"2\" width=\"219\">13286\u00a0<\/td><td width=\"127\">\u00a0Picareta el\u00e9ctrica<br \/>(hora)<\/td><td colspan=\"2\" width=\"213\">19.1h<\/td><td width=\"109\">30.7h<\/td><td width=\"109\">48.2h<\/td><\/tr><tr><td width=\"143\">350Corte<br \/>Serra(hora)<\/td><td width=\"94\">12.7h<\/td><td width=\"146\">20.4h<\/td><td colspan=\"2\" width=\"219\">32.1h<\/td><td width=\"127\">110 Barra de corte (hora)<\/td><td colspan=\"2\" width=\"213\">33.2h<\/td><td width=\"109\">53.5h<\/td><td width=\"109\">84h<\/td><\/tr><tr><td width=\"143\">100 \u00c2ngulos<br \/>Moinho(hora)<\/td><td width=\"94\">51.3h<\/td><td width=\"146\">82.5h<\/td><td colspan=\"2\" width=\"219\">129.6h<\/td><td width=\"127\">Chave el\u00e9ctrica<br \/>(Carregar vezes)<\/td><td colspan=\"2\" width=\"213\">95\u00a0<\/td><td width=\"109\">153\u00a0<\/td><td width=\"109\">241\u00a0<\/td><\/tr><tr><td width=\"143\">Luz 100WLED<br \/>(hora)<\/td><td width=\"94\">84.9h<\/td><td width=\"146\">136h<\/td><td colspan=\"2\" width=\"219\">214.5h<\/td><td width=\"127\">FloorFan(hora)<\/td><td colspan=\"2\" width=\"213\">169.8h<\/td><td width=\"109\">273.2h<\/td><td width=\"109\">429.1h<\/td><\/tr><tr><td width=\"143\">Ambiente de trabalho (hora)<\/td><td width=\"94\">73.6h<\/td><td width=\"146\">118.4h<\/td><td colspan=\"2\" width=\"219\">185.9h<\/td><td width=\"127\">70 polegadas Cor<br \/>TV(hora)<\/td><td colspan=\"2\" width=\"213\">90.5h<\/td><td width=\"109\">145.7h<\/td><td width=\"109\">228.8h<\/td><\/tr><tr><td width=\"143\">\u00a0<\/td><td width=\"94\">\u00a0<\/td><td width=\"146\">\u00a0<\/td><td colspan=\"2\" width=\"219\">\u00a0<\/td><td width=\"127\">\u00a0<\/td><td colspan=\"2\" width=\"213\">\u00a0<\/td><td width=\"109\">\u00a0<\/td><td width=\"109\">\u00a0<\/td><\/tr><tr><td width=\"143\">Capacidade de soldadura<\/td><td colspan=\"3\" width=\"365\">\u03c62.5 El\u00e9trodo(pcs)<\/td><td colspan=\"3\" width=\"362\">\u03c63.2 El\u00e9trodo(pcs)<\/td><td colspan=\"3\" width=\"290\">\u03c64.0 El\u00e9trodo(pcs)<\/td><\/tr><tr><td width=\"143\">ES-5000<\/td><td colspan=\"3\" width=\"365\">298\u00a0<\/td><td colspan=\"3\" width=\"362\">148\u00a0<\/td><td colspan=\"3\" width=\"290\">95\u00a0<\/td><\/tr><tr><td width=\"143\">ES-5000PLUS<\/td><td colspan=\"3\" width=\"365\">486\u00a0<\/td><td colspan=\"3\" width=\"362\">242\u00a0<\/td><td colspan=\"3\" width=\"290\">143\u00a0<\/td><\/tr><tr><td width=\"143\">ES-6000<br \/>\u00a0\u00a0 ES-6000PLUS<\/td><td colspan=\"3\" width=\"365\">763\u00a0<\/td><td colspan=\"3\" width=\"362\">380\u00a0<\/td><td colspan=\"3\" width=\"290\">224\u00a0<\/td><\/tr><\/tbody><\/table>\t\t\t\t\t\t\t\t<\/div>\n\t\t\t\t<\/div>\n\t\t\t\t\t<\/div>\n\t\t\t\t<\/div>\n\t\t\t\t<\/div>\n\t\t<div id=\"e-n-tab-content-2170095492\" role=\"tabpanel\" aria-labelledby=\"e-n-tab-title-2170095492\" data-tab-index=\"2\" style=\"--n-tabs-title-order: 2;\" class=\"elementor-element elementor-element-ac502e6 e-con-full e-flex e-con e-child\" data-id=\"ac502e6\" data-element_type=\"container\">\n\t\t<div class=\"elementor-element elementor-element-915aff1 e-flex e-con-boxed e-con e-child\" data-id=\"915aff1\" data-element_type=\"container\">\n\t\t\t\t\t<div class=\"e-con-inner\">\n\t\t\t\t<div class=\"elementor-element elementor-element-bba87af elementor-widget elementor-widget-text-editor\" data-id=\"bba87af\" data-element_type=\"widget\" data-widget_type=\"text-editor.default\">\n\t\t\t\t<div class=\"elementor-widget-container\">\n\t\t\t\t\t\t\t\t\t<table width=\"376\"><tbody><tr><td width=\"267\">Tipo<\/td><td width=\"109\">ES-5000PLUS<\/td><\/tr><tr><td width=\"267\">220VPower<\/td><td width=\"109\">4000W<\/td><\/tr><tr><td width=\"267\">Capacidade da bateria<\/td><td width=\"109\">13690Wh<\/td><\/tr><tr><td width=\"267\">26 Martelo el\u00e9trico \u03c614Broca<\/td><td width=\"109\">8458\u00a0<\/td><\/tr><tr><td width=\"267\">Piquete el\u00e9trico (hora)<\/td><td width=\"109\">30.7h<\/td><\/tr><tr><td width=\"267\">350 Barra de corte<br \/>\u00a0 (hora)<\/td><td width=\"109\">20.4h<\/td><\/tr><tr><td width=\"267\">110 Barra de corte<br \/>\u00a0 (hora)<\/td><td width=\"109\">53.5h<\/td><\/tr><tr><td width=\"267\">\u00a0 100\u00c2ngulo<br \/>\u00a0Moinho(hora)<\/td><td width=\"109\">82.5h<\/td><\/tr><tr><td width=\"267\">Chave el\u00e9ctrica<br \/>(Carregar vezes)<\/td><td width=\"109\">153\u00a0<\/td><\/tr><tr><td width=\"267\">\u03c62.5 El\u00e9trodo<br \/>\u00a0 (unidades)<\/td><td width=\"109\">486\u00a0<\/td><\/tr><tr><td width=\"267\">\u00a0 \u03c63.2Electrodo<br \/>(unidades)<\/td><td width=\"109\">242\u00a0<\/td><\/tr><tr><td width=\"267\">\u03c64.0 El\u00e9trodo<br \/>\u00a0 (unidades)<\/td><td width=\"109\">143\u00a0<\/td><\/tr><tr><td width=\"267\">Luz LED de 100W<br \/>\u00a0 (hora)<\/td><td width=\"109\">136h<\/td><\/tr><tr><td width=\"267\">Ventilador de ch\u00e3o (hora)<\/td><td width=\"109\">273.2h<\/td><\/tr><tr><td width=\"267\">\u00a0Ambiente de trabalho (hora)<\/td><td width=\"109\">118.4h<\/td><\/tr><tr><td width=\"267\">70 polegadas Cor<br \/>\u00a0 TV(hora)<\/td><td width=\"109\">145.7h<\/td><\/tr><\/tbody><\/table>\t\t\t\t\t\t\t\t<\/div>\n\t\t\t\t<\/div>\n\t\t\t\t\t<\/div>\n\t\t\t\t<\/div>\n\t\t\t\t<\/div>\n\t\t<div id=\"e-n-tab-content-2170095493\" role=\"tabpanel\" aria-labelledby=\"e-n-tab-title-2170095493\" data-tab-index=\"3\" style=\"--n-tabs-title-order: 3;\" class=\"elementor-element elementor-element-1a94325 e-con-full e-flex e-con e-child\" data-id=\"1a94325\" data-element_type=\"container\">\n\t\t<div class=\"elementor-element elementor-element-ea4a2a9 e-flex e-con-boxed e-con e-child\" data-id=\"ea4a2a9\" data-element_type=\"container\">\n\t\t\t\t\t<div class=\"e-con-inner\">\n\t\t\t\t<div class=\"elementor-element elementor-element-e51af3f elementor-widget elementor-widget-image\" data-id=\"e51af3f\" data-element_type=\"widget\" data-widget_type=\"image.default\">\n\t\t\t\t<div class=\"elementor-widget-container\">\n\t\t\t\t\t\t\t\t\t\t\t\t\t\t\t<img alt=\"\" fetchpriority=\"high\" decoding=\"async\" width=\"1425\" height=\"1690\" src=\"https:\/\/www.sfmpower.com\/wp-content\/uploads\/2025\/02\/es.webp\" class=\"attachment-full size-full wp-image-1196\" srcset=\"https:\/\/www.sfmpower.com\/wp-content\/uploads\/2025\/02\/es.webp 1425w, https:\/\/www.sfmpower.com\/wp-content\/uploads\/2025\/02\/es-253x300.webp 253w, https:\/\/www.sfmpower.com\/wp-content\/uploads\/2025\/02\/es-863x1024.webp 863w, https:\/\/www.sfmpower.com\/wp-content\/uploads\/2025\/02\/es-768x911.webp 768w, https:\/\/www.sfmpower.com\/wp-content\/uploads\/2025\/02\/es-1295x1536.webp 1295w, https:\/\/www.sfmpower.com\/wp-content\/uploads\/2025\/02\/es-10x12.webp 10w, https:\/\/www.sfmpower.com\/wp-content\/uploads\/2025\/02\/es-600x712.webp 600w\" sizes=\"(max-width: 1425px) 100vw, 1425px\" \/>\t\t\t\t\t\t\t\t\t\t\t\t\t\t\t<\/div>\n\t\t\t\t<\/div>\n\t\t\t\t\t<\/div>\n\t\t\t\t<\/div>\n\t\t\t\t<\/div>\n\t\t\t\t\t<\/div>\n\t\t<\/div>\n\t\t\t\t\t\t<\/div>\n\t\t\t\t<\/div>\n\t\t\t\t\t<\/div>\n\t\t\t\t<\/div>\n\t\t\t\t<\/div>","protected":false},"excerpt":{"rendered":"<p><b>Central el\u00e9ctrica multifuncional de armazenamento de energia aplicada no dom\u00ednio da constru\u00e7\u00e3o exterior <\/b><\/p>\n<p>Sa\u00edda est\u00e1vel, utilizada para alimenta\u00e7\u00e3o no local de ferramentas el\u00e9ctricas de 110V\/220V e equipamento el\u00e9trico;<\/p>\n<p>M\u00f3dulo de bateria de l\u00edtio de longa dura\u00e7\u00e3o, dura\u00e7\u00e3o da bateria at\u00e9 8-10 anos;<\/p>\n<p>Sa\u00edda de onda sinusoidal pura de 110V\/220V\/4000W, adequada para qualquer equipamento el\u00e9trico;<\/p>\n<p>Suporta el\u00e9ctrodos de celulose e el\u00e9ctrodos com baixo teor de hidrog\u00e9nio para soldadura e corte;<\/p>\n<p>Suporta a utiliza\u00e7\u00e3o simult\u00e2nea da fun\u00e7\u00e3o de soldadura e da sa\u00edda de energia CA;<\/p>\n<p>Dispositivo externo de prote\u00e7\u00e3o contra sobrecarga para evitar danos no equipamento causados por sobrecarga do aparelho;<\/p>\n<p>Pode ser ligado a m\u00f3dulos de bateria externos para uma autonomia ilimitada;<\/p>\n<p>Poucos salpicos, circuito de soldadura e corte DC puro, utiliza\u00e7\u00e3o dupla para soldadura manual e soldadura por arco;<\/p>\n<p>Circuito de prote\u00e7\u00e3o completo, com prote\u00e7\u00e3o contra subtens\u00e3o, prote\u00e7\u00e3o contra curto-circuito, prote\u00e7\u00e3o contra sobreaquecimento, prote\u00e7\u00e3o contra sobrecarga, prote\u00e7\u00e3o contra fugas, prote\u00e7\u00e3o contra descarga excessiva, garantindo a seguran\u00e7a<\/p>","protected":false},"featured_media":1050,"template":"","meta":{"_seopress_robots_primary_cat":"none","_seopress_titles_title":"","_seopress_titles_desc":"","_seopress_robots_index":"","_joinchat":[]},"product_brand":[],"product_cat":[30],"product_tag":[],"class_list":{"0":"post-709","1":"product","2":"type-product","3":"status-publish","4":"has-post-thumbnail","6":"product_cat-welding-integrated-portable-power-station","8":"first","9":"instock","10":"shipping-taxable","11":"product-type-simple"},"_links":{"self":[{"href":"https:\/\/www.sfmpower.com\/pt\/wp-json\/wp\/v2\/product\/709","targetHints":{"allow":["GET"]}}],"collection":[{"href":"https:\/\/www.sfmpower.com\/pt\/wp-json\/wp\/v2\/product"}],"about":[{"href":"https:\/\/www.sfmpower.com\/pt\/wp-json\/wp\/v2\/types\/product"}],"version-history":[{"count":0,"href":"https:\/\/www.sfmpower.com\/pt\/wp-json\/wp\/v2\/product\/709\/revisions"}],"wp:featuredmedia":[{"embeddable":true,"href":"https:\/\/www.sfmpower.com\/pt\/wp-json\/wp\/v2\/media\/1050"}],"wp:attachment":[{"href":"https:\/\/www.sfmpower.com\/pt\/wp-json\/wp\/v2\/media?parent=709"}],"wp:term":[{"taxonomy":"product_brand","embeddable":true,"href":"https:\/\/www.sfmpower.com\/pt\/wp-json\/wp\/v2\/product_brand?post=709"},{"taxonomy":"product_cat","embeddable":true,"href":"https:\/\/www.sfmpower.com\/pt\/wp-json\/wp\/v2\/product_cat?post=709"},{"taxonomy":"product_tag","embeddable":true,"href":"https:\/\/www.sfmpower.com\/pt\/wp-json\/wp\/v2\/product_tag?post=709"}],"curies":[{"name":"wp","href":"https:\/\/api.w.org\/{rel}","templated":true}]}}