{"id":657,"date":"2025-01-13T13:14:08","date_gmt":"2025-01-13T05:14:08","guid":{"rendered":"https:\/\/www.sfmpower.com\/?post_type=product&#038;p=657"},"modified":"2025-02-12T17:15:29","modified_gmt":"2025-02-12T09:15:29","slug":"ps-5800pro","status":"publish","type":"product","link":"https:\/\/www.sfmpower.com\/pt\/produto\/ps-5800pro\/","title":{"rendered":"PS-5800PRO"},"content":{"rendered":"<div data-elementor-type=\"product-post\" data-elementor-id=\"657\" class=\"elementor elementor-657\" data-elementor-post-type=\"product\">\n\t\t\t\t<div class=\"elementor-element elementor-element-33416e6 e-flex e-con-boxed e-con e-parent\" data-id=\"33416e6\" data-element_type=\"container\">\n\t\t\t\t\t<div class=\"e-con-inner\">\n\t\t\t\t<div class=\"elementor-element elementor-element-cef4d8d e-n-tabs-mobile elementor-widget elementor-widget-n-tabs\" data-id=\"cef4d8d\" data-element_type=\"widget\" data-settings=\"{&quot;tabs_justify_horizontal&quot;:&quot;start&quot;,&quot;horizontal_scroll&quot;:&quot;disable&quot;}\" data-widget_type=\"nested-tabs.default\">\n\t\t\t\t<div class=\"elementor-widget-container\">\n\t\t\t\t\t\t\t<div class=\"e-n-tabs\" data-widget-number=\"217009549\" aria-label=\"\u0412\u043a\u043b\u0430\u0434\u043a\u0438. \u041e\u0442\u043a\u0440\u044b\u0432\u0430\u0439\u0442\u0435 \u044d\u043b\u0435\u043c\u0435\u043d\u0442\u044b \u0441 \u043f\u043e\u043c\u043e\u0449\u044c\u044e \u043a\u043b\u0430\u0432\u0438\u0448 Enter \u0438\u043b\u0438 Espa\u00e7o, \u0437\u0430\u043a\u0440\u044b\u0432\u0430\u0439\u0442\u0435 \u0441 \u043f\u043e\u043c\u043e\u0449\u044c\u044e Escape \u0438 \u043f\u0435\u0440\u0435\u043c\u0435\u0449\u0430\u0439\u0442\u0435\u0441\u044c \u0441 \u043f\u043e\u043c\u043e\u0449\u044c\u044e \u043a\u043b\u0430\u0432\u0438\u0448 \u0441\u043e \u0441\u0442\u0440\u0435\u043b\u043a\u0430\u043c\u0438.\">\n\t\t\t<div class=\"e-n-tabs-heading\" role=\"tablist\">\n\t\t\t\t\t<button id=\"e-n-tab-title-2170095491\" class=\"e-n-tab-title\" aria-selected=\"true\" data-tab-index=\"1\" role=\"tab\" tabindex=\"0\" aria-controls=\"e-n-tab-content-2170095491\" style=\"--n-tabs-title-order: 1;\">\n\t\t\t\t\t\t<span class=\"e-n-tab-title-text\">\n\t\t\t\tTabela de refer\u00eancia de resist\u00eancia do equipamento\t\t\t<\/span>\n\t\t<\/button>\n\t\t\t\t<button id=\"e-n-tab-title-2170095492\" class=\"e-n-tab-title\" aria-selected=\"false\" data-tab-index=\"2\" role=\"tab\" tabindex=\"-1\" aria-controls=\"e-n-tab-content-2170095492\" style=\"--n-tabs-title-order: 2;\">\n\t\t\t\t\t\t<span class=\"e-n-tab-title-text\">\n\t\t\t\tPAR\u00c2METRO T\u00c9CNICO\t\t\t<\/span>\n\t\t<\/button>\n\t\t\t\t<button id=\"e-n-tab-title-2170095493\" class=\"e-n-tab-title\" aria-selected=\"false\" data-tab-index=\"3\" role=\"tab\" tabindex=\"-1\" aria-controls=\"e-n-tab-content-2170095493\" style=\"--n-tabs-title-order: 3;\">\n\t\t\t\t\t\t<span class=\"e-n-tab-title-text\">\n\t\t\t\tCASO DE UTILIZA\u00c7\u00c3O PARCIAL\t\t\t<\/span>\n\t\t<\/button>\n\t\t\t\t\t<\/div>\n\t\t\t<div class=\"e-n-tabs-content\">\n\t\t\t\t<div id=\"e-n-tab-content-2170095491\" role=\"tabpanel\" aria-labelledby=\"e-n-tab-title-2170095491\" data-tab-index=\"1\" style=\"--n-tabs-title-order: 1;\" class=\"e-active elementor-element elementor-element-ac502e6 e-con-full e-flex e-con e-child\" data-id=\"ac502e6\" data-element_type=\"container\">\n\t\t<div class=\"elementor-element elementor-element-915aff1 e-flex e-con-boxed e-con e-child\" data-id=\"915aff1\" data-element_type=\"container\">\n\t\t\t\t\t<div class=\"e-con-inner\">\n\t\t\t\t<div class=\"elementor-element elementor-element-bba87af elementor-widget elementor-widget-text-editor\" data-id=\"bba87af\" data-element_type=\"widget\" data-widget_type=\"text-editor.default\">\n\t\t\t\t<div class=\"elementor-widget-container\">\n\t\t\t\t\t\t\t\t\t<table width=\"227\"><tbody><tr><td width=\"162\">Tipo<\/td><td width=\"64\">PS-5800PRO<\/td><\/tr><tr><td>Alimenta\u00e7\u00e3o 220V<\/td><td>3500W<\/td><\/tr><tr><td>Capacidade da bateria<\/td><td>5627Wh<\/td><\/tr><tr><td width=\"162\">26Electrico<br \/>Martelo\u03c614Broca<\/td><td>3476\u00a0<\/td><\/tr><tr><td>Piquete el\u00e9trico (hora)<\/td><td>12.6h<\/td><\/tr><tr><td width=\"162\">350 Barra de corte<br \/>\u00a0 (hora)<\/td><td>8.4h<\/td><\/tr><tr><td width=\"162\">110 Barra de corte<br \/>\u00a0 (hora)<\/td><td>21.9h<\/td><\/tr><tr><td width=\"162\">100 \u00c2ngulos<br \/>\u00a0 Moinho(hora)<\/td><td>33.9h<\/td><\/tr><tr><td width=\"162\">Chave el\u00e9ctrica<br \/>(Carregar vezes)<\/td><td>63\u00a0<\/td><\/tr><tr><td width=\"162\">Luz LED de 100W<br \/>(hora)<\/td><td>56.1h<\/td><\/tr><tr><td>Ventilador de ch\u00e3o (hora)<\/td><td>112.3h<\/td><\/tr><tr><td>\u00a0 Ambiente de trabalho (hora)<\/td><td>48.6h<\/td><\/tr><tr><td width=\"162\">70 polegadas Cor<br \/>\u00a0 TV(hora)<\/td><td>59.8h<\/td><\/tr><tr><td colspan=\"2\" width=\"227\">Nota: Os par\u00e2metros acima s\u00e3o calculados de acordo com a utiliza\u00e7\u00e3o rotineira do utilizador, e o tempo de utiliza\u00e7\u00e3o real varia de acordo com os h\u00e1bitos de utiliza\u00e7\u00e3o do cliente e a pot\u00eancia espec\u00edfica do equipamento el\u00e9trico.<\/td><\/tr><\/tbody><\/table>\t\t\t\t\t\t\t\t<\/div>\n\t\t\t\t<\/div>\n\t\t\t\t\t<\/div>\n\t\t\t\t<\/div>\n\t\t\t\t<\/div>\n\t\t<div id=\"e-n-tab-content-2170095492\" role=\"tabpanel\" aria-labelledby=\"e-n-tab-title-2170095492\" data-tab-index=\"2\" style=\"--n-tabs-title-order: 2;\" class=\"elementor-element elementor-element-a196a89 e-con-full e-flex e-con e-child\" data-id=\"a196a89\" data-element_type=\"container\">\n\t\t<div class=\"elementor-element elementor-element-d72dd7f e-flex e-con-boxed e-con e-child\" data-id=\"d72dd7f\" data-element_type=\"container\">\n\t\t\t\t\t<div class=\"e-con-inner\">\n\t\t\t\t<div class=\"elementor-element elementor-element-da73241 elementor-widget elementor-widget-text-editor\" data-id=\"da73241\" data-element_type=\"widget\" data-widget_type=\"text-editor.default\">\n\t\t\t\t<div class=\"elementor-widget-container\">\n\t\t\t\t\t\t\t\t\t<table width=\"500\"><tbody><tr><td width=\"209\">\u00a0<\/td><td width=\"291\">PS-5800PRO<\/td><\/tr><tr><td width=\"209\">\u00a0 Tens\u00e3o de sa\u00edda<\/td><td width=\"291\">\u00a0\u00a0\u00a0 110V\/220V 50\/60Hz<\/td><\/tr><tr><td width=\"209\">Pot\u00eancia<\/td><td width=\"291\">3500W<\/td><\/tr><tr><td width=\"209\">Carga indutiva<\/td><td width=\"291\">10500W<\/td><\/tr><tr><td width=\"209\">Carga capacitiva<\/td><td width=\"291\">7000W<\/td><\/tr><tr><td width=\"209\">OutputCurrent<\/td><td width=\"291\">\u00a0\u00a0 \u00c0 prova de \u00e1gua 10A,16A<\/td><\/tr><tr><td width=\"209\">M\u00e9todo de montagem da bateria<\/td><td width=\"291\">Bateria incorporada<\/td><\/tr><tr><td width=\"209\">Tipo de bateria<\/td><td width=\"291\">NCM<\/td><\/tr><tr><td width=\"209\">Fun\u00e7\u00e3o de prote\u00e7\u00e3o<\/td><td width=\"291\">Sobrecarga, subtens\u00e3o, curto-circuito, fuga, anormal<\/td><\/tr><tr><td width=\"209\">Capacidade da bateria<\/td><td width=\"291\">5627Wh<\/td><\/tr><tr><td width=\"209\">Sistema Bluetooth<\/td><td width=\"291\">Android\u30011OS<\/td><\/tr><tr><td width=\"209\">Temperatura ambiente<\/td><td width=\"291\">-20\u2103~55\u2103<\/td><\/tr><tr><td width=\"209\">Carregador<\/td><td width=\"291\">AC220V\/30A<\/td><\/tr><tr><td width=\"209\">Tamanho<\/td><td width=\"291\">583x467x500<\/td><\/tr><tr><td width=\"209\">Peso<\/td><td width=\"291\">48\u00a0<\/td><\/tr><\/tbody><\/table>\t\t\t\t\t\t\t\t<\/div>\n\t\t\t\t<\/div>\n\t\t\t\t\t<\/div>\n\t\t\t\t<\/div>\n\t\t\t\t<\/div>\n\t\t<div id=\"e-n-tab-content-2170095493\" role=\"tabpanel\" aria-labelledby=\"e-n-tab-title-2170095493\" data-tab-index=\"3\" style=\"--n-tabs-title-order: 3;\" class=\"elementor-element elementor-element-1a94325 e-con-full e-flex e-con e-child\" data-id=\"1a94325\" data-element_type=\"container\">\n\t\t<div class=\"elementor-element elementor-element-ea4a2a9 e-flex e-con-boxed e-con e-child\" data-id=\"ea4a2a9\" data-element_type=\"container\">\n\t\t\t\t\t<div class=\"e-con-inner\">\n\t\t\t\t<div class=\"elementor-element elementor-element-e51af3f elementor-widget elementor-widget-image\" data-id=\"e51af3f\" data-element_type=\"widget\" data-widget_type=\"image.default\">\n\t\t\t\t<div class=\"elementor-widget-container\">\n\t\t\t\t\t\t\t\t\t\t\t\t\t\t\t<img alt=\"\" fetchpriority=\"high\" decoding=\"async\" width=\"1559\" height=\"1835\" src=\"https:\/\/www.sfmpower.com\/wp-content\/uploads\/2025\/01\/\u5e94\u7528\u573a\u666f.jpg\" class=\"attachment-full size-full wp-image-596\" srcset=\"https:\/\/www.sfmpower.com\/wp-content\/uploads\/2025\/01\/\u5e94\u7528\u573a\u666f.jpg 1559w, https:\/\/www.sfmpower.com\/wp-content\/uploads\/2025\/01\/\u5e94\u7528\u573a\u666f-255x300.jpg 255w, https:\/\/www.sfmpower.com\/wp-content\/uploads\/2025\/01\/\u5e94\u7528\u573a\u666f-870x1024.jpg 870w, https:\/\/www.sfmpower.com\/wp-content\/uploads\/2025\/01\/\u5e94\u7528\u573a\u666f-768x904.jpg 768w, https:\/\/www.sfmpower.com\/wp-content\/uploads\/2025\/01\/\u5e94\u7528\u573a\u666f-1305x1536.jpg 1305w, https:\/\/www.sfmpower.com\/wp-content\/uploads\/2025\/01\/\u5e94\u7528\u573a\u666f-600x706.jpg 600w\" sizes=\"(max-width: 1559px) 100vw, 1559px\" \/>\t\t\t\t\t\t\t\t\t\t\t\t\t\t\t<\/div>\n\t\t\t\t<\/div>\n\t\t\t\t\t<\/div>\n\t\t\t\t<\/div>\n\t\t\t\t<\/div>\n\t\t\t\t\t<\/div>\n\t\t<\/div>\n\t\t\t\t\t\t<\/div>\n\t\t\t\t<\/div>\n\t\t\t\t\t<\/div>\n\t\t\t\t<\/div>\n\t\t\t\t<\/div>","protected":false},"excerpt":{"rendered":"<p>Elevada pot\u00eancia de sa\u00edda, adequada para todos os tipos de ferramentas el\u00e9ctricas de 110V\/220V e equipamento el\u00e9trico;<\/p>\n<p>Pode ser equipado com um sistema de ilumina\u00e7\u00e3o m\u00f3vel para fornecer ilumina\u00e7\u00e3o nocturna para a constru\u00e7\u00e3o nocturna;<\/p>\n<p>Pode corresponder \u00e0 m\u00e1quina de solda DC de baixa tens\u00e3o de 48V, pode alcan\u00e7ar a soldagem longa do eletrodo \u03a62.5-3.2mm;<\/p>\n<p>Dispositivo de prote\u00e7\u00e3o contra sobrecarga incorporado para evitar danos no equipamento causados por sobrecarga el\u00e9ctrica;<\/p>\n<p>Carregamento r\u00e1pido, 0-80% carrega 2 horas, totalmente carregado cerca de 3 horas;<\/p>\n<p>M\u00f3dulo de bateria de l\u00edtio de longa dura\u00e7\u00e3o, dura\u00e7\u00e3o da bateria at\u00e9 8-10 anos;<\/p>\n<p>Circuito de prote\u00e7\u00e3o da bateria de gama completa, seguro e protegido.<\/p>","protected":false},"featured_media":1042,"template":"","meta":{"_seopress_robots_primary_cat":"none","_seopress_titles_title":"","_seopress_titles_desc":"","_seopress_robots_index":"","_joinchat":[]},"product_brand":[],"product_cat":[29],"product_tag":[],"class_list":{"0":"post-657","1":"product","2":"type-product","3":"status-publish","4":"has-post-thumbnail","6":"product_cat-industrial-portable-power-station","8":"first","9":"instock","10":"shipping-taxable","11":"product-type-simple"},"_links":{"self":[{"href":"https:\/\/www.sfmpower.com\/pt\/wp-json\/wp\/v2\/product\/657","targetHints":{"allow":["GET"]}}],"collection":[{"href":"https:\/\/www.sfmpower.com\/pt\/wp-json\/wp\/v2\/product"}],"about":[{"href":"https:\/\/www.sfmpower.com\/pt\/wp-json\/wp\/v2\/types\/product"}],"version-history":[{"count":0,"href":"https:\/\/www.sfmpower.com\/pt\/wp-json\/wp\/v2\/product\/657\/revisions"}],"wp:featuredmedia":[{"embeddable":true,"href":"https:\/\/www.sfmpower.com\/pt\/wp-json\/wp\/v2\/media\/1042"}],"wp:attachment":[{"href":"https:\/\/www.sfmpower.com\/pt\/wp-json\/wp\/v2\/media?parent=657"}],"wp:term":[{"taxonomy":"product_brand","embeddable":true,"href":"https:\/\/www.sfmpower.com\/pt\/wp-json\/wp\/v2\/product_brand?post=657"},{"taxonomy":"product_cat","embeddable":true,"href":"https:\/\/www.sfmpower.com\/pt\/wp-json\/wp\/v2\/product_cat?post=657"},{"taxonomy":"product_tag","embeddable":true,"href":"https:\/\/www.sfmpower.com\/pt\/wp-json\/wp\/v2\/product_tag?post=657"}],"curies":[{"name":"wp","href":"https:\/\/api.w.org\/{rel}","templated":true}]}}