{"id":652,"date":"2025-01-13T13:13:11","date_gmt":"2025-01-13T05:13:11","guid":{"rendered":"https:\/\/www.sfmpower.com\/?post_type=product&#038;p=652"},"modified":"2025-03-01T11:49:22","modified_gmt":"2025-03-01T03:49:22","slug":"ps-5800","status":"publish","type":"product","link":"https:\/\/www.sfmpower.com\/pt\/produto\/ps-5800\/","title":{"rendered":"PS-5800T"},"content":{"rendered":"<div data-elementor-type=\"product-post\" data-elementor-id=\"652\" class=\"elementor elementor-652\" data-elementor-post-type=\"product\">\n\t\t\t\t<div class=\"elementor-element elementor-element-33416e6 e-flex e-con-boxed e-con e-parent\" data-id=\"33416e6\" data-element_type=\"container\">\n\t\t\t\t\t<div class=\"e-con-inner\">\n\t\t\t\t<div class=\"elementor-element elementor-element-cef4d8d e-n-tabs-mobile elementor-widget elementor-widget-n-tabs\" data-id=\"cef4d8d\" data-element_type=\"widget\" data-settings=\"{&quot;tabs_justify_horizontal&quot;:&quot;start&quot;,&quot;horizontal_scroll&quot;:&quot;disable&quot;}\" data-widget_type=\"nested-tabs.default\">\n\t\t\t\t<div class=\"elementor-widget-container\">\n\t\t\t\t\t\t\t<div class=\"e-n-tabs\" data-widget-number=\"217009549\" aria-label=\"\u30bf\u30d6\u3002Enter\u307e\u305f\u306fSpace\u3067\u9805\u76ee\u3092\u958b\u304d\u3001Escape\u3067\u9589\u3058\u3001\u77e2\u5370\u30ad\u30fc\u3067\u79fb\u52d5\u3059\u308b\u3002\" data-no-translation-aria-label=\"\">\n\t\t\t<div class=\"e-n-tabs-heading\" role=\"tablist\">\n\t\t\t\t\t<button id=\"e-n-tab-title-2170095491\" class=\"e-n-tab-title\" aria-selected=\"true\" data-tab-index=\"1\" role=\"tab\" tabindex=\"0\" aria-controls=\"e-n-tab-content-2170095491\" style=\"--n-tabs-title-order: 1;\">\n\t\t\t\t\t\t<span class=\"e-n-tab-title-text\">\n\t\t\t\tTabela de refer\u00eancia de resist\u00eancia do equipamento\t\t\t<\/span>\n\t\t<\/button>\n\t\t\t\t<button id=\"e-n-tab-title-2170095492\" class=\"e-n-tab-title\" aria-selected=\"false\" data-tab-index=\"2\" role=\"tab\" tabindex=\"-1\" aria-controls=\"e-n-tab-content-2170095492\" style=\"--n-tabs-title-order: 2;\">\n\t\t\t\t\t\t<span class=\"e-n-tab-title-text\">\n\t\t\t\tPAR\u00c2METRO T\u00c9CNICO\t\t\t<\/span>\n\t\t<\/button>\n\t\t\t\t<button id=\"e-n-tab-title-2170095493\" class=\"e-n-tab-title\" aria-selected=\"false\" data-tab-index=\"3\" role=\"tab\" tabindex=\"-1\" aria-controls=\"e-n-tab-content-2170095493\" style=\"--n-tabs-title-order: 3;\">\n\t\t\t\t\t\t<span class=\"e-n-tab-title-text\">\n\t\t\t\tCASO DE UTILIZA\u00c7\u00c3O PARCIAL\t\t\t<\/span>\n\t\t<\/button>\n\t\t\t\t\t<\/div>\n\t\t\t<div class=\"e-n-tabs-content\">\n\t\t\t\t<div id=\"e-n-tab-content-2170095491\" role=\"tabpanel\" aria-labelledby=\"e-n-tab-title-2170095491\" data-tab-index=\"1\" style=\"--n-tabs-title-order: 1;\" class=\"e-active elementor-element elementor-element-ac502e6 e-con-full e-flex e-con e-child\" data-id=\"ac502e6\" data-element_type=\"container\">\n\t\t<div class=\"elementor-element elementor-element-915aff1 e-flex e-con-boxed e-con e-child\" data-id=\"915aff1\" data-element_type=\"container\">\n\t\t\t\t\t<div class=\"e-con-inner\">\n\t\t\t\t<div class=\"elementor-element elementor-element-bba87af elementor-widget elementor-widget-text-editor\" data-id=\"bba87af\" data-element_type=\"widget\" data-widget_type=\"text-editor.default\">\n\t\t\t\t<div class=\"elementor-widget-container\">\n\t\t\t\t\t\t\t\t\t<table width=\"227\"><tbody><tr><td width=\"162\">Tipo<\/td><td width=\"64\">PS-5800T<\/td><\/tr><tr><td>Alimenta\u00e7\u00e3o 220V<\/td><td>5000W<\/td><\/tr><tr><td>Capacidade da bateria<\/td><td>5376Wh<\/td><\/tr><tr><td width=\"162\">26Electrico<br \/>Martelo\u03c614Broca<\/td><td>3321\u00a0<\/td><\/tr><tr><td>Piquete el\u00e9trico (hora)<\/td><td>12h<\/td><\/tr><tr><td width=\"162\">350 Barra de corte<br \/>\u00a0 (hora)<\/td><td>8h<\/td><\/tr><tr><td width=\"162\">110 Barra de corte<br \/>\u00a0 (hora)<\/td><td>21h<\/td><\/tr><tr><td width=\"162\">100 \u00c2ngulos<br \/>\u00a0 Moinho(hora)<\/td><td>32.4h<\/td><\/tr><tr><td width=\"162\">Chave el\u00e9ctrica<br \/>(Carregar vezes)<\/td><td>60\u00a0<\/td><\/tr><tr><td width=\"162\">Luz LED de 100W<br \/>(hora)<\/td><td>53.6h<\/td><\/tr><tr><td>Ventilador de ch\u00e3o (hora)<\/td><td>107.2h<\/td><\/tr><tr><td>\u00a0 Ambiente de trabalho (hora)<\/td><td>46.4h<\/td><\/tr><tr><td width=\"162\">70 polegadas Cor<br \/>\u00a0 TV(hora)<\/td><td>57.2h<\/td><\/tr><tr><td colspan=\"2\" width=\"227\">Nota: Os par\u00e2metros acima s\u00e3o calculados de acordo com a utiliza\u00e7\u00e3o rotineira do utilizador, e o tempo de utiliza\u00e7\u00e3o real varia de acordo com os h\u00e1bitos de utiliza\u00e7\u00e3o do cliente e a pot\u00eancia espec\u00edfica do equipamento el\u00e9trico.<\/td><\/tr><\/tbody><\/table>\t\t\t\t\t\t\t\t<\/div>\n\t\t\t\t<\/div>\n\t\t\t\t\t<\/div>\n\t\t\t\t<\/div>\n\t\t\t\t<\/div>\n\t\t<div id=\"e-n-tab-content-2170095492\" role=\"tabpanel\" aria-labelledby=\"e-n-tab-title-2170095492\" data-tab-index=\"2\" style=\"--n-tabs-title-order: 2;\" class=\"elementor-element elementor-element-988a03f e-con-full e-flex e-con e-child\" data-id=\"988a03f\" data-element_type=\"container\">\n\t\t<div class=\"elementor-element elementor-element-20021dd e-flex e-con-boxed e-con e-child\" data-id=\"20021dd\" data-element_type=\"container\">\n\t\t\t\t\t<div class=\"e-con-inner\">\n\t\t\t\t<div class=\"elementor-element elementor-element-d849853 elementor-widget elementor-widget-text-editor\" data-id=\"d849853\" data-element_type=\"widget\" data-widget_type=\"text-editor.default\">\n\t\t\t\t<div class=\"elementor-widget-container\">\n\t\t\t\t\t\t\t\t\t<table width=\"422\"><tbody><tr><td width=\"191\">\u00a0<\/td><td width=\"231\">PS-5800<\/td><\/tr><tr><td width=\"191\">26 El\u00e9trico<br \/>Martelo \u03c614Broca<\/td><td width=\"231\">3321\u00a0<\/td><\/tr><tr><td width=\"191\">350Corte<br \/>Serra(hora)<\/td><td width=\"231\">8h<\/td><\/tr><tr><td width=\"191\">100 \u00c2ngulos<br \/>Moinho(hora)<\/td><td width=\"231\">32.4h<\/td><\/tr><tr><td width=\"191\">Luz LED de 100W<br \/>(hora)<\/td><td width=\"231\">53.6h<\/td><\/tr><tr><td width=\"191\">Ambiente de trabalho (hora)<\/td><td width=\"231\">46.4h<\/td><\/tr><tr><td width=\"191\">Picareta El\u00e9ctrica<br \/>(hora)<\/td><td width=\"231\">12h<\/td><\/tr><tr><td width=\"191\">110Cutterbar<br \/>(hora\uff09<\/td><td width=\"231\">21h<\/td><\/tr><tr><td width=\"191\">Chave el\u00e9ctrica<br \/>(Carregar vezes)<\/td><td width=\"231\">60\u00a0<\/td><\/tr><tr><td width=\"191\">Ventilador de ch\u00e3o (hora)<\/td><td width=\"231\">107.2h<\/td><\/tr><tr><td width=\"191\">70 polegadas Cor<br \/>TV(hora)<\/td><td width=\"231\">57.2h<\/td><\/tr><tr><td colspan=\"2\" width=\"422\">Nota: Os par\u00e2metros acima s\u00e3o calculados de acordo com a utiliza\u00e7\u00e3o rotineira do utilizador e o tempo de utiliza\u00e7\u00e3o real varia de acordo com os h\u00e1bitos de utiliza\u00e7\u00e3o do cliente e a pot\u00eancia espec\u00edfica do equipamento el\u00e9trico.<\/td><\/tr><\/tbody><\/table>\t\t\t\t\t\t\t\t<\/div>\n\t\t\t\t<\/div>\n\t\t\t\t\t<\/div>\n\t\t\t\t<\/div>\n\t\t\t\t<\/div>\n\t\t<div id=\"e-n-tab-content-2170095493\" role=\"tabpanel\" aria-labelledby=\"e-n-tab-title-2170095493\" data-tab-index=\"3\" style=\"--n-tabs-title-order: 3;\" class=\"elementor-element elementor-element-1a94325 e-con-full e-flex e-con e-child\" data-id=\"1a94325\" data-element_type=\"container\">\n\t\t<div class=\"elementor-element elementor-element-ea4a2a9 e-flex e-con-boxed e-con e-child\" data-id=\"ea4a2a9\" data-element_type=\"container\">\n\t\t\t\t\t<div class=\"e-con-inner\">\n\t\t\t\t<div class=\"elementor-element elementor-element-e51af3f elementor-widget elementor-widget-image\" data-id=\"e51af3f\" data-element_type=\"widget\" data-widget_type=\"image.default\">\n\t\t\t\t<div class=\"elementor-widget-container\">\n\t\t\t\t\t\t\t\t\t\t\t\t\t\t\t<img alt=\"\" fetchpriority=\"high\" decoding=\"async\" width=\"1559\" height=\"1835\" src=\"https:\/\/www.sfmpower.com\/wp-content\/uploads\/2025\/01\/\u5e94\u7528\u573a\u666f.jpg\" class=\"attachment-full size-full wp-image-596\" srcset=\"https:\/\/www.sfmpower.com\/wp-content\/uploads\/2025\/01\/\u5e94\u7528\u573a\u666f.jpg 1559w, https:\/\/www.sfmpower.com\/wp-content\/uploads\/2025\/01\/\u5e94\u7528\u573a\u666f-255x300.jpg 255w, https:\/\/www.sfmpower.com\/wp-content\/uploads\/2025\/01\/\u5e94\u7528\u573a\u666f-870x1024.jpg 870w, https:\/\/www.sfmpower.com\/wp-content\/uploads\/2025\/01\/\u5e94\u7528\u573a\u666f-768x904.jpg 768w, https:\/\/www.sfmpower.com\/wp-content\/uploads\/2025\/01\/\u5e94\u7528\u573a\u666f-1305x1536.jpg 1305w, https:\/\/www.sfmpower.com\/wp-content\/uploads\/2025\/01\/\u5e94\u7528\u573a\u666f-600x706.jpg 600w\" sizes=\"(max-width: 1559px) 100vw, 1559px\" \/>\t\t\t\t\t\t\t\t\t\t\t\t\t\t\t<\/div>\n\t\t\t\t<\/div>\n\t\t\t\t\t<\/div>\n\t\t\t\t<\/div>\n\t\t\t\t<\/div>\n\t\t\t\t\t<\/div>\n\t\t<\/div>\n\t\t\t\t\t\t<\/div>\n\t\t\t\t<\/div>\n\t\t\t\t\t<\/div>\n\t\t\t\t<\/div>\n\t\t\t\t<\/div>","protected":false},"excerpt":{"rendered":"<p><b>Central el\u00e9ctrica multifuncional de armazenamento de energia aplicada em <\/b><b>\u00e1rea de constru\u00e7\u00e3o exterior <\/b><\/p>\n<p>Sa\u00edda de alta pot\u00eancia AC110V\/220V\/3500W, adequada para ferramentas el\u00e9ctricas de 110V\/220V e equipamento el\u00e9trico;<\/p>\n<p>Pode combinar com a m\u00e1quina de solda 48V DC, pode alcan\u00e7ar \u03a6 2.5-3.2mm eletrodo de soldagem longa;<\/p>\n<p>Dispositivo de prote\u00e7\u00e3o contra sobrecarga incorporado para evitar danos no equipamento causados por sobrecarga el\u00e9ctrica;<\/p>\n<p>M\u00f3dulo de bateria de l\u00edtio de longa dura\u00e7\u00e3o, dura\u00e7\u00e3o da bateria at\u00e9 8-10 anos;<\/p>\n<p>Circuito de prote\u00e7\u00e3o da bateria de gama completa, seguro e protegido;<\/p>\n<p>Fornecer uma corrente de 16A para a fonte de alimenta\u00e7\u00e3o do ve\u00edculo de carga;<\/p>\n<p>Design port\u00e1til do tipo caixa de varetas, leve e c\u00f3modo.<\/p>","protected":false},"featured_media":1041,"template":"","meta":{"_seopress_robots_primary_cat":"none","_seopress_titles_title":"","_seopress_titles_desc":"","_seopress_robots_index":"","_joinchat":[]},"product_brand":[],"product_cat":[29],"product_tag":[],"class_list":{"0":"post-652","1":"product","2":"type-product","3":"status-publish","4":"has-post-thumbnail","6":"product_cat-industrial-portable-power-station","8":"first","9":"instock","10":"shipping-taxable","11":"product-type-simple"},"_links":{"self":[{"href":"https:\/\/www.sfmpower.com\/pt\/wp-json\/wp\/v2\/product\/652","targetHints":{"allow":["GET"]}}],"collection":[{"href":"https:\/\/www.sfmpower.com\/pt\/wp-json\/wp\/v2\/product"}],"about":[{"href":"https:\/\/www.sfmpower.com\/pt\/wp-json\/wp\/v2\/types\/product"}],"version-history":[{"count":0,"href":"https:\/\/www.sfmpower.com\/pt\/wp-json\/wp\/v2\/product\/652\/revisions"}],"wp:featuredmedia":[{"embeddable":true,"href":"https:\/\/www.sfmpower.com\/pt\/wp-json\/wp\/v2\/media\/1041"}],"wp:attachment":[{"href":"https:\/\/www.sfmpower.com\/pt\/wp-json\/wp\/v2\/media?parent=652"}],"wp:term":[{"taxonomy":"product_brand","embeddable":true,"href":"https:\/\/www.sfmpower.com\/pt\/wp-json\/wp\/v2\/product_brand?post=652"},{"taxonomy":"product_cat","embeddable":true,"href":"https:\/\/www.sfmpower.com\/pt\/wp-json\/wp\/v2\/product_cat?post=652"},{"taxonomy":"product_tag","embeddable":true,"href":"https:\/\/www.sfmpower.com\/pt\/wp-json\/wp\/v2\/product_tag?post=652"}],"curies":[{"name":"wp","href":"https:\/\/api.w.org\/{rel}","templated":true}]}}