{"id":1009,"date":"2025-01-13T13:22:02","date_gmt":"2025-01-13T05:22:02","guid":{"rendered":"https:\/\/www.sfmpower.com\/?post_type=product&#038;p=1009"},"modified":"2025-02-12T17:30:49","modified_gmt":"2025-02-12T09:30:49","slug":"lw-360","status":"publish","type":"product","link":"https:\/\/www.sfmpower.com\/ko\/product\/lw-360\/","title":{"rendered":"LW-360"},"content":{"rendered":"<div data-elementor-type=\"product-post\" data-elementor-id=\"1009\" class=\"elementor elementor-1009\" data-elementor-post-type=\"product\">\n\t\t\t\t<div class=\"elementor-element elementor-element-33416e6 e-flex e-con-boxed e-con e-parent\" data-id=\"33416e6\" data-element_type=\"container\">\n\t\t\t\t\t<div class=\"e-con-inner\">\n\t\t\t\t<div class=\"elementor-element elementor-element-cef4d8d e-n-tabs-mobile elementor-widget elementor-widget-n-tabs\" data-id=\"cef4d8d\" data-element_type=\"widget\" data-settings=\"{&quot;tabs_justify_horizontal&quot;:&quot;start&quot;,&quot;horizontal_scroll&quot;:&quot;disable&quot;}\" data-widget_type=\"nested-tabs.default\">\n\t\t\t\t<div class=\"elementor-widget-container\">\n\t\t\t\t\t\t\t<div class=\"e-n-tabs\" data-widget-number=\"217009549\" aria-label=\"Onglets. Ouvrez des \u00e9l\u00e9ments avec Entrer ou Espace, fermez-les avec Echape et naviguez \u00e0 l&#039;aide des touches fl\u00e9ch\u00e9es.\" data-no-translation-aria-label=\"\">\n\t\t\t<div class=\"e-n-tabs-heading\" role=\"tablist\">\n\t\t\t\t\t<button id=\"e-n-tab-title-2170095491\" class=\"e-n-tab-title\" aria-selected=\"true\" data-tab-index=\"1\" role=\"tab\" tabindex=\"0\" aria-controls=\"e-n-tab-content-2170095491\" style=\"--n-tabs-title-order: 1;\">\n\t\t\t\t\t\t<span class=\"e-n-tab-title-text\">\n\t\t\t\t\uc7a5\ube44 \ub0b4\uad6c\uc131 \uae30\uc900 \ud45c\t\t\t<\/span>\n\t\t<\/button>\n\t\t\t\t<button id=\"e-n-tab-title-2170095492\" class=\"e-n-tab-title\" aria-selected=\"false\" data-tab-index=\"2\" role=\"tab\" tabindex=\"-1\" aria-controls=\"e-n-tab-content-2170095492\" style=\"--n-tabs-title-order: 2;\">\n\t\t\t\t\t\t<span class=\"e-n-tab-title-text\">\n\t\t\t\t\ubd80\ubd84\uc801\uc778 \uc0ac\uc6a9 \uc0ac\ub840\t\t\t<\/span>\n\t\t<\/button>\n\t\t\t\t\t<\/div>\n\t\t\t<div class=\"e-n-tabs-content\">\n\t\t\t\t<div id=\"e-n-tab-content-2170095491\" role=\"tabpanel\" aria-labelledby=\"e-n-tab-title-2170095491\" data-tab-index=\"1\" style=\"--n-tabs-title-order: 1;\" class=\"e-active elementor-element elementor-element-ac502e6 e-con-full e-flex e-con e-child\" data-id=\"ac502e6\" data-element_type=\"container\">\n\t\t<div class=\"elementor-element elementor-element-915aff1 e-flex e-con-boxed e-con e-child\" data-id=\"915aff1\" data-element_type=\"container\">\n\t\t\t\t\t<div class=\"e-con-inner\">\n\t\t\t\t<div class=\"elementor-element elementor-element-bba87af elementor-widget elementor-widget-text-editor\" data-id=\"bba87af\" data-element_type=\"widget\" data-widget_type=\"text-editor.default\">\n\t\t\t\t<div class=\"elementor-widget-container\">\n\t\t\t\t\t\t\t\t\t<table width=\"893\"><tbody><tr><td colspan=\"4\" width=\"893\">LW-360 \ucda9\uc804\uc2dd \ubc18\uc790\ub3d9 \ud734\ub300\uc6a9 \uc6a9\uc811\uae30<\/td><\/tr><tr><td>\uc6a9\uc811 \uae30\ub2a5<\/td><td>MIG\/MMA\/TIG<\/td><td>MIG \uc640\uc774\uc5b4 \uc9c1\uacbd<\/td><td>\u03c60.8-1.0mm \ud50c\ub7ed\uc2a4 \ucf54\uc5b4 \uc640\uc774\uc5b4<\/td><\/tr><tr><td>\ucda9\uc804 \uc2dc\uac04<\/td><td>1.8\uc2dc\uac04<\/td><td>MIG \uc644\uc804 \ucda9\uc804<br \/>\uc9c0\uad6c\ub825<\/td><td>1.2Kg(\u03c60.8mm)<\/td><\/tr><tr><td>\ubc30\ud130\ub9ac \uc6a9\ub7c9<\/td><td>1382Wh<\/td><td>MMA\uc804\uadf9<br \/>\uc9c0\ub984<\/td><td>\u03c61.0-4.0mm<\/td><\/tr><tr><td>\ubc30\ud130\ub9ac \uc720\ud615<\/td><td>LFP<\/td><td>MMA \uc644\uc804 \ucda9\uc804<br \/>\uc9c0\uad6c\ub825<\/td><td>40\uac1c(\u03c62.5x300mm)<\/td><\/tr><tr><td rowspan=\"2\">MIG<br \/>MMA<br \/>TIG<\/td><td rowspan=\"2\" width=\"246\">40A\/16V~160A\/22V<br \/>10A\/20.4V~160A\/26.4V<br \/>10A\/10.4V~160A\/16.4V<\/td><td>\ub4c0\ud2f0 \uc0ac\uc774\ud074<\/td><td>35%<\/td><\/tr><tr><td>\ubb34\ubd80\ud558 \uc804\uc555<\/td><td>57.6V<\/td><\/tr><tr><td>\uc8fc\uae30 \uc2dc\uac04<\/td><td>3000 tmes<\/td><td>\uc801\uc6a9 \uac00\ub2a5\ud55c \uc790\ub8cc<\/td><td>\uc2a4\ud14c\uc778\ub9ac\uc2a4 \uc2a4\ud2f8, \ud0c4\uc18c\uac15, \uc800\ud569\uae08\uac15<\/td><\/tr><tr><td>\uc808\uc5f0 \ub4f1\uae09<\/td><td>F<\/td><td>\ubcf4\ud638 \ub4f1\uae09<\/td><td>IP21S<\/td><\/tr><tr><td>\uce58\uc218<\/td><td>575x214x362mm<\/td><td>\ubb34\uac8c<\/td><td>23.9kg<\/td><\/tr><\/tbody><\/table>\t\t\t\t\t\t\t\t<\/div>\n\t\t\t\t<\/div>\n\t\t\t\t\t<\/div>\n\t\t\t\t<\/div>\n\t\t\t\t<\/div>\n\t\t<div id=\"e-n-tab-content-2170095492\" role=\"tabpanel\" aria-labelledby=\"e-n-tab-title-2170095492\" data-tab-index=\"2\" style=\"--n-tabs-title-order: 2;\" class=\"elementor-element elementor-element-1a94325 e-con-full e-flex e-con e-child\" data-id=\"1a94325\" data-element_type=\"container\">\n\t\t<div class=\"elementor-element elementor-element-ea4a2a9 e-flex e-con-boxed e-con e-child\" data-id=\"ea4a2a9\" data-element_type=\"container\">\n\t\t\t\t\t<div class=\"e-con-inner\">\n\t\t\t\t<div class=\"elementor-element elementor-element-e51af3f elementor-widget elementor-widget-image\" data-id=\"e51af3f\" data-element_type=\"widget\" data-widget_type=\"image.default\">\n\t\t\t\t<div class=\"elementor-widget-container\">\n\t\t\t\t\t\t\t\t\t\t\t\t\t\t\t<img alt=\"\" fetchpriority=\"high\" decoding=\"async\" width=\"1365\" height=\"1076\" src=\"https:\/\/www.sfmpower.com\/wp-content\/uploads\/2025\/02\/lw.webp\" class=\"attachment-full size-full wp-image-1195\" srcset=\"https:\/\/www.sfmpower.com\/wp-content\/uploads\/2025\/02\/lw.webp 1365w, https:\/\/www.sfmpower.com\/wp-content\/uploads\/2025\/02\/lw-300x236.webp 300w, https:\/\/www.sfmpower.com\/wp-content\/uploads\/2025\/02\/lw-1024x807.webp 1024w, https:\/\/www.sfmpower.com\/wp-content\/uploads\/2025\/02\/lw-768x605.webp 768w, https:\/\/www.sfmpower.com\/wp-content\/uploads\/2025\/02\/lw-15x12.webp 15w, https:\/\/www.sfmpower.com\/wp-content\/uploads\/2025\/02\/lw-600x473.webp 600w\" sizes=\"(max-width: 1365px) 100vw, 1365px\" \/>\t\t\t\t\t\t\t\t\t\t\t\t\t\t\t<\/div>\n\t\t\t\t<\/div>\n\t\t\t\t\t<\/div>\n\t\t\t\t<\/div>\n\t\t\t\t<\/div>\n\t\t\t\t\t<\/div>\n\t\t<\/div>\n\t\t\t\t\t\t<\/div>\n\t\t\t\t<\/div>\n\t\t\t\t\t<\/div>\n\t\t\t\t<\/div>\n\t\t\t\t<\/div>","protected":false},"excerpt":{"rendered":"<p>MIG, MMA \ubc0f TIG \uae30\ub2a5\uacfc \ud638\ud658\ub429\ub2c8\ub2e4;<\/p>\n<p>\ub0b4\uc7a5 \ub9ac\ud2ac \ubc30\ud130\ub9ac\ub85c \ub2e8 1.8\uc2dc\uac04 \ub9cc\uc5d0 \uc644\uc804\ud788 \ucda9\uc804\ub429\ub2c8\ub2e4;<\/p>\n<p>\ubd80\ub4dc\ub7fd\uace0 \ud6a8\uc728\uc801\uc778 \uc6a9\uc811\uc744 \uc704\ud55c \ubc18\uc790\ub3d9 \uc640\uc774\uc5b4 \uacf5\uae09 \uad6c\uc870;<\/p>\n<p>\uc804\ubb38\uc801\uc778 \uc6a9\uc811 \uae30\uc220 \uc5c6\uc774\ub3c4 MlG \ud30c\ub77c\ubbf8\ud130\ub97c \uc27d\uac8c \uc870\uc815\ud560 \uc218 \uc788\uc2b5\ub2c8\ub2e4;<\/p>\n<p>1kg-5kg \uc640\uc774\uc5b4 \uc2a4\ud480\uacfc \ud638\ud658\ub418\uba70 \u03c60.8-1.0mm \ud50c\ub7ed\uc2a4 \ucf54\uc5b4 \uc640\uc774\uc5b4\uc5d0 \uc801\ud569\ud569\ub2c8\ub2e4;<\/p>\n<p>\uc6a9\uc811 \ud68c\ub85c\uc5d0\ub294 \uc774\uc0c1, \uacfc\uc5f4 \ubc0f \uc800\uc804\uc555\uc5d0 \ub300\ud55c \uc9c0\ub2a5\ud615 \uac10\uc9c0 \uae30\ub2a5\uc774 \ud0d1\uc7ac\ub418\uc5b4 \uc788\uc2b5\ub2c8\ub2e4;<\/p>\n<p>\ubbf8\uc801\uc73c\ub85c \ub9cc\uc871\uc2a4\ub7ec\uc6b4 \uc6a9\uc811 \ud615\uc131\uc744 \uc704\ud55c \uc9c0\ub2a5\ud615 \ub514\uc9c0\ud138 \uc81c\uc5b4 \ud68c\ub85c;<\/p>\n<p>\uc218\uba85\uc774 8~10\ub144\uc778 \uc548\uc804\ud55c \ub9ac\ud2ac \uc778\uc0b0\ucca0 \ubc30\ud130\ub9ac \uc140\uc744 \uc0ac\uc6a9\ud569\ub2c8\ub2e4;<\/p>\n<p>\ub0b4\uc7a5 \ubc30\ud130\ub9ac \uc9c0\ub2a5\ud615 \uad00\ub9ac \uc2dc\uc2a4\ud15c, BMS \uc815\ubcf4 \ube14\ub8e8\ud22c\uc2a4 \uc77d\uae30, Android \ubc0f iOS \uc2dc\uc2a4\ud15c\uacfc \ud638\ud658\ub429\ub2c8\ub2e4;<\/p>\n<p>\uc9c0\ub2a5\ud615 \ud32c \uc2dc\uc791-\uc815\uc9c0 \uae30\ub2a5.<\/p>","protected":false},"featured_media":1035,"template":"","meta":{"_seopress_robots_primary_cat":"none","_seopress_titles_title":"","_seopress_titles_desc":"","_seopress_robots_index":"","_joinchat":[]},"product_brand":[],"product_cat":[31],"product_tag":[],"class_list":{"0":"post-1009","1":"product","2":"type-product","3":"status-publish","4":"has-post-thumbnail","6":"product_cat-battery-powered-welder","8":"first","9":"instock","10":"shipping-taxable","11":"product-type-simple"},"_links":{"self":[{"href":"https:\/\/www.sfmpower.com\/ko\/wp-json\/wp\/v2\/product\/1009","targetHints":{"allow":["GET"]}}],"collection":[{"href":"https:\/\/www.sfmpower.com\/ko\/wp-json\/wp\/v2\/product"}],"about":[{"href":"https:\/\/www.sfmpower.com\/ko\/wp-json\/wp\/v2\/types\/product"}],"version-history":[{"count":0,"href":"https:\/\/www.sfmpower.com\/ko\/wp-json\/wp\/v2\/product\/1009\/revisions"}],"wp:featuredmedia":[{"embeddable":true,"href":"https:\/\/www.sfmpower.com\/ko\/wp-json\/wp\/v2\/media\/1035"}],"wp:attachment":[{"href":"https:\/\/www.sfmpower.com\/ko\/wp-json\/wp\/v2\/media?parent=1009"}],"wp:term":[{"taxonomy":"product_brand","embeddable":true,"href":"https:\/\/www.sfmpower.com\/ko\/wp-json\/wp\/v2\/product_brand?post=1009"},{"taxonomy":"product_cat","embeddable":true,"href":"https:\/\/www.sfmpower.com\/ko\/wp-json\/wp\/v2\/product_cat?post=1009"},{"taxonomy":"product_tag","embeddable":true,"href":"https:\/\/www.sfmpower.com\/ko\/wp-json\/wp\/v2\/product_tag?post=1009"}],"curies":[{"name":"wp","href":"https:\/\/api.w.org\/{rel}","templated":true}]}}