{"id":782,"date":"2025-01-10T10:44:11","date_gmt":"2025-01-10T02:44:11","guid":{"rendered":"https:\/\/www.sfmpower.com\/?post_type=product&#038;p=782"},"modified":"2025-01-15T10:15:23","modified_gmt":"2025-01-15T02:15:23","slug":"ps-3061","status":"publish","type":"product","link":"https:\/\/www.sfmpower.com\/fr\/produit\/ps-3061\/","title":{"rendered":"PS-3061"},"content":{"rendered":"<div data-elementor-type=\"product-post\" data-elementor-id=\"782\" class=\"elementor elementor-782\" data-elementor-post-type=\"product\">\n\t\t\t\t<div class=\"elementor-element elementor-element-33416e6 e-flex e-con-boxed e-con e-parent\" data-id=\"33416e6\" data-element_type=\"container\">\n\t\t\t\t\t<div class=\"e-con-inner\">\n\t\t\t\t<div class=\"elementor-element elementor-element-cef4d8d e-n-tabs-mobile elementor-widget elementor-widget-n-tabs\" data-id=\"cef4d8d\" data-element_type=\"widget\" data-settings=\"{&quot;tabs_justify_horizontal&quot;:&quot;start&quot;,&quot;horizontal_scroll&quot;:&quot;disable&quot;}\" data-widget_type=\"nested-tabs.default\">\n\t\t\t\t<div class=\"elementor-widget-container\">\n\t\t\t\t\t\t\t<div class=\"e-n-tabs\" data-widget-number=\"217009549\" aria-label=\"Onglets. Ouvrez des \u00e9l\u00e9ments avec Enter ou Space, fermez-les avec Escape et naviguez \u00e0 l&#039;aide des touches fl\u00e9ch\u00e9es.\">\n\t\t\t<div class=\"e-n-tabs-heading\" role=\"tablist\">\n\t\t\t\t\t<button id=\"e-n-tab-title-2170095491\" class=\"e-n-tab-title\" aria-selected=\"true\" data-tab-index=\"1\" role=\"tab\" tabindex=\"0\" aria-controls=\"e-n-tab-content-2170095491\" style=\"--n-tabs-title-order: 1;\">\n\t\t\t\t\t\t<span class=\"e-n-tab-title-text\">\n\t\t\t\tTableau de r\u00e9f\u00e9rence de l'endurance des \u00e9quipements\t\t\t<\/span>\n\t\t<\/button>\n\t\t\t\t<button id=\"e-n-tab-title-2170095492\" class=\"e-n-tab-title\" aria-selected=\"false\" data-tab-index=\"2\" role=\"tab\" tabindex=\"-1\" aria-controls=\"e-n-tab-content-2170095492\" style=\"--n-tabs-title-order: 2;\">\n\t\t\t\t\t\t<span class=\"e-n-tab-title-text\">\n\t\t\t\tCAS D'UTILISATION PARTIEL\t\t\t<\/span>\n\t\t<\/button>\n\t\t\t\t\t<\/div>\n\t\t\t<div class=\"e-n-tabs-content\">\n\t\t\t\t<div id=\"e-n-tab-content-2170095491\" role=\"tabpanel\" aria-labelledby=\"e-n-tab-title-2170095491\" data-tab-index=\"1\" style=\"--n-tabs-title-order: 1;\" class=\"e-active elementor-element elementor-element-ac502e6 e-con-full e-flex e-con e-child\" data-id=\"ac502e6\" data-element_type=\"container\">\n\t\t<div class=\"elementor-element elementor-element-915aff1 e-flex e-con-boxed e-con e-child\" data-id=\"915aff1\" data-element_type=\"container\">\n\t\t\t\t\t<div class=\"e-con-inner\">\n\t\t\t\t<div class=\"elementor-element elementor-element-bba87af elementor-widget elementor-widget-text-editor\" data-id=\"bba87af\" data-element_type=\"widget\" data-widget_type=\"text-editor.default\">\n\t\t\t\t<div class=\"elementor-widget-container\">\n\t\t\t\t\t\t\t\t\t<table width=\"461\"><tbody><tr><td width=\"235\">\u00a0<\/td><td width=\"226\">PS-3061<\/td><\/tr><tr><td width=\"235\">Puissance de sortie CA maximale<\/td><td width=\"226\">30KW<\/td><\/tr><tr><td width=\"235\">Puissance maximale de l'entr\u00e9e ACI<\/td><td width=\"226\">30KW<\/td><\/tr><tr><td width=\"235\">Plage de capacit\u00e9 du syst\u00e8me<\/td><td width=\"226\">61,44 kWh<\/td><\/tr><tr><td width=\"235\">Type de batterie<\/td><td width=\"226\">LiFePO4<\/td><\/tr><tr><td width=\"235\">Classe de protection<\/td><td width=\"226\">IP55<\/td><\/tr><tr><td width=\"235\">Tension alternative<\/td><td width=\"226\">Monophas\u00e9 AC220V\/Triphas\u00e9 AC380V<\/td><\/tr><tr><td width=\"235\">Plage de tension de la batterie<\/td><td width=\"226\">500V-900V<\/td><\/tr><tr><td width=\"235\">Charge maximale et<br \/>Courant de d\u00e9charge<\/td><td width=\"226\">100A<\/td><\/tr><tr><td width=\"235\">Fr\u00e9quence nominale<\/td><td width=\"226\">50\/60Hz<\/td><\/tr><tr><td width=\"235\">Tension nominale de la batterie<\/td><td width=\"226\">614.4V<\/td><\/tr><tr><td width=\"235\">Capacit\u00e9 nominale de la batterie<\/td><td width=\"226\">100Ah<\/td><\/tr><tr><td width=\"235\"><br \/>Nombre de cycles de batterie<\/td><td width=\"226\">\u22656000 fois<\/td><\/tr><\/tbody><\/table>\t\t\t\t\t\t\t\t<\/div>\n\t\t\t\t<\/div>\n\t\t\t\t\t<\/div>\n\t\t\t\t<\/div>\n\t\t\t\t<\/div>\n\t\t<div id=\"e-n-tab-content-2170095492\" role=\"tabpanel\" aria-labelledby=\"e-n-tab-title-2170095492\" data-tab-index=\"2\" style=\"--n-tabs-title-order: 2;\" class=\"elementor-element elementor-element-1a94325 e-con-full e-flex e-con e-child\" data-id=\"1a94325\" data-element_type=\"container\">\n\t\t<div class=\"elementor-element elementor-element-ea4a2a9 e-flex e-con-boxed e-con e-child\" data-id=\"ea4a2a9\" data-element_type=\"container\">\n\t\t\t\t\t<div class=\"e-con-inner\">\n\t\t\t\t<div class=\"elementor-element elementor-element-e51af3f elementor-widget elementor-widget-image\" data-id=\"e51af3f\" data-element_type=\"widget\" data-widget_type=\"image.default\">\n\t\t\t\t<div class=\"elementor-widget-container\">\n\t\t\t\t\t\t\t\t\t\t\t\t\t\t\t<img alt=\"\" fetchpriority=\"high\" decoding=\"async\" width=\"1559\" height=\"1835\" src=\"https:\/\/www.sfmpower.com\/wp-content\/uploads\/2025\/01\/\u5e94\u7528\u573a\u666f.jpg\" class=\"attachment-full size-full wp-image-596\" srcset=\"https:\/\/www.sfmpower.com\/wp-content\/uploads\/2025\/01\/\u5e94\u7528\u573a\u666f.jpg 1559w, https:\/\/www.sfmpower.com\/wp-content\/uploads\/2025\/01\/\u5e94\u7528\u573a\u666f-255x300.jpg 255w, https:\/\/www.sfmpower.com\/wp-content\/uploads\/2025\/01\/\u5e94\u7528\u573a\u666f-870x1024.jpg 870w, https:\/\/www.sfmpower.com\/wp-content\/uploads\/2025\/01\/\u5e94\u7528\u573a\u666f-768x904.jpg 768w, https:\/\/www.sfmpower.com\/wp-content\/uploads\/2025\/01\/\u5e94\u7528\u573a\u666f-1305x1536.jpg 1305w, https:\/\/www.sfmpower.com\/wp-content\/uploads\/2025\/01\/\u5e94\u7528\u573a\u666f-600x706.jpg 600w\" sizes=\"(max-width: 1559px) 100vw, 1559px\" \/>\t\t\t\t\t\t\t\t\t\t\t\t\t\t\t<\/div>\n\t\t\t\t<\/div>\n\t\t\t\t\t<\/div>\n\t\t\t\t<\/div>\n\t\t\t\t<\/div>\n\t\t\t\t\t<\/div>\n\t\t<\/div>\n\t\t\t\t\t\t<\/div>\n\t\t\t\t<\/div>\n\t\t\t\t\t<\/div>\n\t\t\t\t<\/div>\n\t\t\t\t<\/div>","protected":false},"excerpt":{"rendered":"<p><b>Centrale de stockage d'\u00e9nergie multifonctionnelle appliqu\u00e9e au domaine de la construction ext\u00e9rieure <\/b><\/p>\n<p>Sortie stable, utilis\u00e9e pour l'alimentation sur site d'outils \u00e9lectriques et d'\u00e9quipements \u00e9lectriques de 110V\/220V ;<\/p>\n<p>Module de batterie au lithium longue dur\u00e9e, dur\u00e9e de vie de la batterie jusqu'\u00e0 8-10 ans ;<\/p>\n<p>110V\/220V\/4000W sortie sinuso\u00efdale pure, adapt\u00e9e \u00e0 tout \u00e9quipement \u00e9lectrique ;<\/p>\n<p>Soutient les \u00e9lectrodes en cellulose et les \u00e9lectrodes \u00e0 faible teneur en hydrog\u00e8ne pour le soudage et le coupage ;<\/p>\n<p>Permet l'utilisation simultan\u00e9e de la fonction de soudage et de la sortie d'alimentation en courant alternatif ;<\/p>\n<p>Dispositif de protection externe contre les surcharges afin d'\u00e9viter les dommages caus\u00e9s \u00e0 l'\u00e9quipement par une surcharge de l'appareil ;<\/p>\n<p>Peut \u00eatre connect\u00e9 \u00e0 des modules de batteries externes pour une endurance illimit\u00e9e ;<\/p>\n<p>Faibles projections, circuit de soudage et de coupage en courant continu pur, double utilisation pour le soudage manuel et le soudage \u00e0 l'arc ;<\/p>\n<p>Circuit de protection complet, avec protection contre les sous-tensions, protection contre les courts-circuits, protection contre les surchauffes, protection contre les surcharges, protection contre les fuites, protection contre les d\u00e9charges excessives, garantissant la s\u00e9curit\u00e9.<\/p>","protected":false},"featured_media":1047,"template":"","meta":{"_seopress_robots_primary_cat":"none","_seopress_titles_title":"","_seopress_titles_desc":"","_seopress_robots_index":"","_joinchat":[]},"product_brand":[],"product_cat":[29],"product_tag":[],"class_list":{"0":"post-782","1":"product","2":"type-product","3":"status-publish","4":"has-post-thumbnail","6":"product_cat-industrial-portable-power-station","8":"first","9":"instock","10":"shipping-taxable","11":"product-type-simple"},"_links":{"self":[{"href":"https:\/\/www.sfmpower.com\/fr\/wp-json\/wp\/v2\/product\/782","targetHints":{"allow":["GET"]}}],"collection":[{"href":"https:\/\/www.sfmpower.com\/fr\/wp-json\/wp\/v2\/product"}],"about":[{"href":"https:\/\/www.sfmpower.com\/fr\/wp-json\/wp\/v2\/types\/product"}],"version-history":[{"count":0,"href":"https:\/\/www.sfmpower.com\/fr\/wp-json\/wp\/v2\/product\/782\/revisions"}],"wp:featuredmedia":[{"embeddable":true,"href":"https:\/\/www.sfmpower.com\/fr\/wp-json\/wp\/v2\/media\/1047"}],"wp:attachment":[{"href":"https:\/\/www.sfmpower.com\/fr\/wp-json\/wp\/v2\/media?parent=782"}],"wp:term":[{"taxonomy":"product_brand","embeddable":true,"href":"https:\/\/www.sfmpower.com\/fr\/wp-json\/wp\/v2\/product_brand?post=782"},{"taxonomy":"product_cat","embeddable":true,"href":"https:\/\/www.sfmpower.com\/fr\/wp-json\/wp\/v2\/product_cat?post=782"},{"taxonomy":"product_tag","embeddable":true,"href":"https:\/\/www.sfmpower.com\/fr\/wp-json\/wp\/v2\/product_tag?post=782"}],"curies":[{"name":"wp","href":"https:\/\/api.w.org\/{rel}","templated":true}]}}