{"id":767,"date":"2025-01-13T13:19:10","date_gmt":"2025-01-13T05:19:10","guid":{"rendered":"https:\/\/www.sfmpower.com\/?post_type=product&#038;p=767"},"modified":"2025-02-12T17:04:08","modified_gmt":"2025-02-12T09:04:08","slug":"lw-270","status":"publish","type":"product","link":"https:\/\/www.sfmpower.com\/fr\/produit\/lw-270\/","title":{"rendered":"LW-270"},"content":{"rendered":"<div data-elementor-type=\"product-post\" data-elementor-id=\"767\" class=\"elementor elementor-767\" data-elementor-post-type=\"product\">\n\t\t\t\t<div class=\"elementor-element elementor-element-33416e6 e-flex e-con-boxed e-con e-parent\" data-id=\"33416e6\" data-element_type=\"container\">\n\t\t\t\t\t<div class=\"e-con-inner\">\n\t\t\t\t<div class=\"elementor-element elementor-element-cef4d8d e-n-tabs-mobile elementor-widget elementor-widget-n-tabs\" data-id=\"cef4d8d\" data-element_type=\"widget\" data-settings=\"{&quot;tabs_justify_horizontal&quot;:&quot;start&quot;,&quot;horizontal_scroll&quot;:&quot;disable&quot;}\" data-widget_type=\"nested-tabs.default\">\n\t\t\t\t<div class=\"elementor-widget-container\">\n\t\t\t\t\t\t\t<div class=\"e-n-tabs\" data-widget-number=\"217009549\" aria-label=\"\u30bf\u30d6\u3002Enter\u307e\u305f\u306fSpace\u3067\u9805\u76ee\u3092\u958b\u304d\u3001Escape\u3067\u9589\u3058\u3001\u77e2\u5370\u30ad\u30fc\u3067\u79fb\u52d5\u3059\u308b\u3002\" data-no-translation-aria-label=\"\">\n\t\t\t<div class=\"e-n-tabs-heading\" role=\"tablist\">\n\t\t\t\t\t<button id=\"e-n-tab-title-2170095491\" class=\"e-n-tab-title\" aria-selected=\"true\" data-tab-index=\"1\" role=\"tab\" tabindex=\"0\" aria-controls=\"e-n-tab-content-2170095491\" style=\"--n-tabs-title-order: 1;\">\n\t\t\t\t\t\t<span class=\"e-n-tab-title-text\">\n\t\t\t\tTableau de r\u00e9f\u00e9rence de l'endurance des \u00e9quipements\t\t\t<\/span>\n\t\t<\/button>\n\t\t\t\t<button id=\"e-n-tab-title-2170095492\" class=\"e-n-tab-title\" aria-selected=\"false\" data-tab-index=\"2\" role=\"tab\" tabindex=\"-1\" aria-controls=\"e-n-tab-content-2170095492\" style=\"--n-tabs-title-order: 2;\">\n\t\t\t\t\t\t<span class=\"e-n-tab-title-text\">\n\t\t\t\tBA-4850 PARAM\u00c8TRES TECHNIQUES\t\t\t<\/span>\n\t\t<\/button>\n\t\t\t\t<button id=\"e-n-tab-title-2170095493\" class=\"e-n-tab-title\" aria-selected=\"false\" data-tab-index=\"3\" role=\"tab\" tabindex=\"-1\" aria-controls=\"e-n-tab-content-2170095493\" style=\"--n-tabs-title-order: 3;\">\n\t\t\t\t\t\t<span class=\"e-n-tab-title-text\">\n\t\t\t\tCAS D'UTILISATION PARTIEL\t\t\t<\/span>\n\t\t<\/button>\n\t\t\t\t\t<\/div>\n\t\t\t<div class=\"e-n-tabs-content\">\n\t\t\t\t<div id=\"e-n-tab-content-2170095491\" role=\"tabpanel\" aria-labelledby=\"e-n-tab-title-2170095491\" data-tab-index=\"1\" style=\"--n-tabs-title-order: 1;\" class=\"e-active elementor-element elementor-element-ac502e6 e-con-full e-flex e-con e-child\" data-id=\"ac502e6\" data-element_type=\"container\">\n\t\t<div class=\"elementor-element elementor-element-915aff1 e-flex e-con-boxed e-con e-child\" data-id=\"915aff1\" data-element_type=\"container\">\n\t\t\t\t\t<div class=\"e-con-inner\">\n\t\t\t\t<div class=\"elementor-element elementor-element-bba87af elementor-widget elementor-widget-text-editor\" data-id=\"bba87af\" data-element_type=\"widget\" data-widget_type=\"text-editor.default\">\n\t\t\t\t<div class=\"elementor-widget-container\">\n\t\t\t\t\t\t\t\t\t<table width=\"805\"><tbody><tr><td width=\"130\">\u00a0 Tension de sortie<\/td><td width=\"130\">Courant d'entr\u00e9e<\/td><td width=\"155\">\u00a0 Courant de soudage<\/td><td width=\"130\">Perte \u00e0 vide<\/td><td width=\"130\">Tension \u00e0 vide<\/td><td width=\"130\">Tension de sortie nominale<\/td><\/tr><tr><td width=\"130\">AC220V\/380V<\/td><td width=\"130\">37A\/22A<\/td><td width=\"155\">0-140A(mode alimentation)<br \/>0-150A(Mode batterie)<\/td><td width=\"130\">20W<\/td><td width=\"130\">70V<\/td><td width=\"130\">20.8-30V<\/td><\/tr><tr><td width=\"130\">Diam\u00e8tre de l'\u00e9lectrode<\/td><td width=\"130\">Mat\u00e9riau adapt\u00e9<\/td><td width=\"155\">Batterie externe<br \/>Plage de tension d'entr\u00e9e<\/td><td width=\"130\">\u00a0 Fonctionnement<br \/>\u00a0 Temp\u00e9rature<\/td><td width=\"130\">Taille (mm)<\/td><td width=\"130\">Poids (kg)<\/td><\/tr><tr><td width=\"130\">\u00a0 \u03c62.5-\u03c63.2mm<\/td><td width=\"130\">Acier inoxydable, acier au carbone, acier faiblement alli\u00e9<\/td><td width=\"155\">39V-54,6V<\/td><td width=\"130\">-20\u2103~45\u2103<\/td><td width=\"130\">460*215*345<\/td><td width=\"130\">9\u00a0<\/td><\/tr><\/tbody><\/table>\t\t\t\t\t\t\t\t<\/div>\n\t\t\t\t<\/div>\n\t\t\t\t\t<\/div>\n\t\t\t\t<\/div>\n\t\t\t\t<\/div>\n\t\t<div id=\"e-n-tab-content-2170095492\" role=\"tabpanel\" aria-labelledby=\"e-n-tab-title-2170095492\" data-tab-index=\"2\" style=\"--n-tabs-title-order: 2;\" class=\"elementor-element elementor-element-988a03f e-con-full e-flex e-con e-child\" data-id=\"988a03f\" data-element_type=\"container\">\n\t\t<div class=\"elementor-element elementor-element-20021dd e-flex e-con-boxed e-con e-child\" data-id=\"20021dd\" data-element_type=\"container\">\n\t\t\t\t\t<div class=\"e-con-inner\">\n\t\t\t\t<div class=\"elementor-element elementor-element-d849853 elementor-widget elementor-widget-text-editor\" data-id=\"d849853\" data-element_type=\"widget\" data-widget_type=\"text-editor.default\">\n\t\t\t\t<div class=\"elementor-widget-container\">\n\t\t\t\t\t\t\t\t\t<table width=\"512\"><tbody><tr><td width=\"128\">Capacit\u00e9 de la batterie<\/td><td width=\"128\">Tension standard<\/td><td width=\"128\">Tension de charge<\/td><td width=\"128\">Temp\u00e9rature de fonctionnement<\/td><\/tr><tr><td width=\"128\">2405Wh<\/td><td width=\"128\">48V<\/td><td width=\"128\">39V-54,6V<\/td><td width=\"128\">-20\u2103~40\u2103<\/td><\/tr><tr><td width=\"128\">Limite de sous-tension<\/td><td width=\"128\">Chargeur<\/td><td width=\"128\">Taille (mm)<\/td><td width=\"128\">Poids (kg)<\/td><\/tr><tr><td width=\"128\">37V<\/td><td width=\"128\">220V\/15A<\/td><td width=\"128\">325x200x150<\/td><td width=\"128\">14.1\u00a0<\/td><\/tr><\/tbody><\/table>\t\t\t\t\t\t\t\t<\/div>\n\t\t\t\t<\/div>\n\t\t\t\t\t<\/div>\n\t\t\t\t<\/div>\n\t\t\t\t<\/div>\n\t\t<div id=\"e-n-tab-content-2170095493\" role=\"tabpanel\" aria-labelledby=\"e-n-tab-title-2170095493\" data-tab-index=\"3\" style=\"--n-tabs-title-order: 3;\" class=\"elementor-element elementor-element-1a94325 e-con-full e-flex e-con e-child\" data-id=\"1a94325\" data-element_type=\"container\">\n\t\t<div class=\"elementor-element elementor-element-ea4a2a9 e-flex e-con-boxed e-con e-child\" data-id=\"ea4a2a9\" data-element_type=\"container\">\n\t\t\t\t\t<div class=\"e-con-inner\">\n\t\t\t\t<div class=\"elementor-element elementor-element-e51af3f elementor-widget elementor-widget-image\" data-id=\"e51af3f\" data-element_type=\"widget\" data-widget_type=\"image.default\">\n\t\t\t\t<div class=\"elementor-widget-container\">\n\t\t\t\t\t\t\t\t\t\t\t\t\t\t\t<img alt=\"\" fetchpriority=\"high\" decoding=\"async\" width=\"1365\" height=\"1076\" src=\"https:\/\/www.sfmpower.com\/wp-content\/uploads\/2025\/02\/lw.webp\" class=\"attachment-full size-full wp-image-1195\" srcset=\"https:\/\/www.sfmpower.com\/wp-content\/uploads\/2025\/02\/lw.webp 1365w, https:\/\/www.sfmpower.com\/wp-content\/uploads\/2025\/02\/lw-300x236.webp 300w, https:\/\/www.sfmpower.com\/wp-content\/uploads\/2025\/02\/lw-1024x807.webp 1024w, https:\/\/www.sfmpower.com\/wp-content\/uploads\/2025\/02\/lw-768x605.webp 768w, https:\/\/www.sfmpower.com\/wp-content\/uploads\/2025\/02\/lw-15x12.webp 15w, https:\/\/www.sfmpower.com\/wp-content\/uploads\/2025\/02\/lw-600x473.webp 600w\" sizes=\"(max-width: 1365px) 100vw, 1365px\" \/>\t\t\t\t\t\t\t\t\t\t\t\t\t\t\t<\/div>\n\t\t\t\t<\/div>\n\t\t\t\t\t<\/div>\n\t\t\t\t<\/div>\n\t\t\t\t<\/div>\n\t\t\t\t\t<\/div>\n\t\t<\/div>\n\t\t\t\t\t\t<\/div>\n\t\t\t\t<\/div>\n\t\t\t\t\t<\/div>\n\t\t\t\t<\/div>\n\t\t\t\t<\/div>","protected":false},"excerpt":{"rendered":"<p>Conception portable, compacte et l\u00e9g\u00e8re ;<\/p>\n<p>Sp\u00e9cialement con\u00e7u pour la construction mobile ;<\/p>\n<p>Peut utiliser des sources d'alimentation de 48V, 220V, 380V, super pratique ;<\/p>\n<p>Adaptable \u00e0 de multiples entr\u00e9es de batterie ;<\/p>\n<p>\u00c9quip\u00e9 d'une d\u00e9tection automatique pour 220V\/380V ;<\/p>\n<p>Install\u00e9 avec une fonction d'\u00e9clairage LED \u00e0 haute intensit\u00e9, il ne craint pas les travaux de nuit ;<\/p>\n<p>Fonction int\u00e9gr\u00e9e de protection contre les sous-tensions de la batterie, garantissant une dur\u00e9e d'utilisation s\u00fbre de la batterie ;<\/p>\n<p>Fonction int\u00e9gr\u00e9e de d\u00e9tection intelligente de surchauffe et d'anomalie ;<\/p>\n<p>Fonction intelligente de d\u00e9tection du niveau de la batterie ;<\/p>\n<p>Permet de r\u00e9aliser des soudures longues avec des \u00e9lectrodes de 2,5 mm\/3,2 mm de diam\u00e8tre ;<\/p>\n<p>Fonction d'arr\u00eat et de d\u00e9marrage intelligent du ventilateur.<\/p>","protected":false},"featured_media":1037,"template":"","meta":{"_seopress_robots_primary_cat":"none","_seopress_titles_title":"","_seopress_titles_desc":"","_seopress_robots_index":"","_joinchat":[]},"product_brand":[],"product_cat":[31],"product_tag":[],"class_list":{"0":"post-767","1":"product","2":"type-product","3":"status-publish","4":"has-post-thumbnail","6":"product_cat-battery-powered-welder","8":"first","9":"instock","10":"shipping-taxable","11":"product-type-simple"},"_links":{"self":[{"href":"https:\/\/www.sfmpower.com\/fr\/wp-json\/wp\/v2\/product\/767","targetHints":{"allow":["GET"]}}],"collection":[{"href":"https:\/\/www.sfmpower.com\/fr\/wp-json\/wp\/v2\/product"}],"about":[{"href":"https:\/\/www.sfmpower.com\/fr\/wp-json\/wp\/v2\/types\/product"}],"version-history":[{"count":0,"href":"https:\/\/www.sfmpower.com\/fr\/wp-json\/wp\/v2\/product\/767\/revisions"}],"wp:featuredmedia":[{"embeddable":true,"href":"https:\/\/www.sfmpower.com\/fr\/wp-json\/wp\/v2\/media\/1037"}],"wp:attachment":[{"href":"https:\/\/www.sfmpower.com\/fr\/wp-json\/wp\/v2\/media?parent=767"}],"wp:term":[{"taxonomy":"product_brand","embeddable":true,"href":"https:\/\/www.sfmpower.com\/fr\/wp-json\/wp\/v2\/product_brand?post=767"},{"taxonomy":"product_cat","embeddable":true,"href":"https:\/\/www.sfmpower.com\/fr\/wp-json\/wp\/v2\/product_cat?post=767"},{"taxonomy":"product_tag","embeddable":true,"href":"https:\/\/www.sfmpower.com\/fr\/wp-json\/wp\/v2\/product_tag?post=767"}],"curies":[{"name":"wp","href":"https:\/\/api.w.org\/{rel}","templated":true}]}}