{"id":698,"date":"2025-01-10T10:35:15","date_gmt":"2025-01-10T02:35:15","guid":{"rendered":"https:\/\/www.sfmpower.com\/?post_type=product&#038;p=698"},"modified":"2025-02-12T17:48:32","modified_gmt":"2025-02-12T09:48:32","slug":"es-3000","status":"publish","type":"product","link":"https:\/\/www.sfmpower.com\/fr\/produit\/es-3000\/","title":{"rendered":"ES-3000"},"content":{"rendered":"<div data-elementor-type=\"product-post\" data-elementor-id=\"698\" class=\"elementor elementor-698\" data-elementor-post-type=\"product\">\n\t\t\t\t<div class=\"elementor-element elementor-element-33416e6 e-flex e-con-boxed e-con e-parent\" data-id=\"33416e6\" data-element_type=\"container\">\n\t\t\t\t\t<div class=\"e-con-inner\">\n\t\t\t\t<div class=\"elementor-element elementor-element-cef4d8d e-n-tabs-mobile elementor-widget elementor-widget-n-tabs\" data-id=\"cef4d8d\" data-element_type=\"widget\" data-settings=\"{&quot;tabs_justify_horizontal&quot;:&quot;start&quot;,&quot;horizontal_scroll&quot;:&quot;disable&quot;}\" data-widget_type=\"nested-tabs.default\">\n\t\t\t\t<div class=\"elementor-widget-container\">\n\t\t\t\t\t\t\t<div class=\"e-n-tabs\" data-widget-number=\"217009549\" aria-label=\"\u30bf\u30d6\u3002Enter\u307e\u305f\u306fSpace\u3067\u9805\u76ee\u3092\u958b\u304d\u3001Escape\u3067\u9589\u3058\u3001\u77e2\u5370\u30ad\u30fc\u3067\u79fb\u52d5\u3059\u308b\u3002\" data-no-translation-aria-label=\"\">\n\t\t\t<div class=\"e-n-tabs-heading\" role=\"tablist\">\n\t\t\t\t\t<button id=\"e-n-tab-title-2170095491\" class=\"e-n-tab-title\" aria-selected=\"true\" data-tab-index=\"1\" role=\"tab\" tabindex=\"0\" aria-controls=\"e-n-tab-content-2170095491\" style=\"--n-tabs-title-order: 1;\">\n\t\t\t\t\t\t<span class=\"e-n-tab-title-text\">\n\t\t\t\tPARAM\u00c8TRES TECHNIQUES\t\t\t<\/span>\n\t\t<\/button>\n\t\t\t\t<button id=\"e-n-tab-title-2170095492\" class=\"e-n-tab-title\" aria-selected=\"false\" data-tab-index=\"2\" role=\"tab\" tabindex=\"-1\" aria-controls=\"e-n-tab-content-2170095492\" style=\"--n-tabs-title-order: 2;\">\n\t\t\t\t\t\t<span class=\"e-n-tab-title-text\">\n\t\t\t\tTableau de r\u00e9f\u00e9rence de l'endurance des \u00e9quipements\t\t\t<\/span>\n\t\t<\/button>\n\t\t\t\t<button id=\"e-n-tab-title-2170095493\" class=\"e-n-tab-title\" aria-selected=\"false\" data-tab-index=\"3\" role=\"tab\" tabindex=\"-1\" aria-controls=\"e-n-tab-content-2170095493\" style=\"--n-tabs-title-order: 3;\">\n\t\t\t\t\t\t<span class=\"e-n-tab-title-text\">\n\t\t\t\tCAS D'UTILISATION PARTIEL\t\t\t<\/span>\n\t\t<\/button>\n\t\t\t\t\t<\/div>\n\t\t\t<div class=\"e-n-tabs-content\">\n\t\t\t\t<div id=\"e-n-tab-content-2170095491\" role=\"tabpanel\" aria-labelledby=\"e-n-tab-title-2170095491\" data-tab-index=\"1\" style=\"--n-tabs-title-order: 1;\" class=\"e-active elementor-element elementor-element-988a03f e-con-full e-flex e-con e-child\" data-id=\"988a03f\" data-element_type=\"container\">\n\t\t<div class=\"elementor-element elementor-element-20021dd e-flex e-con-boxed e-con e-child\" data-id=\"20021dd\" data-element_type=\"container\">\n\t\t\t\t\t<div class=\"e-con-inner\">\n\t\t\t\t<div class=\"elementor-element elementor-element-d849853 elementor-widget elementor-widget-text-editor\" data-id=\"d849853\" data-element_type=\"widget\" data-widget_type=\"text-editor.default\">\n\t\t\t\t<div class=\"elementor-widget-container\">\n\t\t\t\t\t\t\t\t\t<table width=\"361\"><tbody><tr><td width=\"187\">Tension de sortie<\/td><td width=\"174\">110V\/220V<br \/>50\/60Hz<\/td><\/tr><tr><td width=\"187\">Puissance<\/td><td width=\"174\">4000W<\/td><\/tr><tr><td width=\"187\">Courant de soudage<\/td><td width=\"174\">10-200A<\/td><\/tr><tr><td width=\"187\">Type de batterie<\/td><td width=\"174\">LFP<\/td><\/tr><tr><td width=\"187\">Montage de la batterie<br \/>M\u00e9thode<\/td><td width=\"174\">Batterie int\u00e9gr\u00e9e<\/td><\/tr><tr><td width=\"187\">Capacit\u00e9 de la batterie<\/td><td width=\"174\">4147Wh<\/td><\/tr><tr><td width=\"187\">Diam\u00e8tre de l'\u00e9lectrode<\/td><td width=\"174\">\u00a0 \u03c62.5-\u03c65.0mm<\/td><\/tr><tr><td width=\"187\">Syst\u00e8me Bluetooth<\/td><td width=\"174\">Android\u3001ios<\/td><\/tr><tr><td width=\"187\">Temp\u00e9rature ambiante<\/td><td width=\"174\">-20\u2103~55\u2103<\/td><\/tr><tr><td width=\"187\">Chargeur<\/td><td width=\"174\">AC220V\/20A<\/td><\/tr><tr><td width=\"187\">Taille (mm)<\/td><td width=\"174\">670x510x575<\/td><\/tr><tr><td width=\"187\">Poids (kg)<\/td><td width=\"174\">65\u00a0<\/td><\/tr><\/tbody><\/table>\t\t\t\t\t\t\t\t<\/div>\n\t\t\t\t<\/div>\n\t\t\t\t\t<\/div>\n\t\t\t\t<\/div>\n\t\t\t\t<\/div>\n\t\t<div id=\"e-n-tab-content-2170095492\" role=\"tabpanel\" aria-labelledby=\"e-n-tab-title-2170095492\" data-tab-index=\"2\" style=\"--n-tabs-title-order: 2;\" class=\"elementor-element elementor-element-ac502e6 e-con-full e-flex e-con e-child\" data-id=\"ac502e6\" data-element_type=\"container\">\n\t\t<div class=\"elementor-element elementor-element-915aff1 e-flex e-con-boxed e-con e-child\" data-id=\"915aff1\" data-element_type=\"container\">\n\t\t\t\t\t<div class=\"e-con-inner\">\n\t\t\t\t<div class=\"elementor-element elementor-element-bba87af elementor-widget elementor-widget-text-editor\" data-id=\"bba87af\" data-element_type=\"widget\" data-widget_type=\"text-editor.default\">\n\t\t\t\t<div class=\"elementor-widget-container\">\n\t\t\t\t\t\t\t\t\t<table width=\"376\"><tbody><tr><td width=\"267\">Type<\/td><td width=\"109\">ES-3000<\/td><\/tr><tr><td width=\"267\">220V d'alimentation<\/td><td width=\"109\">4000W<\/td><\/tr><tr><td width=\"267\">Capacit\u00e9 de la batterie<\/td><td width=\"109\">4147Wh<\/td><\/tr><tr><td width=\"267\">26 Marteau \u00e9lectrique \u03c614 Perceuse<\/td><td width=\"109\">2561\u00a0<\/td><\/tr><tr><td width=\"267\">Pic \u00e9lectrique (heure)<\/td><td width=\"109\">9.2h<\/td><\/tr><tr><td width=\"267\">350 Barre de coupe<br \/>\u00a0 (heure)<\/td><td width=\"109\">6.1h<\/td><\/tr><tr><td width=\"267\">110 Barre de coupe<br \/>\u00a0 (heure)<\/td><td width=\"109\">16.1h<\/td><\/tr><tr><td width=\"267\">\u00a0 100Angle<br \/>\u00a0Broyeur (heure)<\/td><td width=\"109\">24.9h<\/td><\/tr><tr><td width=\"267\">Cl\u00e9 \u00e9lectrique<br \/>(Temps de charge)<\/td><td width=\"109\">46\u00a0<\/td><\/tr><tr><td width=\"267\">\u03c62.5 \u00c9lectrode<br \/>\u00a0 (pcs)<\/td><td width=\"109\">147\u00a0<\/td><\/tr><tr><td width=\"267\">\u00a0 \u03c63.2Electrode<br \/>(pcs)<\/td><td width=\"109\">72\u00a0<\/td><\/tr><tr><td width=\"267\">\u03c64.0 \u00c9lectrode<br \/>\u00a0 (pcs)<\/td><td width=\"109\">46\u00a0<\/td><\/tr><tr><td width=\"267\">Lampe LED 100W<br \/>\u00a0 (heure)<\/td><td width=\"109\">41.3h<\/td><\/tr><tr><td width=\"267\">Ventilateur de sol (heure)<\/td><td width=\"109\">82.7h<\/td><\/tr><tr><td width=\"267\">\u00a0Bureau (heure)<\/td><td width=\"109\">35.8h<\/td><\/tr><tr><td width=\"267\">70 pouces Couleur<br \/>\u00a0 TV(heure)<\/td><td width=\"109\">40.9h<\/td><\/tr><\/tbody><\/table>\t\t\t\t\t\t\t\t<\/div>\n\t\t\t\t<\/div>\n\t\t\t\t\t<\/div>\n\t\t\t\t<\/div>\n\t\t\t\t<\/div>\n\t\t<div id=\"e-n-tab-content-2170095493\" role=\"tabpanel\" aria-labelledby=\"e-n-tab-title-2170095493\" data-tab-index=\"3\" style=\"--n-tabs-title-order: 3;\" class=\"elementor-element elementor-element-1a94325 e-con-full e-flex e-con e-child\" data-id=\"1a94325\" data-element_type=\"container\">\n\t\t<div class=\"elementor-element elementor-element-ea4a2a9 e-flex e-con-boxed e-con e-child\" data-id=\"ea4a2a9\" data-element_type=\"container\">\n\t\t\t\t\t<div class=\"e-con-inner\">\n\t\t\t\t<div class=\"elementor-element elementor-element-e51af3f elementor-widget elementor-widget-image\" data-id=\"e51af3f\" data-element_type=\"widget\" data-widget_type=\"image.default\">\n\t\t\t\t<div class=\"elementor-widget-container\">\n\t\t\t\t\t\t\t\t\t\t\t\t\t\t\t<img alt=\"\" fetchpriority=\"high\" decoding=\"async\" width=\"1425\" height=\"1690\" src=\"https:\/\/www.sfmpower.com\/wp-content\/uploads\/2025\/02\/es.webp\" class=\"attachment-full size-full wp-image-1196\" srcset=\"https:\/\/www.sfmpower.com\/wp-content\/uploads\/2025\/02\/es.webp 1425w, https:\/\/www.sfmpower.com\/wp-content\/uploads\/2025\/02\/es-253x300.webp 253w, https:\/\/www.sfmpower.com\/wp-content\/uploads\/2025\/02\/es-863x1024.webp 863w, https:\/\/www.sfmpower.com\/wp-content\/uploads\/2025\/02\/es-768x911.webp 768w, https:\/\/www.sfmpower.com\/wp-content\/uploads\/2025\/02\/es-1295x1536.webp 1295w, https:\/\/www.sfmpower.com\/wp-content\/uploads\/2025\/02\/es-10x12.webp 10w, https:\/\/www.sfmpower.com\/wp-content\/uploads\/2025\/02\/es-600x712.webp 600w\" sizes=\"(max-width: 1425px) 100vw, 1425px\" \/>\t\t\t\t\t\t\t\t\t\t\t\t\t\t\t<\/div>\n\t\t\t\t<\/div>\n\t\t\t\t\t<\/div>\n\t\t\t\t<\/div>\n\t\t\t\t<\/div>\n\t\t\t\t\t<\/div>\n\t\t<\/div>\n\t\t\t\t\t\t<\/div>\n\t\t\t\t<\/div>\n\t\t\t\t\t<\/div>\n\t\t\t\t<\/div>\n\t\t\t\t<\/div>","protected":false},"excerpt":{"rendered":"<p><b>Centrale multifonctionnelle de stockage d'\u00e9nergie appliqu\u00e9e \u00e0 l'industrie automobile <\/b><b>champ de construction ext\u00e9rieur <\/b><\/p>\n<p>Capable de souder divers mat\u00e9riaux de tuyaux tels que l'acier inoxydable, l'acier \u00e0 faible teneur en carbone et l'acier \u00e0 haute teneur en carbone ;<\/p>\n<p>Peut \u00eatre utilis\u00e9 pour le soudage manuel en courant continu et le soudage \u00e0 l'arc sous argon avec amor\u00e7age ;<\/p>\n<p>Sortie AC 110V\/220V\/4000W, adapt\u00e9e \u00e0 divers outils \u00e9lectriques ;<\/p>\n<p>Sortie d'onduleur \u00e0 onde sinuso\u00efdale pure, adapt\u00e9e \u00e0 l'alimentation de divers instruments de haute pr\u00e9cision ;<\/p>\n<p>Conception portable avec protection contre les fuites de haute pr\u00e9cision, r\u00e9pondant aux exigences de s\u00e9curit\u00e9 sur site ;<\/p>\n<p>Batterie rempla\u00e7able, offrant une endurance illimit\u00e9e.<\/p>","protected":false},"featured_media":1048,"template":"","meta":{"_seopress_robots_primary_cat":"none","_seopress_titles_title":"","_seopress_titles_desc":"","_seopress_robots_index":"","_joinchat":[]},"product_brand":[],"product_cat":[30],"product_tag":[],"class_list":{"0":"post-698","1":"product","2":"type-product","3":"status-publish","4":"has-post-thumbnail","6":"product_cat-welding-integrated-portable-power-station","8":"first","9":"instock","10":"shipping-taxable","11":"product-type-simple"},"_links":{"self":[{"href":"https:\/\/www.sfmpower.com\/fr\/wp-json\/wp\/v2\/product\/698","targetHints":{"allow":["GET"]}}],"collection":[{"href":"https:\/\/www.sfmpower.com\/fr\/wp-json\/wp\/v2\/product"}],"about":[{"href":"https:\/\/www.sfmpower.com\/fr\/wp-json\/wp\/v2\/types\/product"}],"version-history":[{"count":0,"href":"https:\/\/www.sfmpower.com\/fr\/wp-json\/wp\/v2\/product\/698\/revisions"}],"wp:featuredmedia":[{"embeddable":true,"href":"https:\/\/www.sfmpower.com\/fr\/wp-json\/wp\/v2\/media\/1048"}],"wp:attachment":[{"href":"https:\/\/www.sfmpower.com\/fr\/wp-json\/wp\/v2\/media?parent=698"}],"wp:term":[{"taxonomy":"product_brand","embeddable":true,"href":"https:\/\/www.sfmpower.com\/fr\/wp-json\/wp\/v2\/product_brand?post=698"},{"taxonomy":"product_cat","embeddable":true,"href":"https:\/\/www.sfmpower.com\/fr\/wp-json\/wp\/v2\/product_cat?post=698"},{"taxonomy":"product_tag","embeddable":true,"href":"https:\/\/www.sfmpower.com\/fr\/wp-json\/wp\/v2\/product_tag?post=698"}],"curies":[{"name":"wp","href":"https:\/\/api.w.org\/{rel}","templated":true}]}}