{"id":692,"date":"2025-01-10T10:34:12","date_gmt":"2025-01-10T02:34:12","guid":{"rendered":"https:\/\/www.sfmpower.com\/?post_type=product&#038;p=692"},"modified":"2025-02-12T17:48:00","modified_gmt":"2025-02-12T09:48:00","slug":"es-560","status":"publish","type":"product","link":"https:\/\/www.sfmpower.com\/fr\/produit\/es-560\/","title":{"rendered":"ES-560"},"content":{"rendered":"<div data-elementor-type=\"product-post\" data-elementor-id=\"692\" class=\"elementor elementor-692\" data-elementor-post-type=\"product\">\n\t\t\t\t<div class=\"elementor-element elementor-element-33416e6 e-flex e-con-boxed e-con e-parent\" data-id=\"33416e6\" data-element_type=\"container\">\n\t\t\t\t\t<div class=\"e-con-inner\">\n\t\t\t\t<div class=\"elementor-element elementor-element-cef4d8d e-n-tabs-mobile elementor-widget elementor-widget-n-tabs\" data-id=\"cef4d8d\" data-element_type=\"widget\" data-settings=\"{&quot;tabs_justify_horizontal&quot;:&quot;start&quot;,&quot;horizontal_scroll&quot;:&quot;disable&quot;}\" data-widget_type=\"nested-tabs.default\">\n\t\t\t\t<div class=\"elementor-widget-container\">\n\t\t\t\t\t\t\t<div class=\"e-n-tabs\" data-widget-number=\"217009549\" aria-label=\"\ud0ed\uc744 \ud074\ub9ad\ud569\ub2c8\ub2e4. Enter \ub610\ub294 \uc2a4\ud398\uc774\uc2a4\ub85c \ud56d\ubaa9\uc744 \uc5f4\uace0, Escape\ub85c \ub2eb\uace0, \ud654\uc0b4\ud45c \ud0a4\ub97c \uc0ac\uc6a9\ud558\uc5ec \ud0d0\uc0c9\ud569\ub2c8\ub2e4.\" data-no-translation-aria-label=\"\">\n\t\t\t<div class=\"e-n-tabs-heading\" role=\"tablist\">\n\t\t\t\t\t<button id=\"e-n-tab-title-2170095491\" class=\"e-n-tab-title\" aria-selected=\"true\" data-tab-index=\"1\" role=\"tab\" tabindex=\"0\" aria-controls=\"e-n-tab-content-2170095491\" style=\"--n-tabs-title-order: 1;\">\n\t\t\t\t\t\t<span class=\"e-n-tab-title-text\">\n\t\t\t\tPARAM\u00c8TRES TECHNIQUES\t\t\t<\/span>\n\t\t<\/button>\n\t\t\t\t<button id=\"e-n-tab-title-2170095492\" class=\"e-n-tab-title\" aria-selected=\"false\" data-tab-index=\"2\" role=\"tab\" tabindex=\"-1\" aria-controls=\"e-n-tab-content-2170095492\" style=\"--n-tabs-title-order: 2;\">\n\t\t\t\t\t\t<span class=\"e-n-tab-title-text\">\n\t\t\t\tTableau de r\u00e9f\u00e9rence de l'endurance des \u00e9quipements\t\t\t<\/span>\n\t\t<\/button>\n\t\t\t\t<button id=\"e-n-tab-title-2170095493\" class=\"e-n-tab-title\" aria-selected=\"false\" data-tab-index=\"3\" role=\"tab\" tabindex=\"-1\" aria-controls=\"e-n-tab-content-2170095493\" style=\"--n-tabs-title-order: 3;\">\n\t\t\t\t\t\t<span class=\"e-n-tab-title-text\">\n\t\t\t\tCAS D'UTILISATION PARTIEL\t\t\t<\/span>\n\t\t<\/button>\n\t\t\t\t\t<\/div>\n\t\t\t<div class=\"e-n-tabs-content\">\n\t\t\t\t<div id=\"e-n-tab-content-2170095491\" role=\"tabpanel\" aria-labelledby=\"e-n-tab-title-2170095491\" data-tab-index=\"1\" style=\"--n-tabs-title-order: 1;\" class=\"e-active elementor-element elementor-element-988a03f e-con-full e-flex e-con e-child\" data-id=\"988a03f\" data-element_type=\"container\">\n\t\t<div class=\"elementor-element elementor-element-20021dd e-flex e-con-boxed e-con e-child\" data-id=\"20021dd\" data-element_type=\"container\">\n\t\t\t\t\t<div class=\"e-con-inner\">\n\t\t\t\t<div class=\"elementor-element elementor-element-d849853 elementor-widget elementor-widget-text-editor\" data-id=\"d849853\" data-element_type=\"widget\" data-widget_type=\"text-editor.default\">\n\t\t\t\t<div class=\"elementor-widget-container\">\n\t\t\t\t\t\t\t\t\t<table width=\"366\"><tbody><tr><td width=\"190\">\u00a0<\/td><td width=\"176\">ES-560<\/td><\/tr><tr><td width=\"190\">Tension de sortie<\/td><td width=\"176\">110V\/220V<br \/>50\/60Hz<\/td><\/tr><tr><td width=\"190\">Puissance<\/td><td width=\"176\">4000W<\/td><\/tr><tr><td width=\"190\">Courant de soudage<\/td><td width=\"176\">10-160A<\/td><\/tr><tr><td width=\"190\">Type de batterie<\/td><td width=\"176\">NCM<\/td><\/tr><tr><td width=\"190\">BatterieMontage<br \/>\u00a0\u00a0 M\u00e9thode<\/td><td width=\"176\">Batterie int\u00e9gr\u00e9e<\/td><\/tr><tr><td width=\"190\">Capacit\u00e9 de la batterie<\/td><td width=\"176\">5627Wh<\/td><\/tr><tr><td width=\"190\">Diam\u00e8tre de l'\u00e9lectrode<\/td><td width=\"176\">\u03c62.5- \u03c64.0mm<\/td><\/tr><tr><td width=\"190\">Syst\u00e8me Bluetooth<\/td><td width=\"176\">Android\u3001Ios<\/td><\/tr><tr><td width=\"190\">Temp\u00e9rature ambiante<\/td><td width=\"176\">-20\u2103~55\u2103<\/td><\/tr><tr><td width=\"190\">Chargeur<\/td><td width=\"176\">AC220V\/30A<\/td><\/tr><tr><td width=\"190\">Taille (mm)<\/td><td width=\"176\">580X570X600<\/td><\/tr><tr><td width=\"190\">Poids (kg)<\/td><td width=\"176\">78\u00a0<\/td><\/tr><\/tbody><\/table>\t\t\t\t\t\t\t\t<\/div>\n\t\t\t\t<\/div>\n\t\t\t\t\t<\/div>\n\t\t\t\t<\/div>\n\t\t\t\t<\/div>\n\t\t<div id=\"e-n-tab-content-2170095492\" role=\"tabpanel\" aria-labelledby=\"e-n-tab-title-2170095492\" data-tab-index=\"2\" style=\"--n-tabs-title-order: 2;\" class=\"elementor-element elementor-element-ac502e6 e-con-full e-flex e-con e-child\" data-id=\"ac502e6\" data-element_type=\"container\">\n\t\t<div class=\"elementor-element elementor-element-915aff1 e-flex e-con-boxed e-con e-child\" data-id=\"915aff1\" data-element_type=\"container\">\n\t\t\t\t\t<div class=\"e-con-inner\">\n\t\t\t\t<div class=\"elementor-element elementor-element-bba87af elementor-widget elementor-widget-text-editor\" data-id=\"bba87af\" data-element_type=\"widget\" data-widget_type=\"text-editor.default\">\n\t\t\t\t<div class=\"elementor-widget-container\">\n\t\t\t\t\t\t\t\t\t<table width=\"376\"><tbody><tr><td width=\"267\">Type<\/td><td width=\"109\">ES-560<\/td><\/tr><tr><td width=\"267\">220V d'alimentation<\/td><td width=\"109\">4000W<\/td><\/tr><tr><td width=\"267\">Capacit\u00e9 de la batterie<\/td><td width=\"109\">5627Wh<\/td><\/tr><tr><td width=\"267\">26 Marteau \u00e9lectrique \u03c614 Perceuse<\/td><td width=\"109\">3476\u00a0<\/td><\/tr><tr><td width=\"267\">Pic \u00e9lectrique (heure)<\/td><td width=\"109\">12.6h<\/td><\/tr><tr><td width=\"267\">350 Barre de coupe<br \/>\u00a0 (heure)<\/td><td width=\"109\">8.4h<\/td><\/tr><tr><td width=\"267\">110 Barre de coupe<br \/>\u00a0 (heure)<\/td><td width=\"109\">21.9h<\/td><\/tr><tr><td width=\"267\">\u00a0 100Angle<br \/>\u00a0Broyeur (heure)<\/td><td width=\"109\">33.9h<\/td><\/tr><tr><td width=\"267\">Cl\u00e9 \u00e9lectrique<br \/>(Temps de charge)<\/td><td width=\"109\">63\u00a0<\/td><\/tr><tr><td width=\"267\">\u03c62.5 \u00c9lectrode<br \/>\u00a0 (pcs)<\/td><td width=\"109\">200\u00a0<\/td><\/tr><tr><td width=\"267\">\u00a0 \u03c63.2Electrode<br \/>(pcs)<\/td><td width=\"109\">99\u00a0<\/td><\/tr><tr><td width=\"267\">\u03c64.0 \u00c9lectrode<br \/>\u00a0 (pcs)<\/td><td width=\"109\">63\u00a0<\/td><\/tr><tr><td width=\"267\">Lampe LED 100W<br \/>\u00a0 (heure)<\/td><td width=\"109\">56.1h<\/td><\/tr><tr><td width=\"267\">Ventilateur de sol (heure)<\/td><td width=\"109\">112.3h<\/td><\/tr><tr><td width=\"267\">\u00a0Bureau (heure)<\/td><td width=\"109\">48.6h<\/td><\/tr><tr><td width=\"267\">70 pouces Couleur<br \/>\u00a0 TV(heure)<\/td><td width=\"109\">59.8h<\/td><\/tr><\/tbody><\/table>\t\t\t\t\t\t\t\t<\/div>\n\t\t\t\t<\/div>\n\t\t\t\t\t<\/div>\n\t\t\t\t<\/div>\n\t\t\t\t<\/div>\n\t\t<div id=\"e-n-tab-content-2170095493\" role=\"tabpanel\" aria-labelledby=\"e-n-tab-title-2170095493\" data-tab-index=\"3\" style=\"--n-tabs-title-order: 3;\" class=\"elementor-element elementor-element-1a94325 e-con-full e-flex e-con e-child\" data-id=\"1a94325\" data-element_type=\"container\">\n\t\t<div class=\"elementor-element elementor-element-ea4a2a9 e-flex e-con-boxed e-con e-child\" data-id=\"ea4a2a9\" data-element_type=\"container\">\n\t\t\t\t\t<div class=\"e-con-inner\">\n\t\t\t\t<div class=\"elementor-element elementor-element-e51af3f elementor-widget elementor-widget-image\" data-id=\"e51af3f\" data-element_type=\"widget\" data-widget_type=\"image.default\">\n\t\t\t\t<div class=\"elementor-widget-container\">\n\t\t\t\t\t\t\t\t\t\t\t\t\t\t\t<img alt=\"\" fetchpriority=\"high\" decoding=\"async\" width=\"1425\" height=\"1690\" src=\"https:\/\/www.sfmpower.com\/wp-content\/uploads\/2025\/02\/es.webp\" class=\"attachment-full size-full wp-image-1196\" srcset=\"https:\/\/www.sfmpower.com\/wp-content\/uploads\/2025\/02\/es.webp 1425w, https:\/\/www.sfmpower.com\/wp-content\/uploads\/2025\/02\/es-253x300.webp 253w, https:\/\/www.sfmpower.com\/wp-content\/uploads\/2025\/02\/es-863x1024.webp 863w, https:\/\/www.sfmpower.com\/wp-content\/uploads\/2025\/02\/es-768x911.webp 768w, https:\/\/www.sfmpower.com\/wp-content\/uploads\/2025\/02\/es-1295x1536.webp 1295w, https:\/\/www.sfmpower.com\/wp-content\/uploads\/2025\/02\/es-10x12.webp 10w, https:\/\/www.sfmpower.com\/wp-content\/uploads\/2025\/02\/es-600x712.webp 600w\" sizes=\"(max-width: 1425px) 100vw, 1425px\" \/>\t\t\t\t\t\t\t\t\t\t\t\t\t\t\t<\/div>\n\t\t\t\t<\/div>\n\t\t\t\t\t<\/div>\n\t\t\t\t<\/div>\n\t\t\t\t<\/div>\n\t\t\t\t\t<\/div>\n\t\t<\/div>\n\t\t\t\t\t\t<\/div>\n\t\t\t\t<\/div>\n\t\t\t\t\t<\/div>\n\t\t\t\t<\/div>\n\t\t\t\t<\/div>","protected":false},"excerpt":{"rendered":"<p><b>Centrale multifonctionnelle de stockage d'\u00e9nergie appliqu\u00e9e \u00e0 l'industrie automobile <\/b><b>champ de construction ext\u00e9rieur <\/b><\/p>\n<p>Alimentation haute puissance AC110V\/220V\/4000W, sortie onduleur \u00e0 onde sinuso\u00efdale pure, adapt\u00e9e \u00e0 divers outils \u00e9lectriques, appareils m\u00e9nagers et instruments de haute pr\u00e9cision ;<\/p>\n<p>Niveau de protection IP54, \u00e9tanche \u00e0 la poussi\u00e8re et aux \u00e9claboussures, adapt\u00e9 aux projets ext\u00e9rieurs ;<\/p>\n<p>Cadre de qualit\u00e9 industrielle, facile \u00e0 pousser, \u00e0 tirer et \u00e0 soulever, plus adapt\u00e9 aux sc\u00e8nes de construction ;<\/p>\n<p>Circuit de soudage et de coupage en courant continu pur, avec peu d'\u00e9claboussures, double utilisation pour le soudage manuel et le soudage \u00e0 l'arc sous argon ;<\/p>\n<p>Dispositif de protection contre les surcharges int\u00e9gr\u00e9 pour \u00e9viter les dommages caus\u00e9s \u00e0 l'\u00e9quipement par une surcharge de l'appareil ;<\/p>\n<p>Conception de charge int\u00e9gr\u00e9e, utilisant un chargeur professionnel haute puissance \u00e0 plusieurs niveaux pour une charge efficace et s\u00fbre ;<\/p>\n<p>Module de batterie au lithium longue dur\u00e9e, dur\u00e9e de vie de la batterie jusqu'\u00e0 8-10 ans ;<\/p>\n<p>Am\u00e9liorer rapidement l'efficacit\u00e9 du travail et r\u00e9duire les \u00e9missions de carbone.<\/p>","protected":false},"featured_media":1051,"template":"","meta":{"_seopress_robots_primary_cat":"none","_seopress_titles_title":"","_seopress_titles_desc":"","_seopress_robots_index":"","_joinchat":[]},"product_brand":[],"product_cat":[30],"product_tag":[],"class_list":{"0":"post-692","1":"product","2":"type-product","3":"status-publish","4":"has-post-thumbnail","6":"product_cat-welding-integrated-portable-power-station","8":"first","9":"instock","10":"shipping-taxable","11":"product-type-simple"},"_links":{"self":[{"href":"https:\/\/www.sfmpower.com\/fr\/wp-json\/wp\/v2\/product\/692","targetHints":{"allow":["GET"]}}],"collection":[{"href":"https:\/\/www.sfmpower.com\/fr\/wp-json\/wp\/v2\/product"}],"about":[{"href":"https:\/\/www.sfmpower.com\/fr\/wp-json\/wp\/v2\/types\/product"}],"version-history":[{"count":0,"href":"https:\/\/www.sfmpower.com\/fr\/wp-json\/wp\/v2\/product\/692\/revisions"}],"wp:featuredmedia":[{"embeddable":true,"href":"https:\/\/www.sfmpower.com\/fr\/wp-json\/wp\/v2\/media\/1051"}],"wp:attachment":[{"href":"https:\/\/www.sfmpower.com\/fr\/wp-json\/wp\/v2\/media?parent=692"}],"wp:term":[{"taxonomy":"product_brand","embeddable":true,"href":"https:\/\/www.sfmpower.com\/fr\/wp-json\/wp\/v2\/product_brand?post=692"},{"taxonomy":"product_cat","embeddable":true,"href":"https:\/\/www.sfmpower.com\/fr\/wp-json\/wp\/v2\/product_cat?post=692"},{"taxonomy":"product_tag","embeddable":true,"href":"https:\/\/www.sfmpower.com\/fr\/wp-json\/wp\/v2\/product_tag?post=692"}],"curies":[{"name":"wp","href":"https:\/\/api.w.org\/{rel}","templated":true}]}}