{"id":675,"date":"2025-01-10T10:46:51","date_gmt":"2025-01-10T02:46:51","guid":{"rendered":"https:\/\/www.sfmpower.com\/?post_type=product&#038;p=675"},"modified":"2025-01-15T10:15:08","modified_gmt":"2025-01-15T02:15:08","slug":"ps-1223","status":"publish","type":"product","link":"https:\/\/www.sfmpower.com\/fr\/produit\/ps-1223\/","title":{"rendered":"PS-1223"},"content":{"rendered":"<div data-elementor-type=\"product-post\" data-elementor-id=\"675\" class=\"elementor elementor-675\" data-elementor-post-type=\"product\">\n\t\t\t\t<div class=\"elementor-element elementor-element-33416e6 e-flex e-con-boxed e-con e-parent\" data-id=\"33416e6\" data-element_type=\"container\">\n\t\t\t\t\t<div class=\"e-con-inner\">\n\t\t\t\t<div class=\"elementor-element elementor-element-cef4d8d e-n-tabs-mobile elementor-widget elementor-widget-n-tabs\" data-id=\"cef4d8d\" data-element_type=\"widget\" data-settings=\"{&quot;tabs_justify_horizontal&quot;:&quot;start&quot;,&quot;horizontal_scroll&quot;:&quot;disable&quot;}\" data-widget_type=\"nested-tabs.default\">\n\t\t\t\t<div class=\"elementor-widget-container\">\n\t\t\t\t\t\t\t<div class=\"e-n-tabs\" data-widget-number=\"217009549\" aria-label=\"Pesta\u00f1as. Acc\u00e9der \u00e0 des \u00e9l\u00e9ments avec Intro ou Espacio, \u00e0 des centres d&#039;int\u00e9r\u00eat avec Escape et naviguer avec les dates.\">\n\t\t\t<div class=\"e-n-tabs-heading\" role=\"tablist\">\n\t\t\t\t\t<button id=\"e-n-tab-title-2170095491\" class=\"e-n-tab-title\" aria-selected=\"true\" data-tab-index=\"1\" role=\"tab\" tabindex=\"0\" aria-controls=\"e-n-tab-content-2170095491\" style=\"--n-tabs-title-order: 1;\">\n\t\t\t\t\t\t<span class=\"e-n-tab-title-text\">\n\t\t\t\tTableau de r\u00e9f\u00e9rence de l'endurance des \u00e9quipements\t\t\t<\/span>\n\t\t<\/button>\n\t\t\t\t<button id=\"e-n-tab-title-2170095492\" class=\"e-n-tab-title\" aria-selected=\"false\" data-tab-index=\"2\" role=\"tab\" tabindex=\"-1\" aria-controls=\"e-n-tab-content-2170095492\" style=\"--n-tabs-title-order: 2;\">\n\t\t\t\t\t\t<span class=\"e-n-tab-title-text\">\n\t\t\t\tPARAM\u00c8TRES TECHNIQUES\t\t\t<\/span>\n\t\t<\/button>\n\t\t\t\t<button id=\"e-n-tab-title-2170095493\" class=\"e-n-tab-title\" aria-selected=\"false\" data-tab-index=\"3\" role=\"tab\" tabindex=\"-1\" aria-controls=\"e-n-tab-content-2170095493\" style=\"--n-tabs-title-order: 3;\">\n\t\t\t\t\t\t<span class=\"e-n-tab-title-text\">\n\t\t\t\tCAS D'UTILISATION PARTIEL\t\t\t<\/span>\n\t\t<\/button>\n\t\t\t\t\t<\/div>\n\t\t\t<div class=\"e-n-tabs-content\">\n\t\t\t\t<div id=\"e-n-tab-content-2170095491\" role=\"tabpanel\" aria-labelledby=\"e-n-tab-title-2170095491\" data-tab-index=\"1\" style=\"--n-tabs-title-order: 1;\" class=\"e-active elementor-element elementor-element-ac502e6 e-con-full e-flex e-con e-child\" data-id=\"ac502e6\" data-element_type=\"container\">\n\t\t<div class=\"elementor-element elementor-element-915aff1 e-flex e-con-boxed e-con e-child\" data-id=\"915aff1\" data-element_type=\"container\">\n\t\t\t\t\t<div class=\"e-con-inner\">\n\t\t\t\t<div class=\"elementor-element elementor-element-bba87af elementor-widget elementor-widget-text-editor\" data-id=\"bba87af\" data-element_type=\"widget\" data-widget_type=\"text-editor.default\">\n\t\t\t\t<div class=\"elementor-widget-container\">\n\t\t\t\t\t\t\t\t\t<table width=\"227\"><tbody><tr><td width=\"162\">Type<\/td><td width=\"64\">PS-1223<\/td><\/tr><tr><td>Alimentation 220V<\/td><td>12000W<\/td><\/tr><tr><td>Capacit\u00e9 de la batterie<\/td><td>23552Wh<\/td><\/tr><tr><td width=\"162\">26Electric<br \/>Marteau\u03c614Fraise<\/td><td>14552\u00a0<\/td><\/tr><tr><td>Pic \u00e9lectrique (heure)<\/td><td>52.8h<\/td><\/tr><tr><td width=\"162\">350 Barre de coupe<br \/>\u00a0 (heure)<\/td><td>35.2h<\/td><\/tr><tr><td width=\"162\">110 Barre de coupe<br \/>\u00a0 (heure)<\/td><td>92h<\/td><\/tr><tr><td width=\"162\">100 Angle<br \/>\u00a0 Broyeur (heure)<\/td><td>141.9h<\/td><\/tr><tr><td width=\"162\">Cl\u00e9 \u00e9lectrique<br \/>(Temps de charge)<\/td><td>264\u00a0<\/td><\/tr><tr><td width=\"162\">Lampe LED 100W<br \/>(heure)<\/td><td>235h<\/td><\/tr><tr><td>Ventilateur de sol (heure)<\/td><td>470h<\/td><\/tr><tr><td>\u00a0 Bureau (heure)<\/td><td>203.6h<\/td><\/tr><tr><td width=\"162\">70 pouces Couleur<br \/>\u00a0 TV(heure)<\/td><td>250.6h<\/td><\/tr><tr><td colspan=\"2\" width=\"227\">Note:Les param\u00e8tres ci-dessus sont calcul\u00e9s en fonction de l'utilisation habituelle de l'utilisateur, et la dur\u00e9e d'utilisation r\u00e9elle varie en fonction des habitudes d'utilisation du client et de la puissance sp\u00e9cifique de l'\u00e9quipement \u00e9lectrique.<\/td><\/tr><\/tbody><\/table>\t\t\t\t\t\t\t\t<\/div>\n\t\t\t\t<\/div>\n\t\t\t\t\t<\/div>\n\t\t\t\t<\/div>\n\t\t\t\t<\/div>\n\t\t<div id=\"e-n-tab-content-2170095492\" role=\"tabpanel\" aria-labelledby=\"e-n-tab-title-2170095492\" data-tab-index=\"2\" style=\"--n-tabs-title-order: 2;\" class=\"elementor-element elementor-element-988a03f e-con-full e-flex e-con e-child\" data-id=\"988a03f\" data-element_type=\"container\">\n\t\t<div class=\"elementor-element elementor-element-20021dd e-flex e-con-boxed e-con e-child\" data-id=\"20021dd\" data-element_type=\"container\">\n\t\t\t\t\t<div class=\"e-con-inner\">\n\t\t\t\t<div class=\"elementor-element elementor-element-d849853 elementor-widget elementor-widget-text-editor\" data-id=\"d849853\" data-element_type=\"widget\" data-widget_type=\"text-editor.default\">\n\t\t\t\t<div class=\"elementor-widget-container\">\n\t\t\t\t\t\t\t\t\t<table width=\"525\"><tbody><tr><td width=\"241\">Tension de sortie<\/td><td width=\"284\">Monophas\u00e9 AC220V\/50Hz<br \/>Triphas\u00e9 AC380V\/50Hz<\/td><\/tr><tr><td width=\"241\">Caract\u00e9ristiques<\/td><td width=\"284\">Soutient l'\u00e9nergie solaire photovolta\u00efque<br \/>Chargement, fonctionnement en parall\u00e8le,<br \/>r\u00e9seau etUPs<\/td><\/tr><tr><td width=\"241\">Puissance de sortie nominale<\/td><td width=\"284\">AC220V\/4000W\/3 branches<br \/>AC380V\/12000W<\/td><\/tr><tr><td width=\"241\">Type de batterie<\/td><td width=\"284\">LFP<\/td><\/tr><tr><td width=\"241\">M\u00e9thode de montage de la batterie<\/td><td width=\"284\">Batterie int\u00e9gr\u00e9e<\/td><\/tr><tr><td width=\"241\">Capacit\u00e9 de la batterie<\/td><td width=\"284\">23552Wh<\/td><\/tr><tr><td width=\"241\">Temp\u00e9rature ambiante<\/td><td width=\"284\">-20\u2103~55\u2103<\/td><\/tr><tr><td width=\"241\">Temps de charge rapide Pour<br \/>Triphas\u00e9 AC380V<\/td><td width=\"284\">1,9-2 heures<\/td><\/tr><tr><td width=\"241\">Taille (mm)<\/td><td width=\"284\">1058x775x875<\/td><\/tr><tr><td width=\"241\">Poids (kg)<\/td><td width=\"284\">265\u00a0<\/td><\/tr><\/tbody><\/table>\t\t\t\t\t\t\t\t<\/div>\n\t\t\t\t<\/div>\n\t\t\t\t\t<\/div>\n\t\t\t\t<\/div>\n\t\t\t\t<\/div>\n\t\t<div id=\"e-n-tab-content-2170095493\" role=\"tabpanel\" aria-labelledby=\"e-n-tab-title-2170095493\" data-tab-index=\"3\" style=\"--n-tabs-title-order: 3;\" class=\"elementor-element elementor-element-1a94325 e-con-full e-flex e-con e-child\" data-id=\"1a94325\" data-element_type=\"container\">\n\t\t<div class=\"elementor-element elementor-element-ea4a2a9 e-flex e-con-boxed e-con e-child\" data-id=\"ea4a2a9\" data-element_type=\"container\">\n\t\t\t\t\t<div class=\"e-con-inner\">\n\t\t\t\t<div class=\"elementor-element elementor-element-e51af3f elementor-widget elementor-widget-image\" data-id=\"e51af3f\" data-element_type=\"widget\" data-widget_type=\"image.default\">\n\t\t\t\t<div class=\"elementor-widget-container\">\n\t\t\t\t\t\t\t\t\t\t\t\t\t\t\t<img alt=\"\" fetchpriority=\"high\" decoding=\"async\" width=\"1559\" height=\"1835\" src=\"https:\/\/www.sfmpower.com\/wp-content\/uploads\/2025\/01\/\u5e94\u7528\u573a\u666f.jpg\" class=\"attachment-full size-full wp-image-596\" srcset=\"https:\/\/www.sfmpower.com\/wp-content\/uploads\/2025\/01\/\u5e94\u7528\u573a\u666f.jpg 1559w, https:\/\/www.sfmpower.com\/wp-content\/uploads\/2025\/01\/\u5e94\u7528\u573a\u666f-255x300.jpg 255w, https:\/\/www.sfmpower.com\/wp-content\/uploads\/2025\/01\/\u5e94\u7528\u573a\u666f-870x1024.jpg 870w, https:\/\/www.sfmpower.com\/wp-content\/uploads\/2025\/01\/\u5e94\u7528\u573a\u666f-768x904.jpg 768w, https:\/\/www.sfmpower.com\/wp-content\/uploads\/2025\/01\/\u5e94\u7528\u573a\u666f-1305x1536.jpg 1305w, https:\/\/www.sfmpower.com\/wp-content\/uploads\/2025\/01\/\u5e94\u7528\u573a\u666f-600x706.jpg 600w\" sizes=\"(max-width: 1559px) 100vw, 1559px\" \/>\t\t\t\t\t\t\t\t\t\t\t\t\t\t\t<\/div>\n\t\t\t\t<\/div>\n\t\t\t\t\t<\/div>\n\t\t\t\t<\/div>\n\t\t\t\t<\/div>\n\t\t\t\t\t<\/div>\n\t\t<\/div>\n\t\t\t\t\t\t<\/div>\n\t\t\t\t<\/div>\n\t\t\t\t\t<\/div>\n\t\t\t\t<\/div>\n\t\t\t\t<\/div>","protected":false},"excerpt":{"rendered":"<p><b>Centrale industrielle portable \u00e0 stockage d'\u00e9nergie con\u00e7ue pour <\/b><b>applications temporaires de l'\u00e9lectricit\u00e9 <\/b><\/p>\n<p>Int\u00e9gr\u00e9 avec des roues pour une mobilit\u00e9 ais\u00e9e ;<\/p>\n<p>Onduleur triphas\u00e9 \u00e0 onde sinuso\u00efdale pure 220V\/380V ;<\/p>\n<p>Puissance nominale de 12KW, puissance de cr\u00eate de 24KW, adapt\u00e9e \u00e0 la plupart des \u00e9quipements industriels ;<\/p>\n<p>Alimentation sans bruit, sans \u00e9mission, sans vibration, s\u00fbre et efficace ;<\/p>\n<p>\u00c9conomique, la consommation d'\u00e9nergie ne repr\u00e9sente qu'un dixi\u00e8me de celle d'un g\u00e9n\u00e9rateur diesel ;<\/p>\n<p>Batterie int\u00e9gr\u00e9e avec protections compl\u00e8tes : sous-tension, court-circuit, surcharge, surd\u00e9charge, surcharge et surchauffe ;<\/p>\n<p>Contr\u00f4le intelligent des ventilateurs pour la gestion thermique ;<\/p>\n<p>Circuit de d\u00e9marrage progressif int\u00e9gr\u00e9 pour r\u00e9duire l'impact du courant de d\u00e9marrage sur les appareils \u00e9lectriques ;<\/p>\n<p>L'\u00e9quipement prend en charge la recharge \u00e0 partir de l'\u00e9nergie photovolta\u00efque et du r\u00e9seau \u00e9lectrique, avec une recharge triphas\u00e9e en courant alternatif de 380 V ;<\/p>\n<p>Permet de fonctionner en parall\u00e8le avec un maximum de 10 unit\u00e9s ;<\/p>\n<p>Modes de fonctionnement programmables : connect\u00e9 au r\u00e9seau, hors r\u00e9seau et ASI ;<\/p>\n<p>\u00c9cran LCD pour configurer les param\u00e8tres de priorit\u00e9 du chargeur AC\/solaire\/g\u00e9n\u00e9rateur.<\/p>","protected":false},"featured_media":1046,"template":"","meta":{"_seopress_robots_primary_cat":"none","_seopress_titles_title":"","_seopress_titles_desc":"","_seopress_robots_index":"","_joinchat":[]},"product_brand":[],"product_cat":[29],"product_tag":[],"class_list":{"0":"post-675","1":"product","2":"type-product","3":"status-publish","4":"has-post-thumbnail","6":"product_cat-industrial-portable-power-station","8":"first","9":"instock","10":"shipping-taxable","11":"product-type-simple"},"_links":{"self":[{"href":"https:\/\/www.sfmpower.com\/fr\/wp-json\/wp\/v2\/product\/675","targetHints":{"allow":["GET"]}}],"collection":[{"href":"https:\/\/www.sfmpower.com\/fr\/wp-json\/wp\/v2\/product"}],"about":[{"href":"https:\/\/www.sfmpower.com\/fr\/wp-json\/wp\/v2\/types\/product"}],"version-history":[{"count":0,"href":"https:\/\/www.sfmpower.com\/fr\/wp-json\/wp\/v2\/product\/675\/revisions"}],"wp:featuredmedia":[{"embeddable":true,"href":"https:\/\/www.sfmpower.com\/fr\/wp-json\/wp\/v2\/media\/1046"}],"wp:attachment":[{"href":"https:\/\/www.sfmpower.com\/fr\/wp-json\/wp\/v2\/media?parent=675"}],"wp:term":[{"taxonomy":"product_brand","embeddable":true,"href":"https:\/\/www.sfmpower.com\/fr\/wp-json\/wp\/v2\/product_brand?post=675"},{"taxonomy":"product_cat","embeddable":true,"href":"https:\/\/www.sfmpower.com\/fr\/wp-json\/wp\/v2\/product_cat?post=675"},{"taxonomy":"product_tag","embeddable":true,"href":"https:\/\/www.sfmpower.com\/fr\/wp-json\/wp\/v2\/product_tag?post=675"}],"curies":[{"name":"wp","href":"https:\/\/api.w.org\/{rel}","templated":true}]}}