{"id":657,"date":"2025-01-13T13:14:08","date_gmt":"2025-01-13T05:14:08","guid":{"rendered":"https:\/\/www.sfmpower.com\/?post_type=product&#038;p=657"},"modified":"2025-02-12T17:15:29","modified_gmt":"2025-02-12T09:15:29","slug":"ps-5800pro","status":"publish","type":"product","link":"https:\/\/www.sfmpower.com\/fr\/produit\/ps-5800pro\/","title":{"rendered":"PS-5800PRO"},"content":{"rendered":"<div data-elementor-type=\"product-post\" data-elementor-id=\"657\" class=\"elementor elementor-657\" data-elementor-post-type=\"product\">\n\t\t\t\t<div class=\"elementor-element elementor-element-33416e6 e-flex e-con-boxed e-con e-parent\" data-id=\"33416e6\" data-element_type=\"container\">\n\t\t\t\t\t<div class=\"e-con-inner\">\n\t\t\t\t<div class=\"elementor-element elementor-element-cef4d8d e-n-tabs-mobile elementor-widget elementor-widget-n-tabs\" data-id=\"cef4d8d\" data-element_type=\"widget\" data-settings=\"{&quot;tabs_justify_horizontal&quot;:&quot;start&quot;,&quot;horizontal_scroll&quot;:&quot;disable&quot;}\" data-widget_type=\"nested-tabs.default\">\n\t\t\t\t<div class=\"elementor-widget-container\">\n\t\t\t\t\t\t\t<div class=\"e-n-tabs\" data-widget-number=\"217009549\" aria-label=\"Il n&#039;y a pas d&#039;autre choix que d&#039;aller \u00e0 l&#039;\u00e9cole. \u041e\u0442\u043a\u0440\u044b\u0432\u0430\u0439\u0442\u0435 \u044d\u043b\u0435\u043c\u0435\u043d\u0442\u044b \u0441 \u043f\u043e\u043c\u043e\u0449\u044c\u044e \u043a\u043b\u0430\u0432\u0438\u0448 Enter \u0438\u043b\u0438 Space, \u0437\u0430\u043a\u0440\u044b\u0432\u0430\u0439\u0442\u0435 \u0441 \u043f\u043e\u043c\u043e\u0449\u044c\u044e Escape \u0438 \u043f\u0435\u0440\u0435\u043c\u0435\u0449\u0430\u0439\u0442\u0435\u0441\u044c \u0441 \u043f\u043e\u043c\u043e\u0449\u044c\u044e \u043a\u043b\u0430\u0432\u0438\u0448 \u0441\u043e \u0441\u0442\u0440\u0435\u043b\u043a\u0430\u043c\u0438.\">\n\t\t\t<div class=\"e-n-tabs-heading\" role=\"tablist\">\n\t\t\t\t\t<button id=\"e-n-tab-title-2170095491\" class=\"e-n-tab-title\" aria-selected=\"true\" data-tab-index=\"1\" role=\"tab\" tabindex=\"0\" aria-controls=\"e-n-tab-content-2170095491\" style=\"--n-tabs-title-order: 1;\">\n\t\t\t\t\t\t<span class=\"e-n-tab-title-text\">\n\t\t\t\tTableau de r\u00e9f\u00e9rence de l'endurance des \u00e9quipements\t\t\t<\/span>\n\t\t<\/button>\n\t\t\t\t<button id=\"e-n-tab-title-2170095492\" class=\"e-n-tab-title\" aria-selected=\"false\" data-tab-index=\"2\" role=\"tab\" tabindex=\"-1\" aria-controls=\"e-n-tab-content-2170095492\" style=\"--n-tabs-title-order: 2;\">\n\t\t\t\t\t\t<span class=\"e-n-tab-title-text\">\n\t\t\t\tPARAM\u00c8TRES TECHNIQUES\t\t\t<\/span>\n\t\t<\/button>\n\t\t\t\t<button id=\"e-n-tab-title-2170095493\" class=\"e-n-tab-title\" aria-selected=\"false\" data-tab-index=\"3\" role=\"tab\" tabindex=\"-1\" aria-controls=\"e-n-tab-content-2170095493\" style=\"--n-tabs-title-order: 3;\">\n\t\t\t\t\t\t<span class=\"e-n-tab-title-text\">\n\t\t\t\tCAS D'UTILISATION PARTIEL\t\t\t<\/span>\n\t\t<\/button>\n\t\t\t\t\t<\/div>\n\t\t\t<div class=\"e-n-tabs-content\">\n\t\t\t\t<div id=\"e-n-tab-content-2170095491\" role=\"tabpanel\" aria-labelledby=\"e-n-tab-title-2170095491\" data-tab-index=\"1\" style=\"--n-tabs-title-order: 1;\" class=\"e-active elementor-element elementor-element-ac502e6 e-con-full e-flex e-con e-child\" data-id=\"ac502e6\" data-element_type=\"container\">\n\t\t<div class=\"elementor-element elementor-element-915aff1 e-flex e-con-boxed e-con e-child\" data-id=\"915aff1\" data-element_type=\"container\">\n\t\t\t\t\t<div class=\"e-con-inner\">\n\t\t\t\t<div class=\"elementor-element elementor-element-bba87af elementor-widget elementor-widget-text-editor\" data-id=\"bba87af\" data-element_type=\"widget\" data-widget_type=\"text-editor.default\">\n\t\t\t\t<div class=\"elementor-widget-container\">\n\t\t\t\t\t\t\t\t\t<table width=\"227\"><tbody><tr><td width=\"162\">Type<\/td><td width=\"64\">PS-5800PRO<\/td><\/tr><tr><td>Alimentation 220V<\/td><td>3500W<\/td><\/tr><tr><td>Capacit\u00e9 de la batterie<\/td><td>5627Wh<\/td><\/tr><tr><td width=\"162\">26Electric<br \/>Marteau\u03c614Fraise<\/td><td>3476\u00a0<\/td><\/tr><tr><td>Pic \u00e9lectrique (heure)<\/td><td>12.6h<\/td><\/tr><tr><td width=\"162\">350 Barre de coupe<br \/>\u00a0 (heure)<\/td><td>8.4h<\/td><\/tr><tr><td width=\"162\">110 Barre de coupe<br \/>\u00a0 (heure)<\/td><td>21.9h<\/td><\/tr><tr><td width=\"162\">100 Angle<br \/>\u00a0 Broyeur (heure)<\/td><td>33.9h<\/td><\/tr><tr><td width=\"162\">Cl\u00e9 \u00e9lectrique<br \/>(Temps de charge)<\/td><td>63\u00a0<\/td><\/tr><tr><td width=\"162\">Lampe LED 100W<br \/>(heure)<\/td><td>56.1h<\/td><\/tr><tr><td>Ventilateur de sol (heure)<\/td><td>112.3h<\/td><\/tr><tr><td>\u00a0 Bureau (heure)<\/td><td>48.6h<\/td><\/tr><tr><td width=\"162\">70 pouces Couleur<br \/>\u00a0 TV(heure)<\/td><td>59.8h<\/td><\/tr><tr><td colspan=\"2\" width=\"227\">Note:Les param\u00e8tres ci-dessus sont calcul\u00e9s en fonction de l'utilisation habituelle de l'utilisateur, et la dur\u00e9e d'utilisation r\u00e9elle varie en fonction des habitudes d'utilisation du client et de la puissance sp\u00e9cifique de l'\u00e9quipement \u00e9lectrique.<\/td><\/tr><\/tbody><\/table>\t\t\t\t\t\t\t\t<\/div>\n\t\t\t\t<\/div>\n\t\t\t\t\t<\/div>\n\t\t\t\t<\/div>\n\t\t\t\t<\/div>\n\t\t<div id=\"e-n-tab-content-2170095492\" role=\"tabpanel\" aria-labelledby=\"e-n-tab-title-2170095492\" data-tab-index=\"2\" style=\"--n-tabs-title-order: 2;\" class=\"elementor-element elementor-element-a196a89 e-con-full e-flex e-con e-child\" data-id=\"a196a89\" data-element_type=\"container\">\n\t\t<div class=\"elementor-element elementor-element-d72dd7f e-flex e-con-boxed e-con e-child\" data-id=\"d72dd7f\" data-element_type=\"container\">\n\t\t\t\t\t<div class=\"e-con-inner\">\n\t\t\t\t<div class=\"elementor-element elementor-element-da73241 elementor-widget elementor-widget-text-editor\" data-id=\"da73241\" data-element_type=\"widget\" data-widget_type=\"text-editor.default\">\n\t\t\t\t<div class=\"elementor-widget-container\">\n\t\t\t\t\t\t\t\t\t<table width=\"500\"><tbody><tr><td width=\"209\">\u00a0<\/td><td width=\"291\">PS-5800PRO<\/td><\/tr><tr><td width=\"209\">\u00a0 Tension de sortie<\/td><td width=\"291\">\u00a0\u00a0\u00a0 110V\/220V 50\/60Hz<\/td><\/tr><tr><td width=\"209\">Puissance<\/td><td width=\"291\">3500W<\/td><\/tr><tr><td width=\"209\">Charge inductive<\/td><td width=\"291\">10500W<\/td><\/tr><tr><td width=\"209\">Charge capacitive<\/td><td width=\"291\">7000W<\/td><\/tr><tr><td width=\"209\">Courant de sortie<\/td><td width=\"291\">\u00a0\u00a0 \u00c9tanche 10A,16A<\/td><\/tr><tr><td width=\"209\">M\u00e9thode de montage de la batterie<\/td><td width=\"291\">Batterie int\u00e9gr\u00e9e<\/td><\/tr><tr><td width=\"209\">Type de th\u00e9\u00e2tre<\/td><td width=\"291\">NCM<\/td><\/tr><tr><td width=\"209\">Fonction de protection<\/td><td width=\"291\">Surcharge, sous-tension Court-circuit, fuite, anomalie<\/td><\/tr><tr><td width=\"209\">Capacit\u00e9 de la batterie<\/td><td width=\"291\">5627Wh<\/td><\/tr><tr><td width=\"209\">Syst\u00e8me Bluetooth<\/td><td width=\"291\">Android\u30011OS<\/td><\/tr><tr><td width=\"209\">Temp\u00e9rature ambiante<\/td><td width=\"291\">-20\u2103~55\u2103<\/td><\/tr><tr><td width=\"209\">Chargeur<\/td><td width=\"291\">AC220V\/30A<\/td><\/tr><tr><td width=\"209\">Taille<\/td><td width=\"291\">583x467x500<\/td><\/tr><tr><td width=\"209\">Poids<\/td><td width=\"291\">48\u00a0<\/td><\/tr><\/tbody><\/table>\t\t\t\t\t\t\t\t<\/div>\n\t\t\t\t<\/div>\n\t\t\t\t\t<\/div>\n\t\t\t\t<\/div>\n\t\t\t\t<\/div>\n\t\t<div id=\"e-n-tab-content-2170095493\" role=\"tabpanel\" aria-labelledby=\"e-n-tab-title-2170095493\" data-tab-index=\"3\" style=\"--n-tabs-title-order: 3;\" class=\"elementor-element elementor-element-1a94325 e-con-full e-flex e-con e-child\" data-id=\"1a94325\" data-element_type=\"container\">\n\t\t<div class=\"elementor-element elementor-element-ea4a2a9 e-flex e-con-boxed e-con e-child\" data-id=\"ea4a2a9\" data-element_type=\"container\">\n\t\t\t\t\t<div class=\"e-con-inner\">\n\t\t\t\t<div class=\"elementor-element elementor-element-e51af3f elementor-widget elementor-widget-image\" data-id=\"e51af3f\" data-element_type=\"widget\" data-widget_type=\"image.default\">\n\t\t\t\t<div class=\"elementor-widget-container\">\n\t\t\t\t\t\t\t\t\t\t\t\t\t\t\t<img alt=\"\" fetchpriority=\"high\" decoding=\"async\" width=\"1559\" height=\"1835\" src=\"https:\/\/www.sfmpower.com\/wp-content\/uploads\/2025\/01\/\u5e94\u7528\u573a\u666f.jpg\" class=\"attachment-full size-full wp-image-596\" srcset=\"https:\/\/www.sfmpower.com\/wp-content\/uploads\/2025\/01\/\u5e94\u7528\u573a\u666f.jpg 1559w, https:\/\/www.sfmpower.com\/wp-content\/uploads\/2025\/01\/\u5e94\u7528\u573a\u666f-255x300.jpg 255w, https:\/\/www.sfmpower.com\/wp-content\/uploads\/2025\/01\/\u5e94\u7528\u573a\u666f-870x1024.jpg 870w, https:\/\/www.sfmpower.com\/wp-content\/uploads\/2025\/01\/\u5e94\u7528\u573a\u666f-768x904.jpg 768w, https:\/\/www.sfmpower.com\/wp-content\/uploads\/2025\/01\/\u5e94\u7528\u573a\u666f-1305x1536.jpg 1305w, https:\/\/www.sfmpower.com\/wp-content\/uploads\/2025\/01\/\u5e94\u7528\u573a\u666f-600x706.jpg 600w\" sizes=\"(max-width: 1559px) 100vw, 1559px\" \/>\t\t\t\t\t\t\t\t\t\t\t\t\t\t\t<\/div>\n\t\t\t\t<\/div>\n\t\t\t\t\t<\/div>\n\t\t\t\t<\/div>\n\t\t\t\t<\/div>\n\t\t\t\t\t<\/div>\n\t\t<\/div>\n\t\t\t\t\t\t<\/div>\n\t\t\t\t<\/div>\n\t\t\t\t\t<\/div>\n\t\t\t\t<\/div>\n\t\t\t\t<\/div>","protected":false},"excerpt":{"rendered":"<p>Puissance de sortie \u00e9lev\u00e9e, adapt\u00e9e \u00e0 toutes sortes d'outils \u00e9lectriques et d'\u00e9quipements \u00e9lectriques 110V\/220V ;<\/p>\n<p>Peut \u00eatre \u00e9quip\u00e9 d'un syst\u00e8me d'\u00e9clairage mobile pour fournir un \u00e9clairage nocturne pour les travaux de nuit ;<\/p>\n<p>Peut correspondre \u00e0 une machine \u00e0 souder DC basse tension 48V, peut r\u00e9aliser des soudures longues d'\u00e9lectrodes \u03a62.5-3.2mm ;<\/p>\n<p>Dispositif de protection contre les surcharges int\u00e9gr\u00e9 pour \u00e9viter les dommages caus\u00e9s \u00e0 l'\u00e9quipement par une surcharge \u00e9lectrique ;<\/p>\n<p>Chargement rapide, 0-80% charge en 2 heures, charge compl\u00e8te en 3 heures environ ;<\/p>\n<p>Module de batterie au lithium longue dur\u00e9e, dur\u00e9e de vie de la batterie allant jusqu'\u00e0 8-10 ans ;<\/p>\n<p>Circuit de protection de la batterie \u00e0 gamme compl\u00e8te, s\u00fbr et s\u00e9curis\u00e9.<\/p>","protected":false},"featured_media":1042,"template":"","meta":{"_seopress_robots_primary_cat":"none","_seopress_titles_title":"","_seopress_titles_desc":"","_seopress_robots_index":"","_joinchat":[]},"product_brand":[],"product_cat":[29],"product_tag":[],"class_list":{"0":"post-657","1":"product","2":"type-product","3":"status-publish","4":"has-post-thumbnail","6":"product_cat-industrial-portable-power-station","8":"first","9":"instock","10":"shipping-taxable","11":"product-type-simple"},"_links":{"self":[{"href":"https:\/\/www.sfmpower.com\/fr\/wp-json\/wp\/v2\/product\/657","targetHints":{"allow":["GET"]}}],"collection":[{"href":"https:\/\/www.sfmpower.com\/fr\/wp-json\/wp\/v2\/product"}],"about":[{"href":"https:\/\/www.sfmpower.com\/fr\/wp-json\/wp\/v2\/types\/product"}],"version-history":[{"count":0,"href":"https:\/\/www.sfmpower.com\/fr\/wp-json\/wp\/v2\/product\/657\/revisions"}],"wp:featuredmedia":[{"embeddable":true,"href":"https:\/\/www.sfmpower.com\/fr\/wp-json\/wp\/v2\/media\/1042"}],"wp:attachment":[{"href":"https:\/\/www.sfmpower.com\/fr\/wp-json\/wp\/v2\/media?parent=657"}],"wp:term":[{"taxonomy":"product_brand","embeddable":true,"href":"https:\/\/www.sfmpower.com\/fr\/wp-json\/wp\/v2\/product_brand?post=657"},{"taxonomy":"product_cat","embeddable":true,"href":"https:\/\/www.sfmpower.com\/fr\/wp-json\/wp\/v2\/product_cat?post=657"},{"taxonomy":"product_tag","embeddable":true,"href":"https:\/\/www.sfmpower.com\/fr\/wp-json\/wp\/v2\/product_tag?post=657"}],"curies":[{"name":"wp","href":"https:\/\/api.w.org\/{rel}","templated":true}]}}