{"id":590,"date":"2025-01-13T13:16:03","date_gmt":"2025-01-13T05:16:03","guid":{"rendered":"https:\/\/www.sfmpower.com\/?post_type=product&#038;p=590"},"modified":"2025-03-01T09:54:15","modified_gmt":"2025-03-01T01:54:15","slug":"ps-3200","status":"publish","type":"product","link":"https:\/\/www.sfmpower.com\/fr\/produit\/ps-3200\/","title":{"rendered":"PS-3200T"},"content":{"rendered":"<div data-elementor-type=\"product-post\" data-elementor-id=\"590\" class=\"elementor elementor-590\" data-elementor-post-type=\"product\">\n\t\t\t\t<div class=\"elementor-element elementor-element-33416e6 e-flex e-con-boxed e-con e-parent\" data-id=\"33416e6\" data-element_type=\"container\">\n\t\t\t\t\t<div class=\"e-con-inner\">\n\t\t\t\t<div class=\"elementor-element elementor-element-cef4d8d e-n-tabs-mobile elementor-widget elementor-widget-n-tabs\" data-id=\"cef4d8d\" data-element_type=\"widget\" data-settings=\"{&quot;tabs_justify_horizontal&quot;:&quot;start&quot;,&quot;horizontal_scroll&quot;:&quot;disable&quot;}\" data-widget_type=\"nested-tabs.default\">\n\t\t\t\t<div class=\"elementor-widget-container\">\n\t\t\t\t\t\t\t<div class=\"e-n-tabs\" data-widget-number=\"217009549\" aria-label=\"\ud0ed\uc744 \ud074\ub9ad\ud569\ub2c8\ub2e4. Enter \ub610\ub294 \uc2a4\ud398\uc774\uc2a4\ub85c \ud56d\ubaa9\uc744 \uc5f4\uace0, Escape\ub85c \ub2eb\uace0, \ud654\uc0b4\ud45c \ud0a4\ub97c \uc0ac\uc6a9\ud558\uc5ec \ud0d0\uc0c9\ud569\ub2c8\ub2e4.\">\n\t\t\t<div class=\"e-n-tabs-heading\" role=\"tablist\">\n\t\t\t\t\t<button id=\"e-n-tab-title-2170095491\" class=\"e-n-tab-title\" aria-selected=\"true\" data-tab-index=\"1\" role=\"tab\" tabindex=\"0\" aria-controls=\"e-n-tab-content-2170095491\" style=\"--n-tabs-title-order: 1;\">\n\t\t\t\t\t\t<span class=\"e-n-tab-title-text\">\n\t\t\t\tTableau de r\u00e9f\u00e9rence de l'endurance des \u00e9quipements\t\t\t<\/span>\n\t\t<\/button>\n\t\t\t\t<button id=\"e-n-tab-title-2170095492\" class=\"e-n-tab-title\" aria-selected=\"false\" data-tab-index=\"2\" role=\"tab\" tabindex=\"-1\" aria-controls=\"e-n-tab-content-2170095492\" style=\"--n-tabs-title-order: 2;\">\n\t\t\t\t\t\t<span class=\"e-n-tab-title-text\">\n\t\t\t\tPARAM\u00c8TRES TECHNIQUES\t\t\t<\/span>\n\t\t<\/button>\n\t\t\t\t<button id=\"e-n-tab-title-2170095493\" class=\"e-n-tab-title\" aria-selected=\"false\" data-tab-index=\"3\" role=\"tab\" tabindex=\"-1\" aria-controls=\"e-n-tab-content-2170095493\" style=\"--n-tabs-title-order: 3;\">\n\t\t\t\t\t\t<span class=\"e-n-tab-title-text\">\n\t\t\t\tCAS D'UTILISATION PARTIEL\t\t\t<\/span>\n\t\t<\/button>\n\t\t\t\t\t<\/div>\n\t\t\t<div class=\"e-n-tabs-content\">\n\t\t\t\t<div id=\"e-n-tab-content-2170095491\" role=\"tabpanel\" aria-labelledby=\"e-n-tab-title-2170095491\" data-tab-index=\"1\" style=\"--n-tabs-title-order: 1;\" class=\"e-active elementor-element elementor-element-ac502e6 e-con-full e-flex e-con e-child\" data-id=\"ac502e6\" data-element_type=\"container\">\n\t\t<div class=\"elementor-element elementor-element-915aff1 e-flex e-con-boxed e-con e-child\" data-id=\"915aff1\" data-element_type=\"container\">\n\t\t\t\t\t<div class=\"e-con-inner\">\n\t\t\t\t<div class=\"elementor-element elementor-element-bba87af elementor-widget elementor-widget-text-editor\" data-id=\"bba87af\" data-element_type=\"widget\" data-widget_type=\"text-editor.default\">\n\t\t\t\t<div class=\"elementor-widget-container\">\n\t\t\t\t\t\t\t\t\t<table width=\"227\"><tbody><tr><td width=\"162\">Type<\/td><td width=\"64\">PS-3200T<\/td><\/tr><tr><td>Alimentation 220V<\/td><td>3500W<\/td><\/tr><tr><td>Capacit\u00e9 de la batterie<\/td><td>1382Wh<\/td><\/tr><tr><td width=\"162\">26Marteau \u00e9lectrique\u03c614Perceuse<\/td><td>853\u00a0<\/td><\/tr><tr><td>Pic \u00e9lectrique (heure)<\/td><td>3.1h<\/td><\/tr><tr><td width=\"162\">350 Barre de coupe (heure)<\/td><td>2h<\/td><\/tr><tr><td width=\"162\">110 Barre de coupe (heure)<\/td><td>5.4h<\/td><\/tr><tr><td width=\"162\">100 Meuleuse d'angle (heure)<\/td><td>8.3h<\/td><\/tr><tr><td width=\"162\">Cl\u00e9 \u00e9lectrique (Temps de charge)<\/td><td>15\u00a0<\/td><\/tr><tr><td width=\"162\">Lampe LED 100W (heure)<\/td><td>13.7h<\/td><\/tr><tr><td>Ventilateur de sol (heure)<\/td><td>27.5h<\/td><\/tr><tr><td>Bureau (heure)<\/td><td>11.9h<\/td><\/tr><tr><td width=\"162\">TV couleur 70 pouces (heure)<\/td><td>14.7h<\/td><\/tr><tr><td colspan=\"2\" width=\"227\">Note:Les param\u00e8tres ci-dessus sont calcul\u00e9s en fonction de l'utilisation habituelle de l'utilisateur, et la dur\u00e9e d'utilisation r\u00e9elle varie en fonction des habitudes d'utilisation du client et de la puissance sp\u00e9cifique de l'\u00e9quipement \u00e9lectrique.<\/td><\/tr><\/tbody><\/table>\t\t\t\t\t\t\t\t<\/div>\n\t\t\t\t<\/div>\n\t\t\t\t\t<\/div>\n\t\t\t\t<\/div>\n\t\t\t\t<\/div>\n\t\t<div id=\"e-n-tab-content-2170095492\" role=\"tabpanel\" aria-labelledby=\"e-n-tab-title-2170095492\" data-tab-index=\"2\" style=\"--n-tabs-title-order: 2;\" class=\"elementor-element elementor-element-988a03f e-con-full e-flex e-con e-child\" data-id=\"988a03f\" data-element_type=\"container\">\n\t\t<div class=\"elementor-element elementor-element-20021dd e-flex e-con-boxed e-con e-child\" data-id=\"20021dd\" data-element_type=\"container\">\n\t\t\t\t\t<div class=\"e-con-inner\">\n\t\t\t\t<div class=\"elementor-element elementor-element-d849853 elementor-widget elementor-widget-text-editor\" data-id=\"d849853\" data-element_type=\"widget\" data-widget_type=\"text-editor.default\">\n\t\t\t\t<div class=\"elementor-widget-container\">\n\t\t\t\t\t\t\t\t\t<table width=\"422\"><tbody><tr><td width=\"191\">\u00a0<\/td><td width=\"231\">PS-3200<\/td><\/tr><tr><td width=\"191\">26 \u00c9lectrique<br \/>Marteau \u03c614Fraise<\/td><td width=\"231\">853\u00a0<\/td><\/tr><tr><td width=\"191\">350Cut-off<br \/>Scie (heure)<\/td><td width=\"231\">2h<\/td><\/tr><tr><td width=\"191\">100 Angle<br \/>Broyeur (heure)<\/td><td width=\"231\">8.3h<\/td><\/tr><tr><td width=\"191\">Lampe LED 100W<br \/>(heure)<\/td><td width=\"231\">13.7h<\/td><\/tr><tr><td width=\"191\">Bureau (heure)<\/td><td width=\"231\">11.9h<\/td><\/tr><tr><td width=\"191\">Pique \u00e9lectrique<br \/>(heure)<\/td><td width=\"231\">3.1h<\/td><\/tr><tr><td width=\"191\">110Cutterbar<br \/>(heure\uff09<\/td><td width=\"231\">5.4h<\/td><\/tr><tr><td width=\"191\">Cl\u00e9 \u00e9lectrique<br \/>(Chargetimes)<\/td><td width=\"231\">15\u00a0<\/td><\/tr><tr><td width=\"191\">Ventilateur de sol (heure)<\/td><td width=\"231\">27.5h<\/td><\/tr><tr><td width=\"191\">70 pouces Couleur<br \/>TV(heure)<\/td><td width=\"231\">14.7h<\/td><\/tr><tr><td colspan=\"2\" width=\"422\">Note : Les param\u00e8tres ci-dessus sont calcul\u00e9s en fonction de l'utilisation habituelle de l'utilisateur, et la dur\u00e9e d'utilisation r\u00e9elle varie en fonction des habitudes d'utilisation du client et de la puissance sp\u00e9cifique de l'\u00e9quipement \u00e9lectrique.<\/td><\/tr><\/tbody><\/table>\t\t\t\t\t\t\t\t<\/div>\n\t\t\t\t<\/div>\n\t\t\t\t\t<\/div>\n\t\t\t\t<\/div>\n\t\t\t\t<\/div>\n\t\t<div id=\"e-n-tab-content-2170095493\" role=\"tabpanel\" aria-labelledby=\"e-n-tab-title-2170095493\" data-tab-index=\"3\" style=\"--n-tabs-title-order: 3;\" class=\"elementor-element elementor-element-1a94325 e-con-full e-flex e-con e-child\" data-id=\"1a94325\" data-element_type=\"container\">\n\t\t<div class=\"elementor-element elementor-element-ea4a2a9 e-flex e-con-boxed e-con e-child\" data-id=\"ea4a2a9\" data-element_type=\"container\">\n\t\t\t\t\t<div class=\"e-con-inner\">\n\t\t\t\t<div class=\"elementor-element elementor-element-e51af3f elementor-widget elementor-widget-image\" data-id=\"e51af3f\" data-element_type=\"widget\" data-widget_type=\"image.default\">\n\t\t\t\t<div class=\"elementor-widget-container\">\n\t\t\t\t\t\t\t\t\t\t\t\t\t\t\t<img alt=\"\" fetchpriority=\"high\" decoding=\"async\" width=\"1559\" height=\"1835\" src=\"https:\/\/www.sfmpower.com\/wp-content\/uploads\/2025\/01\/\u5e94\u7528\u573a\u666f.jpg\" class=\"attachment-full size-full wp-image-596\" srcset=\"https:\/\/www.sfmpower.com\/wp-content\/uploads\/2025\/01\/\u5e94\u7528\u573a\u666f.jpg 1559w, https:\/\/www.sfmpower.com\/wp-content\/uploads\/2025\/01\/\u5e94\u7528\u573a\u666f-255x300.jpg 255w, https:\/\/www.sfmpower.com\/wp-content\/uploads\/2025\/01\/\u5e94\u7528\u573a\u666f-870x1024.jpg 870w, https:\/\/www.sfmpower.com\/wp-content\/uploads\/2025\/01\/\u5e94\u7528\u573a\u666f-768x904.jpg 768w, https:\/\/www.sfmpower.com\/wp-content\/uploads\/2025\/01\/\u5e94\u7528\u573a\u666f-1305x1536.jpg 1305w, https:\/\/www.sfmpower.com\/wp-content\/uploads\/2025\/01\/\u5e94\u7528\u573a\u666f-600x706.jpg 600w\" sizes=\"(max-width: 1559px) 100vw, 1559px\" \/>\t\t\t\t\t\t\t\t\t\t\t\t\t\t\t<\/div>\n\t\t\t\t<\/div>\n\t\t\t\t\t<\/div>\n\t\t\t\t<\/div>\n\t\t\t\t<\/div>\n\t\t\t\t\t<\/div>\n\t\t<\/div>\n\t\t\t\t\t\t<\/div>\n\t\t\t\t<\/div>\n\t\t\t\t\t<\/div>\n\t\t\t\t<\/div>\n\t\t\t\t<\/div>","protected":false},"excerpt":{"rendered":"<p><b>Centrale multifonctionnelle de stockage d'\u00e9nergie appliqu\u00e9e \u00e0 l'industrie automobile <\/b><b>champ de construction ext\u00e9rieur <\/b><\/p>\n<p>Sortie haute puissance AC110V\/220V\/3500W, adapt\u00e9e aux outils \u00e9lectriques 110V\/220V et \u00e0 l'\u00e9quipement \u00e9lectrique ;<\/p>\n<p>Peut correspondre \u00e0 une machine \u00e0 souder 48V DC, peut r\u00e9aliser des soudures longues d'\u00e9lectrodes \u03a6 2.5-3.2mm ;<\/p>\n<p>Dispositif de protection contre les surcharges int\u00e9gr\u00e9 pour \u00e9viter les dommages caus\u00e9s \u00e0 l'\u00e9quipement par une surcharge \u00e9lectrique ;<\/p>\n<p>Module de batterie au lithium longue dur\u00e9e, dur\u00e9e de vie de la batterie allant jusqu'\u00e0 8-10 ans ;<\/p>\n<p>Circuit de protection de la batterie \u00e0 gamme compl\u00e8te, s\u00fbr et s\u00e9curis\u00e9 ;<\/p>\n<p>Fournir un courant de 16A pour l'alimentation de la voiture de recharge ;<\/p>\n<p>Bo\u00eete \u00e0 main de type portable, l\u00e9g\u00e8re et pratique.<\/p>","protected":false},"featured_media":1039,"template":"","meta":{"_seopress_robots_primary_cat":"none","_seopress_titles_title":"","_seopress_titles_desc":"","_seopress_robots_index":"","_joinchat":[]},"product_brand":[],"product_cat":[29],"product_tag":[],"class_list":{"0":"post-590","1":"product","2":"type-product","3":"status-publish","4":"has-post-thumbnail","6":"product_cat-industrial-portable-power-station","8":"first","9":"instock","10":"shipping-taxable","11":"product-type-simple"},"_links":{"self":[{"href":"https:\/\/www.sfmpower.com\/fr\/wp-json\/wp\/v2\/product\/590","targetHints":{"allow":["GET"]}}],"collection":[{"href":"https:\/\/www.sfmpower.com\/fr\/wp-json\/wp\/v2\/product"}],"about":[{"href":"https:\/\/www.sfmpower.com\/fr\/wp-json\/wp\/v2\/types\/product"}],"version-history":[{"count":0,"href":"https:\/\/www.sfmpower.com\/fr\/wp-json\/wp\/v2\/product\/590\/revisions"}],"wp:featuredmedia":[{"embeddable":true,"href":"https:\/\/www.sfmpower.com\/fr\/wp-json\/wp\/v2\/media\/1039"}],"wp:attachment":[{"href":"https:\/\/www.sfmpower.com\/fr\/wp-json\/wp\/v2\/media?parent=590"}],"wp:term":[{"taxonomy":"product_brand","embeddable":true,"href":"https:\/\/www.sfmpower.com\/fr\/wp-json\/wp\/v2\/product_brand?post=590"},{"taxonomy":"product_cat","embeddable":true,"href":"https:\/\/www.sfmpower.com\/fr\/wp-json\/wp\/v2\/product_cat?post=590"},{"taxonomy":"product_tag","embeddable":true,"href":"https:\/\/www.sfmpower.com\/fr\/wp-json\/wp\/v2\/product_tag?post=590"}],"curies":[{"name":"wp","href":"https:\/\/api.w.org\/{rel}","templated":true}]}}