{"id":787,"date":"2025-01-10T10:36:10","date_gmt":"2025-01-10T02:36:10","guid":{"rendered":"https:\/\/www.sfmpower.com\/?post_type=product&#038;p=787"},"modified":"2025-01-15T10:17:15","modified_gmt":"2025-01-15T02:17:15","slug":"ps-60138","status":"publish","type":"product","link":"https:\/\/www.sfmpower.com\/es\/producto\/ps-60138\/","title":{"rendered":"PS-60138"},"content":{"rendered":"<div data-elementor-type=\"product-post\" data-elementor-id=\"787\" class=\"elementor elementor-787\" data-elementor-post-type=\"product\">\n\t\t\t\t<div class=\"elementor-element elementor-element-33416e6 e-flex e-con-boxed e-con e-parent\" data-id=\"33416e6\" data-element_type=\"container\">\n\t\t\t\t\t<div class=\"e-con-inner\">\n\t\t\t\t<div class=\"elementor-element elementor-element-cef4d8d e-n-tabs-mobile elementor-widget elementor-widget-n-tabs\" data-id=\"cef4d8d\" data-element_type=\"widget\" data-settings=\"{&quot;tabs_justify_horizontal&quot;:&quot;start&quot;,&quot;horizontal_scroll&quot;:&quot;disable&quot;}\" data-widget_type=\"nested-tabs.default\">\n\t\t\t\t<div class=\"elementor-widget-container\">\n\t\t\t\t\t\t\t<div class=\"e-n-tabs\" data-widget-number=\"217009549\" aria-label=\"Pesta\u00f1as. Abre elementos con Intro o Espacio, ci\u00e9rralos con Escape y navega con las fechas.\">\n\t\t\t<div class=\"e-n-tabs-heading\" role=\"tablist\">\n\t\t\t\t\t<button id=\"e-n-tab-title-2170095491\" class=\"e-n-tab-title\" aria-selected=\"true\" data-tab-index=\"1\" role=\"tab\" tabindex=\"0\" aria-controls=\"e-n-tab-content-2170095491\" style=\"--n-tabs-title-order: 1;\">\n\t\t\t\t\t\t<span class=\"e-n-tab-title-text\">\n\t\t\t\tTabla de referencia de la resistencia del equipo\t\t\t<\/span>\n\t\t<\/button>\n\t\t\t\t<button id=\"e-n-tab-title-2170095492\" class=\"e-n-tab-title\" aria-selected=\"false\" data-tab-index=\"2\" role=\"tab\" tabindex=\"-1\" aria-controls=\"e-n-tab-content-2170095492\" style=\"--n-tabs-title-order: 2;\">\n\t\t\t\t\t\t<span class=\"e-n-tab-title-text\">\n\t\t\t\tCASO DE USO PARCIAL\t\t\t<\/span>\n\t\t<\/button>\n\t\t\t\t\t<\/div>\n\t\t\t<div class=\"e-n-tabs-content\">\n\t\t\t\t<div id=\"e-n-tab-content-2170095491\" role=\"tabpanel\" aria-labelledby=\"e-n-tab-title-2170095491\" data-tab-index=\"1\" style=\"--n-tabs-title-order: 1;\" class=\"e-active elementor-element elementor-element-ac502e6 e-con-full e-flex e-con e-child\" data-id=\"ac502e6\" data-element_type=\"container\">\n\t\t<div class=\"elementor-element elementor-element-915aff1 e-flex e-con-boxed e-con e-child\" data-id=\"915aff1\" data-element_type=\"container\">\n\t\t\t\t\t<div class=\"e-con-inner\">\n\t\t\t\t<div class=\"elementor-element elementor-element-bba87af elementor-widget elementor-widget-text-editor\" data-id=\"bba87af\" data-element_type=\"widget\" data-widget_type=\"text-editor.default\">\n\t\t\t\t<div class=\"elementor-widget-container\">\n\t\t\t\t\t\t\t\t\t<table width=\"461\"><tbody><tr><td width=\"235\">\u00a0<\/td><td width=\"226\">PS-60138<\/td><\/tr><tr><td width=\"235\">Potencia m\u00e1xima de salida de CA<\/td><td width=\"226\">60KW<\/td><\/tr><tr><td width=\"235\">Potencia m\u00e1xima de entrada A<\/td><td width=\"226\">60KW<\/td><\/tr><tr><td width=\"235\">Capacidad del sistemaRango<\/td><td width=\"226\">138,24 kWh<\/td><\/tr><tr><td width=\"235\">Tipo de bater\u00eda<\/td><td width=\"226\">LiFePO4<\/td><\/tr><tr><td width=\"235\">Clase de protecci\u00f3n<\/td><td width=\"226\">IP55<\/td><\/tr><tr><td width=\"235\">Tensi\u00f3n CA<\/td><td width=\"226\">Monof\u00e1sico AC220V\/Trif\u00e1sico AC380V<\/td><\/tr><tr><td width=\"235\">Rango de tensi\u00f3n de la bater\u00eda<\/td><td width=\"226\">500V-900V<\/td><\/tr><tr><td width=\"235\">Carga m\u00e1xima y<br \/>Corriente de descarga<\/td><td width=\"226\">200A<\/td><\/tr><tr><td width=\"235\">Frecuencia nominal<\/td><td width=\"226\">50\/60 Hz<\/td><\/tr><tr><td width=\"235\">Tensi\u00f3n nominal de la bater\u00eda<\/td><td width=\"226\">691.2V<\/td><\/tr><tr><td width=\"235\">Capacidad nominal de la bater\u00eda<\/td><td width=\"226\">200Ah<\/td><\/tr><tr><td width=\"235\"><br \/>N\u00famero de ciclos de la bater\u00eda<\/td><td width=\"226\">\u22656000 veces<\/td><\/tr><\/tbody><\/table>\t\t\t\t\t\t\t\t<\/div>\n\t\t\t\t<\/div>\n\t\t\t\t\t<\/div>\n\t\t\t\t<\/div>\n\t\t\t\t<\/div>\n\t\t<div id=\"e-n-tab-content-2170095492\" role=\"tabpanel\" aria-labelledby=\"e-n-tab-title-2170095492\" data-tab-index=\"2\" style=\"--n-tabs-title-order: 2;\" class=\"elementor-element elementor-element-1a94325 e-con-full e-flex e-con e-child\" data-id=\"1a94325\" data-element_type=\"container\">\n\t\t<div class=\"elementor-element elementor-element-ea4a2a9 e-flex e-con-boxed e-con e-child\" data-id=\"ea4a2a9\" data-element_type=\"container\">\n\t\t\t\t\t<div class=\"e-con-inner\">\n\t\t\t\t<div class=\"elementor-element elementor-element-e51af3f elementor-widget elementor-widget-image\" data-id=\"e51af3f\" data-element_type=\"widget\" data-widget_type=\"image.default\">\n\t\t\t\t<div class=\"elementor-widget-container\">\n\t\t\t\t\t\t\t\t\t\t\t\t\t\t\t<img alt=\"\" fetchpriority=\"high\" decoding=\"async\" width=\"1559\" height=\"1835\" src=\"https:\/\/www.sfmpower.com\/wp-content\/uploads\/2025\/01\/\u5e94\u7528\u573a\u666f.jpg\" class=\"attachment-full size-full wp-image-596\" srcset=\"https:\/\/www.sfmpower.com\/wp-content\/uploads\/2025\/01\/\u5e94\u7528\u573a\u666f.jpg 1559w, https:\/\/www.sfmpower.com\/wp-content\/uploads\/2025\/01\/\u5e94\u7528\u573a\u666f-255x300.jpg 255w, https:\/\/www.sfmpower.com\/wp-content\/uploads\/2025\/01\/\u5e94\u7528\u573a\u666f-870x1024.jpg 870w, https:\/\/www.sfmpower.com\/wp-content\/uploads\/2025\/01\/\u5e94\u7528\u573a\u666f-768x904.jpg 768w, https:\/\/www.sfmpower.com\/wp-content\/uploads\/2025\/01\/\u5e94\u7528\u573a\u666f-1305x1536.jpg 1305w, https:\/\/www.sfmpower.com\/wp-content\/uploads\/2025\/01\/\u5e94\u7528\u573a\u666f-600x706.jpg 600w\" sizes=\"(max-width: 1559px) 100vw, 1559px\" \/>\t\t\t\t\t\t\t\t\t\t\t\t\t\t\t<\/div>\n\t\t\t\t<\/div>\n\t\t\t\t\t<\/div>\n\t\t\t\t<\/div>\n\t\t\t\t<\/div>\n\t\t\t\t\t<\/div>\n\t\t<\/div>\n\t\t\t\t\t\t<\/div>\n\t\t\t\t<\/div>\n\t\t\t\t\t<\/div>\n\t\t\t\t<\/div>\n\t\t\t\t<\/div>","protected":false},"excerpt":{"rendered":"<p><b>Central el\u00e9ctrica multifuncional de almacenamiento de energ\u00eda aplicada a la construcci\u00f3n en exteriores <\/b><\/p>\n<p>Salida estable, utilizada para la alimentaci\u00f3n in situ de herramientas el\u00e9ctricas y equipos el\u00e9ctricos de 110 V\/220 V;<\/p>\n<p>M\u00f3dulo de bater\u00eda de litio de larga duraci\u00f3n, duraci\u00f3n de la bater\u00eda de hasta 8-10 a\u00f1os;<\/p>\n<p>Salida de onda sinusoidal pura de 110V\/220V\/4000W, adecuada para cualquier equipo el\u00e9ctrico;<\/p>\n<p>Admite electrodos de celulosa y electrodos de bajo hidr\u00f3geno para soldadura y corte;<\/p>\n<p>Admite el uso simult\u00e1neo de la funci\u00f3n de soldadura y la salida de corriente alterna;<\/p>\n<p>Dispositivo externo de protecci\u00f3n contra sobrecargas para evitar da\u00f1os en el equipo causados por la sobrecarga del aparato;<\/p>\n<p>Puede conectarse a m\u00f3dulos de bater\u00edas externas para una autonom\u00eda ilimitada;<\/p>\n<p>Bajo nivel de salpicaduras, circuito de soldadura y corte de CC pura, doble uso para soldadura manual y soldadura por arco;<\/p>\n<p>Circuito de protecci\u00f3n integral, con protecci\u00f3n contra subtensi\u00f3n, cortocircuito, sobrecalentamiento, sobrecarga, fugas y sobredescarga, para garantizar la seguridad.<\/p>","protected":false},"featured_media":1052,"template":"","meta":{"_seopress_robots_primary_cat":"none","_seopress_titles_title":"","_seopress_titles_desc":"","_seopress_robots_index":"","_joinchat":[]},"product_brand":[],"product_cat":[29],"product_tag":[],"class_list":{"0":"post-787","1":"product","2":"type-product","3":"status-publish","4":"has-post-thumbnail","6":"product_cat-industrial-portable-power-station","8":"first","9":"instock","10":"shipping-taxable","11":"product-type-simple"},"_links":{"self":[{"href":"https:\/\/www.sfmpower.com\/es\/wp-json\/wp\/v2\/product\/787","targetHints":{"allow":["GET"]}}],"collection":[{"href":"https:\/\/www.sfmpower.com\/es\/wp-json\/wp\/v2\/product"}],"about":[{"href":"https:\/\/www.sfmpower.com\/es\/wp-json\/wp\/v2\/types\/product"}],"version-history":[{"count":0,"href":"https:\/\/www.sfmpower.com\/es\/wp-json\/wp\/v2\/product\/787\/revisions"}],"wp:featuredmedia":[{"embeddable":true,"href":"https:\/\/www.sfmpower.com\/es\/wp-json\/wp\/v2\/media\/1052"}],"wp:attachment":[{"href":"https:\/\/www.sfmpower.com\/es\/wp-json\/wp\/v2\/media?parent=787"}],"wp:term":[{"taxonomy":"product_brand","embeddable":true,"href":"https:\/\/www.sfmpower.com\/es\/wp-json\/wp\/v2\/product_brand?post=787"},{"taxonomy":"product_cat","embeddable":true,"href":"https:\/\/www.sfmpower.com\/es\/wp-json\/wp\/v2\/product_cat?post=787"},{"taxonomy":"product_tag","embeddable":true,"href":"https:\/\/www.sfmpower.com\/es\/wp-json\/wp\/v2\/product_tag?post=787"}],"curies":[{"name":"wp","href":"https:\/\/api.w.org\/{rel}","templated":true}]}}