{"id":767,"date":"2025-01-13T13:19:10","date_gmt":"2025-01-13T05:19:10","guid":{"rendered":"https:\/\/www.sfmpower.com\/?post_type=product&#038;p=767"},"modified":"2025-02-12T17:04:08","modified_gmt":"2025-02-12T09:04:08","slug":"lw-270","status":"publish","type":"product","link":"https:\/\/www.sfmpower.com\/es\/producto\/lw-270\/","title":{"rendered":"LW-270"},"content":{"rendered":"<div data-elementor-type=\"product-post\" data-elementor-id=\"767\" class=\"elementor elementor-767\" data-elementor-post-type=\"product\">\n\t\t\t\t<div class=\"elementor-element elementor-element-33416e6 e-flex e-con-boxed e-con e-parent\" data-id=\"33416e6\" data-element_type=\"container\">\n\t\t\t\t\t<div class=\"e-con-inner\">\n\t\t\t\t<div class=\"elementor-element elementor-element-cef4d8d e-n-tabs-mobile elementor-widget elementor-widget-n-tabs\" data-id=\"cef4d8d\" data-element_type=\"widget\" data-settings=\"{&quot;tabs_justify_horizontal&quot;:&quot;start&quot;,&quot;horizontal_scroll&quot;:&quot;disable&quot;}\" data-widget_type=\"nested-tabs.default\">\n\t\t\t\t<div class=\"elementor-widget-container\">\n\t\t\t\t\t\t\t<div class=\"e-n-tabs\" data-widget-number=\"217009549\" aria-label=\"\u0412\u043a\u043b\u0430\u0434\u043a\u0438. \u041e\u0442\u043a\u0440\u044b\u0432\u0430\u0439\u0442\u0435 \u044d\u043b\u0435\u043c\u0435\u043d\u0442\u044b \u0441 \u043f\u043e\u043c\u043e\u0449\u044c\u044e \u043a\u043b\u0430\u0432\u0438\u0448 Enter \u0438\u043b\u0438 Space, \u0437\u0430\u043a\u0440\u044b\u0432\u0430\u0439\u0442\u0435 \u0441 \u043f\u043e\u043c\u043e\u0449\u044c\u044e Escape \u0438 \u043f\u0435\u0440\u0435\u043c\u0435\u0449\u0430\u0439\u0442\u0435\u0441\u044c \u0441 \u043f\u043e\u043c\u043e\u0449\u044c\u044e \u043a\u043b\u0430\u0432\u0438\u0448 \u0441\u043e \u0441\u0442\u0440\u0435\u043b\u043a\u0430\u043c\u0438.\">\n\t\t\t<div class=\"e-n-tabs-heading\" role=\"tablist\">\n\t\t\t\t\t<button id=\"e-n-tab-title-2170095491\" class=\"e-n-tab-title\" aria-selected=\"true\" data-tab-index=\"1\" role=\"tab\" tabindex=\"0\" aria-controls=\"e-n-tab-content-2170095491\" style=\"--n-tabs-title-order: 1;\">\n\t\t\t\t\t\t<span class=\"e-n-tab-title-text\">\n\t\t\t\tTabla de referencia de la resistencia del equipo\t\t\t<\/span>\n\t\t<\/button>\n\t\t\t\t<button id=\"e-n-tab-title-2170095492\" class=\"e-n-tab-title\" aria-selected=\"false\" data-tab-index=\"2\" role=\"tab\" tabindex=\"-1\" aria-controls=\"e-n-tab-content-2170095492\" style=\"--n-tabs-title-order: 2;\">\n\t\t\t\t\t\t<span class=\"e-n-tab-title-text\">\n\t\t\t\tBA-4850 PAR\u00c1METROS T\u00c9CNICOS\t\t\t<\/span>\n\t\t<\/button>\n\t\t\t\t<button id=\"e-n-tab-title-2170095493\" class=\"e-n-tab-title\" aria-selected=\"false\" data-tab-index=\"3\" role=\"tab\" tabindex=\"-1\" aria-controls=\"e-n-tab-content-2170095493\" style=\"--n-tabs-title-order: 3;\">\n\t\t\t\t\t\t<span class=\"e-n-tab-title-text\">\n\t\t\t\tCASO DE USO PARCIAL\t\t\t<\/span>\n\t\t<\/button>\n\t\t\t\t\t<\/div>\n\t\t\t<div class=\"e-n-tabs-content\">\n\t\t\t\t<div id=\"e-n-tab-content-2170095491\" role=\"tabpanel\" aria-labelledby=\"e-n-tab-title-2170095491\" data-tab-index=\"1\" style=\"--n-tabs-title-order: 1;\" class=\"e-active elementor-element elementor-element-ac502e6 e-con-full e-flex e-con e-child\" data-id=\"ac502e6\" data-element_type=\"container\">\n\t\t<div class=\"elementor-element elementor-element-915aff1 e-flex e-con-boxed e-con e-child\" data-id=\"915aff1\" data-element_type=\"container\">\n\t\t\t\t\t<div class=\"e-con-inner\">\n\t\t\t\t<div class=\"elementor-element elementor-element-bba87af elementor-widget elementor-widget-text-editor\" data-id=\"bba87af\" data-element_type=\"widget\" data-widget_type=\"text-editor.default\">\n\t\t\t\t<div class=\"elementor-widget-container\">\n\t\t\t\t\t\t\t\t\t<table width=\"805\"><tbody><tr><td width=\"130\">\u00a0 Tensi\u00f3n de salida<\/td><td width=\"130\">Corriente de entrada<\/td><td width=\"155\">\u00a0 Corriente de soldadura<\/td><td width=\"130\">P\u00e9rdida en vac\u00edo<\/td><td width=\"130\">Tensi\u00f3n en vac\u00edo<\/td><td width=\"130\">Tensi\u00f3n nominal de salida<\/td><\/tr><tr><td width=\"130\">AC220V\/380V<\/td><td width=\"130\">37A\/22A<\/td><td width=\"155\">0-140A(Modo de alimentaci\u00f3n)<br \/>0-150A(Modo bater\u00eda)<\/td><td width=\"130\">20W<\/td><td width=\"130\">70V<\/td><td width=\"130\">20.8-30V<\/td><\/tr><tr><td width=\"130\">Di\u00e1metro del electrodo<\/td><td width=\"130\">Material adecuado<\/td><td width=\"155\">Bater\u00eda externa<br \/>Rango de tensi\u00f3n de entrada<\/td><td width=\"130\">\u00a0 Funcionamiento<br \/>\u00a0 Temperatura<\/td><td width=\"130\">Tama\u00f1o (mm)<\/td><td width=\"130\">Peso (kg)<\/td><\/tr><tr><td width=\"130\">\u00a0 \u03c62,5-\u03c63,2mm<\/td><td width=\"130\">Acero inoxidable, acero al carbono, acero de baja aleaci\u00f3n<\/td><td width=\"155\">39V-54,6V<\/td><td width=\"130\">-20\u2103~45\u2103<\/td><td width=\"130\">460*215*345<\/td><td width=\"130\">9\u00a0<\/td><\/tr><\/tbody><\/table>\t\t\t\t\t\t\t\t<\/div>\n\t\t\t\t<\/div>\n\t\t\t\t\t<\/div>\n\t\t\t\t<\/div>\n\t\t\t\t<\/div>\n\t\t<div id=\"e-n-tab-content-2170095492\" role=\"tabpanel\" aria-labelledby=\"e-n-tab-title-2170095492\" data-tab-index=\"2\" style=\"--n-tabs-title-order: 2;\" class=\"elementor-element elementor-element-988a03f e-con-full e-flex e-con e-child\" data-id=\"988a03f\" data-element_type=\"container\">\n\t\t<div class=\"elementor-element elementor-element-20021dd e-flex e-con-boxed e-con e-child\" data-id=\"20021dd\" data-element_type=\"container\">\n\t\t\t\t\t<div class=\"e-con-inner\">\n\t\t\t\t<div class=\"elementor-element elementor-element-d849853 elementor-widget elementor-widget-text-editor\" data-id=\"d849853\" data-element_type=\"widget\" data-widget_type=\"text-editor.default\">\n\t\t\t\t<div class=\"elementor-widget-container\">\n\t\t\t\t\t\t\t\t\t<table width=\"512\"><tbody><tr><td width=\"128\">Capacidad de la bater\u00eda<\/td><td width=\"128\">Tensi\u00f3n est\u00e1ndar<\/td><td width=\"128\">Tensi\u00f3n de carga<\/td><td width=\"128\">Temperatura de funcionamiento<\/td><\/tr><tr><td width=\"128\">2405Wh<\/td><td width=\"128\">48V<\/td><td width=\"128\">39V-54,6V<\/td><td width=\"128\">-20\u2103~40\u2103<\/td><\/tr><tr><td width=\"128\">L\u00edmite de subtensi\u00f3n<\/td><td width=\"128\">Cargador<\/td><td width=\"128\">Tama\u00f1o (mm)<\/td><td width=\"128\">Peso (kg)<\/td><\/tr><tr><td width=\"128\">37V<\/td><td width=\"128\">220V\/15A<\/td><td width=\"128\">325x200x150<\/td><td width=\"128\">14.1\u00a0<\/td><\/tr><\/tbody><\/table>\t\t\t\t\t\t\t\t<\/div>\n\t\t\t\t<\/div>\n\t\t\t\t\t<\/div>\n\t\t\t\t<\/div>\n\t\t\t\t<\/div>\n\t\t<div id=\"e-n-tab-content-2170095493\" role=\"tabpanel\" aria-labelledby=\"e-n-tab-title-2170095493\" data-tab-index=\"3\" style=\"--n-tabs-title-order: 3;\" class=\"elementor-element elementor-element-1a94325 e-con-full e-flex e-con e-child\" data-id=\"1a94325\" data-element_type=\"container\">\n\t\t<div class=\"elementor-element elementor-element-ea4a2a9 e-flex e-con-boxed e-con e-child\" data-id=\"ea4a2a9\" data-element_type=\"container\">\n\t\t\t\t\t<div class=\"e-con-inner\">\n\t\t\t\t<div class=\"elementor-element elementor-element-e51af3f elementor-widget elementor-widget-image\" data-id=\"e51af3f\" data-element_type=\"widget\" data-widget_type=\"image.default\">\n\t\t\t\t<div class=\"elementor-widget-container\">\n\t\t\t\t\t\t\t\t\t\t\t\t\t\t\t<img alt=\"\" fetchpriority=\"high\" decoding=\"async\" width=\"1365\" height=\"1076\" src=\"https:\/\/www.sfmpower.com\/wp-content\/uploads\/2025\/02\/lw.webp\" class=\"attachment-full size-full wp-image-1195\" srcset=\"https:\/\/www.sfmpower.com\/wp-content\/uploads\/2025\/02\/lw.webp 1365w, https:\/\/www.sfmpower.com\/wp-content\/uploads\/2025\/02\/lw-300x236.webp 300w, https:\/\/www.sfmpower.com\/wp-content\/uploads\/2025\/02\/lw-1024x807.webp 1024w, https:\/\/www.sfmpower.com\/wp-content\/uploads\/2025\/02\/lw-768x605.webp 768w, https:\/\/www.sfmpower.com\/wp-content\/uploads\/2025\/02\/lw-15x12.webp 15w, https:\/\/www.sfmpower.com\/wp-content\/uploads\/2025\/02\/lw-600x473.webp 600w\" sizes=\"(max-width: 1365px) 100vw, 1365px\" \/>\t\t\t\t\t\t\t\t\t\t\t\t\t\t\t<\/div>\n\t\t\t\t<\/div>\n\t\t\t\t\t<\/div>\n\t\t\t\t<\/div>\n\t\t\t\t<\/div>\n\t\t\t\t\t<\/div>\n\t\t<\/div>\n\t\t\t\t\t\t<\/div>\n\t\t\t\t<\/div>\n\t\t\t\t\t<\/div>\n\t\t\t\t<\/div>\n\t\t\t\t<\/div>","protected":false},"excerpt":{"rendered":"<p>Dise\u00f1o port\u00e1til, compacto y ligero;<\/p>\n<p>Especialmente dise\u00f1ado para la construcci\u00f3n m\u00f3vil;<\/p>\n<p>Puede utilizar fuentes de alimentaci\u00f3n de 48V, 220V, 380V, super conveniente;<\/p>\n<p>Adaptable a m\u00faltiples entradas de bater\u00eda;<\/p>\n<p>Equipado con detecci\u00f3n autom\u00e1tica para 220V\/380V;<\/p>\n<p>Instalado con funci\u00f3n de iluminaci\u00f3n LED de alta intensidad, sin miedo de la construcci\u00f3n nocturna;<\/p>\n<p>Funci\u00f3n de protecci\u00f3n contra baja tensi\u00f3n de la bater\u00eda incorporada, que garantiza una vida \u00fatil segura de la bater\u00eda;<\/p>\n<p>Funci\u00f3n integrada de detecci\u00f3n inteligente de sobrecalentamiento y anomal\u00edas;<\/p>\n<p>Funci\u00f3n inteligente de detecci\u00f3n del nivel de bater\u00eda;<\/p>\n<p>Admite soldaduras largas con electrodos de 2,5 mm\/3,2 mm de di\u00e1metro;<\/p>\n<p>Funci\u00f3n de arranque-parada inteligente del ventilador.<\/p>","protected":false},"featured_media":1037,"template":"","meta":{"_seopress_robots_primary_cat":"none","_seopress_titles_title":"","_seopress_titles_desc":"","_seopress_robots_index":"","_joinchat":[]},"product_brand":[],"product_cat":[31],"product_tag":[],"class_list":{"0":"post-767","1":"product","2":"type-product","3":"status-publish","4":"has-post-thumbnail","6":"product_cat-battery-powered-welder","8":"first","9":"instock","10":"shipping-taxable","11":"product-type-simple"},"_links":{"self":[{"href":"https:\/\/www.sfmpower.com\/es\/wp-json\/wp\/v2\/product\/767","targetHints":{"allow":["GET"]}}],"collection":[{"href":"https:\/\/www.sfmpower.com\/es\/wp-json\/wp\/v2\/product"}],"about":[{"href":"https:\/\/www.sfmpower.com\/es\/wp-json\/wp\/v2\/types\/product"}],"version-history":[{"count":0,"href":"https:\/\/www.sfmpower.com\/es\/wp-json\/wp\/v2\/product\/767\/revisions"}],"wp:featuredmedia":[{"embeddable":true,"href":"https:\/\/www.sfmpower.com\/es\/wp-json\/wp\/v2\/media\/1037"}],"wp:attachment":[{"href":"https:\/\/www.sfmpower.com\/es\/wp-json\/wp\/v2\/media?parent=767"}],"wp:term":[{"taxonomy":"product_brand","embeddable":true,"href":"https:\/\/www.sfmpower.com\/es\/wp-json\/wp\/v2\/product_brand?post=767"},{"taxonomy":"product_cat","embeddable":true,"href":"https:\/\/www.sfmpower.com\/es\/wp-json\/wp\/v2\/product_cat?post=767"},{"taxonomy":"product_tag","embeddable":true,"href":"https:\/\/www.sfmpower.com\/es\/wp-json\/wp\/v2\/product_tag?post=767"}],"curies":[{"name":"wp","href":"https:\/\/api.w.org\/{rel}","templated":true}]}}