{"id":675,"date":"2025-01-10T10:46:51","date_gmt":"2025-01-10T02:46:51","guid":{"rendered":"https:\/\/www.sfmpower.com\/?post_type=product&#038;p=675"},"modified":"2025-01-15T10:15:08","modified_gmt":"2025-01-15T02:15:08","slug":"ps-1223","status":"publish","type":"product","link":"http:\/\/www.sfmpower.com\/es\/producto\/ps-1223\/","title":{"rendered":"PS-1223"},"content":{"rendered":"<div data-elementor-type=\"product-post\" data-elementor-id=\"675\" class=\"elementor elementor-675\" data-elementor-post-type=\"product\">\n\t\t\t\t<div class=\"elementor-element elementor-element-33416e6 e-flex e-con-boxed e-con e-parent\" data-id=\"33416e6\" data-element_type=\"container\">\n\t\t\t\t\t<div class=\"e-con-inner\">\n\t\t\t\t<div class=\"elementor-element elementor-element-cef4d8d e-n-tabs-mobile elementor-widget elementor-widget-n-tabs\" data-id=\"cef4d8d\" data-element_type=\"widget\" data-settings=\"{&quot;tabs_justify_horizontal&quot;:&quot;start&quot;,&quot;horizontal_scroll&quot;:&quot;disable&quot;}\" data-widget_type=\"nested-tabs.default\">\n\t\t\t\t<div class=\"elementor-widget-container\">\n\t\t\t\t\t\t\t<div class=\"e-n-tabs\" data-widget-number=\"217009549\" aria-label=\"Pesta\u00f1as. Abre elementos con Intro o Espacio, ci\u00e9rralos con Escape y navega con las Flechas.\">\n\t\t\t<div class=\"e-n-tabs-heading\" role=\"tablist\">\n\t\t\t\t\t<button id=\"e-n-tab-title-2170095491\" class=\"e-n-tab-title\" aria-selected=\"true\" data-tab-index=\"1\" role=\"tab\" tabindex=\"0\" aria-controls=\"e-n-tab-content-2170095491\" style=\"--n-tabs-title-order: 1;\">\n\t\t\t\t\t\t<span class=\"e-n-tab-title-text\">\n\t\t\t\tTabla de referencia de la resistencia del equipo\t\t\t<\/span>\n\t\t<\/button>\n\t\t\t\t<button id=\"e-n-tab-title-2170095492\" class=\"e-n-tab-title\" aria-selected=\"false\" data-tab-index=\"2\" role=\"tab\" tabindex=\"-1\" aria-controls=\"e-n-tab-content-2170095492\" style=\"--n-tabs-title-order: 2;\">\n\t\t\t\t\t\t<span class=\"e-n-tab-title-text\">\n\t\t\t\tPAR\u00c1METROS T\u00c9CNICOS\t\t\t<\/span>\n\t\t<\/button>\n\t\t\t\t<button id=\"e-n-tab-title-2170095493\" class=\"e-n-tab-title\" aria-selected=\"false\" data-tab-index=\"3\" role=\"tab\" tabindex=\"-1\" aria-controls=\"e-n-tab-content-2170095493\" style=\"--n-tabs-title-order: 3;\">\n\t\t\t\t\t\t<span class=\"e-n-tab-title-text\">\n\t\t\t\tCASO DE USO PARCIAL\t\t\t<\/span>\n\t\t<\/button>\n\t\t\t\t\t<\/div>\n\t\t\t<div class=\"e-n-tabs-content\">\n\t\t\t\t<div id=\"e-n-tab-content-2170095491\" role=\"tabpanel\" aria-labelledby=\"e-n-tab-title-2170095491\" data-tab-index=\"1\" style=\"--n-tabs-title-order: 1;\" class=\"e-active elementor-element elementor-element-ac502e6 e-con-full e-flex e-con e-child\" data-id=\"ac502e6\" data-element_type=\"container\">\n\t\t<div class=\"elementor-element elementor-element-915aff1 e-flex e-con-boxed e-con e-child\" data-id=\"915aff1\" data-element_type=\"container\">\n\t\t\t\t\t<div class=\"e-con-inner\">\n\t\t\t\t<div class=\"elementor-element elementor-element-bba87af elementor-widget elementor-widget-text-editor\" data-id=\"bba87af\" data-element_type=\"widget\" data-widget_type=\"text-editor.default\">\n\t\t\t\t<div class=\"elementor-widget-container\">\n\t\t\t\t\t\t\t\t\t<table width=\"227\"><tbody><tr><td width=\"162\">Tipo<\/td><td width=\"64\">PS-1223<\/td><\/tr><tr><td>Potencia 220V<\/td><td>12000W<\/td><\/tr><tr><td>Capacidad de la bater\u00eda<\/td><td>23552Wh<\/td><\/tr><tr><td width=\"162\">26El\u00e9ctrico<br \/>Martillo\u03c614Taladro<\/td><td>14552\u00a0<\/td><\/tr><tr><td>Pick el\u00e9ctrico(hora)<\/td><td>52.8h<\/td><\/tr><tr><td width=\"162\">350 Mecanismo de corte<br \/>\u00a0 (hora)<\/td><td>35.2h<\/td><\/tr><tr><td width=\"162\">110 Mecanismo de corte<br \/>\u00a0 (hora)<\/td><td>92h<\/td><\/tr><tr><td width=\"162\">100 \u00c1ngulo<br \/>\u00a0 Molinillo(hora)<\/td><td>141.9h<\/td><\/tr><tr><td width=\"162\">Llave el\u00e9ctrica<br \/>(Tiempos de carga)<\/td><td>264\u00a0<\/td><\/tr><tr><td width=\"162\">Luz LED de 100 W<br \/>(hora)<\/td><td>235h<\/td><\/tr><tr><td>Ventilador de pie(hora)<\/td><td>470h<\/td><\/tr><tr><td>\u00a0 Escritorio(hora)<\/td><td>203.6h<\/td><\/tr><tr><td width=\"162\">70 Pulgadas Color<br \/>\u00a0 TV(hora)<\/td><td>250.6h<\/td><\/tr><tr><td colspan=\"2\" width=\"227\">Nota: Los par\u00e1metros anteriores se calculan seg\u00fan el uso rutinario del usuario, y el tiempo de uso real var\u00eda seg\u00fan los h\u00e1bitos de uso del cliente y la potencia espec\u00edfica del equipo el\u00e9ctrico.<\/td><\/tr><\/tbody><\/table>\t\t\t\t\t\t\t\t<\/div>\n\t\t\t\t<\/div>\n\t\t\t\t\t<\/div>\n\t\t\t\t<\/div>\n\t\t\t\t<\/div>\n\t\t<div id=\"e-n-tab-content-2170095492\" role=\"tabpanel\" aria-labelledby=\"e-n-tab-title-2170095492\" data-tab-index=\"2\" style=\"--n-tabs-title-order: 2;\" class=\"elementor-element elementor-element-988a03f e-con-full e-flex e-con e-child\" data-id=\"988a03f\" data-element_type=\"container\">\n\t\t<div class=\"elementor-element elementor-element-20021dd e-flex e-con-boxed e-con e-child\" data-id=\"20021dd\" data-element_type=\"container\">\n\t\t\t\t\t<div class=\"e-con-inner\">\n\t\t\t\t<div class=\"elementor-element elementor-element-d849853 elementor-widget elementor-widget-text-editor\" data-id=\"d849853\" data-element_type=\"widget\" data-widget_type=\"text-editor.default\">\n\t\t\t\t<div class=\"elementor-widget-container\">\n\t\t\t\t\t\t\t\t\t<table width=\"525\"><tbody><tr><td width=\"241\">Tensi\u00f3n de salida<\/td><td width=\"284\">Monof\u00e1sico AC220V\/50Hz<br \/>Trif\u00e1sico AC380V\/50Hz<\/td><\/tr><tr><td width=\"241\">Caracter\u00edsticas<\/td><td width=\"284\">Apoya la energ\u00eda solar fotovoltaica<br \/>carga, funcionamiento en paralelo,<br \/>grid-tiedandUPs<\/td><\/tr><tr><td width=\"241\">Potencia nominal de salida<\/td><td width=\"284\">AC220V\/4000W\/3 Cadenas<br \/>AC380V\/12000W<\/td><\/tr><tr><td width=\"241\">Tipo de bater\u00eda<\/td><td width=\"284\">LFP<\/td><\/tr><tr><td width=\"241\">M\u00e9todo de montaje de la bater\u00eda<\/td><td width=\"284\">Bater\u00eda integrada<\/td><\/tr><tr><td width=\"241\">Capacidad de la bater\u00eda<\/td><td width=\"284\">23552Wh<\/td><\/tr><tr><td width=\"241\">Temperatura ambiente<\/td><td width=\"284\">-20\u2103~55\u2103<\/td><\/tr><tr><td width=\"241\">Tiempo de carga r\u00e1pida Para<br \/>Trif\u00e1sico AC380V<\/td><td width=\"284\">1,9-2 horas<\/td><\/tr><tr><td width=\"241\">Tama\u00f1o (mm)<\/td><td width=\"284\">1058x775x875<\/td><\/tr><tr><td width=\"241\">Peso (kg)<\/td><td width=\"284\">265\u00a0<\/td><\/tr><\/tbody><\/table>\t\t\t\t\t\t\t\t<\/div>\n\t\t\t\t<\/div>\n\t\t\t\t\t<\/div>\n\t\t\t\t<\/div>\n\t\t\t\t<\/div>\n\t\t<div id=\"e-n-tab-content-2170095493\" role=\"tabpanel\" aria-labelledby=\"e-n-tab-title-2170095493\" data-tab-index=\"3\" style=\"--n-tabs-title-order: 3;\" class=\"elementor-element elementor-element-1a94325 e-con-full e-flex e-con e-child\" data-id=\"1a94325\" data-element_type=\"container\">\n\t\t<div class=\"elementor-element elementor-element-ea4a2a9 e-flex e-con-boxed e-con e-child\" data-id=\"ea4a2a9\" data-element_type=\"container\">\n\t\t\t\t\t<div class=\"e-con-inner\">\n\t\t\t\t<div class=\"elementor-element elementor-element-e51af3f elementor-widget elementor-widget-image\" data-id=\"e51af3f\" data-element_type=\"widget\" data-widget_type=\"image.default\">\n\t\t\t\t<div class=\"elementor-widget-container\">\n\t\t\t\t\t\t\t\t\t\t\t\t\t\t\t<img alt=\"\" fetchpriority=\"high\" decoding=\"async\" width=\"1559\" height=\"1835\" src=\"https:\/\/www.sfmpower.com\/wp-content\/uploads\/2025\/01\/\u5e94\u7528\u573a\u666f.jpg\" class=\"attachment-full size-full wp-image-596\" srcset=\"https:\/\/www.sfmpower.com\/wp-content\/uploads\/2025\/01\/\u5e94\u7528\u573a\u666f.jpg 1559w, https:\/\/www.sfmpower.com\/wp-content\/uploads\/2025\/01\/\u5e94\u7528\u573a\u666f-255x300.jpg 255w, https:\/\/www.sfmpower.com\/wp-content\/uploads\/2025\/01\/\u5e94\u7528\u573a\u666f-870x1024.jpg 870w, https:\/\/www.sfmpower.com\/wp-content\/uploads\/2025\/01\/\u5e94\u7528\u573a\u666f-768x904.jpg 768w, https:\/\/www.sfmpower.com\/wp-content\/uploads\/2025\/01\/\u5e94\u7528\u573a\u666f-1305x1536.jpg 1305w, https:\/\/www.sfmpower.com\/wp-content\/uploads\/2025\/01\/\u5e94\u7528\u573a\u666f-600x706.jpg 600w\" sizes=\"(max-width: 1559px) 100vw, 1559px\" \/>\t\t\t\t\t\t\t\t\t\t\t\t\t\t\t<\/div>\n\t\t\t\t<\/div>\n\t\t\t\t\t<\/div>\n\t\t\t\t<\/div>\n\t\t\t\t<\/div>\n\t\t\t\t\t<\/div>\n\t\t<\/div>\n\t\t\t\t\t\t<\/div>\n\t\t\t\t<\/div>\n\t\t\t\t\t<\/div>\n\t\t\t\t<\/div>\n\t\t\t\t<\/div>","protected":false},"excerpt":{"rendered":"<p><b>Central el\u00e9ctrica port\u00e1til industrial con almacenamiento de energ\u00eda dise\u00f1ada para <\/b><b>aplicaciones temporales de electricidad <\/b><\/p>\n<p>Integrada con ruedas para facilitar su movilidad;<\/p>\n<p>Inversor trif\u00e1sico de onda sinusoidal pura 220V\/380V;<\/p>\n<p>Potencia nominal de salida de 12 kW, potencia pico de 24 kW, adecuada para la mayor\u00eda de los equipos industriales;<\/p>\n<p>Suministro de alta potencia sin ruido, sin emisiones, sin vibraciones, seguro y eficiente;<\/p>\n<p>Econ\u00f3mico, con un consumo de energ\u00eda s\u00f3lo una d\u00e9cima parte del de un generador di\u00e9sel;<\/p>\n<p>Bater\u00eda integrada con amplias protecciones de seguridad: baja tensi\u00f3n, cortocircuito, sobrecarga, sobredescarga, sobrecarga y sobrecalentamiento;<\/p>\n<p>Control inteligente del ventilador para la gesti\u00f3n t\u00e9rmica;<\/p>\n<p>Circuito de arranque suave incorporado para reducir el impacto de la corriente de arranque en los aparatos el\u00e9ctricos;<\/p>\n<p>El equipo admite carga tanto fotovoltaica como de red, con carga trif\u00e1sica de 380 V CA;<\/p>\n<p>Admite el funcionamiento en paralelo con hasta 10 unidades;<\/p>\n<p>Modos de funcionamiento programables: conectado a la red, fuera de la red y SAI;<\/p>\n<p>Pantalla LCD para configurar los ajustes de prioridad del cargador de CA\/solar\/generador.<\/p>","protected":false},"featured_media":1046,"template":"","meta":{"_seopress_robots_primary_cat":"none","_seopress_titles_title":"","_seopress_titles_desc":"","_seopress_robots_index":"","_joinchat":[]},"product_brand":[],"product_cat":[29],"product_tag":[],"class_list":{"0":"post-675","1":"product","2":"type-product","3":"status-publish","4":"has-post-thumbnail","6":"product_cat-industrial-portable-power-station","8":"first","9":"instock","10":"shipping-taxable","11":"product-type-simple"},"_links":{"self":[{"href":"http:\/\/www.sfmpower.com\/es\/wp-json\/wp\/v2\/product\/675","targetHints":{"allow":["GET"]}}],"collection":[{"href":"http:\/\/www.sfmpower.com\/es\/wp-json\/wp\/v2\/product"}],"about":[{"href":"http:\/\/www.sfmpower.com\/es\/wp-json\/wp\/v2\/types\/product"}],"version-history":[{"count":0,"href":"http:\/\/www.sfmpower.com\/es\/wp-json\/wp\/v2\/product\/675\/revisions"}],"wp:featuredmedia":[{"embeddable":true,"href":"http:\/\/www.sfmpower.com\/es\/wp-json\/wp\/v2\/media\/1046"}],"wp:attachment":[{"href":"http:\/\/www.sfmpower.com\/es\/wp-json\/wp\/v2\/media?parent=675"}],"wp:term":[{"taxonomy":"product_brand","embeddable":true,"href":"http:\/\/www.sfmpower.com\/es\/wp-json\/wp\/v2\/product_brand?post=675"},{"taxonomy":"product_cat","embeddable":true,"href":"http:\/\/www.sfmpower.com\/es\/wp-json\/wp\/v2\/product_cat?post=675"},{"taxonomy":"product_tag","embeddable":true,"href":"http:\/\/www.sfmpower.com\/es\/wp-json\/wp\/v2\/product_tag?post=675"}],"curies":[{"name":"wp","href":"https:\/\/api.w.org\/{rel}","templated":true}]}}