{"id":662,"date":"2025-01-10T11:12:45","date_gmt":"2025-01-10T03:12:45","guid":{"rendered":"https:\/\/www.sfmpower.com\/?post_type=product&#038;p=662"},"modified":"2025-02-12T17:17:13","modified_gmt":"2025-02-12T09:17:13","slug":"ps-0505","status":"publish","type":"product","link":"https:\/\/www.sfmpower.com\/es\/producto\/ps-0505\/","title":{"rendered":"PS-0505"},"content":{"rendered":"<div data-elementor-type=\"product-post\" data-elementor-id=\"662\" class=\"elementor elementor-662\" data-elementor-post-type=\"product\">\n\t\t\t\t<div class=\"elementor-element elementor-element-33416e6 e-flex e-con-boxed e-con e-parent\" data-id=\"33416e6\" data-element_type=\"container\">\n\t\t\t\t\t<div class=\"e-con-inner\">\n\t\t\t\t<div class=\"elementor-element elementor-element-cef4d8d e-n-tabs-mobile elementor-widget elementor-widget-n-tabs\" data-id=\"cef4d8d\" data-element_type=\"widget\" data-settings=\"{&quot;tabs_justify_horizontal&quot;:&quot;start&quot;,&quot;horizontal_scroll&quot;:&quot;disable&quot;}\" data-widget_type=\"nested-tabs.default\">\n\t\t\t\t<div class=\"elementor-widget-container\">\n\t\t\t\t\t\t\t<div class=\"e-n-tabs\" data-widget-number=\"217009549\" aria-label=\"Onglets. Ouvrez des \u00e9l\u00e9ments avec Entrer ou Espace, fermez-les avec Echape et naviguez \u00e0 l&#039;aide des touches fl\u00e9ch\u00e9es.\" data-no-translation-aria-label=\"\">\n\t\t\t<div class=\"e-n-tabs-heading\" role=\"tablist\">\n\t\t\t\t\t<button id=\"e-n-tab-title-2170095491\" class=\"e-n-tab-title\" aria-selected=\"true\" data-tab-index=\"1\" role=\"tab\" tabindex=\"0\" aria-controls=\"e-n-tab-content-2170095491\" style=\"--n-tabs-title-order: 1;\">\n\t\t\t\t\t\t<span class=\"e-n-tab-title-text\">\n\t\t\t\tTabla de referencia de la resistencia del equipo\t\t\t<\/span>\n\t\t<\/button>\n\t\t\t\t<button id=\"e-n-tab-title-2170095492\" class=\"e-n-tab-title\" aria-selected=\"false\" data-tab-index=\"2\" role=\"tab\" tabindex=\"-1\" aria-controls=\"e-n-tab-content-2170095492\" style=\"--n-tabs-title-order: 2;\">\n\t\t\t\t\t\t<span class=\"e-n-tab-title-text\">\n\t\t\t\tPAR\u00c1METROS T\u00c9CNICOS\t\t\t<\/span>\n\t\t<\/button>\n\t\t\t\t<button id=\"e-n-tab-title-2170095493\" class=\"e-n-tab-title\" aria-selected=\"false\" data-tab-index=\"3\" role=\"tab\" tabindex=\"-1\" aria-controls=\"e-n-tab-content-2170095493\" style=\"--n-tabs-title-order: 3;\">\n\t\t\t\t\t\t<span class=\"e-n-tab-title-text\">\n\t\t\t\tCASO DE USO PARCIAL\t\t\t<\/span>\n\t\t<\/button>\n\t\t\t\t\t<\/div>\n\t\t\t<div class=\"e-n-tabs-content\">\n\t\t\t\t<div id=\"e-n-tab-content-2170095491\" role=\"tabpanel\" aria-labelledby=\"e-n-tab-title-2170095491\" data-tab-index=\"1\" style=\"--n-tabs-title-order: 1;\" class=\"e-active elementor-element elementor-element-ac502e6 e-con-full e-flex e-con e-child\" data-id=\"ac502e6\" data-element_type=\"container\">\n\t\t<div class=\"elementor-element elementor-element-915aff1 e-flex e-con-boxed e-con e-child\" data-id=\"915aff1\" data-element_type=\"container\">\n\t\t\t\t\t<div class=\"e-con-inner\">\n\t\t\t\t<div class=\"elementor-element elementor-element-bba87af elementor-widget elementor-widget-text-editor\" data-id=\"bba87af\" data-element_type=\"widget\" data-widget_type=\"text-editor.default\">\n\t\t\t\t<div class=\"elementor-widget-container\">\n\t\t\t\t\t\t\t\t\t<table width=\"227\"><tbody><tr><td width=\"162\">Tipo<\/td><td width=\"64\">PS-0505<\/td><\/tr><tr><td>Potencia 220V<\/td><td>5000W<\/td><\/tr><tr><td>Capacidad de la bater\u00eda<\/td><td>5325Wh<\/td><\/tr><tr><td width=\"162\">26El\u00e9ctrico<br \/>Martillo\u03c614Taladro<\/td><td>3288\u00a0<\/td><\/tr><tr><td>Pick el\u00e9ctrico(hora)<\/td><td>11.8h<\/td><\/tr><tr><td width=\"162\">350 Mecanismo de corte<br \/>\u00a0 (hora)<\/td><td>7.8h<\/td><\/tr><tr><td width=\"162\">110 Mecanismo de corte<br \/>\u00a0 (hora)<\/td><td>20.8h<\/td><\/tr><tr><td width=\"162\">100 \u00c1ngulo<br \/>\u00a0 Molinillo(hora)<\/td><td>32h<\/td><\/tr><tr><td width=\"162\">Llave el\u00e9ctrica<br \/>(Tiempos de carga)<\/td><td>58\u00a0<\/td><\/tr><tr><td width=\"162\">Luz LED de 100 W<br \/>(hora)<\/td><td>53h<\/td><\/tr><tr><td>Ventilador de pie(hora)<\/td><td>106.2h<\/td><\/tr><tr><td>\u00a0 Escritorio(hora)<\/td><td>46h<\/td><\/tr><tr><td width=\"162\">70 Pulgadas Color<br \/>\u00a0 TV(hora)<\/td><td>56.6h<\/td><\/tr><tr><td colspan=\"2\" width=\"227\">Nota: Los par\u00e1metros anteriores se calculan seg\u00fan el uso rutinario del usuario, y el tiempo de uso real var\u00eda seg\u00fan los h\u00e1bitos de uso del cliente y la potencia espec\u00edfica del equipo el\u00e9ctrico.<\/td><\/tr><\/tbody><\/table>\t\t\t\t\t\t\t\t<\/div>\n\t\t\t\t<\/div>\n\t\t\t\t\t<\/div>\n\t\t\t\t<\/div>\n\t\t\t\t<\/div>\n\t\t<div id=\"e-n-tab-content-2170095492\" role=\"tabpanel\" aria-labelledby=\"e-n-tab-title-2170095492\" data-tab-index=\"2\" style=\"--n-tabs-title-order: 2;\" class=\"elementor-element elementor-element-988a03f e-con-full e-flex e-con e-child\" data-id=\"988a03f\" data-element_type=\"container\">\n\t\t<div class=\"elementor-element elementor-element-20021dd e-flex e-con-boxed e-con e-child\" data-id=\"20021dd\" data-element_type=\"container\">\n\t\t\t\t\t<div class=\"e-con-inner\">\n\t\t\t\t<div class=\"elementor-element elementor-element-d849853 elementor-widget elementor-widget-text-editor\" data-id=\"d849853\" data-element_type=\"widget\" data-widget_type=\"text-editor.default\">\n\t\t\t\t<div class=\"elementor-widget-container\">\n\t\t\t\t\t\t\t\t\t<table width=\"500\"><tbody><tr><td width=\"209\">\u00a0<\/td><td width=\"291\">PS-0505<\/td><\/tr><tr><td width=\"209\">\u00a0 Tensi\u00f3n de salida<\/td><td width=\"291\">\u00a0 AC110\/220V<br \/>\u00a0\u00a0\u00a0\u00a0 50\/60 Hz<\/td><\/tr><tr><td width=\"209\">Potencia<\/td><td width=\"291\">5000W<\/td><\/tr><tr><td width=\"209\">Carga inductiva<\/td><td width=\"291\">15000W\/2s<\/td><\/tr><tr><td width=\"209\">M\u00e9todo de montaje de la bater\u00eda<\/td><td width=\"291\">Bater\u00eda integrada<\/td><\/tr><tr><td width=\"209\">Tipo de ba\u00f1o<\/td><td width=\"291\">LFP<\/td><\/tr><tr><td width=\"209\">Funci\u00f3n de protecci\u00f3n<\/td><td width=\"291\">Sobrecarga, baja tensi\u00f3n,<br \/>cortocircuito, fuga,<br \/>anormal<\/td><\/tr><tr><td width=\"209\">Capacidad de la bater\u00eda<\/td><td width=\"291\">5325Wh<\/td><\/tr><tr><td width=\"209\">Sistema Bluetooth<\/td><td width=\"291\">Android\u30011OS<\/td><\/tr><tr><td width=\"209\">Temperatura ambiente<\/td><td width=\"291\">-20\u2103~55\u2103<\/td><\/tr><tr><td width=\"209\">Cargador<\/td><td width=\"291\">AC220V\/30A<\/td><\/tr><tr><td width=\"209\">Talla<\/td><td width=\"291\">600x530x590<\/td><\/tr><tr><td width=\"209\">Peso<\/td><td width=\"291\">60\u00a0<\/td><\/tr><\/tbody><\/table>\t\t\t\t\t\t\t\t<\/div>\n\t\t\t\t<\/div>\n\t\t\t\t\t<\/div>\n\t\t\t\t<\/div>\n\t\t\t\t<\/div>\n\t\t<div id=\"e-n-tab-content-2170095493\" role=\"tabpanel\" aria-labelledby=\"e-n-tab-title-2170095493\" data-tab-index=\"3\" style=\"--n-tabs-title-order: 3;\" class=\"elementor-element elementor-element-1a94325 e-con-full e-flex e-con e-child\" data-id=\"1a94325\" data-element_type=\"container\">\n\t\t<div class=\"elementor-element elementor-element-ea4a2a9 e-flex e-con-boxed e-con e-child\" data-id=\"ea4a2a9\" data-element_type=\"container\">\n\t\t\t\t\t<div class=\"e-con-inner\">\n\t\t\t\t<div class=\"elementor-element elementor-element-e51af3f elementor-widget elementor-widget-image\" data-id=\"e51af3f\" data-element_type=\"widget\" data-widget_type=\"image.default\">\n\t\t\t\t<div class=\"elementor-widget-container\">\n\t\t\t\t\t\t\t\t\t\t\t\t\t\t\t<img alt=\"\" fetchpriority=\"high\" decoding=\"async\" width=\"1559\" height=\"1835\" src=\"https:\/\/www.sfmpower.com\/wp-content\/uploads\/2025\/01\/\u5e94\u7528\u573a\u666f.jpg\" class=\"attachment-full size-full wp-image-596\" srcset=\"https:\/\/www.sfmpower.com\/wp-content\/uploads\/2025\/01\/\u5e94\u7528\u573a\u666f.jpg 1559w, https:\/\/www.sfmpower.com\/wp-content\/uploads\/2025\/01\/\u5e94\u7528\u573a\u666f-255x300.jpg 255w, https:\/\/www.sfmpower.com\/wp-content\/uploads\/2025\/01\/\u5e94\u7528\u573a\u666f-870x1024.jpg 870w, https:\/\/www.sfmpower.com\/wp-content\/uploads\/2025\/01\/\u5e94\u7528\u573a\u666f-768x904.jpg 768w, https:\/\/www.sfmpower.com\/wp-content\/uploads\/2025\/01\/\u5e94\u7528\u573a\u666f-1305x1536.jpg 1305w, https:\/\/www.sfmpower.com\/wp-content\/uploads\/2025\/01\/\u5e94\u7528\u573a\u666f-600x706.jpg 600w\" sizes=\"(max-width: 1559px) 100vw, 1559px\" \/>\t\t\t\t\t\t\t\t\t\t\t\t\t\t\t<\/div>\n\t\t\t\t<\/div>\n\t\t\t\t\t<\/div>\n\t\t\t\t<\/div>\n\t\t\t\t<\/div>\n\t\t\t\t\t<\/div>\n\t\t<\/div>\n\t\t\t\t\t\t<\/div>\n\t\t\t\t<\/div>\n\t\t\t\t\t<\/div>\n\t\t\t\t<\/div>\n\t\t\t\t<\/div>","protected":false},"excerpt":{"rendered":"<p><b>Central el\u00e9ctrica multifuncional de almacenamiento de energ\u00eda aplicada en <\/b><b>campo de la construcci\u00f3n al aire libre <\/b><\/p>\n<p>Gran potencia de salida, apta para todo tipo de herramientas el\u00e9ctricas y equipos el\u00e9ctricos de 110 V\/220 V;<\/p>\n<p>Grado de protecci\u00f3n IP54, a prueba de polvo y salpicaduras, adecuado para proyectos en exteriores;<\/p>\n<p>Puede emparejar 48V m\u00e1quina de soldadura de bajo voltaje DC, puede lograr \u03a62.5-3.2mm electrodo largo de soldadura;<\/p>\n<p>Dispositivo de protecci\u00f3n contra sobrecargas incorporado para evitar da\u00f1os en el equipo causados por la sobrecarga del aparato;<\/p>\n<p>Dise\u00f1o de carga integrado, con cargador profesional multietapa de alta potencia para una carga eficiente y segura;<\/p>\n<p>M\u00f3dulo de bater\u00eda de litio de larga duraci\u00f3n, duraci\u00f3n de la bater\u00eda de hasta 8-10 a\u00f1os;<\/p>\n<p>Mejore r\u00e1pidamente la eficacia del trabajo y reduzca las emisiones de carbono.<\/p>","protected":false},"featured_media":1043,"template":"","meta":{"_seopress_robots_primary_cat":"none","_seopress_titles_title":"","_seopress_titles_desc":"","_seopress_robots_index":"","_joinchat":[]},"product_brand":[],"product_cat":[29],"product_tag":[],"class_list":{"0":"post-662","1":"product","2":"type-product","3":"status-publish","4":"has-post-thumbnail","6":"product_cat-industrial-portable-power-station","8":"first","9":"instock","10":"shipping-taxable","11":"product-type-simple"},"_links":{"self":[{"href":"https:\/\/www.sfmpower.com\/es\/wp-json\/wp\/v2\/product\/662","targetHints":{"allow":["GET"]}}],"collection":[{"href":"https:\/\/www.sfmpower.com\/es\/wp-json\/wp\/v2\/product"}],"about":[{"href":"https:\/\/www.sfmpower.com\/es\/wp-json\/wp\/v2\/types\/product"}],"version-history":[{"count":0,"href":"https:\/\/www.sfmpower.com\/es\/wp-json\/wp\/v2\/product\/662\/revisions"}],"wp:featuredmedia":[{"embeddable":true,"href":"https:\/\/www.sfmpower.com\/es\/wp-json\/wp\/v2\/media\/1043"}],"wp:attachment":[{"href":"https:\/\/www.sfmpower.com\/es\/wp-json\/wp\/v2\/media?parent=662"}],"wp:term":[{"taxonomy":"product_brand","embeddable":true,"href":"https:\/\/www.sfmpower.com\/es\/wp-json\/wp\/v2\/product_brand?post=662"},{"taxonomy":"product_cat","embeddable":true,"href":"https:\/\/www.sfmpower.com\/es\/wp-json\/wp\/v2\/product_cat?post=662"},{"taxonomy":"product_tag","embeddable":true,"href":"https:\/\/www.sfmpower.com\/es\/wp-json\/wp\/v2\/product_tag?post=662"}],"curies":[{"name":"wp","href":"https:\/\/api.w.org\/{rel}","templated":true}]}}