{"id":647,"date":"2025-01-13T13:15:43","date_gmt":"2025-01-13T05:15:43","guid":{"rendered":"https:\/\/www.sfmpower.com\/?post_type=product&#038;p=647"},"modified":"2025-03-01T11:50:28","modified_gmt":"2025-03-01T03:50:28","slug":"ps-4800","status":"publish","type":"product","link":"https:\/\/www.sfmpower.com\/es\/producto\/ps-4800\/","title":{"rendered":"PS-4800T"},"content":{"rendered":"<div data-elementor-type=\"product-post\" data-elementor-id=\"647\" class=\"elementor elementor-647\" data-elementor-post-type=\"product\">\n\t\t\t\t<div class=\"elementor-element elementor-element-33416e6 e-flex e-con-boxed e-con e-parent\" data-id=\"33416e6\" data-element_type=\"container\">\n\t\t\t\t\t<div class=\"e-con-inner\">\n\t\t\t\t<div class=\"elementor-element elementor-element-cef4d8d e-n-tabs-mobile elementor-widget elementor-widget-n-tabs\" data-id=\"cef4d8d\" data-element_type=\"widget\" data-settings=\"{&quot;tabs_justify_horizontal&quot;:&quot;start&quot;,&quot;horizontal_scroll&quot;:&quot;disable&quot;}\" data-widget_type=\"nested-tabs.default\">\n\t\t\t\t<div class=\"elementor-widget-container\">\n\t\t\t\t\t\t\t<div class=\"e-n-tabs\" data-widget-number=\"217009549\" aria-label=\"Pesta\u00f1as. Abre elementos con Intro o Espacio, ci\u00e9rralos con Escape y navega con las fechas.\">\n\t\t\t<div class=\"e-n-tabs-heading\" role=\"tablist\">\n\t\t\t\t\t<button id=\"e-n-tab-title-2170095491\" class=\"e-n-tab-title\" aria-selected=\"true\" data-tab-index=\"1\" role=\"tab\" tabindex=\"0\" aria-controls=\"e-n-tab-content-2170095491\" style=\"--n-tabs-title-order: 1;\">\n\t\t\t\t\t\t<span class=\"e-n-tab-title-text\">\n\t\t\t\tTabla de referencia de la resistencia del equipo\t\t\t<\/span>\n\t\t<\/button>\n\t\t\t\t<button id=\"e-n-tab-title-2170095492\" class=\"e-n-tab-title\" aria-selected=\"false\" data-tab-index=\"2\" role=\"tab\" tabindex=\"-1\" aria-controls=\"e-n-tab-content-2170095492\" style=\"--n-tabs-title-order: 2;\">\n\t\t\t\t\t\t<span class=\"e-n-tab-title-text\">\n\t\t\t\tPAR\u00c1METROS T\u00c9CNICOS\t\t\t<\/span>\n\t\t<\/button>\n\t\t\t\t<button id=\"e-n-tab-title-2170095493\" class=\"e-n-tab-title\" aria-selected=\"false\" data-tab-index=\"3\" role=\"tab\" tabindex=\"-1\" aria-controls=\"e-n-tab-content-2170095493\" style=\"--n-tabs-title-order: 3;\">\n\t\t\t\t\t\t<span class=\"e-n-tab-title-text\">\n\t\t\t\tCASO DE USO PARCIAL\t\t\t<\/span>\n\t\t<\/button>\n\t\t\t\t\t<\/div>\n\t\t\t<div class=\"e-n-tabs-content\">\n\t\t\t\t<div id=\"e-n-tab-content-2170095491\" role=\"tabpanel\" aria-labelledby=\"e-n-tab-title-2170095491\" data-tab-index=\"1\" style=\"--n-tabs-title-order: 1;\" class=\"e-active elementor-element elementor-element-ac502e6 e-con-full e-flex e-con e-child\" data-id=\"ac502e6\" data-element_type=\"container\">\n\t\t<div class=\"elementor-element elementor-element-915aff1 e-flex e-con-boxed e-con e-child\" data-id=\"915aff1\" data-element_type=\"container\">\n\t\t\t\t\t<div class=\"e-con-inner\">\n\t\t\t\t<div class=\"elementor-element elementor-element-bba87af elementor-widget elementor-widget-text-editor\" data-id=\"bba87af\" data-element_type=\"widget\" data-widget_type=\"text-editor.default\">\n\t\t\t\t<div class=\"elementor-widget-container\">\n\t\t\t\t\t\t\t\t\t<table width=\"227\">\n<tbody>\n<tr>\n<td width=\"162\">Tipo<\/td>\n<td width=\"64\">PS-4800T<\/td>\n<\/tr>\n<tr>\n<td>Potencia 220V<\/td>\n<td>3500W<\/td>\n<\/tr>\n<tr>\n<td>Capacidad de la bater\u00eda<\/td>\n<td>2662Wh<\/td>\n<\/tr>\n<tr>\n<td width=\"162\">26El\u00e9ctrico<br>Martillo\u03c614Taladro<\/td>\n<td>1644&nbsp;<\/td>\n<\/tr>\n<tr>\n<td>Pick el\u00e9ctrico(hora)<\/td>\n<td>5.9h<\/td>\n<\/tr>\n<tr>\n<td width=\"162\">350 Mecanismo de corte<br>&nbsp; (hora)<\/td>\n<td>3.9h<\/td>\n<\/tr>\n<tr>\n<td width=\"162\">110 Mecanismo de corte<br>&nbsp; (hora)<\/td>\n<td>10.4h<\/td>\n<\/tr>\n<tr>\n<td width=\"162\">100 \u00c1ngulo<br>&nbsp; Molinillo(hora)<\/td>\n<td>16h<\/td>\n<\/tr>\n<tr>\n<td width=\"162\">Llave el\u00e9ctrica<br>(Tiempos de carga)<\/td>\n<td>29&nbsp;<\/td>\n<\/tr>\n<tr>\n<td width=\"162\">Luz LED de 100 W<br>(hora)<\/td>\n<td>26.5h<\/td>\n<\/tr>\n<tr>\n<td>Ventilador de pie(hora)<\/td>\n<td>53.1h<\/td>\n<\/tr>\n<tr>\n<td>&nbsp; Escritorio(hora)<\/td>\n<td>23h<\/td>\n<\/tr>\n<tr>\n<td width=\"162\">70 Pulgadas Color<br>&nbsp; TV(hora)<\/td>\n<td>28.3h<\/td>\n<\/tr>\n<tr>\n<td colspan=\"2\" width=\"227\">Nota: Los par\u00e1metros anteriores se calculan seg\u00fan el uso rutinario del usuario, y el tiempo de uso real var\u00eda seg\u00fan los h\u00e1bitos de uso del cliente y la potencia espec\u00edfica del equipo el\u00e9ctrico.<\/td>\n<\/tr>\n<\/tbody>\n<\/table>\t\t\t\t\t\t\t\t<\/div>\n\t\t\t\t<\/div>\n\t\t\t\t\t<\/div>\n\t\t\t\t<\/div>\n\t\t\t\t<\/div>\n\t\t<div id=\"e-n-tab-content-2170095492\" role=\"tabpanel\" aria-labelledby=\"e-n-tab-title-2170095492\" data-tab-index=\"2\" style=\"--n-tabs-title-order: 2;\" class=\"elementor-element elementor-element-988a03f e-con-full e-flex e-con e-child\" data-id=\"988a03f\" data-element_type=\"container\">\n\t\t<div class=\"elementor-element elementor-element-20021dd e-flex e-con-boxed e-con e-child\" data-id=\"20021dd\" data-element_type=\"container\">\n\t\t\t\t\t<div class=\"e-con-inner\">\n\t\t\t\t<div class=\"elementor-element elementor-element-d849853 elementor-widget elementor-widget-text-editor\" data-id=\"d849853\" data-element_type=\"widget\" data-widget_type=\"text-editor.default\">\n\t\t\t\t<div class=\"elementor-widget-container\">\n\t\t\t\t\t\t\t\t\t<table width=\"422\"><tbody><tr><td width=\"191\">\u00a0<\/td><td width=\"231\">PS-4800<\/td><\/tr><tr><td width=\"191\">26 Electricidad<br \/>Martillo \u03c614Taladro<\/td><td width=\"231\">1644\u00a0<\/td><\/tr><tr><td width=\"191\">350Corte<br \/>Sierra(hora)<\/td><td width=\"231\">3.9h<\/td><\/tr><tr><td width=\"191\">100 \u00c1ngulo<br \/>Molinillo(hora)<\/td><td width=\"231\">16h<\/td><\/tr><tr><td width=\"191\">Luz LED de 100 W<br \/>(hora)<\/td><td width=\"231\">26.5h<\/td><\/tr><tr><td width=\"191\">Escritorio(hora)<\/td><td width=\"231\">23h<\/td><\/tr><tr><td width=\"191\">ElectricPickaxe<br \/>(hora)<\/td><td width=\"231\">5.9h<\/td><\/tr><tr><td width=\"191\">110Cutterbar<br \/>(hora\uff09<\/td><td width=\"231\">10.4h<\/td><\/tr><tr><td width=\"191\">Llave el\u00e9ctrica<br \/>(Chargetimes)<\/td><td width=\"231\">29\u00a0<\/td><\/tr><tr><td width=\"191\">Ventilador de pie(hora)<\/td><td width=\"231\">53.1h<\/td><\/tr><tr><td width=\"191\">70 Pulgadas Color<br \/>TV(hora)<\/td><td width=\"231\">28.3h<\/td><\/tr><tr><td colspan=\"2\" width=\"422\">Nota: Los par\u00e1metros anteriores se calculan seg\u00fan el uso rutinario del usuario, y el tiempo de uso real var\u00eda seg\u00fan los h\u00e1bitos de uso del cliente y la potencia espec\u00edfica del equipo el\u00e9ctrico.<\/td><\/tr><\/tbody><\/table>\t\t\t\t\t\t\t\t<\/div>\n\t\t\t\t<\/div>\n\t\t\t\t\t<\/div>\n\t\t\t\t<\/div>\n\t\t\t\t<\/div>\n\t\t<div id=\"e-n-tab-content-2170095493\" role=\"tabpanel\" aria-labelledby=\"e-n-tab-title-2170095493\" data-tab-index=\"3\" style=\"--n-tabs-title-order: 3;\" class=\"elementor-element elementor-element-1a94325 e-con-full e-flex e-con e-child\" data-id=\"1a94325\" data-element_type=\"container\">\n\t\t<div class=\"elementor-element elementor-element-ea4a2a9 e-flex e-con-boxed e-con e-child\" data-id=\"ea4a2a9\" data-element_type=\"container\">\n\t\t\t\t\t<div class=\"e-con-inner\">\n\t\t\t\t<div class=\"elementor-element elementor-element-e51af3f elementor-widget elementor-widget-image\" data-id=\"e51af3f\" data-element_type=\"widget\" data-widget_type=\"image.default\">\n\t\t\t\t<div class=\"elementor-widget-container\">\n\t\t\t\t\t\t\t\t\t\t\t\t\t\t\t<img alt=\"\" fetchpriority=\"high\" decoding=\"async\" width=\"1559\" height=\"1835\" src=\"https:\/\/www.sfmpower.com\/wp-content\/uploads\/2025\/01\/\u5e94\u7528\u573a\u666f.jpg\" class=\"attachment-full size-full wp-image-596\" srcset=\"https:\/\/www.sfmpower.com\/wp-content\/uploads\/2025\/01\/\u5e94\u7528\u573a\u666f.jpg 1559w, https:\/\/www.sfmpower.com\/wp-content\/uploads\/2025\/01\/\u5e94\u7528\u573a\u666f-255x300.jpg 255w, https:\/\/www.sfmpower.com\/wp-content\/uploads\/2025\/01\/\u5e94\u7528\u573a\u666f-870x1024.jpg 870w, https:\/\/www.sfmpower.com\/wp-content\/uploads\/2025\/01\/\u5e94\u7528\u573a\u666f-768x904.jpg 768w, https:\/\/www.sfmpower.com\/wp-content\/uploads\/2025\/01\/\u5e94\u7528\u573a\u666f-1305x1536.jpg 1305w, https:\/\/www.sfmpower.com\/wp-content\/uploads\/2025\/01\/\u5e94\u7528\u573a\u666f-600x706.jpg 600w\" sizes=\"(max-width: 1559px) 100vw, 1559px\" \/>\t\t\t\t\t\t\t\t\t\t\t\t\t\t\t<\/div>\n\t\t\t\t<\/div>\n\t\t\t\t\t<\/div>\n\t\t\t\t<\/div>\n\t\t\t\t<\/div>\n\t\t\t\t\t<\/div>\n\t\t<\/div>\n\t\t\t\t\t\t<\/div>\n\t\t\t\t<\/div>\n\t\t\t\t\t<\/div>\n\t\t\t\t<\/div>\n\t\t\t\t<\/div>","protected":false},"excerpt":{"rendered":"<p><b>Central el\u00e9ctrica multifuncional de almacenamiento de energ\u00eda aplicada en <\/b><b>campo de la construcci\u00f3n al aire libre <\/b><\/p>\n<p>Salida de alta potencia AC110V\/220V\/3500W, adecuada para herramientas el\u00e9ctricas y equipos el\u00e9ctricos de 110V\/220V;<\/p>\n<p>Dispositivo de protecci\u00f3n contra sobrecargas incorporado para evitar da\u00f1os en los equipos causados por sobrecargas el\u00e9ctricas;<\/p>\n<p>M\u00f3dulo de bater\u00eda de litio de larga duraci\u00f3n, duraci\u00f3n de la bater\u00eda de hasta 8-10 a\u00f1os;<\/p>\n<p>Circuito de protecci\u00f3n de bater\u00eda de rango completo, seguro y protegido;<\/p>\n<p>Proporciona una corriente de 16 A para cargar la fuente de alimentaci\u00f3n del coche;<\/p>\n<p>Varilla de mano tipo caja de dise\u00f1o port\u00e1til, ligera y c\u00f3moda.<\/p>","protected":false},"featured_media":1040,"template":"","meta":{"_seopress_robots_primary_cat":"none","_seopress_titles_title":"","_seopress_titles_desc":"","_seopress_robots_index":"","_joinchat":[]},"product_brand":[],"product_cat":[29],"product_tag":[],"class_list":{"0":"post-647","1":"product","2":"type-product","3":"status-publish","4":"has-post-thumbnail","6":"product_cat-industrial-portable-power-station","8":"first","9":"instock","10":"shipping-taxable","11":"product-type-simple"},"_links":{"self":[{"href":"https:\/\/www.sfmpower.com\/es\/wp-json\/wp\/v2\/product\/647","targetHints":{"allow":["GET"]}}],"collection":[{"href":"https:\/\/www.sfmpower.com\/es\/wp-json\/wp\/v2\/product"}],"about":[{"href":"https:\/\/www.sfmpower.com\/es\/wp-json\/wp\/v2\/types\/product"}],"version-history":[{"count":0,"href":"https:\/\/www.sfmpower.com\/es\/wp-json\/wp\/v2\/product\/647\/revisions"}],"wp:featuredmedia":[{"embeddable":true,"href":"https:\/\/www.sfmpower.com\/es\/wp-json\/wp\/v2\/media\/1040"}],"wp:attachment":[{"href":"https:\/\/www.sfmpower.com\/es\/wp-json\/wp\/v2\/media?parent=647"}],"wp:term":[{"taxonomy":"product_brand","embeddable":true,"href":"https:\/\/www.sfmpower.com\/es\/wp-json\/wp\/v2\/product_brand?post=647"},{"taxonomy":"product_cat","embeddable":true,"href":"https:\/\/www.sfmpower.com\/es\/wp-json\/wp\/v2\/product_cat?post=647"},{"taxonomy":"product_tag","embeddable":true,"href":"https:\/\/www.sfmpower.com\/es\/wp-json\/wp\/v2\/product_tag?post=647"}],"curies":[{"name":"wp","href":"https:\/\/api.w.org\/{rel}","templated":true}]}}