{"id":590,"date":"2025-01-13T13:16:03","date_gmt":"2025-01-13T05:16:03","guid":{"rendered":"https:\/\/www.sfmpower.com\/?post_type=product&#038;p=590"},"modified":"2025-03-01T09:54:15","modified_gmt":"2025-03-01T01:54:15","slug":"ps-3200","status":"publish","type":"product","link":"https:\/\/www.sfmpower.com\/es\/producto\/ps-3200\/","title":{"rendered":"PS-3200T"},"content":{"rendered":"<div data-elementor-type=\"product-post\" data-elementor-id=\"590\" class=\"elementor elementor-590\" data-elementor-post-type=\"product\">\n\t\t\t\t<div class=\"elementor-element elementor-element-33416e6 e-flex e-con-boxed e-con e-parent\" data-id=\"33416e6\" data-element_type=\"container\">\n\t\t\t\t\t<div class=\"e-con-inner\">\n\t\t\t\t<div class=\"elementor-element elementor-element-cef4d8d e-n-tabs-mobile elementor-widget elementor-widget-n-tabs\" data-id=\"cef4d8d\" data-element_type=\"widget\" data-settings=\"{&quot;tabs_justify_horizontal&quot;:&quot;start&quot;,&quot;horizontal_scroll&quot;:&quot;disable&quot;}\" data-widget_type=\"nested-tabs.default\">\n\t\t\t\t<div class=\"elementor-widget-container\">\n\t\t\t\t\t\t\t<div class=\"e-n-tabs\" data-widget-number=\"217009549\" aria-label=\"\u0412\u043a\u043b\u0430\u0434\u043a\u0438. \u041e\u0442\u043a\u0440\u044b\u0432\u0430\u0439\u0442\u0435 \u044d\u043b\u0435\u043c\u0435\u043d\u0442\u044b \u0441 \u043f\u043e\u043c\u043e\u0449\u044c\u044e \u043a\u043b\u0430\u0432\u0438\u0448 Enter \u0438\u043b\u0438 Space, \u0437\u0430\u043a\u0440\u044b\u0432\u0430\u0439\u0442\u0435 \u0441 \u043f\u043e\u043c\u043e\u0449\u044c\u044e Escape \u0438 \u043f\u0435\u0440\u0435\u043c\u0435\u0449\u0430\u0439\u0442\u0435\u0441\u044c \u0441 \u043f\u043e\u043c\u043e\u0449\u044c\u044e \u043a\u043b\u0430\u0432\u0438\u0448 \u0441\u043e \u0441\u0442\u0440\u0435\u043b\u043a\u0430\u043c\u0438.\">\n\t\t\t<div class=\"e-n-tabs-heading\" role=\"tablist\">\n\t\t\t\t\t<button id=\"e-n-tab-title-2170095491\" class=\"e-n-tab-title\" aria-selected=\"true\" data-tab-index=\"1\" role=\"tab\" tabindex=\"0\" aria-controls=\"e-n-tab-content-2170095491\" style=\"--n-tabs-title-order: 1;\">\n\t\t\t\t\t\t<span class=\"e-n-tab-title-text\">\n\t\t\t\tTabla de referencia de la resistencia del equipo\t\t\t<\/span>\n\t\t<\/button>\n\t\t\t\t<button id=\"e-n-tab-title-2170095492\" class=\"e-n-tab-title\" aria-selected=\"false\" data-tab-index=\"2\" role=\"tab\" tabindex=\"-1\" aria-controls=\"e-n-tab-content-2170095492\" style=\"--n-tabs-title-order: 2;\">\n\t\t\t\t\t\t<span class=\"e-n-tab-title-text\">\n\t\t\t\tPAR\u00c1METROS T\u00c9CNICOS\t\t\t<\/span>\n\t\t<\/button>\n\t\t\t\t<button id=\"e-n-tab-title-2170095493\" class=\"e-n-tab-title\" aria-selected=\"false\" data-tab-index=\"3\" role=\"tab\" tabindex=\"-1\" aria-controls=\"e-n-tab-content-2170095493\" style=\"--n-tabs-title-order: 3;\">\n\t\t\t\t\t\t<span class=\"e-n-tab-title-text\">\n\t\t\t\tCASO DE USO PARCIAL\t\t\t<\/span>\n\t\t<\/button>\n\t\t\t\t\t<\/div>\n\t\t\t<div class=\"e-n-tabs-content\">\n\t\t\t\t<div id=\"e-n-tab-content-2170095491\" role=\"tabpanel\" aria-labelledby=\"e-n-tab-title-2170095491\" data-tab-index=\"1\" style=\"--n-tabs-title-order: 1;\" class=\"e-active elementor-element elementor-element-ac502e6 e-con-full e-flex e-con e-child\" data-id=\"ac502e6\" data-element_type=\"container\">\n\t\t<div class=\"elementor-element elementor-element-915aff1 e-flex e-con-boxed e-con e-child\" data-id=\"915aff1\" data-element_type=\"container\">\n\t\t\t\t\t<div class=\"e-con-inner\">\n\t\t\t\t<div class=\"elementor-element elementor-element-bba87af elementor-widget elementor-widget-text-editor\" data-id=\"bba87af\" data-element_type=\"widget\" data-widget_type=\"text-editor.default\">\n\t\t\t\t<div class=\"elementor-widget-container\">\n\t\t\t\t\t\t\t\t\t<table width=\"227\"><tbody><tr><td width=\"162\">Tipo<\/td><td width=\"64\">PS-3200T<\/td><\/tr><tr><td>Potencia 220V<\/td><td>3500W<\/td><\/tr><tr><td>Capacidad de la bater\u00eda<\/td><td>1382Wh<\/td><\/tr><tr><td width=\"162\">26Martillo el\u00e9ctrico\u03c614Taladro<\/td><td>853\u00a0<\/td><\/tr><tr><td>Pick el\u00e9ctrico(hora)<\/td><td>3.1h<\/td><\/tr><tr><td width=\"162\">350 Mecanismo de corte (hora)<\/td><td>2h<\/td><\/tr><tr><td width=\"162\">110 Mecanismo de corte (hora)<\/td><td>5.4h<\/td><\/tr><tr><td width=\"162\">100 Amoladora angular(hora)<\/td><td>8.3h<\/td><\/tr><tr><td width=\"162\">Llave el\u00e9ctrica (tiempos de carga)<\/td><td>15\u00a0<\/td><\/tr><tr><td width=\"162\">Luz LED de 100 W (hora)<\/td><td>13.7h<\/td><\/tr><tr><td>Ventilador de pie(hora)<\/td><td>27.5h<\/td><\/tr><tr><td>Escritorio(hora)<\/td><td>11.9h<\/td><\/tr><tr><td width=\"162\">TV en color de 70 pulgadas (hora)<\/td><td>14.7h<\/td><\/tr><tr><td colspan=\"2\" width=\"227\">Nota: Los par\u00e1metros anteriores se calculan seg\u00fan el uso rutinario del usuario, y el tiempo de uso real var\u00eda seg\u00fan los h\u00e1bitos de uso del cliente y la potencia espec\u00edfica del equipo el\u00e9ctrico.<\/td><\/tr><\/tbody><\/table>\t\t\t\t\t\t\t\t<\/div>\n\t\t\t\t<\/div>\n\t\t\t\t\t<\/div>\n\t\t\t\t<\/div>\n\t\t\t\t<\/div>\n\t\t<div id=\"e-n-tab-content-2170095492\" role=\"tabpanel\" aria-labelledby=\"e-n-tab-title-2170095492\" data-tab-index=\"2\" style=\"--n-tabs-title-order: 2;\" class=\"elementor-element elementor-element-988a03f e-con-full e-flex e-con e-child\" data-id=\"988a03f\" data-element_type=\"container\">\n\t\t<div class=\"elementor-element elementor-element-20021dd e-flex e-con-boxed e-con e-child\" data-id=\"20021dd\" data-element_type=\"container\">\n\t\t\t\t\t<div class=\"e-con-inner\">\n\t\t\t\t<div class=\"elementor-element elementor-element-d849853 elementor-widget elementor-widget-text-editor\" data-id=\"d849853\" data-element_type=\"widget\" data-widget_type=\"text-editor.default\">\n\t\t\t\t<div class=\"elementor-widget-container\">\n\t\t\t\t\t\t\t\t\t<table width=\"422\"><tbody><tr><td width=\"191\">\u00a0<\/td><td width=\"231\">PS-3200<\/td><\/tr><tr><td width=\"191\">26 Electricidad<br \/>Martillo \u03c614Taladro<\/td><td width=\"231\">853\u00a0<\/td><\/tr><tr><td width=\"191\">350Corte<br \/>Sierra(hora)<\/td><td width=\"231\">2h<\/td><\/tr><tr><td width=\"191\">100 \u00c1ngulo<br \/>Molinillo(hora)<\/td><td width=\"231\">8.3h<\/td><\/tr><tr><td width=\"191\">Luz LED de 100 W<br \/>(hora)<\/td><td width=\"231\">13.7h<\/td><\/tr><tr><td width=\"191\">Escritorio(hora)<\/td><td width=\"231\">11.9h<\/td><\/tr><tr><td width=\"191\">ElectricPickaxe<br \/>(hora)<\/td><td width=\"231\">3.1h<\/td><\/tr><tr><td width=\"191\">110Cutterbar<br \/>(hora\uff09<\/td><td width=\"231\">5.4h<\/td><\/tr><tr><td width=\"191\">Llave el\u00e9ctrica<br \/>(Chargetimes)<\/td><td width=\"231\">15\u00a0<\/td><\/tr><tr><td width=\"191\">Ventilador de pie(hora)<\/td><td width=\"231\">27.5h<\/td><\/tr><tr><td width=\"191\">70 Pulgadas Color<br \/>TV(hora)<\/td><td width=\"231\">14.7h<\/td><\/tr><tr><td colspan=\"2\" width=\"422\">Nota: Los par\u00e1metros anteriores se calculan seg\u00fan el uso rutinario del usuario, y el tiempo de uso real var\u00eda seg\u00fan los h\u00e1bitos de uso del cliente y la potencia espec\u00edfica del equipo el\u00e9ctrico.<\/td><\/tr><\/tbody><\/table>\t\t\t\t\t\t\t\t<\/div>\n\t\t\t\t<\/div>\n\t\t\t\t\t<\/div>\n\t\t\t\t<\/div>\n\t\t\t\t<\/div>\n\t\t<div id=\"e-n-tab-content-2170095493\" role=\"tabpanel\" aria-labelledby=\"e-n-tab-title-2170095493\" data-tab-index=\"3\" style=\"--n-tabs-title-order: 3;\" class=\"elementor-element elementor-element-1a94325 e-con-full e-flex e-con e-child\" data-id=\"1a94325\" data-element_type=\"container\">\n\t\t<div class=\"elementor-element elementor-element-ea4a2a9 e-flex e-con-boxed e-con e-child\" data-id=\"ea4a2a9\" data-element_type=\"container\">\n\t\t\t\t\t<div class=\"e-con-inner\">\n\t\t\t\t<div class=\"elementor-element elementor-element-e51af3f elementor-widget elementor-widget-image\" data-id=\"e51af3f\" data-element_type=\"widget\" data-widget_type=\"image.default\">\n\t\t\t\t<div class=\"elementor-widget-container\">\n\t\t\t\t\t\t\t\t\t\t\t\t\t\t\t<img alt=\"\" fetchpriority=\"high\" decoding=\"async\" width=\"1559\" height=\"1835\" src=\"https:\/\/www.sfmpower.com\/wp-content\/uploads\/2025\/01\/\u5e94\u7528\u573a\u666f.jpg\" class=\"attachment-full size-full wp-image-596\" srcset=\"https:\/\/www.sfmpower.com\/wp-content\/uploads\/2025\/01\/\u5e94\u7528\u573a\u666f.jpg 1559w, https:\/\/www.sfmpower.com\/wp-content\/uploads\/2025\/01\/\u5e94\u7528\u573a\u666f-255x300.jpg 255w, https:\/\/www.sfmpower.com\/wp-content\/uploads\/2025\/01\/\u5e94\u7528\u573a\u666f-870x1024.jpg 870w, https:\/\/www.sfmpower.com\/wp-content\/uploads\/2025\/01\/\u5e94\u7528\u573a\u666f-768x904.jpg 768w, https:\/\/www.sfmpower.com\/wp-content\/uploads\/2025\/01\/\u5e94\u7528\u573a\u666f-1305x1536.jpg 1305w, https:\/\/www.sfmpower.com\/wp-content\/uploads\/2025\/01\/\u5e94\u7528\u573a\u666f-600x706.jpg 600w\" sizes=\"(max-width: 1559px) 100vw, 1559px\" \/>\t\t\t\t\t\t\t\t\t\t\t\t\t\t\t<\/div>\n\t\t\t\t<\/div>\n\t\t\t\t\t<\/div>\n\t\t\t\t<\/div>\n\t\t\t\t<\/div>\n\t\t\t\t\t<\/div>\n\t\t<\/div>\n\t\t\t\t\t\t<\/div>\n\t\t\t\t<\/div>\n\t\t\t\t\t<\/div>\n\t\t\t\t<\/div>\n\t\t\t\t<\/div>","protected":false},"excerpt":{"rendered":"<p><b>Central el\u00e9ctrica multifuncional de almacenamiento de energ\u00eda aplicada en <\/b><b>campo de la construcci\u00f3n al aire libre <\/b><\/p>\n<p>Salida de alta potencia AC110V\/220V\/3500W, adecuada para herramientas el\u00e9ctricas y equipos el\u00e9ctricos de 110V\/220V;<\/p>\n<p>Puede emparejar la m\u00e1quina de soldadura de 48V DC, puede lograr \u03a6 2.5-3.2mm electrodo largo de soldadura;<\/p>\n<p>Dispositivo de protecci\u00f3n contra sobrecargas incorporado para evitar da\u00f1os en los equipos causados por sobrecargas el\u00e9ctricas;<\/p>\n<p>M\u00f3dulo de bater\u00eda de litio de larga duraci\u00f3n, duraci\u00f3n de la bater\u00eda de hasta 8-10 a\u00f1os;<\/p>\n<p>Circuito de protecci\u00f3n de bater\u00eda de rango completo, seguro y protegido;<\/p>\n<p>Proporciona una corriente de 16 A para cargar la fuente de alimentaci\u00f3n del coche;<\/p>\n<p>Varilla de mano tipo caja de dise\u00f1o port\u00e1til, ligera y c\u00f3moda.<\/p>","protected":false},"featured_media":1039,"template":"","meta":{"_seopress_robots_primary_cat":"none","_seopress_titles_title":"","_seopress_titles_desc":"","_seopress_robots_index":"","_joinchat":[]},"product_brand":[],"product_cat":[29],"product_tag":[],"class_list":{"0":"post-590","1":"product","2":"type-product","3":"status-publish","4":"has-post-thumbnail","6":"product_cat-industrial-portable-power-station","8":"first","9":"instock","10":"shipping-taxable","11":"product-type-simple"},"_links":{"self":[{"href":"https:\/\/www.sfmpower.com\/es\/wp-json\/wp\/v2\/product\/590","targetHints":{"allow":["GET"]}}],"collection":[{"href":"https:\/\/www.sfmpower.com\/es\/wp-json\/wp\/v2\/product"}],"about":[{"href":"https:\/\/www.sfmpower.com\/es\/wp-json\/wp\/v2\/types\/product"}],"version-history":[{"count":0,"href":"https:\/\/www.sfmpower.com\/es\/wp-json\/wp\/v2\/product\/590\/revisions"}],"wp:featuredmedia":[{"embeddable":true,"href":"https:\/\/www.sfmpower.com\/es\/wp-json\/wp\/v2\/media\/1039"}],"wp:attachment":[{"href":"https:\/\/www.sfmpower.com\/es\/wp-json\/wp\/v2\/media?parent=590"}],"wp:term":[{"taxonomy":"product_brand","embeddable":true,"href":"https:\/\/www.sfmpower.com\/es\/wp-json\/wp\/v2\/product_brand?post=590"},{"taxonomy":"product_cat","embeddable":true,"href":"https:\/\/www.sfmpower.com\/es\/wp-json\/wp\/v2\/product_cat?post=590"},{"taxonomy":"product_tag","embeddable":true,"href":"https:\/\/www.sfmpower.com\/es\/wp-json\/wp\/v2\/product_tag?post=590"}],"curies":[{"name":"wp","href":"https:\/\/api.w.org\/{rel}","templated":true}]}}