{"id":647,"date":"2025-01-13T13:15:43","date_gmt":"2025-01-13T05:15:43","guid":{"rendered":"https:\/\/www.sfmpower.com\/?post_type=product&#038;p=647"},"modified":"2025-03-01T11:50:28","modified_gmt":"2025-03-01T03:50:28","slug":"ps-4800","status":"publish","type":"product","link":"https:\/\/www.sfmpower.com\/de\/produkt\/ps-4800\/","title":{"rendered":"PS-4800T"},"content":{"rendered":"<div data-elementor-type=\"product-post\" data-elementor-id=\"647\" class=\"elementor elementor-647\" data-elementor-post-type=\"product\">\n\t\t\t\t<div class=\"elementor-element elementor-element-33416e6 e-flex e-con-boxed e-con e-parent\" data-id=\"33416e6\" data-element_type=\"container\">\n\t\t\t\t\t<div class=\"e-con-inner\">\n\t\t\t\t<div class=\"elementor-element elementor-element-cef4d8d e-n-tabs-mobile elementor-widget elementor-widget-n-tabs\" data-id=\"cef4d8d\" data-element_type=\"widget\" data-settings=\"{&quot;tabs_justify_horizontal&quot;:&quot;start&quot;,&quot;horizontal_scroll&quot;:&quot;disable&quot;}\" data-widget_type=\"nested-tabs.default\">\n\t\t\t\t<div class=\"elementor-widget-container\">\n\t\t\t\t\t\t\t<div class=\"e-n-tabs\" data-widget-number=\"217009549\" aria-label=\"\u0412\u043a\u043b\u0430\u0434\u043a\u0438. \u041e\u0442\u043a\u0440\u044b\u0432\u0430\u0439\u0442\u0435 \u044d\u043b\u0435\u043c\u0435\u043d\u0442\u044b \u0441 \u043f\u043e\u043c\u043e\u0449\u044c\u044e \u043a\u043b\u0430\u0432\u0438\u0448 Enter \u0438\u043b\u0438 Space, \u0437\u0430\u043a\u0440\u044b\u0432\u0430\u0439\u0442\u0435 \u0441 \u043f\u043e\u043c\u043e\u0449\u044c\u044e Escape \u0438 \u043f\u0435\u0440\u0435\u043c\u0435\u0449\u0430\u0439\u0442\u0435\u0441\u044c \u0441 \u043f\u043e\u043c\u043e\u0449\u044c\u044e \u043a\u043b\u0430\u0432\u0438\u0448 \u0441\u043e \u0441\u0442\u0440\u0435\u043b\u043a\u0430\u043c\u0438.\">\n\t\t\t<div class=\"e-n-tabs-heading\" role=\"tablist\">\n\t\t\t\t\t<button id=\"e-n-tab-title-2170095491\" class=\"e-n-tab-title\" aria-selected=\"true\" data-tab-index=\"1\" role=\"tab\" tabindex=\"0\" aria-controls=\"e-n-tab-content-2170095491\" style=\"--n-tabs-title-order: 1;\">\n\t\t\t\t\t\t<span class=\"e-n-tab-title-text\">\n\t\t\t\tReferenztabelle zur Lebensdauer der Ausr\u00fcstung\t\t\t<\/span>\n\t\t<\/button>\n\t\t\t\t<button id=\"e-n-tab-title-2170095492\" class=\"e-n-tab-title\" aria-selected=\"false\" data-tab-index=\"2\" role=\"tab\" tabindex=\"-1\" aria-controls=\"e-n-tab-content-2170095492\" style=\"--n-tabs-title-order: 2;\">\n\t\t\t\t\t\t<span class=\"e-n-tab-title-text\">\n\t\t\t\tTECHNISCHE PARAMETER\t\t\t<\/span>\n\t\t<\/button>\n\t\t\t\t<button id=\"e-n-tab-title-2170095493\" class=\"e-n-tab-title\" aria-selected=\"false\" data-tab-index=\"3\" role=\"tab\" tabindex=\"-1\" aria-controls=\"e-n-tab-content-2170095493\" style=\"--n-tabs-title-order: 3;\">\n\t\t\t\t\t\t<span class=\"e-n-tab-title-text\">\n\t\t\t\tPARTIELLER ANWENDUNGSFALL\t\t\t<\/span>\n\t\t<\/button>\n\t\t\t\t\t<\/div>\n\t\t\t<div class=\"e-n-tabs-content\">\n\t\t\t\t<div id=\"e-n-tab-content-2170095491\" role=\"tabpanel\" aria-labelledby=\"e-n-tab-title-2170095491\" data-tab-index=\"1\" style=\"--n-tabs-title-order: 1;\" class=\"e-active elementor-element elementor-element-ac502e6 e-con-full e-flex e-con e-child\" data-id=\"ac502e6\" data-element_type=\"container\">\n\t\t<div class=\"elementor-element elementor-element-915aff1 e-flex e-con-boxed e-con e-child\" data-id=\"915aff1\" data-element_type=\"container\">\n\t\t\t\t\t<div class=\"e-con-inner\">\n\t\t\t\t<div class=\"elementor-element elementor-element-bba87af elementor-widget elementor-widget-text-editor\" data-id=\"bba87af\" data-element_type=\"widget\" data-widget_type=\"text-editor.default\">\n\t\t\t\t<div class=\"elementor-widget-container\">\n\t\t\t\t\t\t\t\t\t<table width=\"227\">\n<tbody>\n<tr>\n<td width=\"162\">Typ<\/td>\n<td width=\"64\">PS-4800T<\/td>\n<\/tr>\n<tr>\n<td>220V Strom<\/td>\n<td>3500W<\/td>\n<\/tr>\n<tr>\n<td>Batteriekapazit\u00e4t<\/td>\n<td>2662Wh<\/td>\n<\/tr>\n<tr>\n<td width=\"162\">26Elektrisch<br>Hammer\u03c614Bohrer<\/td>\n<td>1644&nbsp;<\/td>\n<\/tr>\n<tr>\n<td>Elektro-Pick(Stunde)<\/td>\n<td>5.9h<\/td>\n<\/tr>\n<tr>\n<td width=\"162\">350 Schneidwerk<br>&nbsp; (Stunde)<\/td>\n<td>3.9h<\/td>\n<\/tr>\n<tr>\n<td width=\"162\">110 Schneidwerk<br>&nbsp; (Stunde)<\/td>\n<td>10.4h<\/td>\n<\/tr>\n<tr>\n<td width=\"162\">100 Winkel<br>&nbsp; Schleifer(Stunde)<\/td>\n<td>16h<\/td>\n<\/tr>\n<tr>\n<td width=\"162\">Elektroschrauber<br>(Ladezeiten)<\/td>\n<td>29&nbsp;<\/td>\n<\/tr>\n<tr>\n<td width=\"162\">100W LED-Licht<br>(Stunde)<\/td>\n<td>26.5h<\/td>\n<\/tr>\n<tr>\n<td>Bodenventilator(Stunde)<\/td>\n<td>53.1h<\/td>\n<\/tr>\n<tr>\n<td>&nbsp; Desktop(Stunde)<\/td>\n<td>23h<\/td>\n<\/tr>\n<tr>\n<td width=\"162\">70 Zoll Farbe<br>&nbsp; TV(Stunde)<\/td>\n<td>28.3h<\/td>\n<\/tr>\n<tr>\n<td colspan=\"2\" width=\"227\">Hinweis: Die oben genannten Parameter wurden auf der Grundlage der routinem\u00e4\u00dfigen Nutzung durch den Benutzer berechnet, und die tats\u00e4chliche Nutzungsdauer variiert je nach den Nutzungsgewohnheiten des Kunden und der spezifischen Leistung des elektrischen Ger\u00e4ts.<\/td>\n<\/tr>\n<\/tbody>\n<\/table>\t\t\t\t\t\t\t\t<\/div>\n\t\t\t\t<\/div>\n\t\t\t\t\t<\/div>\n\t\t\t\t<\/div>\n\t\t\t\t<\/div>\n\t\t<div id=\"e-n-tab-content-2170095492\" role=\"tabpanel\" aria-labelledby=\"e-n-tab-title-2170095492\" data-tab-index=\"2\" style=\"--n-tabs-title-order: 2;\" class=\"elementor-element elementor-element-988a03f e-con-full e-flex e-con e-child\" data-id=\"988a03f\" data-element_type=\"container\">\n\t\t<div class=\"elementor-element elementor-element-20021dd e-flex e-con-boxed e-con e-child\" data-id=\"20021dd\" data-element_type=\"container\">\n\t\t\t\t\t<div class=\"e-con-inner\">\n\t\t\t\t<div class=\"elementor-element elementor-element-d849853 elementor-widget elementor-widget-text-editor\" data-id=\"d849853\" data-element_type=\"widget\" data-widget_type=\"text-editor.default\">\n\t\t\t\t<div class=\"elementor-widget-container\">\n\t\t\t\t\t\t\t\t\t<table width=\"422\"><tbody><tr><td width=\"191\">\u00a0<\/td><td width=\"231\">PS-4800<\/td><\/tr><tr><td width=\"191\">26 Elektrisch<br \/>Hammer \u03c614Bohrer<\/td><td width=\"231\">1644\u00a0<\/td><\/tr><tr><td width=\"191\">350Abschneiden<br \/>S\u00e4ge(Stunde)<\/td><td width=\"231\">3.9h<\/td><\/tr><tr><td width=\"191\">100 Winkel<br \/>Schleifer(Stunde)<\/td><td width=\"231\">16h<\/td><\/tr><tr><td width=\"191\">100W LED-Licht<br \/>(Stunde)<\/td><td width=\"231\">26.5h<\/td><\/tr><tr><td width=\"191\">Desktop(Stunde)<\/td><td width=\"231\">23h<\/td><\/tr><tr><td width=\"191\">ElektroPickaxe<br \/>(Stunde)<\/td><td width=\"231\">5.9h<\/td><\/tr><tr><td width=\"191\">110Schneidwerk<br \/>(Stunde\uff09<\/td><td width=\"231\">10.4h<\/td><\/tr><tr><td width=\"191\">Elektroschrauber<br \/>(Chargetimes)<\/td><td width=\"231\">29\u00a0<\/td><\/tr><tr><td width=\"191\">Bodenventilator(Stunde)<\/td><td width=\"231\">53.1h<\/td><\/tr><tr><td width=\"191\">70 Zoll Farbe<br \/>TV(Stunde)<\/td><td width=\"231\">28.3h<\/td><\/tr><tr><td colspan=\"2\" width=\"422\">Hinweis: Die oben genannten Parameter werden auf der Grundlage der routinem\u00e4\u00dfigen Nutzung durch den Benutzer berechnet, und die tats\u00e4chliche Nutzungszeit h\u00e4ngt von den Nutzungsgewohnheiten des Kunden und der spezifischen Leistung des elektrischen Ger\u00e4ts ab.<\/td><\/tr><\/tbody><\/table>\t\t\t\t\t\t\t\t<\/div>\n\t\t\t\t<\/div>\n\t\t\t\t\t<\/div>\n\t\t\t\t<\/div>\n\t\t\t\t<\/div>\n\t\t<div id=\"e-n-tab-content-2170095493\" role=\"tabpanel\" aria-labelledby=\"e-n-tab-title-2170095493\" data-tab-index=\"3\" style=\"--n-tabs-title-order: 3;\" class=\"elementor-element elementor-element-1a94325 e-con-full e-flex e-con e-child\" data-id=\"1a94325\" data-element_type=\"container\">\n\t\t<div class=\"elementor-element elementor-element-ea4a2a9 e-flex e-con-boxed e-con e-child\" data-id=\"ea4a2a9\" data-element_type=\"container\">\n\t\t\t\t\t<div class=\"e-con-inner\">\n\t\t\t\t<div class=\"elementor-element elementor-element-e51af3f elementor-widget elementor-widget-image\" data-id=\"e51af3f\" data-element_type=\"widget\" data-widget_type=\"image.default\">\n\t\t\t\t<div class=\"elementor-widget-container\">\n\t\t\t\t\t\t\t\t\t\t\t\t\t\t\t<img alt=\"\" fetchpriority=\"high\" decoding=\"async\" width=\"1559\" height=\"1835\" src=\"https:\/\/www.sfmpower.com\/wp-content\/uploads\/2025\/01\/\u5e94\u7528\u573a\u666f.jpg\" class=\"attachment-full size-full wp-image-596\" srcset=\"https:\/\/www.sfmpower.com\/wp-content\/uploads\/2025\/01\/\u5e94\u7528\u573a\u666f.jpg 1559w, https:\/\/www.sfmpower.com\/wp-content\/uploads\/2025\/01\/\u5e94\u7528\u573a\u666f-255x300.jpg 255w, https:\/\/www.sfmpower.com\/wp-content\/uploads\/2025\/01\/\u5e94\u7528\u573a\u666f-870x1024.jpg 870w, https:\/\/www.sfmpower.com\/wp-content\/uploads\/2025\/01\/\u5e94\u7528\u573a\u666f-768x904.jpg 768w, https:\/\/www.sfmpower.com\/wp-content\/uploads\/2025\/01\/\u5e94\u7528\u573a\u666f-1305x1536.jpg 1305w, https:\/\/www.sfmpower.com\/wp-content\/uploads\/2025\/01\/\u5e94\u7528\u573a\u666f-600x706.jpg 600w\" sizes=\"(max-width: 1559px) 100vw, 1559px\" \/>\t\t\t\t\t\t\t\t\t\t\t\t\t\t\t<\/div>\n\t\t\t\t<\/div>\n\t\t\t\t\t<\/div>\n\t\t\t\t<\/div>\n\t\t\t\t<\/div>\n\t\t\t\t\t<\/div>\n\t\t<\/div>\n\t\t\t\t\t\t<\/div>\n\t\t\t\t<\/div>\n\t\t\t\t\t<\/div>\n\t\t\t\t<\/div>\n\t\t\t\t<\/div>","protected":false},"excerpt":{"rendered":"<p><b>Multifunktionales Energiespeicherkraftwerk f\u00fcr den Einsatz in <\/b><b>Au\u00dfenbaubereich <\/b><\/p>\n<p>AC110V\/220V\/3500W hohe Ausgangsleistung, geeignet f\u00fcr 110V\/220V Elektrowerkzeuge und elektrische Ger\u00e4te;<\/p>\n<p>Eingebauter \u00dcberlastungsschutz zur Vermeidung von Ger\u00e4tesch\u00e4den durch elektrische \u00dcberlast;<\/p>\n<p>Langlebiges Lithium-Batteriemodul mit einer Batterielebensdauer von bis zu 8-10 Jahren;<\/p>\n<p>Vollst\u00e4ndige Batterieschutzschaltung, sicher und gesch\u00fctzt;<\/p>\n<p>Bereitstellung von 16A Strom f\u00fcr die Stromversorgung des Autos;<\/p>\n<p>Hand Rod Box Typ tragbare Design, leicht und bequem.<\/p>","protected":false},"featured_media":1040,"template":"","meta":{"_seopress_robots_primary_cat":"none","_seopress_titles_title":"","_seopress_titles_desc":"","_seopress_robots_index":"","_joinchat":[]},"product_brand":[],"product_cat":[29],"product_tag":[],"class_list":{"0":"post-647","1":"product","2":"type-product","3":"status-publish","4":"has-post-thumbnail","6":"product_cat-industrial-portable-power-station","8":"first","9":"instock","10":"shipping-taxable","11":"product-type-simple"},"_links":{"self":[{"href":"https:\/\/www.sfmpower.com\/de\/wp-json\/wp\/v2\/product\/647","targetHints":{"allow":["GET"]}}],"collection":[{"href":"https:\/\/www.sfmpower.com\/de\/wp-json\/wp\/v2\/product"}],"about":[{"href":"https:\/\/www.sfmpower.com\/de\/wp-json\/wp\/v2\/types\/product"}],"version-history":[{"count":0,"href":"https:\/\/www.sfmpower.com\/de\/wp-json\/wp\/v2\/product\/647\/revisions"}],"wp:featuredmedia":[{"embeddable":true,"href":"https:\/\/www.sfmpower.com\/de\/wp-json\/wp\/v2\/media\/1040"}],"wp:attachment":[{"href":"https:\/\/www.sfmpower.com\/de\/wp-json\/wp\/v2\/media?parent=647"}],"wp:term":[{"taxonomy":"product_brand","embeddable":true,"href":"https:\/\/www.sfmpower.com\/de\/wp-json\/wp\/v2\/product_brand?post=647"},{"taxonomy":"product_cat","embeddable":true,"href":"https:\/\/www.sfmpower.com\/de\/wp-json\/wp\/v2\/product_cat?post=647"},{"taxonomy":"product_tag","embeddable":true,"href":"https:\/\/www.sfmpower.com\/de\/wp-json\/wp\/v2\/product_tag?post=647"}],"curies":[{"name":"wp","href":"https:\/\/api.w.org\/{rel}","templated":true}]}}