{"id":1009,"date":"2025-01-13T13:22:02","date_gmt":"2025-01-13T05:22:02","guid":{"rendered":"https:\/\/www.sfmpower.com\/?post_type=product&#038;p=1009"},"modified":"2025-02-12T17:30:49","modified_gmt":"2025-02-12T09:30:49","slug":"lw-360","status":"publish","type":"product","link":"https:\/\/www.sfmpower.com\/de\/produkt\/lw-360\/","title":{"rendered":"LW-360"},"content":{"rendered":"<div data-elementor-type=\"product-post\" data-elementor-id=\"1009\" class=\"elementor elementor-1009\" data-elementor-post-type=\"product\">\n\t\t\t\t<div class=\"elementor-element elementor-element-33416e6 e-flex e-con-boxed e-con e-parent\" data-id=\"33416e6\" data-element_type=\"container\">\n\t\t\t\t\t<div class=\"e-con-inner\">\n\t\t\t\t<div class=\"elementor-element elementor-element-cef4d8d e-n-tabs-mobile elementor-widget elementor-widget-n-tabs\" data-id=\"cef4d8d\" data-element_type=\"widget\" data-settings=\"{&quot;tabs_justify_horizontal&quot;:&quot;start&quot;,&quot;horizontal_scroll&quot;:&quot;disable&quot;}\" data-widget_type=\"nested-tabs.default\">\n\t\t\t\t<div class=\"elementor-widget-container\">\n\t\t\t\t\t\t\t<div class=\"e-n-tabs\" data-widget-number=\"217009549\" aria-label=\"\u0412\u043a\u043b\u0430\u0434\u043a\u0438. \u041e\u0442\u043a\u0440\u044b\u0432\u0430\u0439\u0442\u0435 \u044d\u043b\u0435\u043c\u0435\u043d\u0442\u044b \u0441 \u043f\u043e\u043c\u043e\u0449\u044c\u044e \u043a\u043b\u0430\u0432\u0438\u0448 Enter \u0438\u043b\u0438 Space, \u0437\u0430\u043a\u0440\u044b\u0432\u0430\u0439\u0442\u0435 \u0441 \u043f\u043e\u043c\u043e\u0449\u044c\u044e Escape \u0438 \u043f\u0435\u0440\u0435\u043c\u0435\u0449\u0430\u0439\u0442\u0435\u0441\u044c \u0441 \u043f\u043e\u043c\u043e\u0449\u044c\u044e \u043a\u043b\u0430\u0432\u0438\u0448 \u0441\u043e \u0441\u0442\u0440\u0435\u043b\u043a\u0430\u043c\u0438.\">\n\t\t\t<div class=\"e-n-tabs-heading\" role=\"tablist\">\n\t\t\t\t\t<button id=\"e-n-tab-title-2170095491\" class=\"e-n-tab-title\" aria-selected=\"true\" data-tab-index=\"1\" role=\"tab\" tabindex=\"0\" aria-controls=\"e-n-tab-content-2170095491\" style=\"--n-tabs-title-order: 1;\">\n\t\t\t\t\t\t<span class=\"e-n-tab-title-text\">\n\t\t\t\tReferenztabelle zur Lebensdauer der Ausr\u00fcstung\t\t\t<\/span>\n\t\t<\/button>\n\t\t\t\t<button id=\"e-n-tab-title-2170095492\" class=\"e-n-tab-title\" aria-selected=\"false\" data-tab-index=\"2\" role=\"tab\" tabindex=\"-1\" aria-controls=\"e-n-tab-content-2170095492\" style=\"--n-tabs-title-order: 2;\">\n\t\t\t\t\t\t<span class=\"e-n-tab-title-text\">\n\t\t\t\tPARTIELLER ANWENDUNGSFALL\t\t\t<\/span>\n\t\t<\/button>\n\t\t\t\t\t<\/div>\n\t\t\t<div class=\"e-n-tabs-content\">\n\t\t\t\t<div id=\"e-n-tab-content-2170095491\" role=\"tabpanel\" aria-labelledby=\"e-n-tab-title-2170095491\" data-tab-index=\"1\" style=\"--n-tabs-title-order: 1;\" class=\"e-active elementor-element elementor-element-ac502e6 e-con-full e-flex e-con e-child\" data-id=\"ac502e6\" data-element_type=\"container\">\n\t\t<div class=\"elementor-element elementor-element-915aff1 e-flex e-con-boxed e-con e-child\" data-id=\"915aff1\" data-element_type=\"container\">\n\t\t\t\t\t<div class=\"e-con-inner\">\n\t\t\t\t<div class=\"elementor-element elementor-element-bba87af elementor-widget elementor-widget-text-editor\" data-id=\"bba87af\" data-element_type=\"widget\" data-widget_type=\"text-editor.default\">\n\t\t\t\t<div class=\"elementor-widget-container\">\n\t\t\t\t\t\t\t\t\t<table width=\"893\"><tbody><tr><td colspan=\"4\" width=\"893\">LW-360 Wiederaufladbares halbautomatisches tragbares Schwei\u00dfger\u00e4t<\/td><\/tr><tr><td>Funktionen beim Schwei\u00dfen<\/td><td>MIG\/MMA\/TIG<\/td><td>MIG-Draht-Durchmesser<\/td><td>\u03c60.8-1.0mm F\u00fclldraht<\/td><\/tr><tr><td>Aufladezeit<\/td><td>1,8 Stunden<\/td><td>MIG Volle Ladung<br \/>Ausdauer<\/td><td>1.2Kg(\u03c60.8mm)<\/td><\/tr><tr><td>Batteriekapazit\u00e4t<\/td><td>1382Wh<\/td><td>MMAElektrode<br \/>Durchmesser<\/td><td>\u03c61.0-4.0mm<\/td><\/tr><tr><td>Akku-Typ<\/td><td>LFP<\/td><td>MMA Vollladung<br \/>Ausdauer<\/td><td>40 St\u00fcck (\u03c62.5x300mm)<\/td><\/tr><tr><td rowspan=\"2\">MIG<br \/>MMA<br \/>WIG<\/td><td rowspan=\"2\" width=\"246\">40A\/16V~160A\/22V<br \/>10A\/20.4V~160A\/26.4V<br \/>10A\/10.4V~160A\/16.4V<\/td><td>Einschaltdauer<\/td><td>35%<\/td><\/tr><tr><td>Leerlaufspannung<\/td><td>57.6V<\/td><\/tr><tr><td>Zykluszeiten<\/td><td>3000 Takte<\/td><td>Anwendbare Materialien<\/td><td>Rostfreier Stahl, Kohlenstoffstahl, niedrig legierter Stahl<\/td><\/tr><tr><td>Isolationsklasse<\/td><td>F<\/td><td>Schutzklasse<\/td><td>IP21S<\/td><\/tr><tr><td>Abmessungen<\/td><td>575x214x362mm<\/td><td>Gewicht<\/td><td>23,9 kg<\/td><\/tr><\/tbody><\/table>\t\t\t\t\t\t\t\t<\/div>\n\t\t\t\t<\/div>\n\t\t\t\t\t<\/div>\n\t\t\t\t<\/div>\n\t\t\t\t<\/div>\n\t\t<div id=\"e-n-tab-content-2170095492\" role=\"tabpanel\" aria-labelledby=\"e-n-tab-title-2170095492\" data-tab-index=\"2\" style=\"--n-tabs-title-order: 2;\" class=\"elementor-element elementor-element-1a94325 e-con-full e-flex e-con e-child\" data-id=\"1a94325\" data-element_type=\"container\">\n\t\t<div class=\"elementor-element elementor-element-ea4a2a9 e-flex e-con-boxed e-con e-child\" data-id=\"ea4a2a9\" data-element_type=\"container\">\n\t\t\t\t\t<div class=\"e-con-inner\">\n\t\t\t\t<div class=\"elementor-element elementor-element-e51af3f elementor-widget elementor-widget-image\" data-id=\"e51af3f\" data-element_type=\"widget\" data-widget_type=\"image.default\">\n\t\t\t\t<div class=\"elementor-widget-container\">\n\t\t\t\t\t\t\t\t\t\t\t\t\t\t\t<img alt=\"\" fetchpriority=\"high\" decoding=\"async\" width=\"1365\" height=\"1076\" src=\"https:\/\/www.sfmpower.com\/wp-content\/uploads\/2025\/02\/lw.webp\" class=\"attachment-full size-full wp-image-1195\" srcset=\"https:\/\/www.sfmpower.com\/wp-content\/uploads\/2025\/02\/lw.webp 1365w, https:\/\/www.sfmpower.com\/wp-content\/uploads\/2025\/02\/lw-300x236.webp 300w, https:\/\/www.sfmpower.com\/wp-content\/uploads\/2025\/02\/lw-1024x807.webp 1024w, https:\/\/www.sfmpower.com\/wp-content\/uploads\/2025\/02\/lw-768x605.webp 768w, https:\/\/www.sfmpower.com\/wp-content\/uploads\/2025\/02\/lw-15x12.webp 15w, https:\/\/www.sfmpower.com\/wp-content\/uploads\/2025\/02\/lw-600x473.webp 600w\" sizes=\"(max-width: 1365px) 100vw, 1365px\" \/>\t\t\t\t\t\t\t\t\t\t\t\t\t\t\t<\/div>\n\t\t\t\t<\/div>\n\t\t\t\t\t<\/div>\n\t\t\t\t<\/div>\n\t\t\t\t<\/div>\n\t\t\t\t\t<\/div>\n\t\t<\/div>\n\t\t\t\t\t\t<\/div>\n\t\t\t\t<\/div>\n\t\t\t\t\t<\/div>\n\t\t\t\t<\/div>\n\t\t\t\t<\/div>","protected":false},"excerpt":{"rendered":"<p>Kompatibel mit MIG-, MMA- und TIG-Funktionen;<\/p>\n<p>Eingebauter Lithium-Akku, voll aufgeladen in nur 1,8 Stunden;<\/p>\n<p>Halbautomatische Drahtvorschubstruktur f\u00fcr reibungsloses und effizientes Schwei\u00dfen;<\/p>\n<p>Die MlG-Parameter k\u00f6nnen auch ohne professionelle Schwei\u00dfkenntnisse leicht eingestellt werden;<\/p>\n<p>Kompatibel mit 1kg-5kg Drahtspulen, geeignet f\u00fcr\u03c60.8-1.0mm F\u00fclldraht;<\/p>\n<p>Der Schwei\u00dfkreis ist mit intelligenten Funktionen zur Erkennung von Anomalien, \u00dcberhitzung und Unterspannung ausgestattet;<\/p>\n<p>Intelligenter digitaler Regelkreis f\u00fcr \u00e4sthetisch ansprechende Schwei\u00dfn\u00e4hte;<\/p>\n<p>Verwendet sichere Lithium-Eisenphosphat-Batteriezellen mit einer Lebensdauer von 8-10 Jahren;<\/p>\n<p>Eingebautes intelligentes Batteriemanagementsystem, BMS-Informationen \u00fcber Bluetooth ablesbar, kompatibel mit Android- und iOS-Systemen;<\/p>\n<p>Intelligente L\u00fcfter-Start-Stopp-Funktion.<\/p>","protected":false},"featured_media":1035,"template":"","meta":{"_seopress_robots_primary_cat":"none","_seopress_titles_title":"","_seopress_titles_desc":"","_seopress_robots_index":"","_joinchat":[]},"product_brand":[],"product_cat":[31],"product_tag":[],"class_list":{"0":"post-1009","1":"product","2":"type-product","3":"status-publish","4":"has-post-thumbnail","6":"product_cat-battery-powered-welder","8":"first","9":"instock","10":"shipping-taxable","11":"product-type-simple"},"_links":{"self":[{"href":"https:\/\/www.sfmpower.com\/de\/wp-json\/wp\/v2\/product\/1009","targetHints":{"allow":["GET"]}}],"collection":[{"href":"https:\/\/www.sfmpower.com\/de\/wp-json\/wp\/v2\/product"}],"about":[{"href":"https:\/\/www.sfmpower.com\/de\/wp-json\/wp\/v2\/types\/product"}],"version-history":[{"count":0,"href":"https:\/\/www.sfmpower.com\/de\/wp-json\/wp\/v2\/product\/1009\/revisions"}],"wp:featuredmedia":[{"embeddable":true,"href":"https:\/\/www.sfmpower.com\/de\/wp-json\/wp\/v2\/media\/1035"}],"wp:attachment":[{"href":"https:\/\/www.sfmpower.com\/de\/wp-json\/wp\/v2\/media?parent=1009"}],"wp:term":[{"taxonomy":"product_brand","embeddable":true,"href":"https:\/\/www.sfmpower.com\/de\/wp-json\/wp\/v2\/product_brand?post=1009"},{"taxonomy":"product_cat","embeddable":true,"href":"https:\/\/www.sfmpower.com\/de\/wp-json\/wp\/v2\/product_cat?post=1009"},{"taxonomy":"product_tag","embeddable":true,"href":"https:\/\/www.sfmpower.com\/de\/wp-json\/wp\/v2\/product_tag?post=1009"}],"curies":[{"name":"wp","href":"https:\/\/api.w.org\/{rel}","templated":true}]}}