{"id":1009,"date":"2025-01-13T13:22:02","date_gmt":"2025-01-13T05:22:02","guid":{"rendered":"https:\/\/www.sfmpower.com\/?post_type=product&#038;p=1009"},"modified":"2025-02-12T17:30:49","modified_gmt":"2025-02-12T09:30:49","slug":"lw-360","status":"publish","type":"product","link":"http:\/\/www.sfmpower.com\/ru\/product\/lw-360\/","title":{"rendered":"LW-360"},"content":{"rendered":"<div data-elementor-type=\"product-post\" data-elementor-id=\"1009\" class=\"elementor elementor-1009\" data-elementor-post-type=\"product\">\n\t\t\t\t<div class=\"elementor-element elementor-element-33416e6 e-flex e-con-boxed e-con e-parent\" data-id=\"33416e6\" data-element_type=\"container\">\n\t\t\t\t\t<div class=\"e-con-inner\">\n\t\t\t\t<div class=\"elementor-element elementor-element-cef4d8d e-n-tabs-mobile elementor-widget elementor-widget-n-tabs\" data-id=\"cef4d8d\" data-element_type=\"widget\" data-settings=\"{&quot;tabs_justify_horizontal&quot;:&quot;start&quot;,&quot;horizontal_scroll&quot;:&quot;disable&quot;}\" data-widget_type=\"nested-tabs.default\">\n\t\t\t\t<div class=\"elementor-widget-container\">\n\t\t\t\t\t\t\t<div class=\"e-n-tabs\" data-widget-number=\"217009549\" aria-label=\"Onglets. Ouvrez des \u00e9l\u00e9ments avec Entrer ou Espace, fermez-les avec Echape et naviguez \u00e0 l&#039;aide des touches fl\u00e9ch\u00e9es.\" data-no-translation-aria-label=\"\">\n\t\t\t<div class=\"e-n-tabs-heading\" role=\"tablist\">\n\t\t\t\t\t<button id=\"e-n-tab-title-2170095491\" class=\"e-n-tab-title\" aria-selected=\"true\" data-tab-index=\"1\" role=\"tab\" tabindex=\"0\" aria-controls=\"e-n-tab-content-2170095491\" style=\"--n-tabs-title-order: 1;\">\n\t\t\t\t\t\t<span class=\"e-n-tab-title-text\">\n\t\t\t\t\u0421\u043f\u0440\u0430\u0432\u043e\u0447\u043d\u0430\u044f \u0442\u0430\u0431\u043b\u0438\u0446\u0430 \u0432\u044b\u043d\u043e\u0441\u043b\u0438\u0432\u043e\u0441\u0442\u0438 \u043e\u0431\u043e\u0440\u0443\u0434\u043e\u0432\u0430\u043d\u0438\u044f\t\t\t<\/span>\n\t\t<\/button>\n\t\t\t\t<button id=\"e-n-tab-title-2170095492\" class=\"e-n-tab-title\" aria-selected=\"false\" data-tab-index=\"2\" role=\"tab\" tabindex=\"-1\" aria-controls=\"e-n-tab-content-2170095492\" style=\"--n-tabs-title-order: 2;\">\n\t\t\t\t\t\t<span class=\"e-n-tab-title-text\">\n\t\t\t\t\u0427\u0410\u0421\u0422\u0418\u0427\u041d\u042b\u0419 \u0412\u0410\u0420\u0418\u0410\u041d\u0422 \u0418\u0421\u041f\u041e\u041b\u042c\u0417\u041e\u0412\u0410\u041d\u0418\u042f\t\t\t<\/span>\n\t\t<\/button>\n\t\t\t\t\t<\/div>\n\t\t\t<div class=\"e-n-tabs-content\">\n\t\t\t\t<div id=\"e-n-tab-content-2170095491\" role=\"tabpanel\" aria-labelledby=\"e-n-tab-title-2170095491\" data-tab-index=\"1\" style=\"--n-tabs-title-order: 1;\" class=\"e-active elementor-element elementor-element-ac502e6 e-con-full e-flex e-con e-child\" data-id=\"ac502e6\" data-element_type=\"container\">\n\t\t<div class=\"elementor-element elementor-element-915aff1 e-flex e-con-boxed e-con e-child\" data-id=\"915aff1\" data-element_type=\"container\">\n\t\t\t\t\t<div class=\"e-con-inner\">\n\t\t\t\t<div class=\"elementor-element elementor-element-bba87af elementor-widget elementor-widget-text-editor\" data-id=\"bba87af\" data-element_type=\"widget\" data-widget_type=\"text-editor.default\">\n\t\t\t\t<div class=\"elementor-widget-container\">\n\t\t\t\t\t\t\t\t\t<table width=\"893\"><tbody><tr><td colspan=\"4\" width=\"893\">LW-360 \u041f\u0435\u0440\u0435\u0437\u0430\u0440\u044f\u0436\u0430\u0435\u043c\u044b\u0439 \u043f\u043e\u043b\u0443\u0430\u0432\u0442\u043e\u043c\u0430\u0442\u0438\u0447\u0435\u0441\u043a\u0438\u0439 \u043f\u043e\u0440\u0442\u0430\u0442\u0438\u0432\u043d\u044b\u0439 \u0441\u0432\u0430\u0440\u043e\u0447\u043d\u044b\u0439 \u0430\u043f\u043f\u0430\u0440\u0430\u0442<\/td><\/tr><tr><td>\u0424\u0443\u043d\u043a\u0446\u0438\u0438 \u0441\u0432\u0430\u0440\u043a\u0438<\/td><td>MIG\/MMA\/TIG<\/td><td>\u0414\u0438\u0430\u043c\u0435\u0442\u0440 \u043f\u0440\u043e\u0432\u043e\u043b\u043e\u043a\u0438 MIG<\/td><td>\u03c60.8-1.0 \u043c\u043c \u043f\u043e\u0440\u043e\u0448\u043a\u043e\u0432\u0430\u044f \u043f\u0440\u043e\u0432\u043e\u043b\u043e\u043a\u0430<\/td><\/tr><tr><td>\u0412\u0440\u0435\u043c\u044f \u0437\u0430\u0440\u044f\u0434\u043a\u0438<\/td><td>1,8 \u0447\u0430\u0441\u0430<\/td><td>MIG \u041f\u043e\u043b\u043d\u0430\u044f \u0437\u0430\u0440\u044f\u0434\u043a\u0430<br \/>\u0412\u044b\u043d\u043e\u0441\u043b\u0438\u0432\u043e\u0441\u0442\u044c<\/td><td>1.2 \u043a\u0433 (\u03c60.8 \u043c\u043c)<\/td><\/tr><tr><td>\u0415\u043c\u043a\u043e\u0441\u0442\u044c \u0430\u043a\u043a\u0443\u043c\u0443\u043b\u044f\u0442\u043e\u0440\u0430<\/td><td>1382 \u0412\u0442\u0447<\/td><td>\u041c\u041c\u0410\u042d\u043b\u0435\u043a\u0442\u0440\u043e\u0434<br \/>\u0414\u0438\u0430\u043c\u0435\u0442\u0440<\/td><td>\u03c61.0-4.0 \u043c\u043c<\/td><\/tr><tr><td>\u0422\u0438\u043f \u0431\u0430\u0442\u0430\u0440\u0435\u0438<\/td><td>LFP<\/td><td>MMA \u041f\u043e\u043b\u043d\u0430\u044f \u0437\u0430\u0440\u044f\u0434\u043a\u0430<br \/>\u0412\u044b\u043d\u043e\u0441\u043b\u0438\u0432\u043e\u0441\u0442\u044c<\/td><td>40 \u0448\u0442\u0443\u043a (\u03c62.5x300 \u043c\u043c)<\/td><\/tr><tr><td rowspan=\"2\">MIG<br \/>MMA<br \/>TIG<\/td><td rowspan=\"2\" width=\"246\">40A\/16V~160A\/22V<br \/>10A\/20.4V~160A\/26.4V<br \/>10A\/10.4V~160A\/16.4V<\/td><td>\u0426\u0438\u043a\u043b \u0440\u0430\u0431\u043e\u0442\u044b<\/td><td>35%<\/td><\/tr><tr><td>\u041d\u0430\u043f\u0440\u044f\u0436\u0435\u043d\u0438\u0435 \u0445\u043e\u043b\u043e\u0441\u0442\u043e\u0433\u043e \u0445\u043e\u0434\u0430<\/td><td>57.6V<\/td><\/tr><tr><td>\u0412\u0440\u0435\u043c\u044f \u0446\u0438\u043a\u043b\u0430<\/td><td>3000 \u0442\u043c\u0435\u0441<\/td><td>\u041f\u0440\u0438\u043c\u0435\u043d\u044f\u0435\u043c\u044b\u0435 \u043c\u0430\u0442\u0435\u0440\u0438\u0430\u043b\u044b<\/td><td>\u041d\u0435\u0440\u0436\u0430\u0432\u0435\u044e\u0449\u0430\u044f \u0441\u0442\u0430\u043b\u044c, \u0443\u0433\u043b\u0435\u0440\u043e\u0434\u0438\u0441\u0442\u0430\u044f \u0441\u0442\u0430\u043b\u044c, \u043d\u0438\u0437\u043a\u043e\u043b\u0435\u0433\u0438\u0440\u043e\u0432\u0430\u043d\u043d\u0430\u044f \u0441\u0442\u0430\u043b\u044c<\/td><\/tr><tr><td>\u041a\u043b\u0430\u0441\u0441 \u0438\u0437\u043e\u043b\u044f\u0446\u0438\u0438<\/td><td>F<\/td><td>\u041a\u043b\u0430\u0441\u0441 \u0437\u0430\u0449\u0438\u0442\u044b<\/td><td>IP21S<\/td><\/tr><tr><td>\u0420\u0430\u0437\u043c\u0435\u0440\u044b<\/td><td>575x214x362 \u043c\u043c<\/td><td>\u0412\u0435\u0441<\/td><td>23,9 \u043a\u0433<\/td><\/tr><\/tbody><\/table>\t\t\t\t\t\t\t\t<\/div>\n\t\t\t\t<\/div>\n\t\t\t\t\t<\/div>\n\t\t\t\t<\/div>\n\t\t\t\t<\/div>\n\t\t<div id=\"e-n-tab-content-2170095492\" role=\"tabpanel\" aria-labelledby=\"e-n-tab-title-2170095492\" data-tab-index=\"2\" style=\"--n-tabs-title-order: 2;\" class=\"elementor-element elementor-element-1a94325 e-con-full e-flex e-con e-child\" data-id=\"1a94325\" data-element_type=\"container\">\n\t\t<div class=\"elementor-element elementor-element-ea4a2a9 e-flex e-con-boxed e-con e-child\" data-id=\"ea4a2a9\" data-element_type=\"container\">\n\t\t\t\t\t<div class=\"e-con-inner\">\n\t\t\t\t<div class=\"elementor-element elementor-element-e51af3f elementor-widget elementor-widget-image\" data-id=\"e51af3f\" data-element_type=\"widget\" data-widget_type=\"image.default\">\n\t\t\t\t<div class=\"elementor-widget-container\">\n\t\t\t\t\t\t\t\t\t\t\t\t\t\t\t<img alt=\"\" fetchpriority=\"high\" decoding=\"async\" width=\"1365\" height=\"1076\" src=\"https:\/\/www.sfmpower.com\/wp-content\/uploads\/2025\/02\/lw.webp\" class=\"attachment-full size-full wp-image-1195\" srcset=\"https:\/\/www.sfmpower.com\/wp-content\/uploads\/2025\/02\/lw.webp 1365w, https:\/\/www.sfmpower.com\/wp-content\/uploads\/2025\/02\/lw-300x236.webp 300w, https:\/\/www.sfmpower.com\/wp-content\/uploads\/2025\/02\/lw-1024x807.webp 1024w, https:\/\/www.sfmpower.com\/wp-content\/uploads\/2025\/02\/lw-768x605.webp 768w, https:\/\/www.sfmpower.com\/wp-content\/uploads\/2025\/02\/lw-15x12.webp 15w, https:\/\/www.sfmpower.com\/wp-content\/uploads\/2025\/02\/lw-600x473.webp 600w\" sizes=\"(max-width: 1365px) 100vw, 1365px\" \/>\t\t\t\t\t\t\t\t\t\t\t\t\t\t\t<\/div>\n\t\t\t\t<\/div>\n\t\t\t\t\t<\/div>\n\t\t\t\t<\/div>\n\t\t\t\t<\/div>\n\t\t\t\t\t<\/div>\n\t\t<\/div>\n\t\t\t\t\t\t<\/div>\n\t\t\t\t<\/div>\n\t\t\t\t\t<\/div>\n\t\t\t\t<\/div>\n\t\t\t\t<\/div>","protected":false},"excerpt":{"rendered":"<p>\u0421\u043e\u0432\u043c\u0435\u0441\u0442\u0438\u043c \u0441 \u0444\u0443\u043d\u043a\u0446\u0438\u044f\u043c\u0438 MIG, MMA \u0438 TIG;<\/p>\n<p>\u0412\u0441\u0442\u0440\u043e\u0435\u043d\u043d\u044b\u0439 \u043b\u0438\u0442\u0438\u0435\u0432\u044b\u0439 \u0430\u043a\u043a\u0443\u043c\u0443\u043b\u044f\u0442\u043e\u0440 \u0437\u0430\u0440\u044f\u0436\u0430\u0435\u0442\u0441\u044f \u0432\u0441\u0435\u0433\u043e \u0437\u0430 1,8 \u0447\u0430\u0441\u0430;<\/p>\n<p>\u041f\u043e\u043b\u0443\u0430\u0432\u0442\u043e\u043c\u0430\u0442\u0438\u0447\u0435\u0441\u043a\u0430\u044f \u0441\u0442\u0440\u0443\u043a\u0442\u0443\u0440\u0430 \u043f\u043e\u0434\u0430\u0447\u0438 \u043f\u0440\u043e\u0432\u043e\u043b\u043e\u043a\u0438 \u0434\u043b\u044f \u043f\u043b\u0430\u0432\u043d\u043e\u0439 \u0438 \u044d\u0444\u0444\u0435\u043a\u0442\u0438\u0432\u043d\u043e\u0439 \u0441\u0432\u0430\u0440\u043a\u0438;<\/p>\n<p>\u041f\u0430\u0440\u0430\u043c\u0435\u0442\u0440\u044b MlG \u043b\u0435\u0433\u043a\u043e \u043d\u0430\u0441\u0442\u0440\u0430\u0438\u0432\u0430\u044e\u0442\u0441\u044f \u0431\u0435\u0437 \u043f\u0440\u043e\u0444\u0435\u0441\u0441\u0438\u043e\u043d\u0430\u043b\u044c\u043d\u044b\u0445 \u043d\u0430\u0432\u044b\u043a\u043e\u0432 \u0441\u0432\u0430\u0440\u0449\u0438\u043a\u0430;<\/p>\n<p>\u0421\u043e\u0432\u043c\u0435\u0441\u0442\u0438\u043c \u0441 \u043a\u0430\u0442\u0443\u0448\u043a\u0430\u043c\u0438 \u043f\u0440\u043e\u0432\u043e\u043b\u043e\u043a\u0438 1 \u043a\u0433-5 \u043a\u0433, \u043f\u043e\u0434\u0445\u043e\u0434\u0438\u0442 \u0434\u043b\u044f \u043f\u0440\u043e\u0432\u043e\u043b\u043e\u043a\u0438 \u0441 \u0444\u043b\u044e\u0441\u043e\u043c\u03c60,8-1,0 \u043c\u043c;<\/p>\n<p>\u0421\u0432\u0430\u0440\u043e\u0447\u043d\u044b\u0439 \u043a\u043e\u043d\u0442\u0443\u0440 \u043e\u0441\u043d\u0430\u0449\u0435\u043d \u0438\u043d\u0442\u0435\u043b\u043b\u0435\u043a\u0442\u0443\u0430\u043b\u044c\u043d\u044b\u043c\u0438 \u0444\u0443\u043d\u043a\u0446\u0438\u044f\u043c\u0438 \u043e\u0431\u043d\u0430\u0440\u0443\u0436\u0435\u043d\u0438\u044f \u0430\u043d\u043e\u043c\u0430\u043b\u0438\u0439, \u043f\u0435\u0440\u0435\u0433\u0440\u0435\u0432\u0430 \u0438 \u043f\u043e\u043d\u0438\u0436\u0435\u043d\u043d\u043e\u0433\u043e \u043d\u0430\u043f\u0440\u044f\u0436\u0435\u043d\u0438\u044f;<\/p>\n<p>\u0418\u043d\u0442\u0435\u043b\u043b\u0435\u043a\u0442\u0443\u0430\u043b\u044c\u043d\u0430\u044f \u0446\u0438\u0444\u0440\u043e\u0432\u0430\u044f \u0441\u0445\u0435\u043c\u0430 \u0443\u043f\u0440\u0430\u0432\u043b\u0435\u043d\u0438\u044f \u0434\u043b\u044f \u0441\u043e\u0437\u0434\u0430\u043d\u0438\u044f \u044d\u0441\u0442\u0435\u0442\u0438\u0447\u0435\u0441\u043a\u0438 \u043f\u0440\u0438\u0432\u043b\u0435\u043a\u0430\u0442\u0435\u043b\u044c\u043d\u044b\u0445 \u0441\u0432\u0430\u0440\u043d\u044b\u0445 \u0448\u0432\u043e\u0432;<\/p>\n<p>\u0418\u0441\u043f\u043e\u043b\u044c\u0437\u0443\u044e\u0442\u0441\u044f \u0431\u0435\u0437\u043e\u043f\u0430\u0441\u043d\u044b\u0435 \u043b\u0438\u0442\u0438\u0439-\u0436\u0435\u043b\u0435\u0437\u043e-\u0444\u043e\u0441\u0444\u0430\u0442\u043d\u044b\u0435 \u044d\u043b\u0435\u043c\u0435\u043d\u0442\u044b \u043f\u0438\u0442\u0430\u043d\u0438\u044f, \u0441\u0440\u043e\u043a \u0441\u043b\u0443\u0436\u0431\u044b \u043a\u043e\u0442\u043e\u0440\u044b\u0445 \u0441\u043e\u0441\u0442\u0430\u0432\u043b\u044f\u0435\u0442 8-10 \u043b\u0435\u0442;<\/p>\n<p>\u0412\u0441\u0442\u0440\u043e\u0435\u043d\u043d\u0430\u044f \u0438\u043d\u0442\u0435\u043b\u043b\u0435\u043a\u0442\u0443\u0430\u043b\u044c\u043d\u0430\u044f \u0441\u0438\u0441\u0442\u0435\u043c\u0430 \u0443\u043f\u0440\u0430\u0432\u043b\u0435\u043d\u0438\u044f \u0431\u0430\u0442\u0430\u0440\u0435\u0435\u0439, \u0447\u0442\u0435\u043d\u0438\u0435 \u0438\u043d\u0444\u043e\u0440\u043c\u0430\u0446\u0438\u0438 BMS \u0447\u0435\u0440\u0435\u0437 Bluetooth, \u0441\u043e\u0432\u043c\u0435\u0441\u0442\u0438\u043c\u043e\u0441\u0442\u044c \u0441 \u0441\u0438\u0441\u0442\u0435\u043c\u0430\u043c\u0438 Android \u0438 ios;<\/p>\n<p>\u0418\u043d\u0442\u0435\u043b\u043b\u0435\u043a\u0442\u0443\u0430\u043b\u044c\u043d\u0430\u044f \u0444\u0443\u043d\u043a\u0446\u0438\u044f \"\u0441\u0442\u0430\u0440\u0442-\u0441\u0442\u043e\u043f\" \u0432\u0435\u043d\u0442\u0438\u043b\u044f\u0442\u043e\u0440\u0430.<\/p>","protected":false},"featured_media":1035,"template":"","meta":{"_seopress_robots_primary_cat":"none","_seopress_titles_title":"","_seopress_titles_desc":"","_seopress_robots_index":"","_joinchat":[]},"product_brand":[],"product_cat":[31],"product_tag":[],"class_list":{"0":"post-1009","1":"product","2":"type-product","3":"status-publish","4":"has-post-thumbnail","6":"product_cat-battery-powered-welder","8":"first","9":"instock","10":"shipping-taxable","11":"product-type-simple"},"_links":{"self":[{"href":"http:\/\/www.sfmpower.com\/ru\/wp-json\/wp\/v2\/product\/1009","targetHints":{"allow":["GET"]}}],"collection":[{"href":"http:\/\/www.sfmpower.com\/ru\/wp-json\/wp\/v2\/product"}],"about":[{"href":"http:\/\/www.sfmpower.com\/ru\/wp-json\/wp\/v2\/types\/product"}],"version-history":[{"count":0,"href":"http:\/\/www.sfmpower.com\/ru\/wp-json\/wp\/v2\/product\/1009\/revisions"}],"wp:featuredmedia":[{"embeddable":true,"href":"http:\/\/www.sfmpower.com\/ru\/wp-json\/wp\/v2\/media\/1035"}],"wp:attachment":[{"href":"http:\/\/www.sfmpower.com\/ru\/wp-json\/wp\/v2\/media?parent=1009"}],"wp:term":[{"taxonomy":"product_brand","embeddable":true,"href":"http:\/\/www.sfmpower.com\/ru\/wp-json\/wp\/v2\/product_brand?post=1009"},{"taxonomy":"product_cat","embeddable":true,"href":"http:\/\/www.sfmpower.com\/ru\/wp-json\/wp\/v2\/product_cat?post=1009"},{"taxonomy":"product_tag","embeddable":true,"href":"http:\/\/www.sfmpower.com\/ru\/wp-json\/wp\/v2\/product_tag?post=1009"}],"curies":[{"name":"wp","href":"https:\/\/api.w.org\/{rel}","templated":true}]}}