{"id":787,"date":"2025-01-10T10:36:10","date_gmt":"2025-01-10T02:36:10","guid":{"rendered":"https:\/\/www.sfmpower.com\/?post_type=product&#038;p=787"},"modified":"2025-01-15T10:17:15","modified_gmt":"2025-01-15T02:17:15","slug":"ps-60138","status":"publish","type":"product","link":"http:\/\/www.sfmpower.com\/pt\/produto\/ps-60138\/","title":{"rendered":"PS-60138"},"content":{"rendered":"<div data-elementor-type=\"product-post\" data-elementor-id=\"787\" class=\"elementor elementor-787\" data-elementor-post-type=\"product\">\n\t\t\t\t<div class=\"elementor-element elementor-element-33416e6 e-flex e-con-boxed e-con e-parent\" data-id=\"33416e6\" data-element_type=\"container\">\n\t\t\t\t\t<div class=\"e-con-inner\">\n\t\t\t\t<div class=\"elementor-element elementor-element-cef4d8d e-n-tabs-mobile elementor-widget elementor-widget-n-tabs\" data-id=\"cef4d8d\" data-element_type=\"widget\" data-settings=\"{&quot;tabs_justify_horizontal&quot;:&quot;start&quot;,&quot;horizontal_scroll&quot;:&quot;disable&quot;}\" data-widget_type=\"nested-tabs.default\">\n\t\t\t\t<div class=\"elementor-widget-container\">\n\t\t\t\t\t\t\t<div class=\"e-n-tabs\" data-widget-number=\"217009549\" aria-label=\"\u0412\u043a\u043b\u0430\u0434\u043a\u0438. \u041e\u0442\u043a\u0440\u044b\u0432\u0430\u0439\u0442\u0435 \u044d\u043b\u0435\u043c\u0435\u043d\u0442\u044b \u0441 \u043f\u043e\u043c\u043e\u0449\u044c\u044e \u043a\u043b\u0430\u0432\u0438\u0448 Enter \u0438\u043b\u0438 Space, \u0437\u0430\u043a\u0440\u044b\u0432\u0430\u0439\u0442\u0435 \u0441 \u043f\u043e\u043c\u043e\u0449\u044c\u044e Escape \u0438 \u043f\u0435\u0440\u0435\u043c\u0435\u0449\u0430\u0439\u0442\u0435\u0441\u044c \u0441 \u043f\u043e\u043c\u043e\u0449\u044c\u044e \u043a\u043b\u0430\u0432\u0438\u0448 \u0441\u043e \u0441\u0442\u0440\u0435\u043b\u043a\u0430\u043c\u0438.\" data-no-translation-aria-label=\"\">\n\t\t\t<div class=\"e-n-tabs-heading\" role=\"tablist\">\n\t\t\t\t\t<button id=\"e-n-tab-title-2170095491\" class=\"e-n-tab-title\" aria-selected=\"true\" data-tab-index=\"1\" role=\"tab\" tabindex=\"0\" aria-controls=\"e-n-tab-content-2170095491\" style=\"--n-tabs-title-order: 1;\">\n\t\t\t\t\t\t<span class=\"e-n-tab-title-text\">\n\t\t\t\tTabela de refer\u00eancia de resist\u00eancia do equipamento\t\t\t<\/span>\n\t\t<\/button>\n\t\t\t\t<button id=\"e-n-tab-title-2170095492\" class=\"e-n-tab-title\" aria-selected=\"false\" data-tab-index=\"2\" role=\"tab\" tabindex=\"-1\" aria-controls=\"e-n-tab-content-2170095492\" style=\"--n-tabs-title-order: 2;\">\n\t\t\t\t\t\t<span class=\"e-n-tab-title-text\">\n\t\t\t\tCASO DE UTILIZA\u00c7\u00c3O PARCIAL\t\t\t<\/span>\n\t\t<\/button>\n\t\t\t\t\t<\/div>\n\t\t\t<div class=\"e-n-tabs-content\">\n\t\t\t\t<div id=\"e-n-tab-content-2170095491\" role=\"tabpanel\" aria-labelledby=\"e-n-tab-title-2170095491\" data-tab-index=\"1\" style=\"--n-tabs-title-order: 1;\" class=\"e-active elementor-element elementor-element-ac502e6 e-con-full e-flex e-con e-child\" data-id=\"ac502e6\" data-element_type=\"container\">\n\t\t<div class=\"elementor-element elementor-element-915aff1 e-flex e-con-boxed e-con e-child\" data-id=\"915aff1\" data-element_type=\"container\">\n\t\t\t\t\t<div class=\"e-con-inner\">\n\t\t\t\t<div class=\"elementor-element elementor-element-bba87af elementor-widget elementor-widget-text-editor\" data-id=\"bba87af\" data-element_type=\"widget\" data-widget_type=\"text-editor.default\">\n\t\t\t\t<div class=\"elementor-widget-container\">\n\t\t\t\t\t\t\t\t\t<table width=\"461\"><tbody><tr><td width=\"235\">\u00a0<\/td><td width=\"226\">PS-60138<\/td><\/tr><tr><td width=\"235\">Pot\u00eancia m\u00e1xima de sa\u00edda CA<\/td><td width=\"226\">60KW<\/td><\/tr><tr><td width=\"235\">Pot\u00eancia m\u00e1xima de entrada ACI<\/td><td width=\"226\">60KW<\/td><\/tr><tr><td width=\"235\">Capacidade do sistemaIntervalo<\/td><td width=\"226\">138,24kWh<\/td><\/tr><tr><td width=\"235\">Tipo de bateria<\/td><td width=\"226\">LiFePO4<\/td><\/tr><tr><td width=\"235\">Classe de prote\u00e7\u00e3o<\/td><td width=\"226\">IP55<\/td><\/tr><tr><td width=\"235\">Tens\u00e3o AC<\/td><td width=\"226\">Monof\u00e1sico AC220V\/Trif\u00e1sico AC380V<\/td><\/tr><tr><td width=\"235\">Gama de tens\u00e3o da bateria<\/td><td width=\"226\">500V-900V<\/td><\/tr><tr><td width=\"235\">Carregamento m\u00e1ximo e<br \/>DescargaCorrente<\/td><td width=\"226\">200A<\/td><\/tr><tr><td width=\"235\">Frequ\u00eancia nominal<\/td><td width=\"226\">50\/60Hz<\/td><\/tr><tr><td width=\"235\">Tens\u00e3o nominal da bateria<\/td><td width=\"226\">691.2V<\/td><\/tr><tr><td width=\"235\">Capacidade nominal da bateria<\/td><td width=\"226\">200Ah<\/td><\/tr><tr><td width=\"235\"><br \/>N\u00famero de ciclos da bateria<\/td><td width=\"226\">\u22656000 vezes<\/td><\/tr><\/tbody><\/table>\t\t\t\t\t\t\t\t<\/div>\n\t\t\t\t<\/div>\n\t\t\t\t\t<\/div>\n\t\t\t\t<\/div>\n\t\t\t\t<\/div>\n\t\t<div id=\"e-n-tab-content-2170095492\" role=\"tabpanel\" aria-labelledby=\"e-n-tab-title-2170095492\" data-tab-index=\"2\" style=\"--n-tabs-title-order: 2;\" class=\"elementor-element elementor-element-1a94325 e-con-full e-flex e-con e-child\" data-id=\"1a94325\" data-element_type=\"container\">\n\t\t<div class=\"elementor-element elementor-element-ea4a2a9 e-flex e-con-boxed e-con e-child\" data-id=\"ea4a2a9\" data-element_type=\"container\">\n\t\t\t\t\t<div class=\"e-con-inner\">\n\t\t\t\t<div class=\"elementor-element elementor-element-e51af3f elementor-widget elementor-widget-image\" data-id=\"e51af3f\" data-element_type=\"widget\" data-widget_type=\"image.default\">\n\t\t\t\t<div class=\"elementor-widget-container\">\n\t\t\t\t\t\t\t\t\t\t\t\t\t\t\t<img alt=\"\" fetchpriority=\"high\" decoding=\"async\" width=\"1559\" height=\"1835\" src=\"https:\/\/www.sfmpower.com\/wp-content\/uploads\/2025\/01\/\u5e94\u7528\u573a\u666f.jpg\" class=\"attachment-full size-full wp-image-596\" srcset=\"https:\/\/www.sfmpower.com\/wp-content\/uploads\/2025\/01\/\u5e94\u7528\u573a\u666f.jpg 1559w, https:\/\/www.sfmpower.com\/wp-content\/uploads\/2025\/01\/\u5e94\u7528\u573a\u666f-255x300.jpg 255w, https:\/\/www.sfmpower.com\/wp-content\/uploads\/2025\/01\/\u5e94\u7528\u573a\u666f-870x1024.jpg 870w, https:\/\/www.sfmpower.com\/wp-content\/uploads\/2025\/01\/\u5e94\u7528\u573a\u666f-768x904.jpg 768w, https:\/\/www.sfmpower.com\/wp-content\/uploads\/2025\/01\/\u5e94\u7528\u573a\u666f-1305x1536.jpg 1305w, https:\/\/www.sfmpower.com\/wp-content\/uploads\/2025\/01\/\u5e94\u7528\u573a\u666f-600x706.jpg 600w\" sizes=\"(max-width: 1559px) 100vw, 1559px\" \/>\t\t\t\t\t\t\t\t\t\t\t\t\t\t\t<\/div>\n\t\t\t\t<\/div>\n\t\t\t\t\t<\/div>\n\t\t\t\t<\/div>\n\t\t\t\t<\/div>\n\t\t\t\t\t<\/div>\n\t\t<\/div>\n\t\t\t\t\t\t<\/div>\n\t\t\t\t<\/div>\n\t\t\t\t\t<\/div>\n\t\t\t\t<\/div>\n\t\t\t\t<\/div>","protected":false},"excerpt":{"rendered":"<p><b>Central el\u00e9ctrica multifuncional de armazenamento de energia aplicada no dom\u00ednio da constru\u00e7\u00e3o exterior <\/b><\/p>\n<p>Sa\u00edda est\u00e1vel, utilizada para alimenta\u00e7\u00e3o no local de ferramentas el\u00e9ctricas de 110V\/220V e equipamento el\u00e9trico;<\/p>\n<p>M\u00f3dulo de bateria de l\u00edtio de longa dura\u00e7\u00e3o, dura\u00e7\u00e3o da bateria at\u00e9 8-10 anos;<\/p>\n<p>Sa\u00edda de onda sinusoidal pura de 110V\/220V\/4000W, adequada para qualquer equipamento el\u00e9trico;<\/p>\n<p>Suporta el\u00e9ctrodos de celulose e el\u00e9ctrodos com baixo teor de hidrog\u00e9nio para soldadura e corte;<\/p>\n<p>Suporta a utiliza\u00e7\u00e3o simult\u00e2nea da fun\u00e7\u00e3o de soldadura e da sa\u00edda de energia CA;<\/p>\n<p>Dispositivo externo de prote\u00e7\u00e3o contra sobrecarga para evitar danos no equipamento causados por sobrecarga do aparelho;<\/p>\n<p>Pode ser ligado a m\u00f3dulos de bateria externos para uma autonomia ilimitada;<\/p>\n<p>Poucos salpicos, circuito de soldadura e corte DC puro, utiliza\u00e7\u00e3o dupla para soldadura manual e soldadura por arco;<\/p>\n<p>Circuito de prote\u00e7\u00e3o completo, com prote\u00e7\u00e3o contra subtens\u00e3o, prote\u00e7\u00e3o contra curto-circuito, prote\u00e7\u00e3o contra sobreaquecimento, prote\u00e7\u00e3o contra sobrecarga, prote\u00e7\u00e3o contra fugas, prote\u00e7\u00e3o contra descarga excessiva, garantindo a seguran\u00e7a<\/p>","protected":false},"featured_media":1052,"template":"","meta":{"_seopress_robots_primary_cat":"none","_seopress_titles_title":"","_seopress_titles_desc":"","_seopress_robots_index":"","_joinchat":[]},"product_brand":[],"product_cat":[29],"product_tag":[],"class_list":{"0":"post-787","1":"product","2":"type-product","3":"status-publish","4":"has-post-thumbnail","6":"product_cat-industrial-portable-power-station","8":"first","9":"instock","10":"shipping-taxable","11":"product-type-simple"},"_links":{"self":[{"href":"http:\/\/www.sfmpower.com\/pt\/wp-json\/wp\/v2\/product\/787","targetHints":{"allow":["GET"]}}],"collection":[{"href":"http:\/\/www.sfmpower.com\/pt\/wp-json\/wp\/v2\/product"}],"about":[{"href":"http:\/\/www.sfmpower.com\/pt\/wp-json\/wp\/v2\/types\/product"}],"version-history":[{"count":0,"href":"http:\/\/www.sfmpower.com\/pt\/wp-json\/wp\/v2\/product\/787\/revisions"}],"wp:featuredmedia":[{"embeddable":true,"href":"http:\/\/www.sfmpower.com\/pt\/wp-json\/wp\/v2\/media\/1052"}],"wp:attachment":[{"href":"http:\/\/www.sfmpower.com\/pt\/wp-json\/wp\/v2\/media?parent=787"}],"wp:term":[{"taxonomy":"product_brand","embeddable":true,"href":"http:\/\/www.sfmpower.com\/pt\/wp-json\/wp\/v2\/product_brand?post=787"},{"taxonomy":"product_cat","embeddable":true,"href":"http:\/\/www.sfmpower.com\/pt\/wp-json\/wp\/v2\/product_cat?post=787"},{"taxonomy":"product_tag","embeddable":true,"href":"http:\/\/www.sfmpower.com\/pt\/wp-json\/wp\/v2\/product_tag?post=787"}],"curies":[{"name":"wp","href":"https:\/\/api.w.org\/{rel}","templated":true}]}}