{"id":777,"date":"2025-01-13T13:24:24","date_gmt":"2025-01-13T05:24:24","guid":{"rendered":"https:\/\/www.sfmpower.com\/?post_type=product&#038;p=777"},"modified":"2025-02-12T17:05:35","modified_gmt":"2025-02-12T09:05:35","slug":"lw-320","status":"publish","type":"product","link":"http:\/\/www.sfmpower.com\/pt\/produto\/lw-320\/","title":{"rendered":"LW-320"},"content":{"rendered":"<div data-elementor-type=\"product-post\" data-elementor-id=\"777\" class=\"elementor elementor-777\" data-elementor-post-type=\"product\">\n\t\t\t\t<div class=\"elementor-element elementor-element-33416e6 e-flex e-con-boxed e-con e-parent\" data-id=\"33416e6\" data-element_type=\"container\">\n\t\t\t\t\t<div class=\"e-con-inner\">\n\t\t\t\t<div class=\"elementor-element elementor-element-cef4d8d e-n-tabs-mobile elementor-widget elementor-widget-n-tabs\" data-id=\"cef4d8d\" data-element_type=\"widget\" data-settings=\"{&quot;tabs_justify_horizontal&quot;:&quot;start&quot;,&quot;horizontal_scroll&quot;:&quot;disable&quot;}\" data-widget_type=\"nested-tabs.default\">\n\t\t\t\t<div class=\"elementor-widget-container\">\n\t\t\t\t\t\t\t<div class=\"e-n-tabs\" data-widget-number=\"217009549\" aria-label=\"Pesta\u00f1as. Abre elementos con Intro o Espacio, ci\u00e9rralos con Escape y navega con las fechas.\" data-no-translation-aria-label=\"\">\n\t\t\t<div class=\"e-n-tabs-heading\" role=\"tablist\">\n\t\t\t\t\t<button id=\"e-n-tab-title-2170095491\" class=\"e-n-tab-title\" aria-selected=\"true\" data-tab-index=\"1\" role=\"tab\" tabindex=\"0\" aria-controls=\"e-n-tab-content-2170095491\" style=\"--n-tabs-title-order: 1;\">\n\t\t\t\t\t\t<span class=\"e-n-tab-title-text\">\n\t\t\t\tTabela de refer\u00eancia de resist\u00eancia do equipamento\t\t\t<\/span>\n\t\t<\/button>\n\t\t\t\t<button id=\"e-n-tab-title-2170095492\" class=\"e-n-tab-title\" aria-selected=\"false\" data-tab-index=\"2\" role=\"tab\" tabindex=\"-1\" aria-controls=\"e-n-tab-content-2170095492\" style=\"--n-tabs-title-order: 2;\">\n\t\t\t\t\t\t<span class=\"e-n-tab-title-text\">\n\t\t\t\tCASO DE UTILIZA\u00c7\u00c3O PARCIAL\t\t\t<\/span>\n\t\t<\/button>\n\t\t\t\t\t<\/div>\n\t\t\t<div class=\"e-n-tabs-content\">\n\t\t\t\t<div id=\"e-n-tab-content-2170095491\" role=\"tabpanel\" aria-labelledby=\"e-n-tab-title-2170095491\" data-tab-index=\"1\" style=\"--n-tabs-title-order: 1;\" class=\"e-active elementor-element elementor-element-ac502e6 e-con-full e-flex e-con e-child\" data-id=\"ac502e6\" data-element_type=\"container\">\n\t\t<div class=\"elementor-element elementor-element-915aff1 e-flex e-con-boxed e-con e-child\" data-id=\"915aff1\" data-element_type=\"container\">\n\t\t\t\t\t<div class=\"e-con-inner\">\n\t\t\t\t<div class=\"elementor-element elementor-element-bba87af elementor-widget elementor-widget-text-editor\" data-id=\"bba87af\" data-element_type=\"widget\" data-widget_type=\"text-editor.default\">\n\t\t\t\t<div class=\"elementor-widget-container\">\n\t\t\t\t\t\t\t\t\t<table width=\"591\"><tbody><tr><td width=\"143\">Tens\u00e3o da bateria<\/td><td width=\"143\">51.2V<\/td><td width=\"143\">Di\u00e2metro do fio de soldadura<\/td><td width=\"162\">p0.6mm-\u03c61.0mm<\/td><\/tr><tr><td width=\"143\">Tens\u00e3o de carga\/Corrente<\/td><td width=\"143\">57,6V\/8A<\/td><td width=\"143\">Capacidade de trabalho<\/td><td width=\"162\">1.2Kg(\u03c60.8mm)<\/td><\/tr><tr><td width=\"143\">Capacidade da bateria<\/td><td width=\"143\">1382Wh<\/td><td width=\"143\">Ciclo de trabalho<\/td><td width=\"162\">35%<\/td><\/tr><tr><td width=\"143\">Tipo de bateria<\/td><td width=\"143\">LiFePO4<\/td><td width=\"143\">Tens\u00e3o em vazio<\/td><td width=\"162\">57.6V<\/td><\/tr><tr><td width=\"143\">Tens\u00e3o de soldadura<\/td><td width=\"143\">15,7V-19V<\/td><td width=\"143\">Classe de prote\u00e7\u00e3o<\/td><td width=\"162\">IP21S<\/td><\/tr><tr><td width=\"143\">Corrente de soldadura<\/td><td width=\"143\">35A-100A<\/td><td width=\"143\">Material de soldadura<\/td><td width=\"162\">A\u00e7o inoxid\u00e1vel, a\u00e7o carbono,<br \/>a\u00e7o de baixa liga<\/td><\/tr><\/tbody><\/table>\t\t\t\t\t\t\t\t<\/div>\n\t\t\t\t<\/div>\n\t\t\t\t\t<\/div>\n\t\t\t\t<\/div>\n\t\t\t\t<\/div>\n\t\t<div id=\"e-n-tab-content-2170095492\" role=\"tabpanel\" aria-labelledby=\"e-n-tab-title-2170095492\" data-tab-index=\"2\" style=\"--n-tabs-title-order: 2;\" class=\"elementor-element elementor-element-1a94325 e-con-full e-flex e-con e-child\" data-id=\"1a94325\" data-element_type=\"container\">\n\t\t<div class=\"elementor-element elementor-element-ea4a2a9 e-flex e-con-boxed e-con e-child\" data-id=\"ea4a2a9\" data-element_type=\"container\">\n\t\t\t\t\t<div class=\"e-con-inner\">\n\t\t\t\t<div class=\"elementor-element elementor-element-e51af3f elementor-widget elementor-widget-image\" data-id=\"e51af3f\" data-element_type=\"widget\" data-widget_type=\"image.default\">\n\t\t\t\t<div class=\"elementor-widget-container\">\n\t\t\t\t\t\t\t\t\t\t\t\t\t\t\t<img alt=\"\" fetchpriority=\"high\" decoding=\"async\" width=\"1365\" height=\"1076\" src=\"https:\/\/www.sfmpower.com\/wp-content\/uploads\/2025\/02\/lw.webp\" class=\"attachment-full size-full wp-image-1195\" srcset=\"https:\/\/www.sfmpower.com\/wp-content\/uploads\/2025\/02\/lw.webp 1365w, https:\/\/www.sfmpower.com\/wp-content\/uploads\/2025\/02\/lw-300x236.webp 300w, https:\/\/www.sfmpower.com\/wp-content\/uploads\/2025\/02\/lw-1024x807.webp 1024w, https:\/\/www.sfmpower.com\/wp-content\/uploads\/2025\/02\/lw-768x605.webp 768w, https:\/\/www.sfmpower.com\/wp-content\/uploads\/2025\/02\/lw-15x12.webp 15w, https:\/\/www.sfmpower.com\/wp-content\/uploads\/2025\/02\/lw-600x473.webp 600w\" sizes=\"(max-width: 1365px) 100vw, 1365px\" \/>\t\t\t\t\t\t\t\t\t\t\t\t\t\t\t<\/div>\n\t\t\t\t<\/div>\n\t\t\t\t\t<\/div>\n\t\t\t\t<\/div>\n\t\t\t\t<\/div>\n\t\t\t\t\t<\/div>\n\t\t<\/div>\n\t\t\t\t\t\t<\/div>\n\t\t\t\t<\/div>\n\t\t\t\t\t<\/div>\n\t\t\t\t<\/div>\n\t\t\t\t<\/div>","protected":false},"excerpt":{"rendered":"<p>Design port\u00e1til, f\u00e1cil de transportar;<\/p>\n<p>Fun\u00e7\u00e3o integrada de prote\u00e7\u00e3o contra subtens\u00e3o da bateria para proteger com seguran\u00e7a a bateria e prolongar a vida \u00fatil;<\/p>\n<p>Impulso incorporado, ajuste do arco t\u00e9rmico, fun\u00e7\u00e3o anti-choque el\u00e9trico VRD, tamb\u00e9m pode ser utilizado para soldadura TIG por contacto;<\/p>\n<p>Suporta varas de soldadura com um di\u00e2metro de 2,5-4,0 mm, soldadura DC pura, circuito de controlo digital inteligente e uma bela forma\u00e7\u00e3o de soldadura;<\/p>\n<p>Sistema de gest\u00e3o inteligente da bateria incorporado, leitura Bluetooth das informa\u00e7\u00f5es BMS, compat\u00edvel com o sistema Android e iOS;<\/p>\n<p>Fun\u00e7\u00e3o inteligente de arranque e paragem da ventoinha.<\/p>","protected":false},"featured_media":1034,"template":"","meta":{"_seopress_robots_primary_cat":"none","_seopress_titles_title":"","_seopress_titles_desc":"","_seopress_robots_index":"","_joinchat":[]},"product_brand":[],"product_cat":[31],"product_tag":[],"class_list":{"0":"post-777","1":"product","2":"type-product","3":"status-publish","4":"has-post-thumbnail","6":"product_cat-battery-powered-welder","8":"first","9":"instock","10":"shipping-taxable","11":"product-type-simple"},"_links":{"self":[{"href":"http:\/\/www.sfmpower.com\/pt\/wp-json\/wp\/v2\/product\/777","targetHints":{"allow":["GET"]}}],"collection":[{"href":"http:\/\/www.sfmpower.com\/pt\/wp-json\/wp\/v2\/product"}],"about":[{"href":"http:\/\/www.sfmpower.com\/pt\/wp-json\/wp\/v2\/types\/product"}],"version-history":[{"count":0,"href":"http:\/\/www.sfmpower.com\/pt\/wp-json\/wp\/v2\/product\/777\/revisions"}],"wp:featuredmedia":[{"embeddable":true,"href":"http:\/\/www.sfmpower.com\/pt\/wp-json\/wp\/v2\/media\/1034"}],"wp:attachment":[{"href":"http:\/\/www.sfmpower.com\/pt\/wp-json\/wp\/v2\/media?parent=777"}],"wp:term":[{"taxonomy":"product_brand","embeddable":true,"href":"http:\/\/www.sfmpower.com\/pt\/wp-json\/wp\/v2\/product_brand?post=777"},{"taxonomy":"product_cat","embeddable":true,"href":"http:\/\/www.sfmpower.com\/pt\/wp-json\/wp\/v2\/product_cat?post=777"},{"taxonomy":"product_tag","embeddable":true,"href":"http:\/\/www.sfmpower.com\/pt\/wp-json\/wp\/v2\/product_tag?post=777"}],"curies":[{"name":"wp","href":"https:\/\/api.w.org\/{rel}","templated":true}]}}