{"id":767,"date":"2025-01-13T13:19:10","date_gmt":"2025-01-13T05:19:10","guid":{"rendered":"https:\/\/www.sfmpower.com\/?post_type=product&#038;p=767"},"modified":"2025-02-12T17:04:08","modified_gmt":"2025-02-12T09:04:08","slug":"lw-270","status":"publish","type":"product","link":"http:\/\/www.sfmpower.com\/pt\/produto\/lw-270\/","title":{"rendered":"LW-270"},"content":{"rendered":"<div data-elementor-type=\"product-post\" data-elementor-id=\"767\" class=\"elementor elementor-767\" data-elementor-post-type=\"product\">\n\t\t\t\t<div class=\"elementor-element elementor-element-33416e6 e-flex e-con-boxed e-con e-parent\" data-id=\"33416e6\" data-element_type=\"container\">\n\t\t\t\t\t<div class=\"e-con-inner\">\n\t\t\t\t<div class=\"elementor-element elementor-element-cef4d8d e-n-tabs-mobile elementor-widget elementor-widget-n-tabs\" data-id=\"cef4d8d\" data-element_type=\"widget\" data-settings=\"{&quot;tabs_justify_horizontal&quot;:&quot;start&quot;,&quot;horizontal_scroll&quot;:&quot;disable&quot;}\" data-widget_type=\"nested-tabs.default\">\n\t\t\t\t<div class=\"elementor-widget-container\">\n\t\t\t\t\t\t\t<div class=\"e-n-tabs\" data-widget-number=\"217009549\" aria-label=\"\u30bf\u30d6\u3002Enter\u307e\u305f\u306fSpace\u3067\u9805\u76ee\u3092\u958b\u304d\u3001Escape\u3067\u9589\u3058\u3001\u77e2\u5370\u30ad\u30fc\u3067\u79fb\u52d5\u3059\u308b\u3002\" data-no-translation-aria-label=\"\">\n\t\t\t<div class=\"e-n-tabs-heading\" role=\"tablist\">\n\t\t\t\t\t<button id=\"e-n-tab-title-2170095491\" class=\"e-n-tab-title\" aria-selected=\"true\" data-tab-index=\"1\" role=\"tab\" tabindex=\"0\" aria-controls=\"e-n-tab-content-2170095491\" style=\"--n-tabs-title-order: 1;\">\n\t\t\t\t\t\t<span class=\"e-n-tab-title-text\">\n\t\t\t\tTabela de refer\u00eancia de resist\u00eancia do equipamento\t\t\t<\/span>\n\t\t<\/button>\n\t\t\t\t<button id=\"e-n-tab-title-2170095492\" class=\"e-n-tab-title\" aria-selected=\"false\" data-tab-index=\"2\" role=\"tab\" tabindex=\"-1\" aria-controls=\"e-n-tab-content-2170095492\" style=\"--n-tabs-title-order: 2;\">\n\t\t\t\t\t\t<span class=\"e-n-tab-title-text\">\n\t\t\t\tBA-4850 PAR\u00c2METRO T\u00c9CNICO\t\t\t<\/span>\n\t\t<\/button>\n\t\t\t\t<button id=\"e-n-tab-title-2170095493\" class=\"e-n-tab-title\" aria-selected=\"false\" data-tab-index=\"3\" role=\"tab\" tabindex=\"-1\" aria-controls=\"e-n-tab-content-2170095493\" style=\"--n-tabs-title-order: 3;\">\n\t\t\t\t\t\t<span class=\"e-n-tab-title-text\">\n\t\t\t\tCASO DE UTILIZA\u00c7\u00c3O PARCIAL\t\t\t<\/span>\n\t\t<\/button>\n\t\t\t\t\t<\/div>\n\t\t\t<div class=\"e-n-tabs-content\">\n\t\t\t\t<div id=\"e-n-tab-content-2170095491\" role=\"tabpanel\" aria-labelledby=\"e-n-tab-title-2170095491\" data-tab-index=\"1\" style=\"--n-tabs-title-order: 1;\" class=\"e-active elementor-element elementor-element-ac502e6 e-con-full e-flex e-con e-child\" data-id=\"ac502e6\" data-element_type=\"container\">\n\t\t<div class=\"elementor-element elementor-element-915aff1 e-flex e-con-boxed e-con e-child\" data-id=\"915aff1\" data-element_type=\"container\">\n\t\t\t\t\t<div class=\"e-con-inner\">\n\t\t\t\t<div class=\"elementor-element elementor-element-bba87af elementor-widget elementor-widget-text-editor\" data-id=\"bba87af\" data-element_type=\"widget\" data-widget_type=\"text-editor.default\">\n\t\t\t\t<div class=\"elementor-widget-container\">\n\t\t\t\t\t\t\t\t\t<table width=\"805\"><tbody><tr><td width=\"130\">\u00a0 Tens\u00e3o de sa\u00edda<\/td><td width=\"130\">Corrente de entrada<\/td><td width=\"155\">\u00a0 Corrente de soldadura<\/td><td width=\"130\">Perda em vazio<\/td><td width=\"130\">Tens\u00e3o em vazio<\/td><td width=\"130\">Tens\u00e3o nominal de sa\u00edda<\/td><\/tr><tr><td width=\"130\">AC220V\/380V<\/td><td width=\"130\">37A\/22A<\/td><td width=\"155\">0-140A (modo de pot\u00eancia)<br \/>0-150A (modo de bateria)<\/td><td width=\"130\">20W<\/td><td width=\"130\">70V<\/td><td width=\"130\">20.8-30V<\/td><\/tr><tr><td width=\"130\">Di\u00e2metro do el\u00e9trodo<\/td><td width=\"130\">Material adequado<\/td><td width=\"155\">Bateria externa<br \/>Gama de tens\u00e3o de entrada<\/td><td width=\"130\">\u00a0 Funcionamento<br \/>\u00a0 Temperatura<\/td><td width=\"130\">Tamanho (mm)<\/td><td width=\"130\">Peso (kg)<\/td><\/tr><tr><td width=\"130\">\u00a0 \u03c62.5-\u03c63.2mm<\/td><td width=\"130\">A\u00e7o inoxid\u00e1vel, a\u00e7o carbono, a\u00e7o de baixa liga<\/td><td width=\"155\">39V-54,6V<\/td><td width=\"130\">-20\u2103~45\u2103<\/td><td width=\"130\">460*215*345<\/td><td width=\"130\">9\u00a0<\/td><\/tr><\/tbody><\/table>\t\t\t\t\t\t\t\t<\/div>\n\t\t\t\t<\/div>\n\t\t\t\t\t<\/div>\n\t\t\t\t<\/div>\n\t\t\t\t<\/div>\n\t\t<div id=\"e-n-tab-content-2170095492\" role=\"tabpanel\" aria-labelledby=\"e-n-tab-title-2170095492\" data-tab-index=\"2\" style=\"--n-tabs-title-order: 2;\" class=\"elementor-element elementor-element-988a03f e-con-full e-flex e-con e-child\" data-id=\"988a03f\" data-element_type=\"container\">\n\t\t<div class=\"elementor-element elementor-element-20021dd e-flex e-con-boxed e-con e-child\" data-id=\"20021dd\" data-element_type=\"container\">\n\t\t\t\t\t<div class=\"e-con-inner\">\n\t\t\t\t<div class=\"elementor-element elementor-element-d849853 elementor-widget elementor-widget-text-editor\" data-id=\"d849853\" data-element_type=\"widget\" data-widget_type=\"text-editor.default\">\n\t\t\t\t<div class=\"elementor-widget-container\">\n\t\t\t\t\t\t\t\t\t<table width=\"512\"><tbody><tr><td width=\"128\">Capacidade da bateria<\/td><td width=\"128\">Tens\u00e3o padr\u00e3o<\/td><td width=\"128\">Tens\u00e3o de carga<\/td><td width=\"128\">Temperatura de funcionamento<\/td><\/tr><tr><td width=\"128\">2405Wh<\/td><td width=\"128\">48V<\/td><td width=\"128\">39V-54,6V<\/td><td width=\"128\">-20\u2103~40\u2103<\/td><\/tr><tr><td width=\"128\">Limite de subtens\u00e3o<\/td><td width=\"128\">Carregador<\/td><td width=\"128\">Tamanho (mm)<\/td><td width=\"128\">Peso (kg)<\/td><\/tr><tr><td width=\"128\">37V<\/td><td width=\"128\">220V\/15A<\/td><td width=\"128\">325x200x150<\/td><td width=\"128\">14.1\u00a0<\/td><\/tr><\/tbody><\/table>\t\t\t\t\t\t\t\t<\/div>\n\t\t\t\t<\/div>\n\t\t\t\t\t<\/div>\n\t\t\t\t<\/div>\n\t\t\t\t<\/div>\n\t\t<div id=\"e-n-tab-content-2170095493\" role=\"tabpanel\" aria-labelledby=\"e-n-tab-title-2170095493\" data-tab-index=\"3\" style=\"--n-tabs-title-order: 3;\" class=\"elementor-element elementor-element-1a94325 e-con-full e-flex e-con e-child\" data-id=\"1a94325\" data-element_type=\"container\">\n\t\t<div class=\"elementor-element elementor-element-ea4a2a9 e-flex e-con-boxed e-con e-child\" data-id=\"ea4a2a9\" data-element_type=\"container\">\n\t\t\t\t\t<div class=\"e-con-inner\">\n\t\t\t\t<div class=\"elementor-element elementor-element-e51af3f elementor-widget elementor-widget-image\" data-id=\"e51af3f\" data-element_type=\"widget\" data-widget_type=\"image.default\">\n\t\t\t\t<div class=\"elementor-widget-container\">\n\t\t\t\t\t\t\t\t\t\t\t\t\t\t\t<img alt=\"\" fetchpriority=\"high\" decoding=\"async\" width=\"1365\" height=\"1076\" src=\"https:\/\/www.sfmpower.com\/wp-content\/uploads\/2025\/02\/lw.webp\" class=\"attachment-full size-full wp-image-1195\" srcset=\"https:\/\/www.sfmpower.com\/wp-content\/uploads\/2025\/02\/lw.webp 1365w, https:\/\/www.sfmpower.com\/wp-content\/uploads\/2025\/02\/lw-300x236.webp 300w, https:\/\/www.sfmpower.com\/wp-content\/uploads\/2025\/02\/lw-1024x807.webp 1024w, https:\/\/www.sfmpower.com\/wp-content\/uploads\/2025\/02\/lw-768x605.webp 768w, https:\/\/www.sfmpower.com\/wp-content\/uploads\/2025\/02\/lw-15x12.webp 15w, https:\/\/www.sfmpower.com\/wp-content\/uploads\/2025\/02\/lw-600x473.webp 600w\" sizes=\"(max-width: 1365px) 100vw, 1365px\" \/>\t\t\t\t\t\t\t\t\t\t\t\t\t\t\t<\/div>\n\t\t\t\t<\/div>\n\t\t\t\t\t<\/div>\n\t\t\t\t<\/div>\n\t\t\t\t<\/div>\n\t\t\t\t\t<\/div>\n\t\t<\/div>\n\t\t\t\t\t\t<\/div>\n\t\t\t\t<\/div>\n\t\t\t\t\t<\/div>\n\t\t\t\t<\/div>\n\t\t\t\t<\/div>","protected":false},"excerpt":{"rendered":"<p>Design port\u00e1til, compacto e leve;<\/p>\n<p>Especialmente concebido para a constru\u00e7\u00e3o m\u00f3vel;<\/p>\n<p>Pode utilizar fontes de alimenta\u00e7\u00e3o de 48V, 220V, 380V, super conveniente;<\/p>\n<p>Adapt\u00e1vel a v\u00e1rias entradas de bateria;<\/p>\n<p>Equipado com dete\u00e7\u00e3o autom\u00e1tica para 220V\/380V;<\/p>\n<p>Instalado com fun\u00e7\u00e3o de ilumina\u00e7\u00e3o LED de alta intensidade, sem medo de constru\u00e7\u00e3o nocturna;<\/p>\n<p>Fun\u00e7\u00e3o de prote\u00e7\u00e3o contra subtens\u00e3o da bateria incorporada, garantindo uma vida \u00fatil segura da bateria;<\/p>\n<p>Fun\u00e7\u00e3o de dete\u00e7\u00e3o inteligente de sobreaquecimento e anomalias incorporada;<\/p>\n<p>Fun\u00e7\u00e3o inteligente de dete\u00e7\u00e3o do n\u00edvel da bateria;<\/p>\n<p>Suporta a soldadura longa com el\u00e9ctrodos de 2,5 mm\/3,2 mm de di\u00e2metro;<\/p>\n<p>Fun\u00e7\u00e3o inteligente de arranque e paragem da ventoinha.<\/p>","protected":false},"featured_media":1037,"template":"","meta":{"_seopress_robots_primary_cat":"none","_seopress_titles_title":"","_seopress_titles_desc":"","_seopress_robots_index":"","_joinchat":[]},"product_brand":[],"product_cat":[31],"product_tag":[],"class_list":{"0":"post-767","1":"product","2":"type-product","3":"status-publish","4":"has-post-thumbnail","6":"product_cat-battery-powered-welder","8":"first","9":"instock","10":"shipping-taxable","11":"product-type-simple"},"_links":{"self":[{"href":"http:\/\/www.sfmpower.com\/pt\/wp-json\/wp\/v2\/product\/767","targetHints":{"allow":["GET"]}}],"collection":[{"href":"http:\/\/www.sfmpower.com\/pt\/wp-json\/wp\/v2\/product"}],"about":[{"href":"http:\/\/www.sfmpower.com\/pt\/wp-json\/wp\/v2\/types\/product"}],"version-history":[{"count":0,"href":"http:\/\/www.sfmpower.com\/pt\/wp-json\/wp\/v2\/product\/767\/revisions"}],"wp:featuredmedia":[{"embeddable":true,"href":"http:\/\/www.sfmpower.com\/pt\/wp-json\/wp\/v2\/media\/1037"}],"wp:attachment":[{"href":"http:\/\/www.sfmpower.com\/pt\/wp-json\/wp\/v2\/media?parent=767"}],"wp:term":[{"taxonomy":"product_brand","embeddable":true,"href":"http:\/\/www.sfmpower.com\/pt\/wp-json\/wp\/v2\/product_brand?post=767"},{"taxonomy":"product_cat","embeddable":true,"href":"http:\/\/www.sfmpower.com\/pt\/wp-json\/wp\/v2\/product_cat?post=767"},{"taxonomy":"product_tag","embeddable":true,"href":"http:\/\/www.sfmpower.com\/pt\/wp-json\/wp\/v2\/product_tag?post=767"}],"curies":[{"name":"wp","href":"https:\/\/api.w.org\/{rel}","templated":true}]}}