{"id":692,"date":"2025-01-10T10:34:12","date_gmt":"2025-01-10T02:34:12","guid":{"rendered":"https:\/\/www.sfmpower.com\/?post_type=product&#038;p=692"},"modified":"2025-02-12T17:48:00","modified_gmt":"2025-02-12T09:48:00","slug":"es-560","status":"publish","type":"product","link":"http:\/\/www.sfmpower.com\/pt\/produto\/es-560\/","title":{"rendered":"ES-560"},"content":{"rendered":"<div data-elementor-type=\"product-post\" data-elementor-id=\"692\" class=\"elementor elementor-692\" data-elementor-post-type=\"product\">\n\t\t\t\t<div class=\"elementor-element elementor-element-33416e6 e-flex e-con-boxed e-con e-parent\" data-id=\"33416e6\" data-element_type=\"container\">\n\t\t\t\t\t<div class=\"e-con-inner\">\n\t\t\t\t<div class=\"elementor-element elementor-element-cef4d8d e-n-tabs-mobile elementor-widget elementor-widget-n-tabs\" data-id=\"cef4d8d\" data-element_type=\"widget\" data-settings=\"{&quot;tabs_justify_horizontal&quot;:&quot;start&quot;,&quot;horizontal_scroll&quot;:&quot;disable&quot;}\" data-widget_type=\"nested-tabs.default\">\n\t\t\t\t<div class=\"elementor-widget-container\">\n\t\t\t\t\t\t\t<div class=\"e-n-tabs\" data-widget-number=\"217009549\" aria-label=\"\u0412\u043a\u043b\u0430\u0434\u043a\u0438. \u041e\u0442\u043a\u0440\u044b\u0432\u0430\u0439\u0442\u0435 \u044d\u043b\u0435\u043c\u0435\u043d\u0442\u044b \u0441 \u043f\u043e\u043c\u043e\u0449\u044c\u044e \u043a\u043b\u0430\u0432\u0438\u0448 Enter \u0438\u043b\u0438 Space, \u0437\u0430\u043a\u0440\u044b\u0432\u0430\u0439\u0442\u0435 \u0441 \u043f\u043e\u043c\u043e\u0449\u044c\u044e Escape \u0438 \u043f\u0435\u0440\u0435\u043c\u0435\u0449\u0430\u0439\u0442\u0435\u0441\u044c \u0441 \u043f\u043e\u043c\u043e\u0449\u044c\u044e \u043a\u043b\u0430\u0432\u0438\u0448 \u0441\u043e \u0441\u0442\u0440\u0435\u043b\u043a\u0430\u043c\u0438.\" data-no-translation-aria-label=\"\">\n\t\t\t<div class=\"e-n-tabs-heading\" role=\"tablist\">\n\t\t\t\t\t<button id=\"e-n-tab-title-2170095491\" class=\"e-n-tab-title\" aria-selected=\"true\" data-tab-index=\"1\" role=\"tab\" tabindex=\"0\" aria-controls=\"e-n-tab-content-2170095491\" style=\"--n-tabs-title-order: 1;\">\n\t\t\t\t\t\t<span class=\"e-n-tab-title-text\">\n\t\t\t\tPAR\u00c2METRO T\u00c9CNICO\t\t\t<\/span>\n\t\t<\/button>\n\t\t\t\t<button id=\"e-n-tab-title-2170095492\" class=\"e-n-tab-title\" aria-selected=\"false\" data-tab-index=\"2\" role=\"tab\" tabindex=\"-1\" aria-controls=\"e-n-tab-content-2170095492\" style=\"--n-tabs-title-order: 2;\">\n\t\t\t\t\t\t<span class=\"e-n-tab-title-text\">\n\t\t\t\tTabela de refer\u00eancia de resist\u00eancia do equipamento\t\t\t<\/span>\n\t\t<\/button>\n\t\t\t\t<button id=\"e-n-tab-title-2170095493\" class=\"e-n-tab-title\" aria-selected=\"false\" data-tab-index=\"3\" role=\"tab\" tabindex=\"-1\" aria-controls=\"e-n-tab-content-2170095493\" style=\"--n-tabs-title-order: 3;\">\n\t\t\t\t\t\t<span class=\"e-n-tab-title-text\">\n\t\t\t\tCASO DE UTILIZA\u00c7\u00c3O PARCIAL\t\t\t<\/span>\n\t\t<\/button>\n\t\t\t\t\t<\/div>\n\t\t\t<div class=\"e-n-tabs-content\">\n\t\t\t\t<div id=\"e-n-tab-content-2170095491\" role=\"tabpanel\" aria-labelledby=\"e-n-tab-title-2170095491\" data-tab-index=\"1\" style=\"--n-tabs-title-order: 1;\" class=\"e-active elementor-element elementor-element-988a03f e-con-full e-flex e-con e-child\" data-id=\"988a03f\" data-element_type=\"container\">\n\t\t<div class=\"elementor-element elementor-element-20021dd e-flex e-con-boxed e-con e-child\" data-id=\"20021dd\" data-element_type=\"container\">\n\t\t\t\t\t<div class=\"e-con-inner\">\n\t\t\t\t<div class=\"elementor-element elementor-element-d849853 elementor-widget elementor-widget-text-editor\" data-id=\"d849853\" data-element_type=\"widget\" data-widget_type=\"text-editor.default\">\n\t\t\t\t<div class=\"elementor-widget-container\">\n\t\t\t\t\t\t\t\t\t<table width=\"366\"><tbody><tr><td width=\"190\">\u00a0<\/td><td width=\"176\">ES-560<\/td><\/tr><tr><td width=\"190\">Tens\u00e3o de sa\u00edda<\/td><td width=\"176\">110V\/220V<br \/>50\/60Hz<\/td><\/tr><tr><td width=\"190\">Pot\u00eancia<\/td><td width=\"176\">4000W<\/td><\/tr><tr><td width=\"190\">Corrente de soldadura<\/td><td width=\"176\">10-160A<\/td><\/tr><tr><td width=\"190\">Tipo de bateria<\/td><td width=\"176\">NCM<\/td><\/tr><tr><td width=\"190\">BateriaMontagem<br \/>\u00a0\u00a0 M\u00e9todo<\/td><td width=\"176\">Bateria incorporada<\/td><\/tr><tr><td width=\"190\">Capacidade da bateria<\/td><td width=\"176\">5627Wh<\/td><\/tr><tr><td width=\"190\">Di\u00e2metro do el\u00e9trodo<\/td><td width=\"176\">\u03c62.5- \u03c64.0mm<\/td><\/tr><tr><td width=\"190\">Sistema Bluetooth<\/td><td width=\"176\">Android\u3001Ios<\/td><\/tr><tr><td width=\"190\">Temperatura ambiente<\/td><td width=\"176\">-20\u2103~55\u2103<\/td><\/tr><tr><td width=\"190\">Carregador<\/td><td width=\"176\">AC220V\/30A<\/td><\/tr><tr><td width=\"190\">Tamanho (mm)<\/td><td width=\"176\">580X570X600<\/td><\/tr><tr><td width=\"190\">Peso (kg)<\/td><td width=\"176\">78\u00a0<\/td><\/tr><\/tbody><\/table>\t\t\t\t\t\t\t\t<\/div>\n\t\t\t\t<\/div>\n\t\t\t\t\t<\/div>\n\t\t\t\t<\/div>\n\t\t\t\t<\/div>\n\t\t<div id=\"e-n-tab-content-2170095492\" role=\"tabpanel\" aria-labelledby=\"e-n-tab-title-2170095492\" data-tab-index=\"2\" style=\"--n-tabs-title-order: 2;\" class=\"elementor-element elementor-element-ac502e6 e-con-full e-flex e-con e-child\" data-id=\"ac502e6\" data-element_type=\"container\">\n\t\t<div class=\"elementor-element elementor-element-915aff1 e-flex e-con-boxed e-con e-child\" data-id=\"915aff1\" data-element_type=\"container\">\n\t\t\t\t\t<div class=\"e-con-inner\">\n\t\t\t\t<div class=\"elementor-element elementor-element-bba87af elementor-widget elementor-widget-text-editor\" data-id=\"bba87af\" data-element_type=\"widget\" data-widget_type=\"text-editor.default\">\n\t\t\t\t<div class=\"elementor-widget-container\">\n\t\t\t\t\t\t\t\t\t<table width=\"376\"><tbody><tr><td width=\"267\">Tipo<\/td><td width=\"109\">ES-560<\/td><\/tr><tr><td width=\"267\">220VPower<\/td><td width=\"109\">4000W<\/td><\/tr><tr><td width=\"267\">Capacidade da bateria<\/td><td width=\"109\">5627Wh<\/td><\/tr><tr><td width=\"267\">26 Martelo el\u00e9trico \u03c614Broca<\/td><td width=\"109\">3476\u00a0<\/td><\/tr><tr><td width=\"267\">Piquete el\u00e9trico (hora)<\/td><td width=\"109\">12.6h<\/td><\/tr><tr><td width=\"267\">350 Barra de corte<br \/>\u00a0 (hora)<\/td><td width=\"109\">8.4h<\/td><\/tr><tr><td width=\"267\">110 Barra de corte<br \/>\u00a0 (hora)<\/td><td width=\"109\">21.9h<\/td><\/tr><tr><td width=\"267\">\u00a0 100\u00c2ngulo<br \/>\u00a0Moinho(hora)<\/td><td width=\"109\">33.9h<\/td><\/tr><tr><td width=\"267\">Chave el\u00e9ctrica<br \/>(Carregar vezes)<\/td><td width=\"109\">63\u00a0<\/td><\/tr><tr><td width=\"267\">\u03c62.5 El\u00e9trodo<br \/>\u00a0 (unidades)<\/td><td width=\"109\">200\u00a0<\/td><\/tr><tr><td width=\"267\">\u00a0 \u03c63.2Electrodo<br \/>(unidades)<\/td><td width=\"109\">99\u00a0<\/td><\/tr><tr><td width=\"267\">\u03c64.0 El\u00e9trodo<br \/>\u00a0 (unidades)<\/td><td width=\"109\">63\u00a0<\/td><\/tr><tr><td width=\"267\">Luz LED de 100W<br \/>\u00a0 (hora)<\/td><td width=\"109\">56.1h<\/td><\/tr><tr><td width=\"267\">Ventilador de ch\u00e3o (hora)<\/td><td width=\"109\">112.3h<\/td><\/tr><tr><td width=\"267\">\u00a0Ambiente de trabalho (hora)<\/td><td width=\"109\">48.6h<\/td><\/tr><tr><td width=\"267\">70 polegadas Cor<br \/>\u00a0 TV(hora)<\/td><td width=\"109\">59.8h<\/td><\/tr><\/tbody><\/table>\t\t\t\t\t\t\t\t<\/div>\n\t\t\t\t<\/div>\n\t\t\t\t\t<\/div>\n\t\t\t\t<\/div>\n\t\t\t\t<\/div>\n\t\t<div id=\"e-n-tab-content-2170095493\" role=\"tabpanel\" aria-labelledby=\"e-n-tab-title-2170095493\" data-tab-index=\"3\" style=\"--n-tabs-title-order: 3;\" class=\"elementor-element elementor-element-1a94325 e-con-full e-flex e-con e-child\" data-id=\"1a94325\" data-element_type=\"container\">\n\t\t<div class=\"elementor-element elementor-element-ea4a2a9 e-flex e-con-boxed e-con e-child\" data-id=\"ea4a2a9\" data-element_type=\"container\">\n\t\t\t\t\t<div class=\"e-con-inner\">\n\t\t\t\t<div class=\"elementor-element elementor-element-e51af3f elementor-widget elementor-widget-image\" data-id=\"e51af3f\" data-element_type=\"widget\" data-widget_type=\"image.default\">\n\t\t\t\t<div class=\"elementor-widget-container\">\n\t\t\t\t\t\t\t\t\t\t\t\t\t\t\t<img alt=\"\" fetchpriority=\"high\" decoding=\"async\" width=\"1425\" height=\"1690\" src=\"https:\/\/www.sfmpower.com\/wp-content\/uploads\/2025\/02\/es.webp\" class=\"attachment-full size-full wp-image-1196\" srcset=\"https:\/\/www.sfmpower.com\/wp-content\/uploads\/2025\/02\/es.webp 1425w, https:\/\/www.sfmpower.com\/wp-content\/uploads\/2025\/02\/es-253x300.webp 253w, https:\/\/www.sfmpower.com\/wp-content\/uploads\/2025\/02\/es-863x1024.webp 863w, https:\/\/www.sfmpower.com\/wp-content\/uploads\/2025\/02\/es-768x911.webp 768w, https:\/\/www.sfmpower.com\/wp-content\/uploads\/2025\/02\/es-1295x1536.webp 1295w, https:\/\/www.sfmpower.com\/wp-content\/uploads\/2025\/02\/es-10x12.webp 10w, https:\/\/www.sfmpower.com\/wp-content\/uploads\/2025\/02\/es-600x712.webp 600w\" sizes=\"(max-width: 1425px) 100vw, 1425px\" \/>\t\t\t\t\t\t\t\t\t\t\t\t\t\t\t<\/div>\n\t\t\t\t<\/div>\n\t\t\t\t\t<\/div>\n\t\t\t\t<\/div>\n\t\t\t\t<\/div>\n\t\t\t\t\t<\/div>\n\t\t<\/div>\n\t\t\t\t\t\t<\/div>\n\t\t\t\t<\/div>\n\t\t\t\t\t<\/div>\n\t\t\t\t<\/div>\n\t\t\t\t<\/div>","protected":false},"excerpt":{"rendered":"<p><b>Central el\u00e9ctrica multifuncional de armazenamento de energia aplicada em <\/b><b>\u00e1rea de constru\u00e7\u00e3o exterior <\/b><\/p>\n<p>Fonte de alimenta\u00e7\u00e3o AC110V\/220V\/4000W de alta pot\u00eancia, sa\u00edda de inversor de onda sinusoidal pura, adequada para v\u00e1rias ferramentas el\u00e9ctricas, electrodom\u00e9sticos e instrumentos de alta precis\u00e3o;<\/p>\n<p>N\u00edvel de prote\u00e7\u00e3o IP54, \u00e0 prova de p\u00f3 e de salpicos, adequado para projectos no exterior;<\/p>\n<p>Design de estrutura de n\u00edvel industrial, f\u00e1cil de empurrar, puxar e levantar, mais adequado para cenas de constru\u00e7\u00e3o;<\/p>\n<p>Poucos salpicos, circuito de soldadura e corte DC puro, utiliza\u00e7\u00e3o dupla para soldadura manual e soldadura por arco de \u00e1rgon;<\/p>\n<p>Dispositivo de prote\u00e7\u00e3o contra sobrecarga incorporado para evitar danos no equipamento causados por sobrecarga do aparelho;<\/p>\n<p>Design de carregamento integrado, utilizando um carregador profissional de alta pot\u00eancia de v\u00e1rias fases para um carregamento eficiente e seguro;<\/p>\n<p>M\u00f3dulo de bateria de l\u00edtio de longa dura\u00e7\u00e3o, dura\u00e7\u00e3o da bateria at\u00e9 8-10 anos;<\/p>\n<p>Melhore rapidamente a efici\u00eancia do trabalho e reduza as emiss\u00f5es de carbono.<\/p>","protected":false},"featured_media":1051,"template":"","meta":{"_seopress_robots_primary_cat":"none","_seopress_titles_title":"","_seopress_titles_desc":"","_seopress_robots_index":"","_joinchat":[]},"product_brand":[],"product_cat":[30],"product_tag":[],"class_list":{"0":"post-692","1":"product","2":"type-product","3":"status-publish","4":"has-post-thumbnail","6":"product_cat-welding-integrated-portable-power-station","8":"first","9":"instock","10":"shipping-taxable","11":"product-type-simple"},"_links":{"self":[{"href":"http:\/\/www.sfmpower.com\/pt\/wp-json\/wp\/v2\/product\/692","targetHints":{"allow":["GET"]}}],"collection":[{"href":"http:\/\/www.sfmpower.com\/pt\/wp-json\/wp\/v2\/product"}],"about":[{"href":"http:\/\/www.sfmpower.com\/pt\/wp-json\/wp\/v2\/types\/product"}],"version-history":[{"count":0,"href":"http:\/\/www.sfmpower.com\/pt\/wp-json\/wp\/v2\/product\/692\/revisions"}],"wp:featuredmedia":[{"embeddable":true,"href":"http:\/\/www.sfmpower.com\/pt\/wp-json\/wp\/v2\/media\/1051"}],"wp:attachment":[{"href":"http:\/\/www.sfmpower.com\/pt\/wp-json\/wp\/v2\/media?parent=692"}],"wp:term":[{"taxonomy":"product_brand","embeddable":true,"href":"http:\/\/www.sfmpower.com\/pt\/wp-json\/wp\/v2\/product_brand?post=692"},{"taxonomy":"product_cat","embeddable":true,"href":"http:\/\/www.sfmpower.com\/pt\/wp-json\/wp\/v2\/product_cat?post=692"},{"taxonomy":"product_tag","embeddable":true,"href":"http:\/\/www.sfmpower.com\/pt\/wp-json\/wp\/v2\/product_tag?post=692"}],"curies":[{"name":"wp","href":"https:\/\/api.w.org\/{rel}","templated":true}]}}