{"id":669,"date":"2025-01-10T11:11:16","date_gmt":"2025-01-10T03:11:16","guid":{"rendered":"https:\/\/www.sfmpower.com\/?post_type=product&#038;p=669"},"modified":"2025-02-12T17:18:12","modified_gmt":"2025-02-12T09:18:12","slug":"ps-0808","status":"publish","type":"product","link":"http:\/\/www.sfmpower.com\/pt\/produto\/ps-0808\/","title":{"rendered":"PS-0808"},"content":{"rendered":"<div data-elementor-type=\"product-post\" data-elementor-id=\"669\" class=\"elementor elementor-669\" data-elementor-post-type=\"product\">\n\t\t\t\t<div class=\"elementor-element elementor-element-33416e6 e-flex e-con-boxed e-con e-parent\" data-id=\"33416e6\" data-element_type=\"container\">\n\t\t\t\t\t<div class=\"e-con-inner\">\n\t\t\t\t<div class=\"elementor-element elementor-element-cef4d8d e-n-tabs-mobile elementor-widget elementor-widget-n-tabs\" data-id=\"cef4d8d\" data-element_type=\"widget\" data-settings=\"{&quot;tabs_justify_horizontal&quot;:&quot;start&quot;,&quot;horizontal_scroll&quot;:&quot;disable&quot;}\" data-widget_type=\"nested-tabs.default\">\n\t\t\t\t<div class=\"elementor-widget-container\">\n\t\t\t\t\t\t\t<div class=\"e-n-tabs\" data-widget-number=\"217009549\" aria-label=\"Separadores. Abra itens com Enter ou Espa\u00e7o, feche com Escape e navegue utilizando as teclas de seta.\" data-no-translation-aria-label=\"\">\n\t\t\t<div class=\"e-n-tabs-heading\" role=\"tablist\">\n\t\t\t\t\t<button id=\"e-n-tab-title-2170095491\" class=\"e-n-tab-title\" aria-selected=\"true\" data-tab-index=\"1\" role=\"tab\" tabindex=\"0\" aria-controls=\"e-n-tab-content-2170095491\" style=\"--n-tabs-title-order: 1;\">\n\t\t\t\t\t\t<span class=\"e-n-tab-title-text\">\n\t\t\t\tTabela de refer\u00eancia de resist\u00eancia do equipamento\t\t\t<\/span>\n\t\t<\/button>\n\t\t\t\t<button id=\"e-n-tab-title-2170095492\" class=\"e-n-tab-title\" aria-selected=\"false\" data-tab-index=\"2\" role=\"tab\" tabindex=\"-1\" aria-controls=\"e-n-tab-content-2170095492\" style=\"--n-tabs-title-order: 2;\">\n\t\t\t\t\t\t<span class=\"e-n-tab-title-text\">\n\t\t\t\tPAR\u00c2METRO T\u00c9CNICO\t\t\t<\/span>\n\t\t<\/button>\n\t\t\t\t<button id=\"e-n-tab-title-2170095493\" class=\"e-n-tab-title\" aria-selected=\"false\" data-tab-index=\"3\" role=\"tab\" tabindex=\"-1\" aria-controls=\"e-n-tab-content-2170095493\" style=\"--n-tabs-title-order: 3;\">\n\t\t\t\t\t\t<span class=\"e-n-tab-title-text\">\n\t\t\t\tCASO DE UTILIZA\u00c7\u00c3O PARCIAL\t\t\t<\/span>\n\t\t<\/button>\n\t\t\t\t\t<\/div>\n\t\t\t<div class=\"e-n-tabs-content\">\n\t\t\t\t<div id=\"e-n-tab-content-2170095491\" role=\"tabpanel\" aria-labelledby=\"e-n-tab-title-2170095491\" data-tab-index=\"1\" style=\"--n-tabs-title-order: 1;\" class=\"e-active elementor-element elementor-element-ac502e6 e-con-full e-flex e-con e-child\" data-id=\"ac502e6\" data-element_type=\"container\">\n\t\t<div class=\"elementor-element elementor-element-915aff1 e-flex e-con-boxed e-con e-child\" data-id=\"915aff1\" data-element_type=\"container\">\n\t\t\t\t\t<div class=\"e-con-inner\">\n\t\t\t\t<div class=\"elementor-element elementor-element-bba87af elementor-widget elementor-widget-text-editor\" data-id=\"bba87af\" data-element_type=\"widget\" data-widget_type=\"text-editor.default\">\n\t\t\t\t<div class=\"elementor-widget-container\">\n\t\t\t\t\t\t\t\t\t<table width=\"227\"><tbody><tr><td width=\"162\">Tipo<\/td><td width=\"64\">PS-0808<\/td><\/tr><tr><td>Alimenta\u00e7\u00e3o 220V<\/td><td>8000W<\/td><\/tr><tr><td>Capacidade da bateria<\/td><td>7987Wh<\/td><\/tr><tr><td width=\"162\">26Electrico<br \/>Martelo\u03c614Broca<\/td><td>4935\u00a0<\/td><\/tr><tr><td>Piquete el\u00e9trico (hora)<\/td><td>17.9h<\/td><\/tr><tr><td width=\"162\">350 Barra de corte<br \/>\u00a0 (hora)<\/td><td>11.9h<\/td><\/tr><tr><td width=\"162\">110 Barra de corte<br \/>\u00a0 (hora)<\/td><td>31.2h<\/td><\/tr><tr><td width=\"162\">100 \u00c2ngulos<br \/>\u00a0 Moinho(hora)<\/td><td>48.1h<\/td><\/tr><tr><td width=\"162\">Chave el\u00e9ctrica<br \/>(Carregar vezes)<\/td><td>89\u00a0<\/td><\/tr><tr><td width=\"162\">Luz LED de 100W<br \/>(hora)<\/td><td>79.7h<\/td><\/tr><tr><td>Ventilador de ch\u00e3o (hora)<\/td><td>159.4h<\/td><\/tr><tr><td>\u00a0 Ambiente de trabalho (hora)<\/td><td>69h<\/td><\/tr><tr><td width=\"162\">70 polegadas Cor<br \/>\u00a0 TV(hora)<\/td><td>85h<\/td><\/tr><tr><td colspan=\"2\" width=\"227\">Nota: Os par\u00e2metros acima s\u00e3o calculados de acordo com a utiliza\u00e7\u00e3o rotineira do utilizador, e o tempo de utiliza\u00e7\u00e3o real varia de acordo com os h\u00e1bitos de utiliza\u00e7\u00e3o do cliente e a pot\u00eancia espec\u00edfica do equipamento el\u00e9trico.<\/td><\/tr><\/tbody><\/table>\t\t\t\t\t\t\t\t<\/div>\n\t\t\t\t<\/div>\n\t\t\t\t\t<\/div>\n\t\t\t\t<\/div>\n\t\t\t\t<\/div>\n\t\t<div id=\"e-n-tab-content-2170095492\" role=\"tabpanel\" aria-labelledby=\"e-n-tab-title-2170095492\" data-tab-index=\"2\" style=\"--n-tabs-title-order: 2;\" class=\"elementor-element elementor-element-988a03f e-con-full e-flex e-con e-child\" data-id=\"988a03f\" data-element_type=\"container\">\n\t\t<div class=\"elementor-element elementor-element-20021dd e-flex e-con-boxed e-con e-child\" data-id=\"20021dd\" data-element_type=\"container\">\n\t\t\t\t\t<div class=\"e-con-inner\">\n\t\t\t\t<div class=\"elementor-element elementor-element-d849853 elementor-widget elementor-widget-text-editor\" data-id=\"d849853\" data-element_type=\"widget\" data-widget_type=\"text-editor.default\">\n\t\t\t\t<div class=\"elementor-widget-container\">\n\t\t\t\t\t\t\t\t\t<table width=\"564\"><tbody><tr><td width=\"207\">\u00a0<\/td><td width=\"357\">PS-0808<\/td><\/tr><tr><td width=\"207\">Tens\u00e3o de sa\u00edda<\/td><td width=\"357\">AC 220V\/50Hz<\/td><\/tr><tr><td width=\"207\">Pot\u00eancia de arranque m\u00e1xima<\/td><td width=\"357\">24000W\/2s<\/td><\/tr><tr><td width=\"207\">M\u00e9todo de montagem da bateria<\/td><td width=\"357\">Bateria incorporada<\/td><\/tr><tr><td width=\"207\">Fun\u00e7\u00e3o de prote\u00e7\u00e3o<\/td><td width=\"357\">Sobrecarga, subtens\u00e3o, curto-circuito, fuga, anormal<\/td><\/tr><tr><td rowspan=\"2\" width=\"207\">Capacidade da bateria<\/td><td width=\"357\">7987Wh(LFP)<\/td><\/tr><tr><td width=\"357\">8510Wh(NCM)<\/td><\/tr><tr><td width=\"207\">Tempo de carregamento<\/td><td width=\"357\">5-6h<\/td><\/tr><tr><td width=\"207\">\u00a0 Comunica\u00e7\u00e3o<br \/>\u00a0 Pot\u00eancia de sa\u00edda<\/td><td width=\"357\">\u22648000W<\/td><\/tr><tr><td width=\"207\">Corrente de sa\u00edda<\/td><td width=\"357\">\u00c0 prova de \u00e1gua 10A,16A,32A<\/td><\/tr><tr><td width=\"207\">UPS<\/td><td width=\"357\">\u226410ms<\/td><\/tr><tr><td width=\"207\">Sistema de comunica\u00e7\u00f5es<\/td><td width=\"357\">GPS+4G<\/td><\/tr><tr><td width=\"207\">Grau de prote\u00e7\u00e3o<\/td><td width=\"357\">IP54<\/td><\/tr><tr><td width=\"207\">Temperatura ambiente<\/td><td width=\"357\">-20\u00b0\u2103~55\u2103<\/td><\/tr><\/tbody><\/table>\t\t\t\t\t\t\t\t<\/div>\n\t\t\t\t<\/div>\n\t\t\t\t\t<\/div>\n\t\t\t\t<\/div>\n\t\t\t\t<\/div>\n\t\t<div id=\"e-n-tab-content-2170095493\" role=\"tabpanel\" aria-labelledby=\"e-n-tab-title-2170095493\" data-tab-index=\"3\" style=\"--n-tabs-title-order: 3;\" class=\"elementor-element elementor-element-1a94325 e-con-full e-flex e-con e-child\" data-id=\"1a94325\" data-element_type=\"container\">\n\t\t<div class=\"elementor-element elementor-element-ea4a2a9 e-flex e-con-boxed e-con e-child\" data-id=\"ea4a2a9\" data-element_type=\"container\">\n\t\t\t\t\t<div class=\"e-con-inner\">\n\t\t\t\t<div class=\"elementor-element elementor-element-e51af3f elementor-widget elementor-widget-image\" data-id=\"e51af3f\" data-element_type=\"widget\" data-widget_type=\"image.default\">\n\t\t\t\t<div class=\"elementor-widget-container\">\n\t\t\t\t\t\t\t\t\t\t\t\t\t\t\t<img alt=\"\" fetchpriority=\"high\" decoding=\"async\" width=\"1559\" height=\"1835\" src=\"https:\/\/www.sfmpower.com\/wp-content\/uploads\/2025\/01\/\u5e94\u7528\u573a\u666f.jpg\" class=\"attachment-full size-full wp-image-596\" srcset=\"https:\/\/www.sfmpower.com\/wp-content\/uploads\/2025\/01\/\u5e94\u7528\u573a\u666f.jpg 1559w, https:\/\/www.sfmpower.com\/wp-content\/uploads\/2025\/01\/\u5e94\u7528\u573a\u666f-255x300.jpg 255w, https:\/\/www.sfmpower.com\/wp-content\/uploads\/2025\/01\/\u5e94\u7528\u573a\u666f-870x1024.jpg 870w, https:\/\/www.sfmpower.com\/wp-content\/uploads\/2025\/01\/\u5e94\u7528\u573a\u666f-768x904.jpg 768w, https:\/\/www.sfmpower.com\/wp-content\/uploads\/2025\/01\/\u5e94\u7528\u573a\u666f-1305x1536.jpg 1305w, https:\/\/www.sfmpower.com\/wp-content\/uploads\/2025\/01\/\u5e94\u7528\u573a\u666f-600x706.jpg 600w\" sizes=\"(max-width: 1559px) 100vw, 1559px\" \/>\t\t\t\t\t\t\t\t\t\t\t\t\t\t\t<\/div>\n\t\t\t\t<\/div>\n\t\t\t\t\t<\/div>\n\t\t\t\t<\/div>\n\t\t\t\t<\/div>\n\t\t\t\t\t<\/div>\n\t\t<\/div>\n\t\t\t\t\t\t<\/div>\n\t\t\t\t<\/div>\n\t\t\t\t\t<\/div>\n\t\t\t\t<\/div>\n\t\t\t\t<\/div>","protected":false},"excerpt":{"rendered":"<p><b>Central el\u00e9ctrica multifuncional de armazenamento de energia aplicada em <\/b><b>\u00e1rea de constru\u00e7\u00e3o exterior <\/b><\/p>\n<p>A central el\u00e9ctrica de alta pot\u00eancia AC 220V\/8000W, sa\u00edda de inversor de onda sinusoidal pura, pode ser utilizada para todos os tipos de ferramentas el\u00e9ctricas, equipamento de constru\u00e7\u00e3o, aparelhos dom\u00e9sticos di\u00e1rios e fonte de alimenta\u00e7\u00e3o de instrumentos de alta precis\u00e3o;<\/p>\n<p>N\u00edvel de prote\u00e7\u00e3o IP54, \u00e0 prova de p\u00f3, \u00e0 prova de \u00e1gua e de salpicos, adequado para projectos no exterior;<\/p>\n<p>Conce\u00e7\u00e3o da seguran\u00e7a el\u00e9ctrica, utilizando o circuito de isolamento, em conformidade com os requisitos da supervis\u00e3o da seguran\u00e7a no local;<\/p>\n<p>Dispositivo de prote\u00e7\u00e3o contra sobrecarga incorporado para evitar danos no equipamento causados por sobrecarga de aparelhos el\u00e9ctricos;<\/p>\n<p>Design de carregamento integrado, carregador de n\u00edvel profissional de alta pot\u00eancia com v\u00e1rias fases, carregamento eficiente e seguro;<\/p>\n<p>M\u00f3dulo de bateria de l\u00edtio de longa dura\u00e7\u00e3o, dura\u00e7\u00e3o da bateria at\u00e9 8-10 anos;<\/p>\n<p>Fun\u00e7\u00e3o de fonte de alimenta\u00e7\u00e3o ininterrupta UPS incorporada, rede predefinida<\/p>\n<p>prioridade no dom\u00ednio da reserva de energia de emerg\u00eancia.<\/p>","protected":false},"featured_media":1044,"template":"","meta":{"_seopress_robots_primary_cat":"none","_seopress_titles_title":"","_seopress_titles_desc":"","_seopress_robots_index":"","_joinchat":[]},"product_brand":[],"product_cat":[29],"product_tag":[],"class_list":{"0":"post-669","1":"product","2":"type-product","3":"status-publish","4":"has-post-thumbnail","6":"product_cat-industrial-portable-power-station","8":"first","9":"instock","10":"shipping-taxable","11":"product-type-simple"},"_links":{"self":[{"href":"http:\/\/www.sfmpower.com\/pt\/wp-json\/wp\/v2\/product\/669","targetHints":{"allow":["GET"]}}],"collection":[{"href":"http:\/\/www.sfmpower.com\/pt\/wp-json\/wp\/v2\/product"}],"about":[{"href":"http:\/\/www.sfmpower.com\/pt\/wp-json\/wp\/v2\/types\/product"}],"version-history":[{"count":0,"href":"http:\/\/www.sfmpower.com\/pt\/wp-json\/wp\/v2\/product\/669\/revisions"}],"wp:featuredmedia":[{"embeddable":true,"href":"http:\/\/www.sfmpower.com\/pt\/wp-json\/wp\/v2\/media\/1044"}],"wp:attachment":[{"href":"http:\/\/www.sfmpower.com\/pt\/wp-json\/wp\/v2\/media?parent=669"}],"wp:term":[{"taxonomy":"product_brand","embeddable":true,"href":"http:\/\/www.sfmpower.com\/pt\/wp-json\/wp\/v2\/product_brand?post=669"},{"taxonomy":"product_cat","embeddable":true,"href":"http:\/\/www.sfmpower.com\/pt\/wp-json\/wp\/v2\/product_cat?post=669"},{"taxonomy":"product_tag","embeddable":true,"href":"http:\/\/www.sfmpower.com\/pt\/wp-json\/wp\/v2\/product_tag?post=669"}],"curies":[{"name":"wp","href":"https:\/\/api.w.org\/{rel}","templated":true}]}}