{"id":1009,"date":"2025-01-13T13:22:02","date_gmt":"2025-01-13T05:22:02","guid":{"rendered":"https:\/\/www.sfmpower.com\/?post_type=product&#038;p=1009"},"modified":"2025-02-12T17:30:49","modified_gmt":"2025-02-12T09:30:49","slug":"lw-360","status":"publish","type":"product","link":"http:\/\/www.sfmpower.com\/pt\/produto\/lw-360\/","title":{"rendered":"LW-360"},"content":{"rendered":"<div data-elementor-type=\"product-post\" data-elementor-id=\"1009\" class=\"elementor elementor-1009\" data-elementor-post-type=\"product\">\n\t\t\t\t<div class=\"elementor-element elementor-element-33416e6 e-flex e-con-boxed e-con e-parent\" data-id=\"33416e6\" data-element_type=\"container\">\n\t\t\t\t\t<div class=\"e-con-inner\">\n\t\t\t\t<div class=\"elementor-element elementor-element-cef4d8d e-n-tabs-mobile elementor-widget elementor-widget-n-tabs\" data-id=\"cef4d8d\" data-element_type=\"widget\" data-settings=\"{&quot;tabs_justify_horizontal&quot;:&quot;start&quot;,&quot;horizontal_scroll&quot;:&quot;disable&quot;}\" data-widget_type=\"nested-tabs.default\">\n\t\t\t\t<div class=\"elementor-widget-container\">\n\t\t\t\t\t\t\t<div class=\"e-n-tabs\" data-widget-number=\"217009549\" aria-label=\"Onglets. Ouvrez des \u00e9l\u00e9ments avec Entrer ou Espace, fermez-les avec Echape et naviguez \u00e0 l&#039;aide des touches fl\u00e9ch\u00e9es.\" data-no-translation-aria-label=\"\">\n\t\t\t<div class=\"e-n-tabs-heading\" role=\"tablist\">\n\t\t\t\t\t<button id=\"e-n-tab-title-2170095491\" class=\"e-n-tab-title\" aria-selected=\"true\" data-tab-index=\"1\" role=\"tab\" tabindex=\"0\" aria-controls=\"e-n-tab-content-2170095491\" style=\"--n-tabs-title-order: 1;\">\n\t\t\t\t\t\t<span class=\"e-n-tab-title-text\">\n\t\t\t\tTabela de refer\u00eancia de resist\u00eancia do equipamento\t\t\t<\/span>\n\t\t<\/button>\n\t\t\t\t<button id=\"e-n-tab-title-2170095492\" class=\"e-n-tab-title\" aria-selected=\"false\" data-tab-index=\"2\" role=\"tab\" tabindex=\"-1\" aria-controls=\"e-n-tab-content-2170095492\" style=\"--n-tabs-title-order: 2;\">\n\t\t\t\t\t\t<span class=\"e-n-tab-title-text\">\n\t\t\t\tCASO DE UTILIZA\u00c7\u00c3O PARCIAL\t\t\t<\/span>\n\t\t<\/button>\n\t\t\t\t\t<\/div>\n\t\t\t<div class=\"e-n-tabs-content\">\n\t\t\t\t<div id=\"e-n-tab-content-2170095491\" role=\"tabpanel\" aria-labelledby=\"e-n-tab-title-2170095491\" data-tab-index=\"1\" style=\"--n-tabs-title-order: 1;\" class=\"e-active elementor-element elementor-element-ac502e6 e-con-full e-flex e-con e-child\" data-id=\"ac502e6\" data-element_type=\"container\">\n\t\t<div class=\"elementor-element elementor-element-915aff1 e-flex e-con-boxed e-con e-child\" data-id=\"915aff1\" data-element_type=\"container\">\n\t\t\t\t\t<div class=\"e-con-inner\">\n\t\t\t\t<div class=\"elementor-element elementor-element-bba87af elementor-widget elementor-widget-text-editor\" data-id=\"bba87af\" data-element_type=\"widget\" data-widget_type=\"text-editor.default\">\n\t\t\t\t<div class=\"elementor-widget-container\">\n\t\t\t\t\t\t\t\t\t<table width=\"893\"><tbody><tr><td colspan=\"4\" width=\"893\">Soldador port\u00e1til semi-autom\u00e1tico recarreg\u00e1vel LW-360<\/td><\/tr><tr><td>Fun\u00e7\u00f5es de soldadura<\/td><td>MIG\/MMA\/TIG<\/td><td>Di\u00e2metro do fio MIG<\/td><td>Fio fluxado \u03c60.8-1.0mm<\/td><\/tr><tr><td>Tempo de carregamento<\/td><td>1,8 horas<\/td><td>MIG Carga completa<br \/>Resist\u00eancia<\/td><td>1.2Kg(\u03c60.8mm)<\/td><\/tr><tr><td>Capacidade da bateria<\/td><td>1382Wh<\/td><td>MMAElectrodo<br \/>Di\u00e2metro<\/td><td>\u03c61.0-4.0mm<\/td><\/tr><tr><td>Tipo de bateria<\/td><td>LFP<\/td><td>MMA Carga total<br \/>Resist\u00eancia<\/td><td>40 pe\u00e7as (\u03c62.5x300mm)<\/td><\/tr><tr><td rowspan=\"2\">MIG<br \/>MMA<br \/>TIG<\/td><td rowspan=\"2\" width=\"246\">40A\/16V~160A\/22V<br \/>10A\/20,4V~160A\/26,4V<br \/>10A\/10,4V~160A\/16,4V<\/td><td>Ciclo de trabalho<\/td><td>35%<\/td><\/tr><tr><td>Tens\u00e3o em vazio<\/td><td>57.6V<\/td><\/tr><tr><td>Tempos de ciclo<\/td><td>3000 vezes<\/td><td>Materiais aplic\u00e1veis<\/td><td>A\u00e7o inoxid\u00e1vel, a\u00e7o carbono, a\u00e7o de baixa liga<\/td><\/tr><tr><td>Classe de isolamento<\/td><td>F<\/td><td>Classe de prote\u00e7\u00e3o<\/td><td>IP21S<\/td><\/tr><tr><td>Dimens\u00f5es<\/td><td>575x214x362mm<\/td><td>Peso<\/td><td>23,9 kg<\/td><\/tr><\/tbody><\/table>\t\t\t\t\t\t\t\t<\/div>\n\t\t\t\t<\/div>\n\t\t\t\t\t<\/div>\n\t\t\t\t<\/div>\n\t\t\t\t<\/div>\n\t\t<div id=\"e-n-tab-content-2170095492\" role=\"tabpanel\" aria-labelledby=\"e-n-tab-title-2170095492\" data-tab-index=\"2\" style=\"--n-tabs-title-order: 2;\" class=\"elementor-element elementor-element-1a94325 e-con-full e-flex e-con e-child\" data-id=\"1a94325\" data-element_type=\"container\">\n\t\t<div class=\"elementor-element elementor-element-ea4a2a9 e-flex e-con-boxed e-con e-child\" data-id=\"ea4a2a9\" data-element_type=\"container\">\n\t\t\t\t\t<div class=\"e-con-inner\">\n\t\t\t\t<div class=\"elementor-element elementor-element-e51af3f elementor-widget elementor-widget-image\" data-id=\"e51af3f\" data-element_type=\"widget\" data-widget_type=\"image.default\">\n\t\t\t\t<div class=\"elementor-widget-container\">\n\t\t\t\t\t\t\t\t\t\t\t\t\t\t\t<img alt=\"\" fetchpriority=\"high\" decoding=\"async\" width=\"1365\" height=\"1076\" src=\"https:\/\/www.sfmpower.com\/wp-content\/uploads\/2025\/02\/lw.webp\" class=\"attachment-full size-full wp-image-1195\" srcset=\"https:\/\/www.sfmpower.com\/wp-content\/uploads\/2025\/02\/lw.webp 1365w, https:\/\/www.sfmpower.com\/wp-content\/uploads\/2025\/02\/lw-300x236.webp 300w, https:\/\/www.sfmpower.com\/wp-content\/uploads\/2025\/02\/lw-1024x807.webp 1024w, https:\/\/www.sfmpower.com\/wp-content\/uploads\/2025\/02\/lw-768x605.webp 768w, https:\/\/www.sfmpower.com\/wp-content\/uploads\/2025\/02\/lw-15x12.webp 15w, https:\/\/www.sfmpower.com\/wp-content\/uploads\/2025\/02\/lw-600x473.webp 600w\" sizes=\"(max-width: 1365px) 100vw, 1365px\" \/>\t\t\t\t\t\t\t\t\t\t\t\t\t\t\t<\/div>\n\t\t\t\t<\/div>\n\t\t\t\t\t<\/div>\n\t\t\t\t<\/div>\n\t\t\t\t<\/div>\n\t\t\t\t\t<\/div>\n\t\t<\/div>\n\t\t\t\t\t\t<\/div>\n\t\t\t\t<\/div>\n\t\t\t\t\t<\/div>\n\t\t\t\t<\/div>\n\t\t\t\t<\/div>","protected":false},"excerpt":{"rendered":"<p>Compat\u00edvel com as fun\u00e7\u00f5es MIG, MMA e TIG;<\/p>\n<p>Bateria de l\u00edtio incorporada, totalmente carregada em apenas 1,8 horas;<\/p>\n<p>Estrutura semi-autom\u00e1tica de alimenta\u00e7\u00e3o de fio para uma soldadura suave e eficiente;<\/p>\n<p>Os par\u00e2metros MlG podem ser facilmente ajustados sem conhecimentos profissionais de soldadura;<\/p>\n<p>Compat\u00edvel com bobinas de fio de 1kg-5kg, adequado para fio fluxado de 0,8-1,0mm;<\/p>\n<p>O circuito de soldadura est\u00e1 equipado com fun\u00e7\u00f5es de dete\u00e7\u00e3o inteligente de anomalias, sobreaquecimento e subtens\u00e3o;<\/p>\n<p>Circuito de controlo digital inteligente para forma\u00e7\u00f5es de soldadura esteticamente agrad\u00e1veis;<\/p>\n<p>Utiliza c\u00e9lulas de bateria de fosfato de ferro e l\u00edtio seguras, com uma vida \u00fatil de 8-10 anos;<\/p>\n<p>Sistema de gest\u00e3o inteligente da bateria incorporado, leitura Bluetooth das informa\u00e7\u00f5es BMS, compat\u00edvel com os sistemas Android e iOS;<\/p>\n<p>Fun\u00e7\u00e3o inteligente de arranque e paragem da ventoinha.<\/p>","protected":false},"featured_media":1035,"template":"","meta":{"_seopress_robots_primary_cat":"none","_seopress_titles_title":"","_seopress_titles_desc":"","_seopress_robots_index":"","_joinchat":[]},"product_brand":[],"product_cat":[31],"product_tag":[],"class_list":{"0":"post-1009","1":"product","2":"type-product","3":"status-publish","4":"has-post-thumbnail","6":"product_cat-battery-powered-welder","8":"first","9":"instock","10":"shipping-taxable","11":"product-type-simple"},"_links":{"self":[{"href":"http:\/\/www.sfmpower.com\/pt\/wp-json\/wp\/v2\/product\/1009","targetHints":{"allow":["GET"]}}],"collection":[{"href":"http:\/\/www.sfmpower.com\/pt\/wp-json\/wp\/v2\/product"}],"about":[{"href":"http:\/\/www.sfmpower.com\/pt\/wp-json\/wp\/v2\/types\/product"}],"version-history":[{"count":0,"href":"http:\/\/www.sfmpower.com\/pt\/wp-json\/wp\/v2\/product\/1009\/revisions"}],"wp:featuredmedia":[{"embeddable":true,"href":"http:\/\/www.sfmpower.com\/pt\/wp-json\/wp\/v2\/media\/1035"}],"wp:attachment":[{"href":"http:\/\/www.sfmpower.com\/pt\/wp-json\/wp\/v2\/media?parent=1009"}],"wp:term":[{"taxonomy":"product_brand","embeddable":true,"href":"http:\/\/www.sfmpower.com\/pt\/wp-json\/wp\/v2\/product_brand?post=1009"},{"taxonomy":"product_cat","embeddable":true,"href":"http:\/\/www.sfmpower.com\/pt\/wp-json\/wp\/v2\/product_cat?post=1009"},{"taxonomy":"product_tag","embeddable":true,"href":"http:\/\/www.sfmpower.com\/pt\/wp-json\/wp\/v2\/product_tag?post=1009"}],"curies":[{"name":"wp","href":"https:\/\/api.w.org\/{rel}","templated":true}]}}