{"id":772,"date":"2025-01-13T13:28:36","date_gmt":"2025-01-13T05:28:36","guid":{"rendered":"https:\/\/www.sfmpower.com\/?post_type=product&#038;p=772"},"modified":"2025-02-12T17:06:18","modified_gmt":"2025-02-12T09:06:18","slug":"lw-330","status":"publish","type":"product","link":"http:\/\/www.sfmpower.com\/fr\/produit\/lw-330\/","title":{"rendered":"LW-330"},"content":{"rendered":"<div data-elementor-type=\"product-post\" data-elementor-id=\"772\" class=\"elementor elementor-772\" data-elementor-post-type=\"product\">\n\t\t\t\t<div class=\"elementor-element elementor-element-33416e6 e-flex e-con-boxed e-con e-parent\" data-id=\"33416e6\" data-element_type=\"container\">\n\t\t\t\t\t<div class=\"e-con-inner\">\n\t\t\t\t<div class=\"elementor-element elementor-element-cef4d8d e-n-tabs-mobile elementor-widget elementor-widget-n-tabs\" data-id=\"cef4d8d\" data-element_type=\"widget\" data-settings=\"{&quot;tabs_justify_horizontal&quot;:&quot;start&quot;,&quot;horizontal_scroll&quot;:&quot;disable&quot;}\" data-widget_type=\"nested-tabs.default\">\n\t\t\t\t<div class=\"elementor-widget-container\">\n\t\t\t\t\t\t\t<div class=\"e-n-tabs\" data-widget-number=\"217009549\" aria-label=\"\ud0ed\uc744 \ud074\ub9ad\ud569\ub2c8\ub2e4. Enter \ub610\ub294 \uc2a4\ud398\uc774\uc2a4\ub85c \ud56d\ubaa9\uc744 \uc5f4\uace0, Escape\ub85c \ub2eb\uace0, \ud654\uc0b4\ud45c \ud0a4\ub97c \uc0ac\uc6a9\ud558\uc5ec \ud0d0\uc0c9\ud569\ub2c8\ub2e4.\" data-no-translation-aria-label=\"\">\n\t\t\t<div class=\"e-n-tabs-heading\" role=\"tablist\">\n\t\t\t\t\t<button id=\"e-n-tab-title-2170095491\" class=\"e-n-tab-title\" aria-selected=\"true\" data-tab-index=\"1\" role=\"tab\" tabindex=\"0\" aria-controls=\"e-n-tab-content-2170095491\" style=\"--n-tabs-title-order: 1;\">\n\t\t\t\t\t\t<span class=\"e-n-tab-title-text\">\n\t\t\t\tTableau de r\u00e9f\u00e9rence de l'endurance des \u00e9quipements\t\t\t<\/span>\n\t\t<\/button>\n\t\t\t\t<button id=\"e-n-tab-title-2170095492\" class=\"e-n-tab-title\" aria-selected=\"false\" data-tab-index=\"2\" role=\"tab\" tabindex=\"-1\" aria-controls=\"e-n-tab-content-2170095492\" style=\"--n-tabs-title-order: 2;\">\n\t\t\t\t\t\t<span class=\"e-n-tab-title-text\">\n\t\t\t\tCAS D'UTILISATION PARTIEL\t\t\t<\/span>\n\t\t<\/button>\n\t\t\t\t\t<\/div>\n\t\t\t<div class=\"e-n-tabs-content\">\n\t\t\t\t<div id=\"e-n-tab-content-2170095491\" role=\"tabpanel\" aria-labelledby=\"e-n-tab-title-2170095491\" data-tab-index=\"1\" style=\"--n-tabs-title-order: 1;\" class=\"e-active elementor-element elementor-element-ac502e6 e-con-full e-flex e-con e-child\" data-id=\"ac502e6\" data-element_type=\"container\">\n\t\t<div class=\"elementor-element elementor-element-915aff1 e-flex e-con-boxed e-con e-child\" data-id=\"915aff1\" data-element_type=\"container\">\n\t\t\t\t\t<div class=\"e-con-inner\">\n\t\t\t\t<div class=\"elementor-element elementor-element-bba87af elementor-widget elementor-widget-text-editor\" data-id=\"bba87af\" data-element_type=\"widget\" data-widget_type=\"text-editor.default\">\n\t\t\t\t<div class=\"elementor-widget-container\">\n\t\t\t\t\t\t\t\t\t<table width=\"1337\"><tbody><tr><td colspan=\"2\" width=\"382\">Puissance<\/td><td width=\"191\">Courant de soudage<\/td><td width=\"191\">Type de batterie<\/td><td width=\"191\">Montage de la batterie<br \/>M\u00e9thode<\/td><td width=\"191\">Capacit\u00e9 de la batterie<\/td><td width=\"191\">Diam\u00e8tre de l'\u00e9lectrode<\/td><\/tr><tr><td width=\"191\">LW-330<\/td><td rowspan=\"2\" width=\"191\">3,7KW<\/td><td rowspan=\"2\" width=\"191\">10-150A<\/td><td rowspan=\"2\" width=\"191\">NCM<\/td><td rowspan=\"2\" width=\"191\">Int\u00e9gr\u00e9<br \/>batterie<\/td><td width=\"191\">865Wh<\/td><td rowspan=\"2\" width=\"191\">\u03c62.5mm-\u03c63.2mm<\/td><\/tr><tr><td width=\"191\">LW-370<\/td><td width=\"191\">2405Wh<\/td><\/tr><tr><td colspan=\"2\" width=\"382\">Mat\u00e9riel de soudage<\/td><td width=\"191\">\u00a0 Fonctionnement<br \/>Temp\u00e9rature<\/td><td width=\"191\">Syst\u00e8me Bluetooth<\/td><td width=\"191\">Chargeur<\/td><td width=\"191\">Taille (mm)<\/td><td width=\"191\">Poids (kg)<\/td><\/tr><tr><td width=\"191\">LW-330<\/td><td rowspan=\"2\" width=\"191\">Acier inoxydable,<br \/>acier au carbone,<br \/>acier faiblement alli\u00e9<\/td><td rowspan=\"2\" width=\"191\">-20\u2103~45\u2103<\/td><td rowspan=\"2\" width=\"191\">Android\u30011OS<\/td><td width=\"191\">AC220V\/8A<\/td><td width=\"191\">372x182x320<\/td><td width=\"191\">11.7\u00a0<\/td><\/tr><tr><td width=\"191\">LW-370<\/td><td width=\"191\">AC220V\/15A<\/td><td width=\"191\">460x215x350<\/td><td width=\"191\">21.6\u00a0<\/td><\/tr><\/tbody><\/table>\t\t\t\t\t\t\t\t<\/div>\n\t\t\t\t<\/div>\n\t\t\t\t\t<\/div>\n\t\t\t\t<\/div>\n\t\t\t\t<\/div>\n\t\t<div id=\"e-n-tab-content-2170095492\" role=\"tabpanel\" aria-labelledby=\"e-n-tab-title-2170095492\" data-tab-index=\"2\" style=\"--n-tabs-title-order: 2;\" class=\"elementor-element elementor-element-1a94325 e-con-full e-flex e-con e-child\" data-id=\"1a94325\" data-element_type=\"container\">\n\t\t<div class=\"elementor-element elementor-element-ea4a2a9 e-flex e-con-boxed e-con e-child\" data-id=\"ea4a2a9\" data-element_type=\"container\">\n\t\t\t\t\t<div class=\"e-con-inner\">\n\t\t\t\t<div class=\"elementor-element elementor-element-e51af3f elementor-widget elementor-widget-image\" data-id=\"e51af3f\" data-element_type=\"widget\" data-widget_type=\"image.default\">\n\t\t\t\t<div class=\"elementor-widget-container\">\n\t\t\t\t\t\t\t\t\t\t\t\t\t\t\t<img alt=\"\" fetchpriority=\"high\" decoding=\"async\" width=\"1365\" height=\"1076\" src=\"https:\/\/www.sfmpower.com\/wp-content\/uploads\/2025\/02\/lw.webp\" class=\"attachment-full size-full wp-image-1195\" srcset=\"https:\/\/www.sfmpower.com\/wp-content\/uploads\/2025\/02\/lw.webp 1365w, https:\/\/www.sfmpower.com\/wp-content\/uploads\/2025\/02\/lw-300x236.webp 300w, https:\/\/www.sfmpower.com\/wp-content\/uploads\/2025\/02\/lw-1024x807.webp 1024w, https:\/\/www.sfmpower.com\/wp-content\/uploads\/2025\/02\/lw-768x605.webp 768w, https:\/\/www.sfmpower.com\/wp-content\/uploads\/2025\/02\/lw-15x12.webp 15w, https:\/\/www.sfmpower.com\/wp-content\/uploads\/2025\/02\/lw-600x473.webp 600w\" sizes=\"(max-width: 1365px) 100vw, 1365px\" \/>\t\t\t\t\t\t\t\t\t\t\t\t\t\t\t<\/div>\n\t\t\t\t<\/div>\n\t\t\t\t\t<\/div>\n\t\t\t\t<\/div>\n\t\t\t\t<\/div>\n\t\t\t\t\t<\/div>\n\t\t<\/div>\n\t\t\t\t\t\t<\/div>\n\t\t\t\t<\/div>\n\t\t\t\t\t<\/div>\n\t\t\t\t<\/div>\n\t\t\t\t<\/div>","protected":false},"excerpt":{"rendered":"<p>Conception portable, facile \u00e0 transporter ;<\/p>\n<p>Fonction int\u00e9gr\u00e9e de protection de la batterie contre les sous-tensions pour prot\u00e9ger la batterie en toute s\u00e9curit\u00e9 et prolonger sa dur\u00e9e de vie ;<\/p>\n<p>Pouss\u00e9e int\u00e9gr\u00e9e, r\u00e9glage thermique de l'arc, fonction anti-choc \u00e9lectrique VRD, peut \u00e9galement \u00eatre utilis\u00e9 pour le soudage TIG par contact ;<\/p>\n<p>Prise en charge de baguettes de soudure d'un diam\u00e8tre de 2,5 \u00e0 4,0 mm, soudage en courant continu pur, circuit de commande num\u00e9rique intelligent, et belle forme de soudage ;<\/p>\n<p>Syst\u00e8me de gestion intelligent de la batterie int\u00e9gr\u00e9, lecture Bluetooth des informations du BMS, compatible avec les syst\u00e8mes Android et iOS ;<\/p>\n<p>Fonction d'arr\u00eat et de d\u00e9marrage intelligent du ventilateur.<\/p>","protected":false},"featured_media":1033,"template":"","meta":{"_seopress_robots_primary_cat":"none","_seopress_titles_title":"","_seopress_titles_desc":"","_seopress_robots_index":"","_joinchat":[]},"product_brand":[],"product_cat":[31],"product_tag":[],"class_list":{"0":"post-772","1":"product","2":"type-product","3":"status-publish","4":"has-post-thumbnail","6":"product_cat-battery-powered-welder","8":"first","9":"instock","10":"shipping-taxable","11":"product-type-simple"},"_links":{"self":[{"href":"http:\/\/www.sfmpower.com\/fr\/wp-json\/wp\/v2\/product\/772","targetHints":{"allow":["GET"]}}],"collection":[{"href":"http:\/\/www.sfmpower.com\/fr\/wp-json\/wp\/v2\/product"}],"about":[{"href":"http:\/\/www.sfmpower.com\/fr\/wp-json\/wp\/v2\/types\/product"}],"version-history":[{"count":0,"href":"http:\/\/www.sfmpower.com\/fr\/wp-json\/wp\/v2\/product\/772\/revisions"}],"wp:featuredmedia":[{"embeddable":true,"href":"http:\/\/www.sfmpower.com\/fr\/wp-json\/wp\/v2\/media\/1033"}],"wp:attachment":[{"href":"http:\/\/www.sfmpower.com\/fr\/wp-json\/wp\/v2\/media?parent=772"}],"wp:term":[{"taxonomy":"product_brand","embeddable":true,"href":"http:\/\/www.sfmpower.com\/fr\/wp-json\/wp\/v2\/product_brand?post=772"},{"taxonomy":"product_cat","embeddable":true,"href":"http:\/\/www.sfmpower.com\/fr\/wp-json\/wp\/v2\/product_cat?post=772"},{"taxonomy":"product_tag","embeddable":true,"href":"http:\/\/www.sfmpower.com\/fr\/wp-json\/wp\/v2\/product_tag?post=772"}],"curies":[{"name":"wp","href":"https:\/\/api.w.org\/{rel}","templated":true}]}}