{"id":717,"date":"2025-01-10T10:32:50","date_gmt":"2025-01-10T02:32:50","guid":{"rendered":"https:\/\/www.sfmpower.com\/?post_type=product&#038;p=717"},"modified":"2025-02-12T17:44:56","modified_gmt":"2025-02-12T09:44:56","slug":"es-6000","status":"publish","type":"product","link":"https:\/\/www.sfmpower.com\/fr\/produit\/es-6000\/","title":{"rendered":"ES-6000"},"content":{"rendered":"<div data-elementor-type=\"product-post\" data-elementor-id=\"717\" class=\"elementor elementor-717\" data-elementor-post-type=\"product\">\n\t\t\t\t<div class=\"elementor-element elementor-element-33416e6 e-flex e-con-boxed e-con e-parent\" data-id=\"33416e6\" data-element_type=\"container\">\n\t\t\t\t\t<div class=\"e-con-inner\">\n\t\t\t\t<div class=\"elementor-element elementor-element-cef4d8d e-n-tabs-mobile elementor-widget elementor-widget-n-tabs\" data-id=\"cef4d8d\" data-element_type=\"widget\" data-settings=\"{&quot;tabs_justify_horizontal&quot;:&quot;start&quot;,&quot;horizontal_scroll&quot;:&quot;disable&quot;}\" data-widget_type=\"nested-tabs.default\">\n\t\t\t\t<div class=\"elementor-widget-container\">\n\t\t\t\t\t\t\t<div class=\"e-n-tabs\" data-widget-number=\"217009549\" aria-label=\"\ud0ed\uc744 \ud074\ub9ad\ud569\ub2c8\ub2e4. Enter \ub610\ub294 \uc2a4\ud398\uc774\uc2a4\ub85c \ud56d\ubaa9\uc744 \uc5f4\uace0, Escape\ub85c \ub2eb\uace0, \ud654\uc0b4\ud45c \ud0a4\ub97c \uc0ac\uc6a9\ud558\uc5ec \ud0d0\uc0c9\ud569\ub2c8\ub2e4.\" data-no-translation-aria-label=\"\">\n\t\t\t<div class=\"e-n-tabs-heading\" role=\"tablist\">\n\t\t\t\t\t<button id=\"e-n-tab-title-2170095491\" class=\"e-n-tab-title\" aria-selected=\"true\" data-tab-index=\"1\" role=\"tab\" tabindex=\"0\" aria-controls=\"e-n-tab-content-2170095491\" style=\"--n-tabs-title-order: 1;\">\n\t\t\t\t\t\t<span class=\"e-n-tab-title-text\">\n\t\t\t\tPARAM\u00c8TRES TECHNIQUES\t\t\t<\/span>\n\t\t<\/button>\n\t\t\t\t<button id=\"e-n-tab-title-2170095492\" class=\"e-n-tab-title\" aria-selected=\"false\" data-tab-index=\"2\" role=\"tab\" tabindex=\"-1\" aria-controls=\"e-n-tab-content-2170095492\" style=\"--n-tabs-title-order: 2;\">\n\t\t\t\t\t\t<span class=\"e-n-tab-title-text\">\n\t\t\t\tTableau de r\u00e9f\u00e9rence de l'endurance des \u00e9quipements\t\t\t<\/span>\n\t\t<\/button>\n\t\t\t\t<button id=\"e-n-tab-title-2170095493\" class=\"e-n-tab-title\" aria-selected=\"false\" data-tab-index=\"3\" role=\"tab\" tabindex=\"-1\" aria-controls=\"e-n-tab-content-2170095493\" style=\"--n-tabs-title-order: 3;\">\n\t\t\t\t\t\t<span class=\"e-n-tab-title-text\">\n\t\t\t\tCAS D'UTILISATION PARTIEL\t\t\t<\/span>\n\t\t<\/button>\n\t\t\t\t\t<\/div>\n\t\t\t<div class=\"e-n-tabs-content\">\n\t\t\t\t<div id=\"e-n-tab-content-2170095491\" role=\"tabpanel\" aria-labelledby=\"e-n-tab-title-2170095491\" data-tab-index=\"1\" style=\"--n-tabs-title-order: 1;\" class=\"e-active elementor-element elementor-element-6a70264 e-con-full e-flex e-con e-child\" data-id=\"6a70264\" data-element_type=\"container\">\n\t\t<div class=\"elementor-element elementor-element-e3e60fa e-flex e-con-boxed e-con e-child\" data-id=\"e3e60fa\" data-element_type=\"container\">\n\t\t\t\t\t<div class=\"e-con-inner\">\n\t\t\t\t<div class=\"elementor-element elementor-element-f4c424f elementor-widget elementor-widget-text-editor\" data-id=\"f4c424f\" data-element_type=\"widget\" data-widget_type=\"text-editor.default\">\n\t\t\t\t<div class=\"elementor-widget-container\">\n\t\t\t\t\t\t\t\t\t<table width=\"1160\"><tbody><tr><td width=\"143\">\u00a0<\/td><td width=\"94\">ES-5000<\/td><td width=\"146\">ES-5000PLUS<\/td><td colspan=\"2\" width=\"219\">\u00a0 ES-6000<br \/>\u00a0 ES-6000PLUS<\/td><td width=\"127\">\u00a0<\/td><td colspan=\"2\" width=\"213\">ES-5000<\/td><td width=\"109\">ES-5000PLUS<\/td><td width=\"109\">\u00a0 ES-6000<br \/>\u00a0 ES-6000PLUS<\/td><\/tr><tr><td width=\"143\">26 \u00c9lectrique<br \/>Marteau \u03c614Fraise<\/td><td width=\"94\">5258\u00a0<\/td><td width=\"146\">8458\u00a0<\/td><td colspan=\"2\" width=\"219\">13286\u00a0<\/td><td width=\"127\">\u00a0Pioche \u00e9lectrique<br \/>(heure)<\/td><td colspan=\"2\" width=\"213\">19.1h<\/td><td width=\"109\">30.7h<\/td><td width=\"109\">48.2h<\/td><\/tr><tr><td width=\"143\">350Cut-off<br \/>Scie (heure)<\/td><td width=\"94\">12.7h<\/td><td width=\"146\">20.4h<\/td><td colspan=\"2\" width=\"219\">32.1h<\/td><td width=\"127\">110 Barre de coupe (heure)<\/td><td colspan=\"2\" width=\"213\">33.2h<\/td><td width=\"109\">53.5h<\/td><td width=\"109\">84h<\/td><\/tr><tr><td width=\"143\">100 Angle<br \/>Broyeur (heure)<\/td><td width=\"94\">51.3h<\/td><td width=\"146\">82.5h<\/td><td colspan=\"2\" width=\"219\">129.6h<\/td><td width=\"127\">Cl\u00e9 \u00e9lectrique<br \/>(Temps de charge)<\/td><td colspan=\"2\" width=\"213\">95\u00a0<\/td><td width=\"109\">153\u00a0<\/td><td width=\"109\">241\u00a0<\/td><\/tr><tr><td width=\"143\">100WLED Lumi\u00e8re<br \/>(heure)<\/td><td width=\"94\">84.9h<\/td><td width=\"146\">136h<\/td><td colspan=\"2\" width=\"219\">214.5h<\/td><td width=\"127\">FloorFan(heure)<\/td><td colspan=\"2\" width=\"213\">169.8h<\/td><td width=\"109\">273.2h<\/td><td width=\"109\">429.1h<\/td><\/tr><tr><td width=\"143\">Bureau (heure)<\/td><td width=\"94\">73.6h<\/td><td width=\"146\">118.4h<\/td><td colspan=\"2\" width=\"219\">185.9h<\/td><td width=\"127\">70 pouces Couleur<br \/>TV(heure)<\/td><td colspan=\"2\" width=\"213\">90.5h<\/td><td width=\"109\">145.7h<\/td><td width=\"109\">228.8h<\/td><\/tr><tr><td width=\"143\">\u00a0<\/td><td width=\"94\">\u00a0<\/td><td width=\"146\">\u00a0<\/td><td colspan=\"2\" width=\"219\">\u00a0<\/td><td width=\"127\">\u00a0<\/td><td colspan=\"2\" width=\"213\">\u00a0<\/td><td width=\"109\">\u00a0<\/td><td width=\"109\">\u00a0<\/td><\/tr><tr><td width=\"143\">Capacit\u00e9 de soudage<\/td><td colspan=\"3\" width=\"365\">\u03c62.5 \u00c9lectrode(pcs)<\/td><td colspan=\"3\" width=\"362\">\u03c63.2 \u00c9lectrode(pcs)<\/td><td colspan=\"3\" width=\"290\">\u03c64.0 \u00c9lectrode(pcs)<\/td><\/tr><tr><td width=\"143\">ES-5000<\/td><td colspan=\"3\" width=\"365\">298\u00a0<\/td><td colspan=\"3\" width=\"362\">148\u00a0<\/td><td colspan=\"3\" width=\"290\">95\u00a0<\/td><\/tr><tr><td width=\"143\">ES-5000PLUS<\/td><td colspan=\"3\" width=\"365\">486\u00a0<\/td><td colspan=\"3\" width=\"362\">242\u00a0<\/td><td colspan=\"3\" width=\"290\">143\u00a0<\/td><\/tr><tr><td width=\"143\">ES-6000<br \/>\u00a0\u00a0 ES-6000PLUS<\/td><td colspan=\"3\" width=\"365\">763\u00a0<\/td><td colspan=\"3\" width=\"362\">380\u00a0<\/td><td colspan=\"3\" width=\"290\">224\u00a0<\/td><\/tr><\/tbody><\/table>\t\t\t\t\t\t\t\t<\/div>\n\t\t\t\t<\/div>\n\t\t\t\t\t<\/div>\n\t\t\t\t<\/div>\n\t\t\t\t<\/div>\n\t\t<div id=\"e-n-tab-content-2170095492\" role=\"tabpanel\" aria-labelledby=\"e-n-tab-title-2170095492\" data-tab-index=\"2\" style=\"--n-tabs-title-order: 2;\" class=\"elementor-element elementor-element-ac502e6 e-con-full e-flex e-con e-child\" data-id=\"ac502e6\" data-element_type=\"container\">\n\t\t<div class=\"elementor-element elementor-element-915aff1 e-flex e-con-boxed e-con e-child\" data-id=\"915aff1\" data-element_type=\"container\">\n\t\t\t\t\t<div class=\"e-con-inner\">\n\t\t\t\t<div class=\"elementor-element elementor-element-bba87af elementor-widget elementor-widget-text-editor\" data-id=\"bba87af\" data-element_type=\"widget\" data-widget_type=\"text-editor.default\">\n\t\t\t\t<div class=\"elementor-widget-container\">\n\t\t\t\t\t\t\t\t\t<table width=\"471\"><tbody><tr><td width=\"267\">Type<\/td><td width=\"204\">ES-6000<\/td><\/tr><tr><td width=\"267\">220V d'alimentation<\/td><td width=\"204\">4000W<\/td><\/tr><tr><td width=\"267\">Capacit\u00e9 de la batterie<\/td><td width=\"204\">21504Wh<\/td><\/tr><tr><td width=\"267\">26 Marteau \u00e9lectrique \u03c614 Perceuse<\/td><td width=\"204\">13286\u00a0<\/td><\/tr><tr><td width=\"267\">Pic \u00e9lectrique (heure)<\/td><td width=\"204\">48.2h<\/td><\/tr><tr><td width=\"267\">350 Barre de coupe<br \/>\u00a0 (heure)<\/td><td width=\"204\">32.1h<\/td><\/tr><tr><td width=\"267\">110 Barre de coupe<br \/>\u00a0 (heure)<\/td><td width=\"204\">84h<\/td><\/tr><tr><td width=\"267\">\u00a0 100Angle<br \/>\u00a0Broyeur (heure)<\/td><td width=\"204\">129.6h<\/td><\/tr><tr><td width=\"267\">Cl\u00e9 \u00e9lectrique<br \/>(Temps de charge)<\/td><td width=\"204\">241\u00a0<\/td><\/tr><tr><td width=\"267\">\u03c62.5 \u00c9lectrode<br \/>\u00a0 (pcs)<\/td><td width=\"204\">763\u00a0<\/td><\/tr><tr><td width=\"267\">\u00a0 \u03c63.2Electrode<br \/>(pcs)<\/td><td width=\"204\">380\u00a0<\/td><\/tr><tr><td width=\"267\">\u03c64.0 \u00c9lectrode<br \/>\u00a0 (pcs)<\/td><td width=\"204\">224\u00a0<\/td><\/tr><tr><td width=\"267\">Lampe LED 100W<br \/>\u00a0 (heure)<\/td><td width=\"204\">214.5h<\/td><\/tr><tr><td width=\"267\">Ventilateur de sol (heure)<\/td><td width=\"204\">429.1h<\/td><\/tr><tr><td width=\"267\">\u00a0Bureau (heure)<\/td><td width=\"204\">185.9h<\/td><\/tr><tr><td width=\"267\">70 pouces Couleur<br \/>\u00a0 TV(heure)<\/td><td width=\"204\">228.8h<\/td><\/tr><\/tbody><\/table>\t\t\t\t\t\t\t\t<\/div>\n\t\t\t\t<\/div>\n\t\t\t\t\t<\/div>\n\t\t\t\t<\/div>\n\t\t\t\t<\/div>\n\t\t<div id=\"e-n-tab-content-2170095493\" role=\"tabpanel\" aria-labelledby=\"e-n-tab-title-2170095493\" data-tab-index=\"3\" style=\"--n-tabs-title-order: 3;\" class=\"elementor-element elementor-element-1a94325 e-con-full e-flex e-con e-child\" data-id=\"1a94325\" data-element_type=\"container\">\n\t\t<div class=\"elementor-element elementor-element-ea4a2a9 e-flex e-con-boxed e-con e-child\" data-id=\"ea4a2a9\" data-element_type=\"container\">\n\t\t\t\t\t<div class=\"e-con-inner\">\n\t\t\t\t<div class=\"elementor-element elementor-element-e51af3f elementor-widget elementor-widget-image\" data-id=\"e51af3f\" data-element_type=\"widget\" data-widget_type=\"image.default\">\n\t\t\t\t<div class=\"elementor-widget-container\">\n\t\t\t\t\t\t\t\t\t\t\t\t\t\t\t<img alt=\"\" fetchpriority=\"high\" decoding=\"async\" width=\"1425\" height=\"1690\" src=\"https:\/\/www.sfmpower.com\/wp-content\/uploads\/2025\/02\/es.webp\" class=\"attachment-full size-full wp-image-1196\" srcset=\"https:\/\/www.sfmpower.com\/wp-content\/uploads\/2025\/02\/es.webp 1425w, https:\/\/www.sfmpower.com\/wp-content\/uploads\/2025\/02\/es-253x300.webp 253w, https:\/\/www.sfmpower.com\/wp-content\/uploads\/2025\/02\/es-863x1024.webp 863w, https:\/\/www.sfmpower.com\/wp-content\/uploads\/2025\/02\/es-768x911.webp 768w, https:\/\/www.sfmpower.com\/wp-content\/uploads\/2025\/02\/es-1295x1536.webp 1295w, https:\/\/www.sfmpower.com\/wp-content\/uploads\/2025\/02\/es-10x12.webp 10w, https:\/\/www.sfmpower.com\/wp-content\/uploads\/2025\/02\/es-600x712.webp 600w\" sizes=\"(max-width: 1425px) 100vw, 1425px\" \/>\t\t\t\t\t\t\t\t\t\t\t\t\t\t\t<\/div>\n\t\t\t\t<\/div>\n\t\t\t\t\t<\/div>\n\t\t\t\t<\/div>\n\t\t\t\t<\/div>\n\t\t\t\t\t<\/div>\n\t\t<\/div>\n\t\t\t\t\t\t<\/div>\n\t\t\t\t<\/div>\n\t\t\t\t\t<\/div>\n\t\t\t\t<\/div>\n\t\t\t\t<\/div>","protected":false},"excerpt":{"rendered":"<p><b>Centrale industrielle multifonctionnelle \u00e0 stockage d'\u00e9nergie pour <\/b><b>applications de maintenance<\/b><\/p>\n<p>Les onduleurs de qualit\u00e9 industrielle ont une capacit\u00e9 de charge plus importante que les onduleurs de stockage d'\u00e9nergie conventionnels ;<\/p>\n<p>Les onduleurs de qualit\u00e9 industrielle ont une meilleure compatibilit\u00e9 avec les appareils de charge que les onduleurs conventionnels ;<\/p>\n<p>La structure des onduleurs de qualit\u00e9 industrielle est plus simple et le taux de d\u00e9faillance est beaucoup plus faible que celui des onduleurs conventionnels ;<\/p>\n<p>Le chargeur dispose de plusieurs entr\u00e9es d'alimentation et peut \u00eatre recharg\u00e9 n'importe o\u00f9 ;<\/p>\n<p>Le d\u00e9coupage \u00e0 l'arc plasma fin pr\u00e9sente des co\u00fbts de s\u00e9curit\u00e9 et d'utilisation inf\u00e9rieurs \u00e0 ceux du d\u00e9coupage oxyac\u00e9tyl\u00e9nique ;<\/p>\n<p>Fonction de soudage int\u00e9gr\u00e9e, adapt\u00e9e \u00e0 diverses \u00e9lectrodes \u00e0 faible teneur en hydrog\u00e8ne et \u00e0 base acide, compatible avec les \u00e9lectrodes en cellulose ;<\/p>\n<p>Lors de l'utilisation des fonctions de soudage et de d\u00e9coupe, l'alimentation en courant alternatif 220V peut \u00eatre utilis\u00e9e simultan\u00e9ment ;<\/p>\n<p>Les batteries peuvent \u00eatre empil\u00e9es et jusqu'\u00e0 4 modules peuvent \u00eatre connect\u00e9s en parall\u00e8le ;<\/p>\n<p>Conception de qualit\u00e9 industrielle, pouvant \u00eatre hiss\u00e9e comme une machine enti\u00e8re et \u00e9quip\u00e9e de roulettes universelles pour faciliter le transport.<\/p>","protected":false},"featured_media":1053,"template":"","meta":{"_seopress_robots_primary_cat":"none","_seopress_titles_title":"","_seopress_titles_desc":"","_seopress_robots_index":"","_joinchat":[]},"product_brand":[],"product_cat":[30],"product_tag":[],"class_list":{"0":"post-717","1":"product","2":"type-product","3":"status-publish","4":"has-post-thumbnail","6":"product_cat-welding-integrated-portable-power-station","8":"first","9":"instock","10":"shipping-taxable","11":"product-type-simple"},"_links":{"self":[{"href":"https:\/\/www.sfmpower.com\/fr\/wp-json\/wp\/v2\/product\/717","targetHints":{"allow":["GET"]}}],"collection":[{"href":"https:\/\/www.sfmpower.com\/fr\/wp-json\/wp\/v2\/product"}],"about":[{"href":"https:\/\/www.sfmpower.com\/fr\/wp-json\/wp\/v2\/types\/product"}],"version-history":[{"count":0,"href":"https:\/\/www.sfmpower.com\/fr\/wp-json\/wp\/v2\/product\/717\/revisions"}],"wp:featuredmedia":[{"embeddable":true,"href":"https:\/\/www.sfmpower.com\/fr\/wp-json\/wp\/v2\/media\/1053"}],"wp:attachment":[{"href":"https:\/\/www.sfmpower.com\/fr\/wp-json\/wp\/v2\/media?parent=717"}],"wp:term":[{"taxonomy":"product_brand","embeddable":true,"href":"https:\/\/www.sfmpower.com\/fr\/wp-json\/wp\/v2\/product_brand?post=717"},{"taxonomy":"product_cat","embeddable":true,"href":"https:\/\/www.sfmpower.com\/fr\/wp-json\/wp\/v2\/product_cat?post=717"},{"taxonomy":"product_tag","embeddable":true,"href":"https:\/\/www.sfmpower.com\/fr\/wp-json\/wp\/v2\/product_tag?post=717"}],"curies":[{"name":"wp","href":"https:\/\/api.w.org\/{rel}","templated":true}]}}