{"id":669,"date":"2025-01-10T11:11:16","date_gmt":"2025-01-10T03:11:16","guid":{"rendered":"https:\/\/www.sfmpower.com\/?post_type=product&#038;p=669"},"modified":"2025-02-12T17:18:12","modified_gmt":"2025-02-12T09:18:12","slug":"ps-0808","status":"publish","type":"product","link":"http:\/\/www.sfmpower.com\/fr\/produit\/ps-0808\/","title":{"rendered":"PS-0808"},"content":{"rendered":"<div data-elementor-type=\"product-post\" data-elementor-id=\"669\" class=\"elementor elementor-669\" data-elementor-post-type=\"product\">\n\t\t\t\t<div class=\"elementor-element elementor-element-33416e6 e-flex e-con-boxed e-con e-parent\" data-id=\"33416e6\" data-element_type=\"container\">\n\t\t\t\t\t<div class=\"e-con-inner\">\n\t\t\t\t<div class=\"elementor-element elementor-element-cef4d8d e-n-tabs-mobile elementor-widget elementor-widget-n-tabs\" data-id=\"cef4d8d\" data-element_type=\"widget\" data-settings=\"{&quot;tabs_justify_horizontal&quot;:&quot;start&quot;,&quot;horizontal_scroll&quot;:&quot;disable&quot;}\" data-widget_type=\"nested-tabs.default\">\n\t\t\t\t<div class=\"elementor-widget-container\">\n\t\t\t\t\t\t\t<div class=\"e-n-tabs\" data-widget-number=\"217009549\" aria-label=\"Separadores. Abra itens com Enter ou Espa\u00e7o, feche com Escape e navegue utilizando as teclas de seta.\" data-no-translation-aria-label=\"\">\n\t\t\t<div class=\"e-n-tabs-heading\" role=\"tablist\">\n\t\t\t\t\t<button id=\"e-n-tab-title-2170095491\" class=\"e-n-tab-title\" aria-selected=\"true\" data-tab-index=\"1\" role=\"tab\" tabindex=\"0\" aria-controls=\"e-n-tab-content-2170095491\" style=\"--n-tabs-title-order: 1;\">\n\t\t\t\t\t\t<span class=\"e-n-tab-title-text\">\n\t\t\t\tTableau de r\u00e9f\u00e9rence de l'endurance des \u00e9quipements\t\t\t<\/span>\n\t\t<\/button>\n\t\t\t\t<button id=\"e-n-tab-title-2170095492\" class=\"e-n-tab-title\" aria-selected=\"false\" data-tab-index=\"2\" role=\"tab\" tabindex=\"-1\" aria-controls=\"e-n-tab-content-2170095492\" style=\"--n-tabs-title-order: 2;\">\n\t\t\t\t\t\t<span class=\"e-n-tab-title-text\">\n\t\t\t\tPARAM\u00c8TRES TECHNIQUES\t\t\t<\/span>\n\t\t<\/button>\n\t\t\t\t<button id=\"e-n-tab-title-2170095493\" class=\"e-n-tab-title\" aria-selected=\"false\" data-tab-index=\"3\" role=\"tab\" tabindex=\"-1\" aria-controls=\"e-n-tab-content-2170095493\" style=\"--n-tabs-title-order: 3;\">\n\t\t\t\t\t\t<span class=\"e-n-tab-title-text\">\n\t\t\t\tCAS D'UTILISATION PARTIEL\t\t\t<\/span>\n\t\t<\/button>\n\t\t\t\t\t<\/div>\n\t\t\t<div class=\"e-n-tabs-content\">\n\t\t\t\t<div id=\"e-n-tab-content-2170095491\" role=\"tabpanel\" aria-labelledby=\"e-n-tab-title-2170095491\" data-tab-index=\"1\" style=\"--n-tabs-title-order: 1;\" class=\"e-active elementor-element elementor-element-ac502e6 e-con-full e-flex e-con e-child\" data-id=\"ac502e6\" data-element_type=\"container\">\n\t\t<div class=\"elementor-element elementor-element-915aff1 e-flex e-con-boxed e-con e-child\" data-id=\"915aff1\" data-element_type=\"container\">\n\t\t\t\t\t<div class=\"e-con-inner\">\n\t\t\t\t<div class=\"elementor-element elementor-element-bba87af elementor-widget elementor-widget-text-editor\" data-id=\"bba87af\" data-element_type=\"widget\" data-widget_type=\"text-editor.default\">\n\t\t\t\t<div class=\"elementor-widget-container\">\n\t\t\t\t\t\t\t\t\t<table width=\"227\"><tbody><tr><td width=\"162\">Type<\/td><td width=\"64\">PS-0808<\/td><\/tr><tr><td>Alimentation 220V<\/td><td>8000W<\/td><\/tr><tr><td>Capacit\u00e9 de la batterie<\/td><td>7987Wh<\/td><\/tr><tr><td width=\"162\">26Electric<br \/>Marteau\u03c614Fraise<\/td><td>4935\u00a0<\/td><\/tr><tr><td>Pic \u00e9lectrique (heure)<\/td><td>17.9h<\/td><\/tr><tr><td width=\"162\">350 Barre de coupe<br \/>\u00a0 (heure)<\/td><td>11.9h<\/td><\/tr><tr><td width=\"162\">110 Barre de coupe<br \/>\u00a0 (heure)<\/td><td>31.2h<\/td><\/tr><tr><td width=\"162\">100 Angle<br \/>\u00a0 Broyeur (heure)<\/td><td>48.1h<\/td><\/tr><tr><td width=\"162\">Cl\u00e9 \u00e9lectrique<br \/>(Temps de charge)<\/td><td>89\u00a0<\/td><\/tr><tr><td width=\"162\">Lampe LED 100W<br \/>(heure)<\/td><td>79.7h<\/td><\/tr><tr><td>Ventilateur de sol (heure)<\/td><td>159.4h<\/td><\/tr><tr><td>\u00a0 Bureau (heure)<\/td><td>69h<\/td><\/tr><tr><td width=\"162\">70 pouces Couleur<br \/>\u00a0 TV(heure)<\/td><td>85h<\/td><\/tr><tr><td colspan=\"2\" width=\"227\">Note:Les param\u00e8tres ci-dessus sont calcul\u00e9s en fonction de l'utilisation habituelle de l'utilisateur, et la dur\u00e9e d'utilisation r\u00e9elle varie en fonction des habitudes d'utilisation du client et de la puissance sp\u00e9cifique de l'\u00e9quipement \u00e9lectrique.<\/td><\/tr><\/tbody><\/table>\t\t\t\t\t\t\t\t<\/div>\n\t\t\t\t<\/div>\n\t\t\t\t\t<\/div>\n\t\t\t\t<\/div>\n\t\t\t\t<\/div>\n\t\t<div id=\"e-n-tab-content-2170095492\" role=\"tabpanel\" aria-labelledby=\"e-n-tab-title-2170095492\" data-tab-index=\"2\" style=\"--n-tabs-title-order: 2;\" class=\"elementor-element elementor-element-988a03f e-con-full e-flex e-con e-child\" data-id=\"988a03f\" data-element_type=\"container\">\n\t\t<div class=\"elementor-element elementor-element-20021dd e-flex e-con-boxed e-con e-child\" data-id=\"20021dd\" data-element_type=\"container\">\n\t\t\t\t\t<div class=\"e-con-inner\">\n\t\t\t\t<div class=\"elementor-element elementor-element-d849853 elementor-widget elementor-widget-text-editor\" data-id=\"d849853\" data-element_type=\"widget\" data-widget_type=\"text-editor.default\">\n\t\t\t\t<div class=\"elementor-widget-container\">\n\t\t\t\t\t\t\t\t\t<table width=\"564\"><tbody><tr><td width=\"207\">\u00a0<\/td><td width=\"357\">PS-0808<\/td><\/tr><tr><td width=\"207\">Tension de sortie<\/td><td width=\"357\">AC 220V\/50Hz<\/td><\/tr><tr><td width=\"207\">Puissance de d\u00e9marrage maximale<\/td><td width=\"357\">24000W\/2s<\/td><\/tr><tr><td width=\"207\">M\u00e9thode de montage de la batterie<\/td><td width=\"357\">Batterie int\u00e9gr\u00e9e<\/td><\/tr><tr><td width=\"207\">Fonction de protection<\/td><td width=\"357\">Surcharge, sous-tension, court-circuit, fuite, anomalie<\/td><\/tr><tr><td rowspan=\"2\" width=\"207\">Capacit\u00e9 de la batterie<\/td><td width=\"357\">7987Wh(LFP)<\/td><\/tr><tr><td width=\"357\">8510Wh(NCM)<\/td><\/tr><tr><td width=\"207\">Temps de charge<\/td><td width=\"357\">5-6h<\/td><\/tr><tr><td width=\"207\">\u00a0 Communication<br \/>\u00a0 Puissance de sortie<\/td><td width=\"357\">\u22648000W<\/td><\/tr><tr><td width=\"207\">Courant de sortie<\/td><td width=\"357\">\u00c9tanch\u00e9it\u00e9 10A, 16A, 32A<\/td><\/tr><tr><td width=\"207\">UPS<\/td><td width=\"357\">\u226410ms<\/td><\/tr><tr><td width=\"207\">Syst\u00e8me de communication<\/td><td width=\"357\">GPS+4G<\/td><\/tr><tr><td width=\"207\">Niveau de protection<\/td><td width=\"357\">IP54<\/td><\/tr><tr><td width=\"207\">Temp\u00e9rature ambiante<\/td><td width=\"357\">-20\u00b0\u2103~55\u2103<\/td><\/tr><\/tbody><\/table>\t\t\t\t\t\t\t\t<\/div>\n\t\t\t\t<\/div>\n\t\t\t\t\t<\/div>\n\t\t\t\t<\/div>\n\t\t\t\t<\/div>\n\t\t<div id=\"e-n-tab-content-2170095493\" role=\"tabpanel\" aria-labelledby=\"e-n-tab-title-2170095493\" data-tab-index=\"3\" style=\"--n-tabs-title-order: 3;\" class=\"elementor-element elementor-element-1a94325 e-con-full e-flex e-con e-child\" data-id=\"1a94325\" data-element_type=\"container\">\n\t\t<div class=\"elementor-element elementor-element-ea4a2a9 e-flex e-con-boxed e-con e-child\" data-id=\"ea4a2a9\" data-element_type=\"container\">\n\t\t\t\t\t<div class=\"e-con-inner\">\n\t\t\t\t<div class=\"elementor-element elementor-element-e51af3f elementor-widget elementor-widget-image\" data-id=\"e51af3f\" data-element_type=\"widget\" data-widget_type=\"image.default\">\n\t\t\t\t<div class=\"elementor-widget-container\">\n\t\t\t\t\t\t\t\t\t\t\t\t\t\t\t<img alt=\"\" fetchpriority=\"high\" decoding=\"async\" width=\"1559\" height=\"1835\" src=\"https:\/\/www.sfmpower.com\/wp-content\/uploads\/2025\/01\/\u5e94\u7528\u573a\u666f.jpg\" class=\"attachment-full size-full wp-image-596\" srcset=\"https:\/\/www.sfmpower.com\/wp-content\/uploads\/2025\/01\/\u5e94\u7528\u573a\u666f.jpg 1559w, https:\/\/www.sfmpower.com\/wp-content\/uploads\/2025\/01\/\u5e94\u7528\u573a\u666f-255x300.jpg 255w, https:\/\/www.sfmpower.com\/wp-content\/uploads\/2025\/01\/\u5e94\u7528\u573a\u666f-870x1024.jpg 870w, https:\/\/www.sfmpower.com\/wp-content\/uploads\/2025\/01\/\u5e94\u7528\u573a\u666f-768x904.jpg 768w, https:\/\/www.sfmpower.com\/wp-content\/uploads\/2025\/01\/\u5e94\u7528\u573a\u666f-1305x1536.jpg 1305w, https:\/\/www.sfmpower.com\/wp-content\/uploads\/2025\/01\/\u5e94\u7528\u573a\u666f-600x706.jpg 600w\" sizes=\"(max-width: 1559px) 100vw, 1559px\" \/>\t\t\t\t\t\t\t\t\t\t\t\t\t\t\t<\/div>\n\t\t\t\t<\/div>\n\t\t\t\t\t<\/div>\n\t\t\t\t<\/div>\n\t\t\t\t<\/div>\n\t\t\t\t\t<\/div>\n\t\t<\/div>\n\t\t\t\t\t\t<\/div>\n\t\t\t\t<\/div>\n\t\t\t\t\t<\/div>\n\t\t\t\t<\/div>\n\t\t\t\t<\/div>","protected":false},"excerpt":{"rendered":"<p><b>Centrale multifonctionnelle de stockage d'\u00e9nergie appliqu\u00e9e \u00e0 l'industrie automobile <\/b><b>champ de construction ext\u00e9rieur <\/b><\/p>\n<p>Centrale \u00e9lectrique haute puissance 220V\/8000W, sortie d'onduleur \u00e0 onde sinuso\u00efdale pure, peut \u00eatre utilis\u00e9e pour toutes sortes d'outils \u00e9lectriques, d'\u00e9quipements de construction, d'appareils m\u00e9nagers quotidiens et d'alimentation d'instruments de haute pr\u00e9cision ;<\/p>\n<p>Niveau de protection IP54, \u00e9tanche \u00e0 la poussi\u00e8re, \u00e0 l'eau et aux \u00e9claboussures, adapt\u00e9 aux projets ext\u00e9rieurs ;<\/p>\n<p>Conception de la s\u00e9curit\u00e9 \u00e9lectrique, utilisation d'un circuit d'isolation, conform\u00e9ment aux exigences de la supervision de la s\u00e9curit\u00e9 sur le site ;<\/p>\n<p>Dispositif de protection contre les surcharges int\u00e9gr\u00e9 pour \u00e9viter les dommages caus\u00e9s par la surcharge des appareils \u00e9lectriques ;<\/p>\n<p>Conception de charge int\u00e9gr\u00e9e, chargeur professionnel haute puissance \u00e0 plusieurs niveaux, charge efficace et s\u00fbre ;<\/p>\n<p>Module de batterie au lithium longue dur\u00e9e, dur\u00e9e de vie de la batterie jusqu'\u00e0 8-10 ans ;<\/p>\n<p>Fonction d'alimentation sans interruption (UPS) int\u00e9gr\u00e9e, r\u00e9seau par d\u00e9faut<\/p>\n<p>priorit\u00e9 dans le domaine de l'alimentation de secours.<\/p>","protected":false},"featured_media":1044,"template":"","meta":{"_seopress_robots_primary_cat":"none","_seopress_titles_title":"","_seopress_titles_desc":"","_seopress_robots_index":"","_joinchat":[]},"product_brand":[],"product_cat":[29],"product_tag":[],"class_list":{"0":"post-669","1":"product","2":"type-product","3":"status-publish","4":"has-post-thumbnail","6":"product_cat-industrial-portable-power-station","8":"first","9":"instock","10":"shipping-taxable","11":"product-type-simple"},"_links":{"self":[{"href":"http:\/\/www.sfmpower.com\/fr\/wp-json\/wp\/v2\/product\/669","targetHints":{"allow":["GET"]}}],"collection":[{"href":"http:\/\/www.sfmpower.com\/fr\/wp-json\/wp\/v2\/product"}],"about":[{"href":"http:\/\/www.sfmpower.com\/fr\/wp-json\/wp\/v2\/types\/product"}],"version-history":[{"count":0,"href":"http:\/\/www.sfmpower.com\/fr\/wp-json\/wp\/v2\/product\/669\/revisions"}],"wp:featuredmedia":[{"embeddable":true,"href":"http:\/\/www.sfmpower.com\/fr\/wp-json\/wp\/v2\/media\/1044"}],"wp:attachment":[{"href":"http:\/\/www.sfmpower.com\/fr\/wp-json\/wp\/v2\/media?parent=669"}],"wp:term":[{"taxonomy":"product_brand","embeddable":true,"href":"http:\/\/www.sfmpower.com\/fr\/wp-json\/wp\/v2\/product_brand?post=669"},{"taxonomy":"product_cat","embeddable":true,"href":"http:\/\/www.sfmpower.com\/fr\/wp-json\/wp\/v2\/product_cat?post=669"},{"taxonomy":"product_tag","embeddable":true,"href":"http:\/\/www.sfmpower.com\/fr\/wp-json\/wp\/v2\/product_tag?post=669"}],"curies":[{"name":"wp","href":"https:\/\/api.w.org\/{rel}","templated":true}]}}