{"id":1009,"date":"2025-01-13T13:22:02","date_gmt":"2025-01-13T05:22:02","guid":{"rendered":"https:\/\/www.sfmpower.com\/?post_type=product&#038;p=1009"},"modified":"2025-02-12T17:30:49","modified_gmt":"2025-02-12T09:30:49","slug":"lw-360","status":"publish","type":"product","link":"http:\/\/www.sfmpower.com\/fr\/produit\/lw-360\/","title":{"rendered":"LW-360"},"content":{"rendered":"<div data-elementor-type=\"product-post\" data-elementor-id=\"1009\" class=\"elementor elementor-1009\" data-elementor-post-type=\"product\">\n\t\t\t\t<div class=\"elementor-element elementor-element-33416e6 e-flex e-con-boxed e-con e-parent\" data-id=\"33416e6\" data-element_type=\"container\">\n\t\t\t\t\t<div class=\"e-con-inner\">\n\t\t\t\t<div class=\"elementor-element elementor-element-cef4d8d e-n-tabs-mobile elementor-widget elementor-widget-n-tabs\" data-id=\"cef4d8d\" data-element_type=\"widget\" data-settings=\"{&quot;tabs_justify_horizontal&quot;:&quot;start&quot;,&quot;horizontal_scroll&quot;:&quot;disable&quot;}\" data-widget_type=\"nested-tabs.default\">\n\t\t\t\t<div class=\"elementor-widget-container\">\n\t\t\t\t\t\t\t<div class=\"e-n-tabs\" data-widget-number=\"217009549\" aria-label=\"Onglets. Ouvrez des \u00e9l\u00e9ments avec Entrer ou Espace, fermez-les avec Echape et naviguez \u00e0 l&#039;aide des touches fl\u00e9ch\u00e9es.\" data-no-translation-aria-label=\"\">\n\t\t\t<div class=\"e-n-tabs-heading\" role=\"tablist\">\n\t\t\t\t\t<button id=\"e-n-tab-title-2170095491\" class=\"e-n-tab-title\" aria-selected=\"true\" data-tab-index=\"1\" role=\"tab\" tabindex=\"0\" aria-controls=\"e-n-tab-content-2170095491\" style=\"--n-tabs-title-order: 1;\">\n\t\t\t\t\t\t<span class=\"e-n-tab-title-text\">\n\t\t\t\tTableau de r\u00e9f\u00e9rence de l'endurance des \u00e9quipements\t\t\t<\/span>\n\t\t<\/button>\n\t\t\t\t<button id=\"e-n-tab-title-2170095492\" class=\"e-n-tab-title\" aria-selected=\"false\" data-tab-index=\"2\" role=\"tab\" tabindex=\"-1\" aria-controls=\"e-n-tab-content-2170095492\" style=\"--n-tabs-title-order: 2;\">\n\t\t\t\t\t\t<span class=\"e-n-tab-title-text\">\n\t\t\t\tCAS D'UTILISATION PARTIEL\t\t\t<\/span>\n\t\t<\/button>\n\t\t\t\t\t<\/div>\n\t\t\t<div class=\"e-n-tabs-content\">\n\t\t\t\t<div id=\"e-n-tab-content-2170095491\" role=\"tabpanel\" aria-labelledby=\"e-n-tab-title-2170095491\" data-tab-index=\"1\" style=\"--n-tabs-title-order: 1;\" class=\"e-active elementor-element elementor-element-ac502e6 e-con-full e-flex e-con e-child\" data-id=\"ac502e6\" data-element_type=\"container\">\n\t\t<div class=\"elementor-element elementor-element-915aff1 e-flex e-con-boxed e-con e-child\" data-id=\"915aff1\" data-element_type=\"container\">\n\t\t\t\t\t<div class=\"e-con-inner\">\n\t\t\t\t<div class=\"elementor-element elementor-element-bba87af elementor-widget elementor-widget-text-editor\" data-id=\"bba87af\" data-element_type=\"widget\" data-widget_type=\"text-editor.default\">\n\t\t\t\t<div class=\"elementor-widget-container\">\n\t\t\t\t\t\t\t\t\t<table width=\"893\"><tbody><tr><td colspan=\"4\" width=\"893\">LW-360 Soudeur portable semi-automatique rechargeable<\/td><\/tr><tr><td>Fonctions de soudage<\/td><td>MIG\/MMA\/TIG<\/td><td>Diam\u00e8tre du fil MIG<\/td><td>\u03c60.8-1.0mm fil fourr\u00e9<\/td><\/tr><tr><td>Temps de charge<\/td><td>1,8 heures<\/td><td>MIG Charge compl\u00e8te<br \/>Endurance<\/td><td>1.2Kg(\u03c60.8mm)<\/td><\/tr><tr><td>Capacit\u00e9 de la batterie<\/td><td>1382Wh<\/td><td>MMAElectrode<br \/>Diam\u00e8tre<\/td><td>\u03c61.0-4.0mm<\/td><\/tr><tr><td>Type de batterie<\/td><td>LFP<\/td><td>MMA Fullcharge<br \/>Endurance<\/td><td>40 pi\u00e8ces (\u03c62.5x300mm)<\/td><\/tr><tr><td rowspan=\"2\">MIG<br \/>MMA<br \/>TIG<\/td><td rowspan=\"2\" width=\"246\">40A\/16V~160A\/22V<br \/>10A\/20,4V~160A\/26,4V<br \/>10A\/10,4V~160A\/16,4V<\/td><td>Cycle de travail<\/td><td>35%<\/td><\/tr><tr><td>Tension \u00e0 vide<\/td><td>57.6V<\/td><\/tr><tr><td>Dur\u00e9e du cycle<\/td><td>3000 fois<\/td><td>Mat\u00e9riaux applicables<\/td><td>Acier inoxydable, acier au carbone, acier faiblement alli\u00e9<\/td><\/tr><tr><td>Classe d'isolation<\/td><td>F<\/td><td>Classe de protection<\/td><td>IP21S<\/td><\/tr><tr><td>Dimensions<\/td><td>575x214x362mm<\/td><td>Poids<\/td><td>23,9 kg<\/td><\/tr><\/tbody><\/table>\t\t\t\t\t\t\t\t<\/div>\n\t\t\t\t<\/div>\n\t\t\t\t\t<\/div>\n\t\t\t\t<\/div>\n\t\t\t\t<\/div>\n\t\t<div id=\"e-n-tab-content-2170095492\" role=\"tabpanel\" aria-labelledby=\"e-n-tab-title-2170095492\" data-tab-index=\"2\" style=\"--n-tabs-title-order: 2;\" class=\"elementor-element elementor-element-1a94325 e-con-full e-flex e-con e-child\" data-id=\"1a94325\" data-element_type=\"container\">\n\t\t<div class=\"elementor-element elementor-element-ea4a2a9 e-flex e-con-boxed e-con e-child\" data-id=\"ea4a2a9\" data-element_type=\"container\">\n\t\t\t\t\t<div class=\"e-con-inner\">\n\t\t\t\t<div class=\"elementor-element elementor-element-e51af3f elementor-widget elementor-widget-image\" data-id=\"e51af3f\" data-element_type=\"widget\" data-widget_type=\"image.default\">\n\t\t\t\t<div class=\"elementor-widget-container\">\n\t\t\t\t\t\t\t\t\t\t\t\t\t\t\t<img alt=\"\" fetchpriority=\"high\" decoding=\"async\" width=\"1365\" height=\"1076\" src=\"https:\/\/www.sfmpower.com\/wp-content\/uploads\/2025\/02\/lw.webp\" class=\"attachment-full size-full wp-image-1195\" srcset=\"https:\/\/www.sfmpower.com\/wp-content\/uploads\/2025\/02\/lw.webp 1365w, https:\/\/www.sfmpower.com\/wp-content\/uploads\/2025\/02\/lw-300x236.webp 300w, https:\/\/www.sfmpower.com\/wp-content\/uploads\/2025\/02\/lw-1024x807.webp 1024w, https:\/\/www.sfmpower.com\/wp-content\/uploads\/2025\/02\/lw-768x605.webp 768w, https:\/\/www.sfmpower.com\/wp-content\/uploads\/2025\/02\/lw-15x12.webp 15w, https:\/\/www.sfmpower.com\/wp-content\/uploads\/2025\/02\/lw-600x473.webp 600w\" sizes=\"(max-width: 1365px) 100vw, 1365px\" \/>\t\t\t\t\t\t\t\t\t\t\t\t\t\t\t<\/div>\n\t\t\t\t<\/div>\n\t\t\t\t\t<\/div>\n\t\t\t\t<\/div>\n\t\t\t\t<\/div>\n\t\t\t\t\t<\/div>\n\t\t<\/div>\n\t\t\t\t\t\t<\/div>\n\t\t\t\t<\/div>\n\t\t\t\t\t<\/div>\n\t\t\t\t<\/div>\n\t\t\t\t<\/div>","protected":false},"excerpt":{"rendered":"<p>Compatible avec les fonctions MIG, MMA et TIG ;<\/p>\n<p>Batterie au lithium int\u00e9gr\u00e9e, recharge compl\u00e8te en seulement 1,8 heure ;<\/p>\n<p>Structure d'alimentation en fil semi-automatique pour un soudage en douceur et efficace ;<\/p>\n<p>Les param\u00e8tres MlG peuvent \u00eatre ajust\u00e9s facilement sans comp\u00e9tences professionnelles en soudage ;<\/p>\n<p>Compatible avec les bobines de fil de 1 kg \u00e0 5 kg, adapt\u00e9 au fil fourr\u00e9 de 0,8 \u00e0 1,0 mm ;<\/p>\n<p>Le circuit de soudage est \u00e9quip\u00e9 de fonctions intelligentes de d\u00e9tection des anomalies, des surchauffes et des sous-tensions ;<\/p>\n<p>Circuit de commande num\u00e9rique intelligent pour des formations de soudure esth\u00e9tiques ;<\/p>\n<p>Utilise des piles au lithium-phosphate de fer s\u00fbres, d'une dur\u00e9e de vie de 8 \u00e0 10 ans ;<\/p>\n<p>Syst\u00e8me de gestion intelligent de la batterie int\u00e9gr\u00e9, lecture Bluetooth des informations BMS, compatible avec les syst\u00e8mes Android et ios ;<\/p>\n<p>Fonction intelligente d'arr\u00eat et de d\u00e9marrage du ventilateur.<\/p>","protected":false},"featured_media":1035,"template":"","meta":{"_seopress_robots_primary_cat":"none","_seopress_titles_title":"","_seopress_titles_desc":"","_seopress_robots_index":"","_joinchat":[]},"product_brand":[],"product_cat":[31],"product_tag":[],"class_list":{"0":"post-1009","1":"product","2":"type-product","3":"status-publish","4":"has-post-thumbnail","6":"product_cat-battery-powered-welder","8":"first","9":"instock","10":"shipping-taxable","11":"product-type-simple"},"_links":{"self":[{"href":"http:\/\/www.sfmpower.com\/fr\/wp-json\/wp\/v2\/product\/1009","targetHints":{"allow":["GET"]}}],"collection":[{"href":"http:\/\/www.sfmpower.com\/fr\/wp-json\/wp\/v2\/product"}],"about":[{"href":"http:\/\/www.sfmpower.com\/fr\/wp-json\/wp\/v2\/types\/product"}],"version-history":[{"count":0,"href":"http:\/\/www.sfmpower.com\/fr\/wp-json\/wp\/v2\/product\/1009\/revisions"}],"wp:featuredmedia":[{"embeddable":true,"href":"http:\/\/www.sfmpower.com\/fr\/wp-json\/wp\/v2\/media\/1035"}],"wp:attachment":[{"href":"http:\/\/www.sfmpower.com\/fr\/wp-json\/wp\/v2\/media?parent=1009"}],"wp:term":[{"taxonomy":"product_brand","embeddable":true,"href":"http:\/\/www.sfmpower.com\/fr\/wp-json\/wp\/v2\/product_brand?post=1009"},{"taxonomy":"product_cat","embeddable":true,"href":"http:\/\/www.sfmpower.com\/fr\/wp-json\/wp\/v2\/product_cat?post=1009"},{"taxonomy":"product_tag","embeddable":true,"href":"http:\/\/www.sfmpower.com\/fr\/wp-json\/wp\/v2\/product_tag?post=1009"}],"curies":[{"name":"wp","href":"https:\/\/api.w.org\/{rel}","templated":true}]}}