{"id":772,"date":"2025-01-13T13:28:36","date_gmt":"2025-01-13T05:28:36","guid":{"rendered":"https:\/\/www.sfmpower.com\/?post_type=product&#038;p=772"},"modified":"2025-02-12T17:06:18","modified_gmt":"2025-02-12T09:06:18","slug":"lw-330","status":"publish","type":"product","link":"https:\/\/www.sfmpower.com\/es\/producto\/lw-330\/","title":{"rendered":"LW-330"},"content":{"rendered":"<div data-elementor-type=\"product-post\" data-elementor-id=\"772\" class=\"elementor elementor-772\" data-elementor-post-type=\"product\">\n\t\t\t\t<div class=\"elementor-element elementor-element-33416e6 e-flex e-con-boxed e-con e-parent\" data-id=\"33416e6\" data-element_type=\"container\">\n\t\t\t\t\t<div class=\"e-con-inner\">\n\t\t\t\t<div class=\"elementor-element elementor-element-cef4d8d e-n-tabs-mobile elementor-widget elementor-widget-n-tabs\" data-id=\"cef4d8d\" data-element_type=\"widget\" data-settings=\"{&quot;tabs_justify_horizontal&quot;:&quot;start&quot;,&quot;horizontal_scroll&quot;:&quot;disable&quot;}\" data-widget_type=\"nested-tabs.default\">\n\t\t\t\t<div class=\"elementor-widget-container\">\n\t\t\t\t\t\t\t<div class=\"e-n-tabs\" data-widget-number=\"217009549\" aria-label=\"\ud0ed\uc744 \ud074\ub9ad\ud569\ub2c8\ub2e4. Enter \ub610\ub294 \uc2a4\ud398\uc774\uc2a4\ub85c \ud56d\ubaa9\uc744 \uc5f4\uace0, Escape\ub85c \ub2eb\uace0, \ud654\uc0b4\ud45c \ud0a4\ub97c \uc0ac\uc6a9\ud558\uc5ec \ud0d0\uc0c9\ud569\ub2c8\ub2e4.\" data-no-translation-aria-label=\"\">\n\t\t\t<div class=\"e-n-tabs-heading\" role=\"tablist\">\n\t\t\t\t\t<button id=\"e-n-tab-title-2170095491\" class=\"e-n-tab-title\" aria-selected=\"true\" data-tab-index=\"1\" role=\"tab\" tabindex=\"0\" aria-controls=\"e-n-tab-content-2170095491\" style=\"--n-tabs-title-order: 1;\">\n\t\t\t\t\t\t<span class=\"e-n-tab-title-text\">\n\t\t\t\tTabla de referencia de la resistencia del equipo\t\t\t<\/span>\n\t\t<\/button>\n\t\t\t\t<button id=\"e-n-tab-title-2170095492\" class=\"e-n-tab-title\" aria-selected=\"false\" data-tab-index=\"2\" role=\"tab\" tabindex=\"-1\" aria-controls=\"e-n-tab-content-2170095492\" style=\"--n-tabs-title-order: 2;\">\n\t\t\t\t\t\t<span class=\"e-n-tab-title-text\">\n\t\t\t\tCASO DE USO PARCIAL\t\t\t<\/span>\n\t\t<\/button>\n\t\t\t\t\t<\/div>\n\t\t\t<div class=\"e-n-tabs-content\">\n\t\t\t\t<div id=\"e-n-tab-content-2170095491\" role=\"tabpanel\" aria-labelledby=\"e-n-tab-title-2170095491\" data-tab-index=\"1\" style=\"--n-tabs-title-order: 1;\" class=\"e-active elementor-element elementor-element-ac502e6 e-con-full e-flex e-con e-child\" data-id=\"ac502e6\" data-element_type=\"container\">\n\t\t<div class=\"elementor-element elementor-element-915aff1 e-flex e-con-boxed e-con e-child\" data-id=\"915aff1\" data-element_type=\"container\">\n\t\t\t\t\t<div class=\"e-con-inner\">\n\t\t\t\t<div class=\"elementor-element elementor-element-bba87af elementor-widget elementor-widget-text-editor\" data-id=\"bba87af\" data-element_type=\"widget\" data-widget_type=\"text-editor.default\">\n\t\t\t\t<div class=\"elementor-widget-container\">\n\t\t\t\t\t\t\t\t\t<table width=\"1337\"><tbody><tr><td colspan=\"2\" width=\"382\">Potencia<\/td><td width=\"191\">Corriente de soldadura<\/td><td width=\"191\">Tipo de bater\u00eda<\/td><td width=\"191\">Montaje de la bater\u00eda<br \/>M\u00e9todo<\/td><td width=\"191\">Capacidad de la bater\u00eda<\/td><td width=\"191\">Di\u00e1metro del electrodo<\/td><\/tr><tr><td width=\"191\">LW-330<\/td><td rowspan=\"2\" width=\"191\">3,7 KW<\/td><td rowspan=\"2\" width=\"191\">10-150A<\/td><td rowspan=\"2\" width=\"191\">NCM<\/td><td rowspan=\"2\" width=\"191\">Incorporado<br \/>bater\u00eda<\/td><td width=\"191\">865 Wh<\/td><td rowspan=\"2\" width=\"191\">\u03c62,5mm-\u03c63,2mm<\/td><\/tr><tr><td width=\"191\">LW-370<\/td><td width=\"191\">2405Wh<\/td><\/tr><tr><td colspan=\"2\" width=\"382\">Material de soldadura<\/td><td width=\"191\">\u00a0 Funcionamiento<br \/>Temperatura<\/td><td width=\"191\">Sistema Bluetooth<\/td><td width=\"191\">Cargador<\/td><td width=\"191\">Tama\u00f1o (mm)<\/td><td width=\"191\">Peso (kg)<\/td><\/tr><tr><td width=\"191\">LW-330<\/td><td rowspan=\"2\" width=\"191\">Acero inoxidable,<br \/>acero al carbono,<br \/>acero de baja aleaci\u00f3n<\/td><td rowspan=\"2\" width=\"191\">-20\u2103~45\u2103<\/td><td rowspan=\"2\" width=\"191\">Android\u30011OS<\/td><td width=\"191\">AC220V\/8A<\/td><td width=\"191\">372x182x320<\/td><td width=\"191\">11.7\u00a0<\/td><\/tr><tr><td width=\"191\">LW-370<\/td><td width=\"191\">AC220V\/15A<\/td><td width=\"191\">460x215x350<\/td><td width=\"191\">21.6\u00a0<\/td><\/tr><\/tbody><\/table>\t\t\t\t\t\t\t\t<\/div>\n\t\t\t\t<\/div>\n\t\t\t\t\t<\/div>\n\t\t\t\t<\/div>\n\t\t\t\t<\/div>\n\t\t<div id=\"e-n-tab-content-2170095492\" role=\"tabpanel\" aria-labelledby=\"e-n-tab-title-2170095492\" data-tab-index=\"2\" style=\"--n-tabs-title-order: 2;\" class=\"elementor-element elementor-element-1a94325 e-con-full e-flex e-con e-child\" data-id=\"1a94325\" data-element_type=\"container\">\n\t\t<div class=\"elementor-element elementor-element-ea4a2a9 e-flex e-con-boxed e-con e-child\" data-id=\"ea4a2a9\" data-element_type=\"container\">\n\t\t\t\t\t<div class=\"e-con-inner\">\n\t\t\t\t<div class=\"elementor-element elementor-element-e51af3f elementor-widget elementor-widget-image\" data-id=\"e51af3f\" data-element_type=\"widget\" data-widget_type=\"image.default\">\n\t\t\t\t<div class=\"elementor-widget-container\">\n\t\t\t\t\t\t\t\t\t\t\t\t\t\t\t<img alt=\"\" fetchpriority=\"high\" decoding=\"async\" width=\"1365\" height=\"1076\" src=\"https:\/\/www.sfmpower.com\/wp-content\/uploads\/2025\/02\/lw.webp\" class=\"attachment-full size-full wp-image-1195\" srcset=\"https:\/\/www.sfmpower.com\/wp-content\/uploads\/2025\/02\/lw.webp 1365w, https:\/\/www.sfmpower.com\/wp-content\/uploads\/2025\/02\/lw-300x236.webp 300w, https:\/\/www.sfmpower.com\/wp-content\/uploads\/2025\/02\/lw-1024x807.webp 1024w, https:\/\/www.sfmpower.com\/wp-content\/uploads\/2025\/02\/lw-768x605.webp 768w, https:\/\/www.sfmpower.com\/wp-content\/uploads\/2025\/02\/lw-15x12.webp 15w, https:\/\/www.sfmpower.com\/wp-content\/uploads\/2025\/02\/lw-600x473.webp 600w\" sizes=\"(max-width: 1365px) 100vw, 1365px\" \/>\t\t\t\t\t\t\t\t\t\t\t\t\t\t\t<\/div>\n\t\t\t\t<\/div>\n\t\t\t\t\t<\/div>\n\t\t\t\t<\/div>\n\t\t\t\t<\/div>\n\t\t\t\t\t<\/div>\n\t\t<\/div>\n\t\t\t\t\t\t<\/div>\n\t\t\t\t<\/div>\n\t\t\t\t\t<\/div>\n\t\t\t\t<\/div>\n\t\t\t\t<\/div>","protected":false},"excerpt":{"rendered":"<p>Dise\u00f1o port\u00e1til, f\u00e1cil de transportar;<\/p>\n<p>Funci\u00f3n incorporada de protecci\u00f3n contra baja tensi\u00f3n de la bater\u00eda para protegerla de forma segura y prolongar su vida \u00fatil;<\/p>\n<p>Empuje incorporado, ajuste de arco t\u00e9rmico, funci\u00f3n antichoque el\u00e9ctrico VRD, tambi\u00e9n se puede utilizar para soldadura TIG por contacto;<\/p>\n<p>Soporta varillas de soldadura con un di\u00e1metro de 2.5-4.0mm, soldadura DC pura, circuito de control digital inteligente, y hermosa formaci\u00f3n de soldadura;<\/p>\n<p>Sistema de gesti\u00f3n inteligente de bater\u00eda incorporado, lectura de informaci\u00f3n BMS por Bluetooth, compatible con sistema Android, iOS;<\/p>\n<p>Funci\u00f3n de arranque-parada inteligente del ventilador.<\/p>","protected":false},"featured_media":1033,"template":"","meta":{"_seopress_robots_primary_cat":"none","_seopress_titles_title":"","_seopress_titles_desc":"","_seopress_robots_index":"","_joinchat":[]},"product_brand":[],"product_cat":[31],"product_tag":[],"class_list":{"0":"post-772","1":"product","2":"type-product","3":"status-publish","4":"has-post-thumbnail","6":"product_cat-battery-powered-welder","8":"first","9":"instock","10":"shipping-taxable","11":"product-type-simple"},"_links":{"self":[{"href":"https:\/\/www.sfmpower.com\/es\/wp-json\/wp\/v2\/product\/772","targetHints":{"allow":["GET"]}}],"collection":[{"href":"https:\/\/www.sfmpower.com\/es\/wp-json\/wp\/v2\/product"}],"about":[{"href":"https:\/\/www.sfmpower.com\/es\/wp-json\/wp\/v2\/types\/product"}],"version-history":[{"count":0,"href":"https:\/\/www.sfmpower.com\/es\/wp-json\/wp\/v2\/product\/772\/revisions"}],"wp:featuredmedia":[{"embeddable":true,"href":"https:\/\/www.sfmpower.com\/es\/wp-json\/wp\/v2\/media\/1033"}],"wp:attachment":[{"href":"https:\/\/www.sfmpower.com\/es\/wp-json\/wp\/v2\/media?parent=772"}],"wp:term":[{"taxonomy":"product_brand","embeddable":true,"href":"https:\/\/www.sfmpower.com\/es\/wp-json\/wp\/v2\/product_brand?post=772"},{"taxonomy":"product_cat","embeddable":true,"href":"https:\/\/www.sfmpower.com\/es\/wp-json\/wp\/v2\/product_cat?post=772"},{"taxonomy":"product_tag","embeddable":true,"href":"https:\/\/www.sfmpower.com\/es\/wp-json\/wp\/v2\/product_tag?post=772"}],"curies":[{"name":"wp","href":"https:\/\/api.w.org\/{rel}","templated":true}]}}