{"id":717,"date":"2025-01-10T10:32:50","date_gmt":"2025-01-10T02:32:50","guid":{"rendered":"https:\/\/www.sfmpower.com\/?post_type=product&#038;p=717"},"modified":"2025-02-12T17:44:56","modified_gmt":"2025-02-12T09:44:56","slug":"es-6000","status":"publish","type":"product","link":"http:\/\/www.sfmpower.com\/es\/producto\/es-6000\/","title":{"rendered":"ES-6000"},"content":{"rendered":"<div data-elementor-type=\"product-post\" data-elementor-id=\"717\" class=\"elementor elementor-717\" data-elementor-post-type=\"product\">\n\t\t\t\t<div class=\"elementor-element elementor-element-33416e6 e-flex e-con-boxed e-con e-parent\" data-id=\"33416e6\" data-element_type=\"container\">\n\t\t\t\t\t<div class=\"e-con-inner\">\n\t\t\t\t<div class=\"elementor-element elementor-element-cef4d8d e-n-tabs-mobile elementor-widget elementor-widget-n-tabs\" data-id=\"cef4d8d\" data-element_type=\"widget\" data-settings=\"{&quot;tabs_justify_horizontal&quot;:&quot;start&quot;,&quot;horizontal_scroll&quot;:&quot;disable&quot;}\" data-widget_type=\"nested-tabs.default\">\n\t\t\t\t<div class=\"elementor-widget-container\">\n\t\t\t\t\t\t\t<div class=\"e-n-tabs\" data-widget-number=\"217009549\" aria-label=\"Pesta\u00f1as. Abre elementos con Intro o Espacio, ci\u00e9rralos con Escape y navega con las fechas.\">\n\t\t\t<div class=\"e-n-tabs-heading\" role=\"tablist\">\n\t\t\t\t\t<button id=\"e-n-tab-title-2170095491\" class=\"e-n-tab-title\" aria-selected=\"true\" data-tab-index=\"1\" role=\"tab\" tabindex=\"0\" aria-controls=\"e-n-tab-content-2170095491\" style=\"--n-tabs-title-order: 1;\">\n\t\t\t\t\t\t<span class=\"e-n-tab-title-text\">\n\t\t\t\tPAR\u00c1METROS T\u00c9CNICOS\t\t\t<\/span>\n\t\t<\/button>\n\t\t\t\t<button id=\"e-n-tab-title-2170095492\" class=\"e-n-tab-title\" aria-selected=\"false\" data-tab-index=\"2\" role=\"tab\" tabindex=\"-1\" aria-controls=\"e-n-tab-content-2170095492\" style=\"--n-tabs-title-order: 2;\">\n\t\t\t\t\t\t<span class=\"e-n-tab-title-text\">\n\t\t\t\tTabla de referencia de la resistencia del equipo\t\t\t<\/span>\n\t\t<\/button>\n\t\t\t\t<button id=\"e-n-tab-title-2170095493\" class=\"e-n-tab-title\" aria-selected=\"false\" data-tab-index=\"3\" role=\"tab\" tabindex=\"-1\" aria-controls=\"e-n-tab-content-2170095493\" style=\"--n-tabs-title-order: 3;\">\n\t\t\t\t\t\t<span class=\"e-n-tab-title-text\">\n\t\t\t\tCASO DE USO PARCIAL\t\t\t<\/span>\n\t\t<\/button>\n\t\t\t\t\t<\/div>\n\t\t\t<div class=\"e-n-tabs-content\">\n\t\t\t\t<div id=\"e-n-tab-content-2170095491\" role=\"tabpanel\" aria-labelledby=\"e-n-tab-title-2170095491\" data-tab-index=\"1\" style=\"--n-tabs-title-order: 1;\" class=\"e-active elementor-element elementor-element-6a70264 e-con-full e-flex e-con e-child\" data-id=\"6a70264\" data-element_type=\"container\">\n\t\t<div class=\"elementor-element elementor-element-e3e60fa e-flex e-con-boxed e-con e-child\" data-id=\"e3e60fa\" data-element_type=\"container\">\n\t\t\t\t\t<div class=\"e-con-inner\">\n\t\t\t\t<div class=\"elementor-element elementor-element-f4c424f elementor-widget elementor-widget-text-editor\" data-id=\"f4c424f\" data-element_type=\"widget\" data-widget_type=\"text-editor.default\">\n\t\t\t\t<div class=\"elementor-widget-container\">\n\t\t\t\t\t\t\t\t\t<table width=\"1160\"><tbody><tr><td width=\"143\">\u00a0<\/td><td width=\"94\">ES-5000<\/td><td width=\"146\">ES-5000PLUS<\/td><td colspan=\"2\" width=\"219\">\u00a0 ES-6000<br \/>\u00a0 ES-6000PLUS<\/td><td width=\"127\">\u00a0<\/td><td colspan=\"2\" width=\"213\">ES-5000<\/td><td width=\"109\">ES-5000PLUS<\/td><td width=\"109\">\u00a0 ES-6000<br \/>\u00a0 ES-6000PLUS<\/td><\/tr><tr><td width=\"143\">26 Electricidad<br \/>Martillo \u03c614Taladro<\/td><td width=\"94\">5258\u00a0<\/td><td width=\"146\">8458\u00a0<\/td><td colspan=\"2\" width=\"219\">13286\u00a0<\/td><td width=\"127\">\u00a0Piqueta el\u00e9ctrica<br \/>(hora)<\/td><td colspan=\"2\" width=\"213\">19.1h<\/td><td width=\"109\">30.7h<\/td><td width=\"109\">48.2h<\/td><\/tr><tr><td width=\"143\">350Corte<br \/>Sierra(hora)<\/td><td width=\"94\">12.7h<\/td><td width=\"146\">20.4h<\/td><td colspan=\"2\" width=\"219\">32.1h<\/td><td width=\"127\">110 Mecanismo de corte(hora)<\/td><td colspan=\"2\" width=\"213\">33.2h<\/td><td width=\"109\">53.5h<\/td><td width=\"109\">84h<\/td><\/tr><tr><td width=\"143\">100 \u00c1ngulo<br \/>Molinillo(hora)<\/td><td width=\"94\">51.3h<\/td><td width=\"146\">82.5h<\/td><td colspan=\"2\" width=\"219\">129.6h<\/td><td width=\"127\">Llave el\u00e9ctrica<br \/>(Tiempos de carga)<\/td><td colspan=\"2\" width=\"213\">95\u00a0<\/td><td width=\"109\">153\u00a0<\/td><td width=\"109\">241\u00a0<\/td><\/tr><tr><td width=\"143\">Luz 100WLED<br \/>(hora)<\/td><td width=\"94\">84.9h<\/td><td width=\"146\">136h<\/td><td colspan=\"2\" width=\"219\">214.5h<\/td><td width=\"127\">FloorFan(hora)<\/td><td colspan=\"2\" width=\"213\">169.8h<\/td><td width=\"109\">273.2h<\/td><td width=\"109\">429.1h<\/td><\/tr><tr><td width=\"143\">Escritorio(hora)<\/td><td width=\"94\">73.6h<\/td><td width=\"146\">118.4h<\/td><td colspan=\"2\" width=\"219\">185.9h<\/td><td width=\"127\">70 Pulgadas Color<br \/>TV(hora)<\/td><td colspan=\"2\" width=\"213\">90.5h<\/td><td width=\"109\">145.7h<\/td><td width=\"109\">228.8h<\/td><\/tr><tr><td width=\"143\">\u00a0<\/td><td width=\"94\">\u00a0<\/td><td width=\"146\">\u00a0<\/td><td colspan=\"2\" width=\"219\">\u00a0<\/td><td width=\"127\">\u00a0<\/td><td colspan=\"2\" width=\"213\">\u00a0<\/td><td width=\"109\">\u00a0<\/td><td width=\"109\">\u00a0<\/td><\/tr><tr><td width=\"143\">Capacidad de soldadura<\/td><td colspan=\"3\" width=\"365\">\u03c62.5 Electrodo(pcs)<\/td><td colspan=\"3\" width=\"362\">\u03c63.2 Electrodo(pcs)<\/td><td colspan=\"3\" width=\"290\">\u03c64.0 Electrodo(pcs)<\/td><\/tr><tr><td width=\"143\">ES-5000<\/td><td colspan=\"3\" width=\"365\">298\u00a0<\/td><td colspan=\"3\" width=\"362\">148\u00a0<\/td><td colspan=\"3\" width=\"290\">95\u00a0<\/td><\/tr><tr><td width=\"143\">ES-5000PLUS<\/td><td colspan=\"3\" width=\"365\">486\u00a0<\/td><td colspan=\"3\" width=\"362\">242\u00a0<\/td><td colspan=\"3\" width=\"290\">143\u00a0<\/td><\/tr><tr><td width=\"143\">ES-6000<br \/>\u00a0\u00a0 ES-6000PLUS<\/td><td colspan=\"3\" width=\"365\">763\u00a0<\/td><td colspan=\"3\" width=\"362\">380\u00a0<\/td><td colspan=\"3\" width=\"290\">224\u00a0<\/td><\/tr><\/tbody><\/table>\t\t\t\t\t\t\t\t<\/div>\n\t\t\t\t<\/div>\n\t\t\t\t\t<\/div>\n\t\t\t\t<\/div>\n\t\t\t\t<\/div>\n\t\t<div id=\"e-n-tab-content-2170095492\" role=\"tabpanel\" aria-labelledby=\"e-n-tab-title-2170095492\" data-tab-index=\"2\" style=\"--n-tabs-title-order: 2;\" class=\"elementor-element elementor-element-ac502e6 e-con-full e-flex e-con e-child\" data-id=\"ac502e6\" data-element_type=\"container\">\n\t\t<div class=\"elementor-element elementor-element-915aff1 e-flex e-con-boxed e-con e-child\" data-id=\"915aff1\" data-element_type=\"container\">\n\t\t\t\t\t<div class=\"e-con-inner\">\n\t\t\t\t<div class=\"elementor-element elementor-element-bba87af elementor-widget elementor-widget-text-editor\" data-id=\"bba87af\" data-element_type=\"widget\" data-widget_type=\"text-editor.default\">\n\t\t\t\t<div class=\"elementor-widget-container\">\n\t\t\t\t\t\t\t\t\t<table width=\"471\"><tbody><tr><td width=\"267\">Tipo<\/td><td width=\"204\">ES-6000<\/td><\/tr><tr><td width=\"267\">220VPower<\/td><td width=\"204\">4000W<\/td><\/tr><tr><td width=\"267\">Capacidad de la bater\u00eda<\/td><td width=\"204\">21504Wh<\/td><\/tr><tr><td width=\"267\">26 Martillo el\u00e9ctrico \u03c614Taladro<\/td><td width=\"204\">13286\u00a0<\/td><\/tr><tr><td width=\"267\">Pick el\u00e9ctrico(hora)<\/td><td width=\"204\">48.2h<\/td><\/tr><tr><td width=\"267\">350 Mecanismo de corte<br \/>\u00a0 (hora)<\/td><td width=\"204\">32.1h<\/td><\/tr><tr><td width=\"267\">110 Mecanismo de corte<br \/>\u00a0 (hora)<\/td><td width=\"204\">84h<\/td><\/tr><tr><td width=\"267\">\u00a0 100\u00c1ngulo<br \/>\u00a0Molinillo(hora)<\/td><td width=\"204\">129.6h<\/td><\/tr><tr><td width=\"267\">Llave el\u00e9ctrica<br \/>(Tiempos de carga)<\/td><td width=\"204\">241\u00a0<\/td><\/tr><tr><td width=\"267\">\u03c62.5 Electrodo<br \/>\u00a0 (piezas)<\/td><td width=\"204\">763\u00a0<\/td><\/tr><tr><td width=\"267\">\u00a0 \u03c63.2Electrodo<br \/>(piezas)<\/td><td width=\"204\">380\u00a0<\/td><\/tr><tr><td width=\"267\">\u03c64.0 Electrodo<br \/>\u00a0 (piezas)<\/td><td width=\"204\">224\u00a0<\/td><\/tr><tr><td width=\"267\">Luz LED de 100 W<br \/>\u00a0 (hora)<\/td><td width=\"204\">214.5h<\/td><\/tr><tr><td width=\"267\">Ventilador de pie(hora)<\/td><td width=\"204\">429.1h<\/td><\/tr><tr><td width=\"267\">\u00a0Escritorio(hora)<\/td><td width=\"204\">185.9h<\/td><\/tr><tr><td width=\"267\">70 Pulgadas Color<br \/>\u00a0 TV(hora)<\/td><td width=\"204\">228.8h<\/td><\/tr><\/tbody><\/table>\t\t\t\t\t\t\t\t<\/div>\n\t\t\t\t<\/div>\n\t\t\t\t\t<\/div>\n\t\t\t\t<\/div>\n\t\t\t\t<\/div>\n\t\t<div id=\"e-n-tab-content-2170095493\" role=\"tabpanel\" aria-labelledby=\"e-n-tab-title-2170095493\" data-tab-index=\"3\" style=\"--n-tabs-title-order: 3;\" class=\"elementor-element elementor-element-1a94325 e-con-full e-flex e-con e-child\" data-id=\"1a94325\" data-element_type=\"container\">\n\t\t<div class=\"elementor-element elementor-element-ea4a2a9 e-flex e-con-boxed e-con e-child\" data-id=\"ea4a2a9\" data-element_type=\"container\">\n\t\t\t\t\t<div class=\"e-con-inner\">\n\t\t\t\t<div class=\"elementor-element elementor-element-e51af3f elementor-widget elementor-widget-image\" data-id=\"e51af3f\" data-element_type=\"widget\" data-widget_type=\"image.default\">\n\t\t\t\t<div class=\"elementor-widget-container\">\n\t\t\t\t\t\t\t\t\t\t\t\t\t\t\t<img alt=\"\" fetchpriority=\"high\" decoding=\"async\" width=\"1425\" height=\"1690\" src=\"https:\/\/www.sfmpower.com\/wp-content\/uploads\/2025\/02\/es.webp\" class=\"attachment-full size-full wp-image-1196\" srcset=\"https:\/\/www.sfmpower.com\/wp-content\/uploads\/2025\/02\/es.webp 1425w, https:\/\/www.sfmpower.com\/wp-content\/uploads\/2025\/02\/es-253x300.webp 253w, https:\/\/www.sfmpower.com\/wp-content\/uploads\/2025\/02\/es-863x1024.webp 863w, https:\/\/www.sfmpower.com\/wp-content\/uploads\/2025\/02\/es-768x911.webp 768w, https:\/\/www.sfmpower.com\/wp-content\/uploads\/2025\/02\/es-1295x1536.webp 1295w, https:\/\/www.sfmpower.com\/wp-content\/uploads\/2025\/02\/es-10x12.webp 10w, https:\/\/www.sfmpower.com\/wp-content\/uploads\/2025\/02\/es-600x712.webp 600w\" sizes=\"(max-width: 1425px) 100vw, 1425px\" \/>\t\t\t\t\t\t\t\t\t\t\t\t\t\t\t<\/div>\n\t\t\t\t<\/div>\n\t\t\t\t\t<\/div>\n\t\t\t\t<\/div>\n\t\t\t\t<\/div>\n\t\t\t\t\t<\/div>\n\t\t<\/div>\n\t\t\t\t\t\t<\/div>\n\t\t\t\t<\/div>\n\t\t\t\t\t<\/div>\n\t\t\t\t<\/div>\n\t\t\t\t<\/div>","protected":false},"excerpt":{"rendered":"<p><b>Central el\u00e9ctrica industrial multifunci\u00f3n con almacenamiento de energ\u00eda para <\/b><b>aplicaciones de mantenimiento<\/b><\/p>\n<p>Los inversores industriales tienen una mayor capacidad de carga que los inversores de almacenamiento de energ\u00eda convencionales;<\/p>\n<p>Los inversores industriales son m\u00e1s compatibles con los aparatos de carga que los inversores convencionales;<\/p>\n<p>La estructura de los inversores industriales es m\u00e1s sencilla, y la tasa de fallos es mucho menor que la de los inversores convencionales;<\/p>\n<p>El cargador tiene varias entradas de alimentaci\u00f3n y puede cargarse en cualquier lugar;<\/p>\n<p>El corte por arco de plasma fino tiene menores costes de seguridad y utilizaci\u00f3n que el corte por oxiacetileno;<\/p>\n<p>Funci\u00f3n de soldadura incorporada, apta para diversos electrodos de bajo hidr\u00f3geno y base \u00e1cida, admite electrodos de celulosa;<\/p>\n<p>Cuando se utiliza la funci\u00f3n de soldadura y corte, la fuente de alimentaci\u00f3n AC 220V se puede utilizar simult\u00e1neamente;<\/p>\n<p>Las bater\u00edas se pueden apilar y se pueden conectar hasta 4 m\u00f3dulos en paralelo;<\/p>\n<p>Dise\u00f1o de calidad industrial, se puede elevar como una m\u00e1quina completa y est\u00e1 equipada con ruedas universales para facilitar su transporte.<\/p>","protected":false},"featured_media":1053,"template":"","meta":{"_seopress_robots_primary_cat":"none","_seopress_titles_title":"","_seopress_titles_desc":"","_seopress_robots_index":"","_joinchat":[]},"product_brand":[],"product_cat":[30],"product_tag":[],"class_list":{"0":"post-717","1":"product","2":"type-product","3":"status-publish","4":"has-post-thumbnail","6":"product_cat-welding-integrated-portable-power-station","8":"first","9":"instock","10":"shipping-taxable","11":"product-type-simple"},"_links":{"self":[{"href":"http:\/\/www.sfmpower.com\/es\/wp-json\/wp\/v2\/product\/717","targetHints":{"allow":["GET"]}}],"collection":[{"href":"http:\/\/www.sfmpower.com\/es\/wp-json\/wp\/v2\/product"}],"about":[{"href":"http:\/\/www.sfmpower.com\/es\/wp-json\/wp\/v2\/types\/product"}],"version-history":[{"count":0,"href":"http:\/\/www.sfmpower.com\/es\/wp-json\/wp\/v2\/product\/717\/revisions"}],"wp:featuredmedia":[{"embeddable":true,"href":"http:\/\/www.sfmpower.com\/es\/wp-json\/wp\/v2\/media\/1053"}],"wp:attachment":[{"href":"http:\/\/www.sfmpower.com\/es\/wp-json\/wp\/v2\/media?parent=717"}],"wp:term":[{"taxonomy":"product_brand","embeddable":true,"href":"http:\/\/www.sfmpower.com\/es\/wp-json\/wp\/v2\/product_brand?post=717"},{"taxonomy":"product_cat","embeddable":true,"href":"http:\/\/www.sfmpower.com\/es\/wp-json\/wp\/v2\/product_cat?post=717"},{"taxonomy":"product_tag","embeddable":true,"href":"http:\/\/www.sfmpower.com\/es\/wp-json\/wp\/v2\/product_tag?post=717"}],"curies":[{"name":"wp","href":"https:\/\/api.w.org\/{rel}","templated":true}]}}