{"id":782,"date":"2025-01-10T10:44:11","date_gmt":"2025-01-10T02:44:11","guid":{"rendered":"https:\/\/www.sfmpower.com\/?post_type=product&#038;p=782"},"modified":"2025-01-15T10:15:23","modified_gmt":"2025-01-15T02:15:23","slug":"ps-3061","status":"publish","type":"product","link":"http:\/\/www.sfmpower.com\/de\/produkt\/ps-3061\/","title":{"rendered":"PS-3061"},"content":{"rendered":"<div data-elementor-type=\"product-post\" data-elementor-id=\"782\" class=\"elementor elementor-782\" data-elementor-post-type=\"product\">\n\t\t\t\t<div class=\"elementor-element elementor-element-33416e6 e-flex e-con-boxed e-con e-parent\" data-id=\"33416e6\" data-element_type=\"container\">\n\t\t\t\t\t<div class=\"e-con-inner\">\n\t\t\t\t<div class=\"elementor-element elementor-element-cef4d8d e-n-tabs-mobile elementor-widget elementor-widget-n-tabs\" data-id=\"cef4d8d\" data-element_type=\"widget\" data-settings=\"{&quot;tabs_justify_horizontal&quot;:&quot;start&quot;,&quot;horizontal_scroll&quot;:&quot;disable&quot;}\" data-widget_type=\"nested-tabs.default\">\n\t\t\t\t<div class=\"elementor-widget-container\">\n\t\t\t\t\t\t\t<div class=\"e-n-tabs\" data-widget-number=\"217009549\" aria-label=\"Registerkarten. \u00d6ffnen Sie Elemente mit Enter oder Space, schlie\u00dfen Sie sie mit Escape und navigieren Sie mit den Pfeiltasten.\">\n\t\t\t<div class=\"e-n-tabs-heading\" role=\"tablist\">\n\t\t\t\t\t<button id=\"e-n-tab-title-2170095491\" class=\"e-n-tab-title\" aria-selected=\"true\" data-tab-index=\"1\" role=\"tab\" tabindex=\"0\" aria-controls=\"e-n-tab-content-2170095491\" style=\"--n-tabs-title-order: 1;\">\n\t\t\t\t\t\t<span class=\"e-n-tab-title-text\">\n\t\t\t\tReferenztabelle zur Lebensdauer der Ausr\u00fcstung\t\t\t<\/span>\n\t\t<\/button>\n\t\t\t\t<button id=\"e-n-tab-title-2170095492\" class=\"e-n-tab-title\" aria-selected=\"false\" data-tab-index=\"2\" role=\"tab\" tabindex=\"-1\" aria-controls=\"e-n-tab-content-2170095492\" style=\"--n-tabs-title-order: 2;\">\n\t\t\t\t\t\t<span class=\"e-n-tab-title-text\">\n\t\t\t\tPARTIELLER ANWENDUNGSFALL\t\t\t<\/span>\n\t\t<\/button>\n\t\t\t\t\t<\/div>\n\t\t\t<div class=\"e-n-tabs-content\">\n\t\t\t\t<div id=\"e-n-tab-content-2170095491\" role=\"tabpanel\" aria-labelledby=\"e-n-tab-title-2170095491\" data-tab-index=\"1\" style=\"--n-tabs-title-order: 1;\" class=\"e-active elementor-element elementor-element-ac502e6 e-con-full e-flex e-con e-child\" data-id=\"ac502e6\" data-element_type=\"container\">\n\t\t<div class=\"elementor-element elementor-element-915aff1 e-flex e-con-boxed e-con e-child\" data-id=\"915aff1\" data-element_type=\"container\">\n\t\t\t\t\t<div class=\"e-con-inner\">\n\t\t\t\t<div class=\"elementor-element elementor-element-bba87af elementor-widget elementor-widget-text-editor\" data-id=\"bba87af\" data-element_type=\"widget\" data-widget_type=\"text-editor.default\">\n\t\t\t\t<div class=\"elementor-widget-container\">\n\t\t\t\t\t\t\t\t\t<table width=\"461\"><tbody><tr><td width=\"235\">\u00a0<\/td><td width=\"226\">PS-3061<\/td><\/tr><tr><td width=\"235\">Maximale AC-Ausgangsleistung<\/td><td width=\"226\">30KW<\/td><\/tr><tr><td width=\"235\">Maximale AC-Eingangsleistung<\/td><td width=\"226\">30KW<\/td><\/tr><tr><td width=\"235\">Systemkapazit\u00e4tBereich<\/td><td width=\"226\">61.44kWh<\/td><\/tr><tr><td width=\"235\">Akku-Typ<\/td><td width=\"226\">LiFePO4<\/td><\/tr><tr><td width=\"235\">Schutzklasse<\/td><td width=\"226\">IP55<\/td><\/tr><tr><td width=\"235\">ACSpannung<\/td><td width=\"226\">Einphasig AC220V\/Dreiphasig AC380V<\/td><\/tr><tr><td width=\"235\">Batterie-Spannungsbereich<\/td><td width=\"226\">500V-900V<\/td><\/tr><tr><td width=\"235\">Maximale Aufladung und<br \/>Entladestrom<\/td><td width=\"226\">100A<\/td><\/tr><tr><td width=\"235\">Nennfrequenz<\/td><td width=\"226\">50\/60Hz<\/td><\/tr><tr><td width=\"235\">Nennspannung der Batterie<\/td><td width=\"226\">614.4V<\/td><\/tr><tr><td width=\"235\">Nennkapazit\u00e4t der Batterie<\/td><td width=\"226\">100Ah<\/td><\/tr><tr><td width=\"235\"><br \/>Anzahl der Batteriezyklen<\/td><td width=\"226\">\u22656000 mal<\/td><\/tr><\/tbody><\/table>\t\t\t\t\t\t\t\t<\/div>\n\t\t\t\t<\/div>\n\t\t\t\t\t<\/div>\n\t\t\t\t<\/div>\n\t\t\t\t<\/div>\n\t\t<div id=\"e-n-tab-content-2170095492\" role=\"tabpanel\" aria-labelledby=\"e-n-tab-title-2170095492\" data-tab-index=\"2\" style=\"--n-tabs-title-order: 2;\" class=\"elementor-element elementor-element-1a94325 e-con-full e-flex e-con e-child\" data-id=\"1a94325\" data-element_type=\"container\">\n\t\t<div class=\"elementor-element elementor-element-ea4a2a9 e-flex e-con-boxed e-con e-child\" data-id=\"ea4a2a9\" data-element_type=\"container\">\n\t\t\t\t\t<div class=\"e-con-inner\">\n\t\t\t\t<div class=\"elementor-element elementor-element-e51af3f elementor-widget elementor-widget-image\" data-id=\"e51af3f\" data-element_type=\"widget\" data-widget_type=\"image.default\">\n\t\t\t\t<div class=\"elementor-widget-container\">\n\t\t\t\t\t\t\t\t\t\t\t\t\t\t\t<img alt=\"\" fetchpriority=\"high\" decoding=\"async\" width=\"1559\" height=\"1835\" src=\"https:\/\/www.sfmpower.com\/wp-content\/uploads\/2025\/01\/\u5e94\u7528\u573a\u666f.jpg\" class=\"attachment-full size-full wp-image-596\" srcset=\"https:\/\/www.sfmpower.com\/wp-content\/uploads\/2025\/01\/\u5e94\u7528\u573a\u666f.jpg 1559w, https:\/\/www.sfmpower.com\/wp-content\/uploads\/2025\/01\/\u5e94\u7528\u573a\u666f-255x300.jpg 255w, https:\/\/www.sfmpower.com\/wp-content\/uploads\/2025\/01\/\u5e94\u7528\u573a\u666f-870x1024.jpg 870w, https:\/\/www.sfmpower.com\/wp-content\/uploads\/2025\/01\/\u5e94\u7528\u573a\u666f-768x904.jpg 768w, https:\/\/www.sfmpower.com\/wp-content\/uploads\/2025\/01\/\u5e94\u7528\u573a\u666f-1305x1536.jpg 1305w, https:\/\/www.sfmpower.com\/wp-content\/uploads\/2025\/01\/\u5e94\u7528\u573a\u666f-600x706.jpg 600w\" sizes=\"(max-width: 1559px) 100vw, 1559px\" \/>\t\t\t\t\t\t\t\t\t\t\t\t\t\t\t<\/div>\n\t\t\t\t<\/div>\n\t\t\t\t\t<\/div>\n\t\t\t\t<\/div>\n\t\t\t\t<\/div>\n\t\t\t\t\t<\/div>\n\t\t<\/div>\n\t\t\t\t\t\t<\/div>\n\t\t\t\t<\/div>\n\t\t\t\t\t<\/div>\n\t\t\t\t<\/div>\n\t\t\t\t<\/div>","protected":false},"excerpt":{"rendered":"<p><b>Multifunktionales Energiespeicherkraftwerk f\u00fcr den Einsatz im Au\u00dfenbereich <\/b><\/p>\n<p>Stabile Leistung, f\u00fcr die Vor-Ort-Stromversorgung von 110V\/220V-Elektrowerkzeugen und elektrischen Ger\u00e4ten;<\/p>\n<p>Langlebiges Lithium-Batteriemodul, Batterielebensdauer bis zu 8-10 Jahren;<\/p>\n<p>110V\/220V\/4000W reiner Sinusausgang, geeignet f\u00fcr alle elektrischen Ger\u00e4te;<\/p>\n<p>Unterst\u00fctzt Zelluloseelektroden und wasserstoffarme Elektroden zum Schwei\u00dfen und Schneiden;<\/p>\n<p>Unterst\u00fctzt die gleichzeitige Nutzung der Schwei\u00dffunktion und des AC-Stromausgangs;<\/p>\n<p>Externer \u00dcberlastungsschutz zur Vermeidung von Ger\u00e4tesch\u00e4den durch \u00dcberlastung des Ger\u00e4ts;<\/p>\n<p>Kann f\u00fcr unbegrenzte Ausdauer an externe Batteriemodule angeschlossen werden;<\/p>\n<p>Spritzarme, reine Gleichstrom-Schwei\u00df- und Schneideschaltung, duale Verwendung f\u00fcr Handschwei\u00dfen und Lichtbogenschwei\u00dfen;<\/p>\n<p>Rundum-Schutzschaltung mit Unterspannungsschutz, Kurzschlussschutz, \u00dcberhitzungsschutz, \u00dcberlastungsschutz, Leckageschutz, \u00dcberentladungsschutz, gew\u00e4hrleistet Sicherheit<\/p>","protected":false},"featured_media":1047,"template":"","meta":{"_seopress_robots_primary_cat":"none","_seopress_titles_title":"","_seopress_titles_desc":"","_seopress_robots_index":"","_joinchat":[]},"product_brand":[],"product_cat":[29],"product_tag":[],"class_list":{"0":"post-782","1":"product","2":"type-product","3":"status-publish","4":"has-post-thumbnail","6":"product_cat-industrial-portable-power-station","8":"first","9":"instock","10":"shipping-taxable","11":"product-type-simple"},"_links":{"self":[{"href":"http:\/\/www.sfmpower.com\/de\/wp-json\/wp\/v2\/product\/782","targetHints":{"allow":["GET"]}}],"collection":[{"href":"http:\/\/www.sfmpower.com\/de\/wp-json\/wp\/v2\/product"}],"about":[{"href":"http:\/\/www.sfmpower.com\/de\/wp-json\/wp\/v2\/types\/product"}],"version-history":[{"count":0,"href":"http:\/\/www.sfmpower.com\/de\/wp-json\/wp\/v2\/product\/782\/revisions"}],"wp:featuredmedia":[{"embeddable":true,"href":"http:\/\/www.sfmpower.com\/de\/wp-json\/wp\/v2\/media\/1047"}],"wp:attachment":[{"href":"http:\/\/www.sfmpower.com\/de\/wp-json\/wp\/v2\/media?parent=782"}],"wp:term":[{"taxonomy":"product_brand","embeddable":true,"href":"http:\/\/www.sfmpower.com\/de\/wp-json\/wp\/v2\/product_brand?post=782"},{"taxonomy":"product_cat","embeddable":true,"href":"http:\/\/www.sfmpower.com\/de\/wp-json\/wp\/v2\/product_cat?post=782"},{"taxonomy":"product_tag","embeddable":true,"href":"http:\/\/www.sfmpower.com\/de\/wp-json\/wp\/v2\/product_tag?post=782"}],"curies":[{"name":"wp","href":"https:\/\/api.w.org\/{rel}","templated":true}]}}