{"id":772,"date":"2025-01-13T13:28:36","date_gmt":"2025-01-13T05:28:36","guid":{"rendered":"https:\/\/www.sfmpower.com\/?post_type=product&#038;p=772"},"modified":"2025-02-12T17:06:18","modified_gmt":"2025-02-12T09:06:18","slug":"lw-330","status":"publish","type":"product","link":"http:\/\/www.sfmpower.com\/de\/produkt\/lw-330\/","title":{"rendered":"LW-330"},"content":{"rendered":"<div data-elementor-type=\"product-post\" data-elementor-id=\"772\" class=\"elementor elementor-772\" data-elementor-post-type=\"product\">\n\t\t\t\t<div class=\"elementor-element elementor-element-33416e6 e-flex e-con-boxed e-con e-parent\" data-id=\"33416e6\" data-element_type=\"container\">\n\t\t\t\t\t<div class=\"e-con-inner\">\n\t\t\t\t<div class=\"elementor-element elementor-element-cef4d8d e-n-tabs-mobile elementor-widget elementor-widget-n-tabs\" data-id=\"cef4d8d\" data-element_type=\"widget\" data-settings=\"{&quot;tabs_justify_horizontal&quot;:&quot;start&quot;,&quot;horizontal_scroll&quot;:&quot;disable&quot;}\" data-widget_type=\"nested-tabs.default\">\n\t\t\t\t<div class=\"elementor-widget-container\">\n\t\t\t\t\t\t\t<div class=\"e-n-tabs\" data-widget-number=\"217009549\" aria-label=\"\ud0ed\uc744 \ud074\ub9ad\ud569\ub2c8\ub2e4. Enter \ub610\ub294 \uc2a4\ud398\uc774\uc2a4\ub85c \ud56d\ubaa9\uc744 \uc5f4\uace0, Escape\ub85c \ub2eb\uace0, \ud654\uc0b4\ud45c \ud0a4\ub97c \uc0ac\uc6a9\ud558\uc5ec \ud0d0\uc0c9\ud569\ub2c8\ub2e4.\" data-no-translation-aria-label=\"\">\n\t\t\t<div class=\"e-n-tabs-heading\" role=\"tablist\">\n\t\t\t\t\t<button id=\"e-n-tab-title-2170095491\" class=\"e-n-tab-title\" aria-selected=\"true\" data-tab-index=\"1\" role=\"tab\" tabindex=\"0\" aria-controls=\"e-n-tab-content-2170095491\" style=\"--n-tabs-title-order: 1;\">\n\t\t\t\t\t\t<span class=\"e-n-tab-title-text\">\n\t\t\t\tReferenztabelle zur Lebensdauer der Ausr\u00fcstung\t\t\t<\/span>\n\t\t<\/button>\n\t\t\t\t<button id=\"e-n-tab-title-2170095492\" class=\"e-n-tab-title\" aria-selected=\"false\" data-tab-index=\"2\" role=\"tab\" tabindex=\"-1\" aria-controls=\"e-n-tab-content-2170095492\" style=\"--n-tabs-title-order: 2;\">\n\t\t\t\t\t\t<span class=\"e-n-tab-title-text\">\n\t\t\t\tPARTIELLER ANWENDUNGSFALL\t\t\t<\/span>\n\t\t<\/button>\n\t\t\t\t\t<\/div>\n\t\t\t<div class=\"e-n-tabs-content\">\n\t\t\t\t<div id=\"e-n-tab-content-2170095491\" role=\"tabpanel\" aria-labelledby=\"e-n-tab-title-2170095491\" data-tab-index=\"1\" style=\"--n-tabs-title-order: 1;\" class=\"e-active elementor-element elementor-element-ac502e6 e-con-full e-flex e-con e-child\" data-id=\"ac502e6\" data-element_type=\"container\">\n\t\t<div class=\"elementor-element elementor-element-915aff1 e-flex e-con-boxed e-con e-child\" data-id=\"915aff1\" data-element_type=\"container\">\n\t\t\t\t\t<div class=\"e-con-inner\">\n\t\t\t\t<div class=\"elementor-element elementor-element-bba87af elementor-widget elementor-widget-text-editor\" data-id=\"bba87af\" data-element_type=\"widget\" data-widget_type=\"text-editor.default\">\n\t\t\t\t<div class=\"elementor-widget-container\">\n\t\t\t\t\t\t\t\t\t<table width=\"1337\"><tbody><tr><td colspan=\"2\" width=\"382\">Strom<\/td><td width=\"191\">Schwei\u00dfstrom<\/td><td width=\"191\">Akku-Typ<\/td><td width=\"191\">Befestigung der Batterie<br \/>Methode<\/td><td width=\"191\">Batteriekapazit\u00e4t<\/td><td width=\"191\">Elektroden-Durchmesser<\/td><\/tr><tr><td width=\"191\">LW-330<\/td><td rowspan=\"2\" width=\"191\">3.7KW<\/td><td rowspan=\"2\" width=\"191\">10-150A<\/td><td rowspan=\"2\" width=\"191\">NCM<\/td><td rowspan=\"2\" width=\"191\">Eingebaut<br \/>Batterie<\/td><td width=\"191\">865Wh<\/td><td rowspan=\"2\" width=\"191\">\u03c62,5mm-\u03c63,2mm<\/td><\/tr><tr><td width=\"191\">LW-370<\/td><td width=\"191\">2405Wh<\/td><\/tr><tr><td colspan=\"2\" width=\"382\">Material zum Schwei\u00dfen<\/td><td width=\"191\">\u00a0 Betrieb<br \/>Temperatur<\/td><td width=\"191\">Bluetooth-System<\/td><td width=\"191\">Ladeger\u00e4t<\/td><td width=\"191\">Gr\u00f6\u00dfe (mm)<\/td><td width=\"191\">Gewicht(kg)<\/td><\/tr><tr><td width=\"191\">LW-330<\/td><td rowspan=\"2\" width=\"191\">Rostfreier Stahl,<br \/>Kohlenstoffstahl,<br \/>niedrig legierter Stahl<\/td><td rowspan=\"2\" width=\"191\">-20\u2103~45\u2103<\/td><td rowspan=\"2\" width=\"191\">Android\u30011OS<\/td><td width=\"191\">AC220V\/8A<\/td><td width=\"191\">372x182x320<\/td><td width=\"191\">11.7\u00a0<\/td><\/tr><tr><td width=\"191\">LW-370<\/td><td width=\"191\">AC220V\/15A<\/td><td width=\"191\">460x215x350<\/td><td width=\"191\">21.6\u00a0<\/td><\/tr><\/tbody><\/table>\t\t\t\t\t\t\t\t<\/div>\n\t\t\t\t<\/div>\n\t\t\t\t\t<\/div>\n\t\t\t\t<\/div>\n\t\t\t\t<\/div>\n\t\t<div id=\"e-n-tab-content-2170095492\" role=\"tabpanel\" aria-labelledby=\"e-n-tab-title-2170095492\" data-tab-index=\"2\" style=\"--n-tabs-title-order: 2;\" class=\"elementor-element elementor-element-1a94325 e-con-full e-flex e-con e-child\" data-id=\"1a94325\" data-element_type=\"container\">\n\t\t<div class=\"elementor-element elementor-element-ea4a2a9 e-flex e-con-boxed e-con e-child\" data-id=\"ea4a2a9\" data-element_type=\"container\">\n\t\t\t\t\t<div class=\"e-con-inner\">\n\t\t\t\t<div class=\"elementor-element elementor-element-e51af3f elementor-widget elementor-widget-image\" data-id=\"e51af3f\" data-element_type=\"widget\" data-widget_type=\"image.default\">\n\t\t\t\t<div class=\"elementor-widget-container\">\n\t\t\t\t\t\t\t\t\t\t\t\t\t\t\t<img alt=\"\" fetchpriority=\"high\" decoding=\"async\" width=\"1365\" height=\"1076\" src=\"https:\/\/www.sfmpower.com\/wp-content\/uploads\/2025\/02\/lw.webp\" class=\"attachment-full size-full wp-image-1195\" srcset=\"https:\/\/www.sfmpower.com\/wp-content\/uploads\/2025\/02\/lw.webp 1365w, https:\/\/www.sfmpower.com\/wp-content\/uploads\/2025\/02\/lw-300x236.webp 300w, https:\/\/www.sfmpower.com\/wp-content\/uploads\/2025\/02\/lw-1024x807.webp 1024w, https:\/\/www.sfmpower.com\/wp-content\/uploads\/2025\/02\/lw-768x605.webp 768w, https:\/\/www.sfmpower.com\/wp-content\/uploads\/2025\/02\/lw-15x12.webp 15w, https:\/\/www.sfmpower.com\/wp-content\/uploads\/2025\/02\/lw-600x473.webp 600w\" sizes=\"(max-width: 1365px) 100vw, 1365px\" \/>\t\t\t\t\t\t\t\t\t\t\t\t\t\t\t<\/div>\n\t\t\t\t<\/div>\n\t\t\t\t\t<\/div>\n\t\t\t\t<\/div>\n\t\t\t\t<\/div>\n\t\t\t\t\t<\/div>\n\t\t<\/div>\n\t\t\t\t\t\t<\/div>\n\t\t\t\t<\/div>\n\t\t\t\t\t<\/div>\n\t\t\t\t<\/div>\n\t\t\t\t<\/div>","protected":false},"excerpt":{"rendered":"<p>Tragbares Design, leicht zu tragen;<\/p>\n<p>Eingebaute Unterspannungsschutzfunktion zum sicheren Schutz der Batterie und zur Verl\u00e4ngerung der Nutzungsdauer;<\/p>\n<p>Eingebauter Schub, thermische Lichtbogenanpassung, VRD Anti-Elektroschock-Funktion, kann auch f\u00fcr Kontakt-WIG-Schwei\u00dfen verwendet werden;<\/p>\n<p>Unterst\u00fctzt Schwei\u00dfdr\u00e4hte mit einem Durchmesser von 2,5-4,0 mm, reines Gleichstromschwei\u00dfen, intelligenter digitaler Steuerkreis, und sch\u00f6ne Schwei\u00dfform;<\/p>\n<p>Eingebautes intelligentes Batterie-Management-System, BMS-Informationen Bluetooth-Lesen, kompatibel mit Android, iOS-System;<\/p>\n<p>Intelligente Start-Stopp-Funktion des Gebl\u00e4ses.<\/p>","protected":false},"featured_media":1033,"template":"","meta":{"_seopress_robots_primary_cat":"none","_seopress_titles_title":"","_seopress_titles_desc":"","_seopress_robots_index":"","_joinchat":[]},"product_brand":[],"product_cat":[31],"product_tag":[],"class_list":{"0":"post-772","1":"product","2":"type-product","3":"status-publish","4":"has-post-thumbnail","6":"product_cat-battery-powered-welder","8":"first","9":"instock","10":"shipping-taxable","11":"product-type-simple"},"_links":{"self":[{"href":"http:\/\/www.sfmpower.com\/de\/wp-json\/wp\/v2\/product\/772","targetHints":{"allow":["GET"]}}],"collection":[{"href":"http:\/\/www.sfmpower.com\/de\/wp-json\/wp\/v2\/product"}],"about":[{"href":"http:\/\/www.sfmpower.com\/de\/wp-json\/wp\/v2\/types\/product"}],"version-history":[{"count":0,"href":"http:\/\/www.sfmpower.com\/de\/wp-json\/wp\/v2\/product\/772\/revisions"}],"wp:featuredmedia":[{"embeddable":true,"href":"http:\/\/www.sfmpower.com\/de\/wp-json\/wp\/v2\/media\/1033"}],"wp:attachment":[{"href":"http:\/\/www.sfmpower.com\/de\/wp-json\/wp\/v2\/media?parent=772"}],"wp:term":[{"taxonomy":"product_brand","embeddable":true,"href":"http:\/\/www.sfmpower.com\/de\/wp-json\/wp\/v2\/product_brand?post=772"},{"taxonomy":"product_cat","embeddable":true,"href":"http:\/\/www.sfmpower.com\/de\/wp-json\/wp\/v2\/product_cat?post=772"},{"taxonomy":"product_tag","embeddable":true,"href":"http:\/\/www.sfmpower.com\/de\/wp-json\/wp\/v2\/product_tag?post=772"}],"curies":[{"name":"wp","href":"https:\/\/api.w.org\/{rel}","templated":true}]}}