{"id":703,"date":"2025-01-10T10:34:28","date_gmt":"2025-01-10T02:34:28","guid":{"rendered":"https:\/\/www.sfmpower.com\/?post_type=product&#038;p=703"},"modified":"2025-02-12T17:46:37","modified_gmt":"2025-02-12T09:46:37","slug":"es-5000","status":"publish","type":"product","link":"https:\/\/www.sfmpower.com\/de\/produkt\/es-5000\/","title":{"rendered":"ES-5000"},"content":{"rendered":"<div data-elementor-type=\"product-post\" data-elementor-id=\"703\" class=\"elementor elementor-703\" data-elementor-post-type=\"product\">\n\t\t\t\t<div class=\"elementor-element elementor-element-33416e6 e-flex e-con-boxed e-con e-parent\" data-id=\"33416e6\" data-element_type=\"container\">\n\t\t\t\t\t<div class=\"e-con-inner\">\n\t\t\t\t<div class=\"elementor-element elementor-element-cef4d8d e-n-tabs-mobile elementor-widget elementor-widget-n-tabs\" data-id=\"cef4d8d\" data-element_type=\"widget\" data-settings=\"{&quot;tabs_justify_horizontal&quot;:&quot;start&quot;,&quot;horizontal_scroll&quot;:&quot;disable&quot;}\" data-widget_type=\"nested-tabs.default\">\n\t\t\t\t<div class=\"elementor-widget-container\">\n\t\t\t\t\t\t\t<div class=\"e-n-tabs\" data-widget-number=\"217009549\" aria-label=\"Registerkarten. \u00d6ffnen Sie Elemente mit Enter oder Space, schlie\u00dfen Sie sie mit Escape und navigieren Sie mit den Pfeiltasten.\" data-no-translation-aria-label=\"\">\n\t\t\t<div class=\"e-n-tabs-heading\" role=\"tablist\">\n\t\t\t\t\t<button id=\"e-n-tab-title-2170095491\" class=\"e-n-tab-title\" aria-selected=\"true\" data-tab-index=\"1\" role=\"tab\" tabindex=\"0\" aria-controls=\"e-n-tab-content-2170095491\" style=\"--n-tabs-title-order: 1;\">\n\t\t\t\t\t\t<span class=\"e-n-tab-title-text\">\n\t\t\t\tTECHNISCHE PARAMETER\t\t\t<\/span>\n\t\t<\/button>\n\t\t\t\t<button id=\"e-n-tab-title-2170095492\" class=\"e-n-tab-title\" aria-selected=\"false\" data-tab-index=\"2\" role=\"tab\" tabindex=\"-1\" aria-controls=\"e-n-tab-content-2170095492\" style=\"--n-tabs-title-order: 2;\">\n\t\t\t\t\t\t<span class=\"e-n-tab-title-text\">\n\t\t\t\tReferenztabelle zur Lebensdauer der Ausr\u00fcstung\t\t\t<\/span>\n\t\t<\/button>\n\t\t\t\t<button id=\"e-n-tab-title-2170095493\" class=\"e-n-tab-title\" aria-selected=\"false\" data-tab-index=\"3\" role=\"tab\" tabindex=\"-1\" aria-controls=\"e-n-tab-content-2170095493\" style=\"--n-tabs-title-order: 3;\">\n\t\t\t\t\t\t<span class=\"e-n-tab-title-text\">\n\t\t\t\tPARTIELLER ANWENDUNGSFALL\t\t\t<\/span>\n\t\t<\/button>\n\t\t\t\t\t<\/div>\n\t\t\t<div class=\"e-n-tabs-content\">\n\t\t\t\t<div id=\"e-n-tab-content-2170095491\" role=\"tabpanel\" aria-labelledby=\"e-n-tab-title-2170095491\" data-tab-index=\"1\" style=\"--n-tabs-title-order: 1;\" class=\"e-active elementor-element elementor-element-6a70264 e-con-full e-flex e-con e-child\" data-id=\"6a70264\" data-element_type=\"container\">\n\t\t<div class=\"elementor-element elementor-element-e3e60fa e-flex e-con-boxed e-con e-child\" data-id=\"e3e60fa\" data-element_type=\"container\">\n\t\t\t\t\t<div class=\"e-con-inner\">\n\t\t\t\t<div class=\"elementor-element elementor-element-f4c424f elementor-widget elementor-widget-text-editor\" data-id=\"f4c424f\" data-element_type=\"widget\" data-widget_type=\"text-editor.default\">\n\t\t\t\t<div class=\"elementor-widget-container\">\n\t\t\t\t\t\t\t\t\t<table width=\"1160\"><tbody><tr><td width=\"143\">\u00a0<\/td><td width=\"94\">ES-5000<\/td><td width=\"146\">ES-5000PLUS<\/td><td colspan=\"2\" width=\"219\">\u00a0 ES-6000<br \/>\u00a0 ES-6000PLUS<\/td><td width=\"127\">\u00a0<\/td><td colspan=\"2\" width=\"213\">ES-5000<\/td><td width=\"109\">ES-5000PLUS<\/td><td width=\"109\">\u00a0 ES-6000<br \/>\u00a0 ES-6000PLUS<\/td><\/tr><tr><td width=\"143\">26 Elektrisch<br \/>Hammer \u03c614Bohrer<\/td><td width=\"94\">5258\u00a0<\/td><td width=\"146\">8458\u00a0<\/td><td colspan=\"2\" width=\"219\">13286\u00a0<\/td><td width=\"127\">\u00a0Elektrische Spitzhacke<br \/>(Stunde)<\/td><td colspan=\"2\" width=\"213\">19.1h<\/td><td width=\"109\">30.7h<\/td><td width=\"109\">48.2h<\/td><\/tr><tr><td width=\"143\">350Abschneiden<br \/>S\u00e4ge(Stunde)<\/td><td width=\"94\">12.7h<\/td><td width=\"146\">20.4h<\/td><td colspan=\"2\" width=\"219\">32.1h<\/td><td width=\"127\">110 Schneidwerk (Stunde)<\/td><td colspan=\"2\" width=\"213\">33.2h<\/td><td width=\"109\">53.5h<\/td><td width=\"109\">84h<\/td><\/tr><tr><td width=\"143\">100 Winkel<br \/>Schleifer(Stunde)<\/td><td width=\"94\">51.3h<\/td><td width=\"146\">82.5h<\/td><td colspan=\"2\" width=\"219\">129.6h<\/td><td width=\"127\">Elektroschrauber<br \/>(Ladezeiten)<\/td><td colspan=\"2\" width=\"213\">95\u00a0<\/td><td width=\"109\">153\u00a0<\/td><td width=\"109\">241\u00a0<\/td><\/tr><tr><td width=\"143\">100WLED-Licht<br \/>(Stunde)<\/td><td width=\"94\">84.9h<\/td><td width=\"146\">136h<\/td><td colspan=\"2\" width=\"219\">214.5h<\/td><td width=\"127\">FloorFan(Stunde)<\/td><td colspan=\"2\" width=\"213\">169.8h<\/td><td width=\"109\">273.2h<\/td><td width=\"109\">429.1h<\/td><\/tr><tr><td width=\"143\">Desktop(Stunde)<\/td><td width=\"94\">73.6h<\/td><td width=\"146\">118.4h<\/td><td colspan=\"2\" width=\"219\">185.9h<\/td><td width=\"127\">70 Zoll Farbe<br \/>TV(Stunde)<\/td><td colspan=\"2\" width=\"213\">90.5h<\/td><td width=\"109\">145.7h<\/td><td width=\"109\">228.8h<\/td><\/tr><tr><td width=\"143\">\u00a0<\/td><td width=\"94\">\u00a0<\/td><td width=\"146\">\u00a0<\/td><td colspan=\"2\" width=\"219\">\u00a0<\/td><td width=\"127\">\u00a0<\/td><td colspan=\"2\" width=\"213\">\u00a0<\/td><td width=\"109\">\u00a0<\/td><td width=\"109\">\u00a0<\/td><\/tr><tr><td width=\"143\">F\u00e4higkeit zum Schwei\u00dfen<\/td><td colspan=\"3\" width=\"365\">\u03c62.5 Elektrode (St\u00fcck)<\/td><td colspan=\"3\" width=\"362\">\u03c63.2 Elektrode (St\u00fcck)<\/td><td colspan=\"3\" width=\"290\">\u03c64.0 Elektrode (St\u00fcck)<\/td><\/tr><tr><td width=\"143\">ES-5000<\/td><td colspan=\"3\" width=\"365\">298\u00a0<\/td><td colspan=\"3\" width=\"362\">148\u00a0<\/td><td colspan=\"3\" width=\"290\">95\u00a0<\/td><\/tr><tr><td width=\"143\">ES-5000PLUS<\/td><td colspan=\"3\" width=\"365\">486\u00a0<\/td><td colspan=\"3\" width=\"362\">242\u00a0<\/td><td colspan=\"3\" width=\"290\">143\u00a0<\/td><\/tr><tr><td width=\"143\">ES-6000<br \/>\u00a0\u00a0 ES-6000PLUS<\/td><td colspan=\"3\" width=\"365\">763\u00a0<\/td><td colspan=\"3\" width=\"362\">380\u00a0<\/td><td colspan=\"3\" width=\"290\">224\u00a0<\/td><\/tr><\/tbody><\/table>\t\t\t\t\t\t\t\t<\/div>\n\t\t\t\t<\/div>\n\t\t\t\t\t<\/div>\n\t\t\t\t<\/div>\n\t\t\t\t<\/div>\n\t\t<div id=\"e-n-tab-content-2170095492\" role=\"tabpanel\" aria-labelledby=\"e-n-tab-title-2170095492\" data-tab-index=\"2\" style=\"--n-tabs-title-order: 2;\" class=\"elementor-element elementor-element-ac502e6 e-con-full e-flex e-con e-child\" data-id=\"ac502e6\" data-element_type=\"container\">\n\t\t<div class=\"elementor-element elementor-element-915aff1 e-flex e-con-boxed e-con e-child\" data-id=\"915aff1\" data-element_type=\"container\">\n\t\t\t\t\t<div class=\"e-con-inner\">\n\t\t\t\t<div class=\"elementor-element elementor-element-bba87af elementor-widget elementor-widget-text-editor\" data-id=\"bba87af\" data-element_type=\"widget\" data-widget_type=\"text-editor.default\">\n\t\t\t\t<div class=\"elementor-widget-container\">\n\t\t\t\t\t\t\t\t\t<table width=\"376\"><tbody><tr><td width=\"267\">Typ<\/td><td width=\"109\">ES-5000<\/td><\/tr><tr><td width=\"267\">220V Leistung<\/td><td width=\"109\">4000W<\/td><\/tr><tr><td width=\"267\">Batteriekapazit\u00e4t<\/td><td width=\"109\">8510Wh<\/td><\/tr><tr><td width=\"267\">26 Elektrohammer \u03c614Bohrmaschine<\/td><td width=\"109\">5258\u00a0<\/td><\/tr><tr><td width=\"267\">Elektro-Pick(Stunde)<\/td><td width=\"109\">19.1h<\/td><\/tr><tr><td width=\"267\">350 Schneidwerk<br \/>\u00a0 (Stunde)<\/td><td width=\"109\">12.7h<\/td><\/tr><tr><td width=\"267\">110 Schneidwerk<br \/>\u00a0 (Stunde)<\/td><td width=\"109\">33.2h<\/td><\/tr><tr><td width=\"267\">\u00a0 100Winkel<br \/>\u00a0Schleifer(Stunde)<\/td><td width=\"109\">51.3h<\/td><\/tr><tr><td width=\"267\">Elektroschrauber<br \/>(Ladezeiten)<\/td><td width=\"109\">95\u00a0<\/td><\/tr><tr><td width=\"267\">\u03c62.5 Elektrode<br \/>\u00a0 (St\u00fcck)<\/td><td width=\"109\">298\u00a0<\/td><\/tr><tr><td width=\"267\">\u00a0 \u03c63.2Elektrode<br \/>(St\u00fcck)<\/td><td width=\"109\">148\u00a0<\/td><\/tr><tr><td width=\"267\">\u03c64.0 Elektrode<br \/>\u00a0 (St\u00fcck)<\/td><td width=\"109\">95\u00a0<\/td><\/tr><tr><td width=\"267\">100W LED-Licht<br \/>\u00a0 (Stunde)<\/td><td width=\"109\">84.9h<\/td><\/tr><tr><td width=\"267\">Bodenventilator(Stunde)<\/td><td width=\"109\">169.8h<\/td><\/tr><tr><td width=\"267\">\u00a0Desktop(Stunde)<\/td><td width=\"109\">73.6h<\/td><\/tr><tr><td width=\"267\">70 Zoll Farbe<br \/>\u00a0 TV(Stunde)<\/td><td width=\"109\">90.5h<\/td><\/tr><\/tbody><\/table>\t\t\t\t\t\t\t\t<\/div>\n\t\t\t\t<\/div>\n\t\t\t\t\t<\/div>\n\t\t\t\t<\/div>\n\t\t\t\t<\/div>\n\t\t<div id=\"e-n-tab-content-2170095493\" role=\"tabpanel\" aria-labelledby=\"e-n-tab-title-2170095493\" data-tab-index=\"3\" style=\"--n-tabs-title-order: 3;\" class=\"elementor-element elementor-element-1a94325 e-con-full e-flex e-con e-child\" data-id=\"1a94325\" data-element_type=\"container\">\n\t\t<div class=\"elementor-element elementor-element-ea4a2a9 e-flex e-con-boxed e-con e-child\" data-id=\"ea4a2a9\" data-element_type=\"container\">\n\t\t\t\t\t<div class=\"e-con-inner\">\n\t\t\t\t<div class=\"elementor-element elementor-element-e51af3f elementor-widget elementor-widget-image\" data-id=\"e51af3f\" data-element_type=\"widget\" data-widget_type=\"image.default\">\n\t\t\t\t<div class=\"elementor-widget-container\">\n\t\t\t\t\t\t\t\t\t\t\t\t\t\t\t<img alt=\"\" fetchpriority=\"high\" decoding=\"async\" width=\"1425\" height=\"1690\" src=\"https:\/\/www.sfmpower.com\/wp-content\/uploads\/2025\/02\/es.webp\" class=\"attachment-full size-full wp-image-1196\" srcset=\"https:\/\/www.sfmpower.com\/wp-content\/uploads\/2025\/02\/es.webp 1425w, https:\/\/www.sfmpower.com\/wp-content\/uploads\/2025\/02\/es-253x300.webp 253w, https:\/\/www.sfmpower.com\/wp-content\/uploads\/2025\/02\/es-863x1024.webp 863w, https:\/\/www.sfmpower.com\/wp-content\/uploads\/2025\/02\/es-768x911.webp 768w, https:\/\/www.sfmpower.com\/wp-content\/uploads\/2025\/02\/es-1295x1536.webp 1295w, https:\/\/www.sfmpower.com\/wp-content\/uploads\/2025\/02\/es-10x12.webp 10w, https:\/\/www.sfmpower.com\/wp-content\/uploads\/2025\/02\/es-600x712.webp 600w\" sizes=\"(max-width: 1425px) 100vw, 1425px\" \/>\t\t\t\t\t\t\t\t\t\t\t\t\t\t\t<\/div>\n\t\t\t\t<\/div>\n\t\t\t\t\t<\/div>\n\t\t\t\t<\/div>\n\t\t\t\t<\/div>\n\t\t\t\t\t<\/div>\n\t\t<\/div>\n\t\t\t\t\t\t<\/div>\n\t\t\t\t<\/div>\n\t\t\t\t\t<\/div>\n\t\t\t\t<\/div>\n\t\t\t\t<\/div>","protected":false},"excerpt":{"rendered":"<p><b>Multifunktionales Energiespeicherkraftwerk f\u00fcr den Einsatz im Au\u00dfenbereich <\/b><\/p>\n<p>Stabile Leistung, f\u00fcr die Vor-Ort-Stromversorgung von 110V\/220V-Elektrowerkzeugen und elektrischen Ger\u00e4ten;<\/p>\n<p>Langlebiges Lithium-Batteriemodul, Batterielebensdauer bis zu 8-10 Jahren;<\/p>\n<p>110V\/220V\/4000W reiner Sinusausgang, geeignet f\u00fcr alle elektrischen Ger\u00e4te;<\/p>\n<p>Unterst\u00fctzt Zelluloseelektroden und wasserstoffarme Elektroden zum Schwei\u00dfen und Schneiden;<\/p>\n<p>Unterst\u00fctzt die gleichzeitige Nutzung der Schwei\u00dffunktion und des AC-Stromausgangs;<\/p>\n<p>Externer \u00dcberlastungsschutz zur Vermeidung von Ger\u00e4tesch\u00e4den durch \u00dcberlastung des Ger\u00e4ts;<\/p>\n<p>Kann f\u00fcr unbegrenzte Ausdauer an externe Batteriemodule angeschlossen werden;<\/p>\n<p>Spritzarme, reine Gleichstrom-Schwei\u00df- und Schneideschaltung, duale Verwendung f\u00fcr Handschwei\u00dfen und Lichtbogenschwei\u00dfen;<\/p>\n<p>Rundum-Schutzschaltung mit Unterspannungsschutz, Kurzschlussschutz, \u00dcberhitzungsschutz, \u00dcberlastungsschutz, Leckageschutz, \u00dcberentladungsschutz, gew\u00e4hrleistet Sicherheit<\/p>","protected":false},"featured_media":1049,"template":"","meta":{"_seopress_robots_primary_cat":"none","_seopress_titles_title":"","_seopress_titles_desc":"","_seopress_robots_index":"","_joinchat":[]},"product_brand":[],"product_cat":[30],"product_tag":[],"class_list":{"0":"post-703","1":"product","2":"type-product","3":"status-publish","4":"has-post-thumbnail","6":"product_cat-welding-integrated-portable-power-station","8":"first","9":"instock","10":"shipping-taxable","11":"product-type-simple"},"_links":{"self":[{"href":"https:\/\/www.sfmpower.com\/de\/wp-json\/wp\/v2\/product\/703","targetHints":{"allow":["GET"]}}],"collection":[{"href":"https:\/\/www.sfmpower.com\/de\/wp-json\/wp\/v2\/product"}],"about":[{"href":"https:\/\/www.sfmpower.com\/de\/wp-json\/wp\/v2\/types\/product"}],"version-history":[{"count":0,"href":"https:\/\/www.sfmpower.com\/de\/wp-json\/wp\/v2\/product\/703\/revisions"}],"wp:featuredmedia":[{"embeddable":true,"href":"https:\/\/www.sfmpower.com\/de\/wp-json\/wp\/v2\/media\/1049"}],"wp:attachment":[{"href":"https:\/\/www.sfmpower.com\/de\/wp-json\/wp\/v2\/media?parent=703"}],"wp:term":[{"taxonomy":"product_brand","embeddable":true,"href":"https:\/\/www.sfmpower.com\/de\/wp-json\/wp\/v2\/product_brand?post=703"},{"taxonomy":"product_cat","embeddable":true,"href":"https:\/\/www.sfmpower.com\/de\/wp-json\/wp\/v2\/product_cat?post=703"},{"taxonomy":"product_tag","embeddable":true,"href":"https:\/\/www.sfmpower.com\/de\/wp-json\/wp\/v2\/product_tag?post=703"}],"curies":[{"name":"wp","href":"https:\/\/api.w.org\/{rel}","templated":true}]}}