{"id":675,"date":"2025-01-10T10:46:51","date_gmt":"2025-01-10T02:46:51","guid":{"rendered":"https:\/\/www.sfmpower.com\/?post_type=product&#038;p=675"},"modified":"2025-01-15T10:15:08","modified_gmt":"2025-01-15T02:15:08","slug":"ps-1223","status":"publish","type":"product","link":"http:\/\/www.sfmpower.com\/de\/produkt\/ps-1223\/","title":{"rendered":"PS-1223"},"content":{"rendered":"<div data-elementor-type=\"product-post\" data-elementor-id=\"675\" class=\"elementor elementor-675\" data-elementor-post-type=\"product\">\n\t\t\t\t<div class=\"elementor-element elementor-element-33416e6 e-flex e-con-boxed e-con e-parent\" data-id=\"33416e6\" data-element_type=\"container\">\n\t\t\t\t\t<div class=\"e-con-inner\">\n\t\t\t\t<div class=\"elementor-element elementor-element-cef4d8d e-n-tabs-mobile elementor-widget elementor-widget-n-tabs\" data-id=\"cef4d8d\" data-element_type=\"widget\" data-settings=\"{&quot;tabs_justify_horizontal&quot;:&quot;start&quot;,&quot;horizontal_scroll&quot;:&quot;disable&quot;}\" data-widget_type=\"nested-tabs.default\">\n\t\t\t\t<div class=\"elementor-widget-container\">\n\t\t\t\t\t\t\t<div class=\"e-n-tabs\" data-widget-number=\"217009549\" aria-label=\"\u30bf\u30d6\u3002Enter\u307e\u305f\u306fSpace\u3067\u9805\u76ee\u3092\u958b\u304d\u3001Escape\u3067\u9589\u3058\u3001\u77e2\u5370\u30ad\u30fc\u3067\u79fb\u52d5\u3059\u308b\u3002\" data-no-translation-aria-label=\"\">\n\t\t\t<div class=\"e-n-tabs-heading\" role=\"tablist\">\n\t\t\t\t\t<button id=\"e-n-tab-title-2170095491\" class=\"e-n-tab-title\" aria-selected=\"true\" data-tab-index=\"1\" role=\"tab\" tabindex=\"0\" aria-controls=\"e-n-tab-content-2170095491\" style=\"--n-tabs-title-order: 1;\">\n\t\t\t\t\t\t<span class=\"e-n-tab-title-text\">\n\t\t\t\tReferenztabelle zur Lebensdauer der Ausr\u00fcstung\t\t\t<\/span>\n\t\t<\/button>\n\t\t\t\t<button id=\"e-n-tab-title-2170095492\" class=\"e-n-tab-title\" aria-selected=\"false\" data-tab-index=\"2\" role=\"tab\" tabindex=\"-1\" aria-controls=\"e-n-tab-content-2170095492\" style=\"--n-tabs-title-order: 2;\">\n\t\t\t\t\t\t<span class=\"e-n-tab-title-text\">\n\t\t\t\tTECHNISCHE PARAMETER\t\t\t<\/span>\n\t\t<\/button>\n\t\t\t\t<button id=\"e-n-tab-title-2170095493\" class=\"e-n-tab-title\" aria-selected=\"false\" data-tab-index=\"3\" role=\"tab\" tabindex=\"-1\" aria-controls=\"e-n-tab-content-2170095493\" style=\"--n-tabs-title-order: 3;\">\n\t\t\t\t\t\t<span class=\"e-n-tab-title-text\">\n\t\t\t\tPARTIELLER ANWENDUNGSFALL\t\t\t<\/span>\n\t\t<\/button>\n\t\t\t\t\t<\/div>\n\t\t\t<div class=\"e-n-tabs-content\">\n\t\t\t\t<div id=\"e-n-tab-content-2170095491\" role=\"tabpanel\" aria-labelledby=\"e-n-tab-title-2170095491\" data-tab-index=\"1\" style=\"--n-tabs-title-order: 1;\" class=\"e-active elementor-element elementor-element-ac502e6 e-con-full e-flex e-con e-child\" data-id=\"ac502e6\" data-element_type=\"container\">\n\t\t<div class=\"elementor-element elementor-element-915aff1 e-flex e-con-boxed e-con e-child\" data-id=\"915aff1\" data-element_type=\"container\">\n\t\t\t\t\t<div class=\"e-con-inner\">\n\t\t\t\t<div class=\"elementor-element elementor-element-bba87af elementor-widget elementor-widget-text-editor\" data-id=\"bba87af\" data-element_type=\"widget\" data-widget_type=\"text-editor.default\">\n\t\t\t\t<div class=\"elementor-widget-container\">\n\t\t\t\t\t\t\t\t\t<table width=\"227\"><tbody><tr><td width=\"162\">Typ<\/td><td width=\"64\">PS-1223<\/td><\/tr><tr><td>220V Strom<\/td><td>12000W<\/td><\/tr><tr><td>Batteriekapazit\u00e4t<\/td><td>23552Wh<\/td><\/tr><tr><td width=\"162\">26Elektrisch<br \/>Hammer\u03c614Bohrer<\/td><td>14552\u00a0<\/td><\/tr><tr><td>Elektro-Pick(Stunde)<\/td><td>52.8h<\/td><\/tr><tr><td width=\"162\">350 Schneidwerk<br \/>\u00a0 (Stunde)<\/td><td>35.2h<\/td><\/tr><tr><td width=\"162\">110 Schneidwerk<br \/>\u00a0 (Stunde)<\/td><td>92h<\/td><\/tr><tr><td width=\"162\">100 Winkel<br \/>\u00a0 Schleifer(Stunde)<\/td><td>141.9h<\/td><\/tr><tr><td width=\"162\">Elektroschrauber<br \/>(Ladezeiten)<\/td><td>264\u00a0<\/td><\/tr><tr><td width=\"162\">100W LED-Licht<br \/>(Stunde)<\/td><td>235h<\/td><\/tr><tr><td>Bodenventilator(Stunde)<\/td><td>470h<\/td><\/tr><tr><td>\u00a0 Desktop(Stunde)<\/td><td>203.6h<\/td><\/tr><tr><td width=\"162\">70 Zoll Farbe<br \/>\u00a0 TV(Stunde)<\/td><td>250.6h<\/td><\/tr><tr><td colspan=\"2\" width=\"227\">Hinweis: Die oben genannten Parameter wurden auf der Grundlage der routinem\u00e4\u00dfigen Nutzung durch den Benutzer berechnet, und die tats\u00e4chliche Nutzungsdauer variiert je nach den Nutzungsgewohnheiten des Kunden und der spezifischen Leistung des elektrischen Ger\u00e4ts.<\/td><\/tr><\/tbody><\/table>\t\t\t\t\t\t\t\t<\/div>\n\t\t\t\t<\/div>\n\t\t\t\t\t<\/div>\n\t\t\t\t<\/div>\n\t\t\t\t<\/div>\n\t\t<div id=\"e-n-tab-content-2170095492\" role=\"tabpanel\" aria-labelledby=\"e-n-tab-title-2170095492\" data-tab-index=\"2\" style=\"--n-tabs-title-order: 2;\" class=\"elementor-element elementor-element-988a03f e-con-full e-flex e-con e-child\" data-id=\"988a03f\" data-element_type=\"container\">\n\t\t<div class=\"elementor-element elementor-element-20021dd e-flex e-con-boxed e-con e-child\" data-id=\"20021dd\" data-element_type=\"container\">\n\t\t\t\t\t<div class=\"e-con-inner\">\n\t\t\t\t<div class=\"elementor-element elementor-element-d849853 elementor-widget elementor-widget-text-editor\" data-id=\"d849853\" data-element_type=\"widget\" data-widget_type=\"text-editor.default\">\n\t\t\t\t<div class=\"elementor-widget-container\">\n\t\t\t\t\t\t\t\t\t<table width=\"525\"><tbody><tr><td width=\"241\">Ausgangsspannung<\/td><td width=\"284\">Einphasig AC220V\/50Hz<br \/>Dreiphasig AC380V\/50Hz<\/td><\/tr><tr><td width=\"241\">Eigenschaften<\/td><td width=\"284\">Unterst\u00fctzt Solar-Photovoltaik<br \/>Laden, Parallelbetrieb,<br \/>netzgekoppeltundUPs<\/td><\/tr><tr><td width=\"241\">Nennausgangsleistung<\/td><td width=\"284\">AC220V\/4000W\/3 Str\u00e4nge<br \/>AC380V\/12000W<\/td><\/tr><tr><td width=\"241\">Akku-Typ<\/td><td width=\"284\">LFP<\/td><\/tr><tr><td width=\"241\">Akku-Montagemethode<\/td><td width=\"284\">Eingebaute Batterie<\/td><\/tr><tr><td width=\"241\">Batteriekapazit\u00e4t<\/td><td width=\"284\">23552Wh<\/td><\/tr><tr><td width=\"241\">Temperatur in der Umgebung<\/td><td width=\"284\">-20\u2103~55\u2103<\/td><\/tr><tr><td width=\"241\">Schnellladung Zeit f\u00fcr<br \/>Dreiphasig AC380V<\/td><td width=\"284\">1.9-2Stunden<\/td><\/tr><tr><td width=\"241\">Gr\u00f6\u00dfe (mm)<\/td><td width=\"284\">1058x775x875<\/td><\/tr><tr><td width=\"241\">Gewicht(kg)<\/td><td width=\"284\">265\u00a0<\/td><\/tr><\/tbody><\/table>\t\t\t\t\t\t\t\t<\/div>\n\t\t\t\t<\/div>\n\t\t\t\t\t<\/div>\n\t\t\t\t<\/div>\n\t\t\t\t<\/div>\n\t\t<div id=\"e-n-tab-content-2170095493\" role=\"tabpanel\" aria-labelledby=\"e-n-tab-title-2170095493\" data-tab-index=\"3\" style=\"--n-tabs-title-order: 3;\" class=\"elementor-element elementor-element-1a94325 e-con-full e-flex e-con e-child\" data-id=\"1a94325\" data-element_type=\"container\">\n\t\t<div class=\"elementor-element elementor-element-ea4a2a9 e-flex e-con-boxed e-con e-child\" data-id=\"ea4a2a9\" data-element_type=\"container\">\n\t\t\t\t\t<div class=\"e-con-inner\">\n\t\t\t\t<div class=\"elementor-element elementor-element-e51af3f elementor-widget elementor-widget-image\" data-id=\"e51af3f\" data-element_type=\"widget\" data-widget_type=\"image.default\">\n\t\t\t\t<div class=\"elementor-widget-container\">\n\t\t\t\t\t\t\t\t\t\t\t\t\t\t\t<img alt=\"\" fetchpriority=\"high\" decoding=\"async\" width=\"1559\" height=\"1835\" src=\"https:\/\/www.sfmpower.com\/wp-content\/uploads\/2025\/01\/\u5e94\u7528\u573a\u666f.jpg\" class=\"attachment-full size-full wp-image-596\" srcset=\"https:\/\/www.sfmpower.com\/wp-content\/uploads\/2025\/01\/\u5e94\u7528\u573a\u666f.jpg 1559w, https:\/\/www.sfmpower.com\/wp-content\/uploads\/2025\/01\/\u5e94\u7528\u573a\u666f-255x300.jpg 255w, https:\/\/www.sfmpower.com\/wp-content\/uploads\/2025\/01\/\u5e94\u7528\u573a\u666f-870x1024.jpg 870w, https:\/\/www.sfmpower.com\/wp-content\/uploads\/2025\/01\/\u5e94\u7528\u573a\u666f-768x904.jpg 768w, https:\/\/www.sfmpower.com\/wp-content\/uploads\/2025\/01\/\u5e94\u7528\u573a\u666f-1305x1536.jpg 1305w, https:\/\/www.sfmpower.com\/wp-content\/uploads\/2025\/01\/\u5e94\u7528\u573a\u666f-600x706.jpg 600w\" sizes=\"(max-width: 1559px) 100vw, 1559px\" \/>\t\t\t\t\t\t\t\t\t\t\t\t\t\t\t<\/div>\n\t\t\t\t<\/div>\n\t\t\t\t\t<\/div>\n\t\t\t\t<\/div>\n\t\t\t\t<\/div>\n\t\t\t\t\t<\/div>\n\t\t<\/div>\n\t\t\t\t\t\t<\/div>\n\t\t\t\t<\/div>\n\t\t\t\t\t<\/div>\n\t\t\t\t<\/div>\n\t\t\t\t<\/div>","protected":false},"excerpt":{"rendered":"<p><b>Tragbares Industriekraftwerk mit Energiespeicherung, konzipiert f\u00fcr <\/b><b>tempor\u00e4re Stromanwendungen <\/b><\/p>\n<p>Integriert mit R\u00e4dern f\u00fcr einfache Mobilit\u00e4t;<\/p>\n<p>220V\/380V Dreiphasen-Wechselrichter mit reiner Sinuswelle;<\/p>\n<p>Nennleistung von 12KW, Spitzenleistung von 24KW, geeignet f\u00fcr die meisten Industrieanlagen;<\/p>\n<p>Ger\u00e4uschfrei, emissionsfrei, vibrationsfrei, sichere und effiziente Hochspannungsversorgung;<\/p>\n<p>Sparsam mit nur einem Zehntel des Energieverbrauchs eines Dieselgenerators;<\/p>\n<p>Eingebauter Akku mit umfassenden Sicherheitsvorkehrungen: Unterspannung, Kurzschluss, \u00dcberladung, \u00dcberentladung, \u00dcberlast und \u00dcberhitzung;<\/p>\n<p>Intelligente L\u00fcftersteuerung f\u00fcr das W\u00e4rmemanagement;<\/p>\n<p>Eingebauter Soft-Start-Schaltkreis zur Verringerung des Einschaltstroms bei elektrischen Ger\u00e4ten;<\/p>\n<p>Das Ger\u00e4t unterst\u00fctzt das Aufladen sowohl mit Photovoltaik als auch mit Netzstrom, mit dreiphasigem AC 380V;<\/p>\n<p>Unterst\u00fctzt den Parallelbetrieb mit bis zu 10 Ger\u00e4ten;<\/p>\n<p>Programmierbare Betriebsarten: netzgekoppelt, netzunabh\u00e4ngig und USV;<\/p>\n<p>LCD-Display zur Konfiguration der Priorit\u00e4tseinstellungen f\u00fcr AC\/Solar\/Generator-Ladeger\u00e4te.<\/p>","protected":false},"featured_media":1046,"template":"","meta":{"_seopress_robots_primary_cat":"none","_seopress_titles_title":"","_seopress_titles_desc":"","_seopress_robots_index":"","_joinchat":[]},"product_brand":[],"product_cat":[29],"product_tag":[],"class_list":{"0":"post-675","1":"product","2":"type-product","3":"status-publish","4":"has-post-thumbnail","6":"product_cat-industrial-portable-power-station","8":"first","9":"instock","10":"shipping-taxable","11":"product-type-simple"},"_links":{"self":[{"href":"http:\/\/www.sfmpower.com\/de\/wp-json\/wp\/v2\/product\/675","targetHints":{"allow":["GET"]}}],"collection":[{"href":"http:\/\/www.sfmpower.com\/de\/wp-json\/wp\/v2\/product"}],"about":[{"href":"http:\/\/www.sfmpower.com\/de\/wp-json\/wp\/v2\/types\/product"}],"version-history":[{"count":0,"href":"http:\/\/www.sfmpower.com\/de\/wp-json\/wp\/v2\/product\/675\/revisions"}],"wp:featuredmedia":[{"embeddable":true,"href":"http:\/\/www.sfmpower.com\/de\/wp-json\/wp\/v2\/media\/1046"}],"wp:attachment":[{"href":"http:\/\/www.sfmpower.com\/de\/wp-json\/wp\/v2\/media?parent=675"}],"wp:term":[{"taxonomy":"product_brand","embeddable":true,"href":"http:\/\/www.sfmpower.com\/de\/wp-json\/wp\/v2\/product_brand?post=675"},{"taxonomy":"product_cat","embeddable":true,"href":"http:\/\/www.sfmpower.com\/de\/wp-json\/wp\/v2\/product_cat?post=675"},{"taxonomy":"product_tag","embeddable":true,"href":"http:\/\/www.sfmpower.com\/de\/wp-json\/wp\/v2\/product_tag?post=675"}],"curies":[{"name":"wp","href":"https:\/\/api.w.org\/{rel}","templated":true}]}}